{"id":11404,"date":"2022-07-29T10:15:56","date_gmt":"2022-07-29T10:15:56","guid":{"rendered":"https:\/\/skrina.si\/?post_type=product&#038;p=11404"},"modified":"2024-04-12T23:58:05","modified_gmt":"2024-04-12T21:58:05","slug":"gustav-klimt-pricakovanje-grafika","status":"publish","type":"product","link":"https:\/\/skrina.si\/sl\/product\/gustav-klimt-pricakovanje-grafika\/","title":{"rendered":"Pri\u010dakovanje"},"content":{"rendered":"","protected":false},"excerpt":{"rendered":"<h5>Umetniki imajo le redkokdaj prilo\u017enost narediti delo, v katerem lahko brez ovir izrazijo vso svojo domi\u0161ljijo in ustvarjalnost. Industrialec in zbiralec umetnin Adolfa Stoclet spada med tiste redke naro\u010dnike umetni\u0161kih del, ki so se znali prepustiti umetnikovim idejam. Tako je v <strong><em>dvorcu Stoclet v Bruslju<\/em><\/strong> nastala \u010dudovita stenska poslikava, za katero je Klimt je v svoji delavnici pre\u017eivel ve\u010d kot 6 let. Sliko jo sestavljajo trije elementi \u2013 <em>Izpolnitev, Drevo \u017eivljenja <\/em>\u00a0in <em>Pri\u010dakovanje.<br \/>\n<\/em><strong><em>Pri\u010dakovanje<\/em><\/strong> predstavlja \u017eensko figuro, ujeto v labirint trikotnikov in Klimt sam je bil mnenja, da je za pala\u010do Stoclet dosegel \u00bbzadnjo fazo v svojem razisikovanju ornamenta\u00ab. Osrednja zlata barva po mnenju nekaterih kritikov predstavlja \u017eivljenje, zato slika nima le estetske vrednosti, temve\u010d se za njo skriva cela mre\u017ea razli\u010dnih razlag.<\/h5>\n<h6><em>Lastnosti:<\/em><\/h6>\n<ul>\n<li>\n<h6><em>Naslov dela:<\/em> <em>Pri\u010dakovanje<\/em><\/h6>\n<\/li>\n<li>\n<h6><em>Tehnika: Umetni\u0161ka reprodukcija<\/em><\/h6>\n<\/li>\n<li>\n<h6><em>Zunanja dimenzija: 25 x 30 cm; 16 x 29 cm<\/em><\/h6>\n<\/li>\n<li>\n<h6><em>Omejena naklada <\/em><\/h6>\n<\/li>\n<li>\n<h6><em>Eleganten, brez\u010dasen dizajn<\/em><\/h6>\n<\/li>\n<li>\n<h6><em>Idealno darilo za ljubitelje Klimta in klasike<\/em><\/h6>\n<\/li>\n<\/ul>\n","protected":false},"featured_media":11405,"template":"","meta":{"_monsterinsights_skip_tracking":false,"_monsterinsights_sitenote_active":false,"_monsterinsights_sitenote_note":"","_monsterinsights_sitenote_category":0},"product_cat":[748],"product_tag":[328,750],"aioseo_notices":[],"yoast_head":"<!-- This site is optimized with the Yoast SEO plugin v22.1 - https:\/\/yoast.com\/wordpress\/plugins\/seo\/ -->\n<title>Pri\u010dakovanje - Etnogalerija Skrina<\/title>\n<meta name=\"robots\" content=\"index, follow, max-snippet:-1, max-image-preview:large, max-video-preview:-1\" \/>\n<link rel=\"canonical\" href=\"https:\/\/skrina.si\/sl\/product\/gustav-klimt-pricakovanje-grafika\/\" \/>\n<meta property=\"og:locale\" content=\"sl_SI\" \/>\n<meta property=\"og:locale:alternate\" content=\"en_GB\" \/>\n<meta property=\"og:type\" content=\"article\" \/>\n<meta property=\"og:title\" content=\"Pri\u010dakovanje\" \/>\n<meta property=\"og:description\" content=\"Umetniki imajo le redkokdaj prilo\u017enost narediti delo, v katerem lahko brez ovir izrazijo vso svojo domi\u0161ljijo in ustvarjalnost. Industrialec in zbiralec umetnin Adolfa Stoclet spada med tiste redke naro\u010dnike umetni\u0161kih del, ki so se znali prepustiti umetnikovim idejam. Tako je v dvorcu Stoclet v Bruslju nastala \u010dudovita stenska poslikava, za katero je Klimt je v svoji delavnici pre\u017eivel ve\u010d kot 6 let. Sliko jo sestavljajo trije elementi \u2013 Izpolnitev, Drevo \u017eivljenja \u00a0in Pri\u010dakovanje. Pri\u010dakovanje predstavlja \u017eensko figuro, ujeto v labirint trikotnikov in Klimt sam je bil mnenja, da je za pala\u010do Stoclet dosegel \u00bbzadnjo fazo v svojem razisikovanju ornamenta\u00ab. Osrednja zlata barva po mnenju nekaterih kritikov predstavlja \u017eivljenje, zato slika nima le estetske vrednosti, temve\u010d se za njo skriva cela mre\u017ea razli\u010dnih razlag. Lastnosti:    Naslov dela: Pri\u010dakovanje    Tehnika: Umetni\u0161ka reprodukcija    Zunanja dimenzija: 25 x 30 cm; 16 x 29 cm    Omejena naklada     Eleganten, brez\u010dasen dizajn    Idealno darilo za ljubitelje Klimta in klasike\" \/>\n<meta property=\"og:url\" content=\"https:\/\/skrina.si\/sl\/product\/gustav-klimt-pricakovanje-grafika\/\" \/>\n<meta property=\"og:site_name\" content=\"Etnogalerija Skrina\" \/>\n<meta property=\"article:modified_time\" content=\"2024-04-12T21:58:05+00:00\" \/>\n<meta property=\"og:image\" content=\"https:\/\/skrina.si\/wp-content\/uploads\/2022\/07\/Gustav-Klimt-slika-grafika-Pricakovanje-Etno-galerija-Skrina.jpg\" \/>\n\t<meta property=\"og:image:width\" content=\"2000\" \/>\n\t<meta property=\"og:image:height\" content=\"1500\" \/>\n\t<meta property=\"og:image:type\" content=\"image\/jpeg\" \/>\n<meta name=\"twitter:card\" content=\"summary_large_image\" \/>\n<script type=\"application\/ld+json\" class=\"yoast-schema-graph\">{\"@context\":\"https:\/\/schema.org\",\"@graph\":[{\"@type\":\"WebPage\",\"@id\":\"https:\/\/skrina.si\/sl\/product\/gustav-klimt-pricakovanje-grafika\/\",\"url\":\"https:\/\/skrina.si\/sl\/product\/gustav-klimt-pricakovanje-grafika\/\",\"name\":\"[:sl]Pri\u010dakovanje[:] - Etnogalerija Skrina\",\"isPartOf\":{\"@id\":\"https:\/\/skrina.si\/sl\/#website\"},\"datePublished\":\"2022-07-29T10:15:56+00:00\",\"dateModified\":\"2024-04-12T21:58:05+00:00\",\"breadcrumb\":{\"@id\":\"https:\/\/skrina.si\/sl\/product\/gustav-klimt-pricakovanje-grafika\/#breadcrumb\"},\"inLanguage\":\"sl-SI\",\"potentialAction\":[{\"@type\":\"ReadAction\",\"target\":[\"https:\/\/skrina.si\/sl\/product\/gustav-klimt-pricakovanje-grafika\/\"]}]},{\"@type\":\"BreadcrumbList\",\"@id\":\"https:\/\/skrina.si\/sl\/product\/gustav-klimt-pricakovanje-grafika\/#breadcrumb\",\"itemListElement\":[{\"@type\":\"ListItem\",\"position\":1,\"name\":\"Home\",\"item\":\"https:\/\/skrina.si\/\"},{\"@type\":\"ListItem\",\"position\":2,\"name\":\"Shop\",\"item\":\"https:\/\/skrina.si\/shop\/\"},{\"@type\":\"ListItem\",\"position\":3,\"name\":\"Pri\u010dakovanje\"}]},{\"@type\":\"WebSite\",\"@id\":\"https:\/\/skrina.si\/sl\/#website\",\"url\":\"https:\/\/skrina.si\/sl\/\",\"name\":\"Etnogalerija Skrina\",\"description\":\"Tradicija s posluhom\",\"potentialAction\":[{\"@type\":\"SearchAction\",\"target\":{\"@type\":\"EntryPoint\",\"urlTemplate\":\"https:\/\/skrina.si\/sl\/?s={search_term_string}\"},\"query-input\":\"required name=search_term_string\"}],\"inLanguage\":\"sl-SI\"}]}<\/script>\n<!-- \/ Yoast SEO plugin. -->","yoast_head_json":{"title":"Pri\u010dakovanje - Etnogalerija Skrina","robots":{"index":"index","follow":"follow","max-snippet":"max-snippet:-1","max-image-preview":"max-image-preview:large","max-video-preview":"max-video-preview:-1"},"canonical":"https:\/\/skrina.si\/sl\/product\/gustav-klimt-pricakovanje-grafika\/","og_locale":"sl_SI","og_type":"article","og_title":"[:sl]Pri\u010dakovanje[:] - Etnogalerija Skrina","og_description":"[:sl]Umetniki imajo le redkokdaj prilo\u017enost narediti delo, v katerem lahko brez ovir izrazijo vso svojo domi\u0161ljijo in ustvarjalnost. Industrialec in zbiralec umetnin Adolfa Stoclet spada med tiste redke naro\u010dnike umetni\u0161kih del, ki so se znali prepustiti umetnikovim idejam. Tako je v dvorcu Stoclet v Bruslju nastala \u010dudovita stenska poslikava, za katero je Klimt je v svoji delavnici pre\u017eivel ve\u010d kot 6 let. Sliko jo sestavljajo trije elementi \u2013 Izpolnitev, Drevo \u017eivljenja \u00a0in Pri\u010dakovanje. Pri\u010dakovanje predstavlja \u017eensko figuro, ujeto v labirint trikotnikov in Klimt sam je bil mnenja, da je za pala\u010do Stoclet dosegel \u00bbzadnjo fazo v svojem razisikovanju ornamenta\u00ab. Osrednja zlata barva po mnenju nekaterih kritikov predstavlja \u017eivljenje, zato slika nima le estetske vrednosti, temve\u010d se za njo skriva cela mre\u017ea razli\u010dnih razlag. Lastnosti:    Naslov dela: Pri\u010dakovanje    Tehnika: Umetni\u0161ka reprodukcija    Zunanja dimenzija: 25 x 30 cm; 16 x 29 cm    Omejena naklada     Eleganten, brez\u010dasen dizajn    Idealno darilo za ljubitelje Klimta in klasike  [:]","og_url":"https:\/\/skrina.si\/sl\/product\/gustav-klimt-pricakovanje-grafika\/","og_site_name":"Etnogalerija Skrina","article_modified_time":"2024-04-12T21:58:05+00:00","og_image":[{"width":2000,"height":1500,"url":"https:\/\/skrina.si\/wp-content\/uploads\/2022\/07\/Gustav-Klimt-slika-grafika-Pricakovanje-Etno-galerija-Skrina.jpg","type":"image\/jpeg"}],"twitter_card":"summary_large_image","schema":{"@context":"https:\/\/schema.org","@graph":[{"@type":"WebPage","@id":"https:\/\/skrina.si\/sl\/product\/gustav-klimt-pricakovanje-grafika\/","url":"https:\/\/skrina.si\/sl\/product\/gustav-klimt-pricakovanje-grafika\/","name":"[:sl]Pri\u010dakovanje[:] - Etnogalerija Skrina","isPartOf":{"@id":"https:\/\/skrina.si\/sl\/#website"},"datePublished":"2022-07-29T10:15:56+00:00","dateModified":"2024-04-12T21:58:05+00:00","breadcrumb":{"@id":"https:\/\/skrina.si\/sl\/product\/gustav-klimt-pricakovanje-grafika\/#breadcrumb"},"inLanguage":"sl-SI","potentialAction":[{"@type":"ReadAction","target":["https:\/\/skrina.si\/sl\/product\/gustav-klimt-pricakovanje-grafika\/"]}]},{"@type":"BreadcrumbList","@id":"https:\/\/skrina.si\/sl\/product\/gustav-klimt-pricakovanje-grafika\/#breadcrumb","itemListElement":[{"@type":"ListItem","position":1,"name":"Home","item":"https:\/\/skrina.si\/"},{"@type":"ListItem","position":2,"name":"Shop","item":"https:\/\/skrina.si\/shop\/"},{"@type":"ListItem","position":3,"name":"Pri\u010dakovanje"}]},{"@type":"WebSite","@id":"https:\/\/skrina.si\/sl\/#website","url":"https:\/\/skrina.si\/sl\/","name":"Etnogalerija Skrina","description":"Tradicija s posluhom","potentialAction":[{"@type":"SearchAction","target":{"@type":"EntryPoint","urlTemplate":"https:\/\/skrina.si\/sl\/?s={search_term_string}"},"query-input":"required name=search_term_string"}],"inLanguage":"sl-SI"}]}},"_links":{"self":[{"href":"https:\/\/skrina.si\/sl\/wp-json\/wp\/v2\/product\/11404"}],"collection":[{"href":"https:\/\/skrina.si\/sl\/wp-json\/wp\/v2\/product"}],"about":[{"href":"https:\/\/skrina.si\/sl\/wp-json\/wp\/v2\/types\/product"}],"wp:featuredmedia":[{"embeddable":true,"href":"https:\/\/skrina.si\/sl\/wp-json\/wp\/v2\/media\/11405"}],"wp:attachment":[{"href":"https:\/\/skrina.si\/sl\/wp-json\/wp\/v2\/media?parent=11404"}],"wp:term":[{"taxonomy":"product_cat","embeddable":true,"href":"https:\/\/skrina.si\/sl\/wp-json\/wp\/v2\/product_cat?post=11404"},{"taxonomy":"product_tag","embeddable":true,"href":"https:\/\/skrina.si\/sl\/wp-json\/wp\/v2\/product_tag?post=11404"}],"curies":[{"name":"wp","href":"https:\/\/api.w.org\/{rel}","templated":true}]}}