{"id":11397,"date":"2022-07-29T09:47:17","date_gmt":"2022-07-29T09:47:17","guid":{"rendered":"https:\/\/skrina.si\/?post_type=product&#038;p=11397"},"modified":"2024-04-12T23:59:10","modified_gmt":"2024-04-12T21:59:10","slug":"gustav-klimt-slika-izpolnitev","status":"publish","type":"product","link":"https:\/\/skrina.si\/sl\/product\/gustav-klimt-slika-izpolnitev\/","title":{"rendered":"Izpolnitev"},"content":{"rendered":"","protected":false},"excerpt":{"rendered":"<h5><strong><em>Izpolnitev<\/em><\/strong> predstavlja objeti par, obkro\u017een s poldragimi kamni, emajlom, koralami in drugimi dragocenimi materiali. Bolj pozorni gledalci pa na ogrinjalih para opazijo \u0161tevilne trikotnike, kvadrate in ovale. Strokovnjaki trdijo, da ti simboli v japonski umetnosti (po kateri se je Klimt zgledoval) predstavljajo mo\u0161ko in \u017eensko energijo. Med Evropejci so ti simboli povezani z deli Sigmunda Freuda, pri \u010demer velja omeniti, da je\u00a0 Klimt prebral vsa njegova dela. Na splo\u0161no lahko re\u010demo, da Klimtova Izpolnitev nima le ene razlage,\u00a0 temve\u010d se za njo skriva cela mre\u017ea razli\u010dnih \u0161tudij in opisov. Morda je edina ustrezna razlaga za simboliko slike ta, da jo vsak razume po svoje, zato so vse razlage <strong><em>pravilne<\/em><\/strong>.<\/h5>\n<h6><em>Lastnosti:<\/em><\/h6>\n<ul>\n<li>\n<h6><em>Naslov dela:<\/em> <em>Izpolnitev<\/em><\/h6>\n<\/li>\n<li>\n<h6><em>Tehnika: Umetni\u0161ka reprodukcija<\/em><\/h6>\n<\/li>\n<li>\n<h6><em>Zunanja dimenzija: 16 x 29 cm<\/em><\/h6>\n<\/li>\n<li>\n<h6><em>Omejena naklada <\/em><\/h6>\n<\/li>\n<li>\n<h6><em>Eleganten, brez\u010dasen dizajn<\/em><\/h6>\n<\/li>\n<li>\n<h6><em>Idealno darilo za ljubitelje Klimta in klasike<\/em><\/h6>\n<\/li>\n<\/ul>\n","protected":false},"featured_media":11399,"template":"","meta":{"_monsterinsights_skip_tracking":false,"_monsterinsights_sitenote_active":false,"_monsterinsights_sitenote_note":"","_monsterinsights_sitenote_category":0},"product_cat":[748],"product_tag":[328,56],"aioseo_notices":[],"yoast_head":"<!-- This site is optimized with the Yoast SEO plugin v22.1 - https:\/\/yoast.com\/wordpress\/plugins\/seo\/ -->\n<title>Izpolnitev - Etnogalerija Skrina<\/title>\n<meta name=\"robots\" content=\"index, follow, max-snippet:-1, max-image-preview:large, max-video-preview:-1\" \/>\n<link rel=\"canonical\" href=\"https:\/\/skrina.si\/sl\/product\/gustav-klimt-slika-izpolnitev\/\" \/>\n<meta property=\"og:locale\" content=\"sl_SI\" \/>\n<meta property=\"og:locale:alternate\" content=\"en_GB\" \/>\n<meta property=\"og:type\" content=\"article\" \/>\n<meta property=\"og:title\" content=\"Izpolnitev\" \/>\n<meta property=\"og:description\" content=\"Izpolnitev predstavlja objeti par, obkro\u017een s poldragimi kamni, emajlom, koralami in drugimi dragocenimi materiali. Bolj pozorni gledalci pa na ogrinjalih para opazijo \u0161tevilne trikotnike, kvadrate in ovale. Strokovnjaki trdijo, da ti simboli v japonski umetnosti (po kateri se je Klimt zgledoval) predstavljajo mo\u0161ko in \u017eensko energijo. Med Evropejci so ti simboli povezani z deli Sigmunda Freuda, pri \u010demer velja omeniti, da je\u00a0 Klimt prebral vsa njegova dela. Na splo\u0161no lahko re\u010demo, da Klimtova Izpolnitev nima le ene razlage,\u00a0 temve\u010d se za njo skriva cela mre\u017ea razli\u010dnih \u0161tudij in opisov. Morda je edina ustrezna razlaga za simboliko slike ta, da jo vsak razume po svoje, zato so vse razlage pravilne. Lastnosti:    Naslov dela: Izpolnitev    Tehnika: Umetni\u0161ka reprodukcija    Zunanja dimenzija: 16 x 29 cm    Omejena naklada     Eleganten, brez\u010dasen dizajn    Idealno darilo za ljubitelje Klimta in klasike\" \/>\n<meta property=\"og:url\" content=\"https:\/\/skrina.si\/sl\/product\/gustav-klimt-slika-izpolnitev\/\" \/>\n<meta property=\"og:site_name\" content=\"Etnogalerija Skrina\" \/>\n<meta property=\"article:modified_time\" content=\"2024-04-12T21:59:10+00:00\" \/>\n<meta property=\"og:image\" content=\"https:\/\/skrina.si\/wp-content\/uploads\/2022\/07\/Etno-galerija-Skrina-Gustav-Klimt-slika-Izpolnitev-dekor.jpg\" \/>\n\t<meta property=\"og:image:width\" content=\"2000\" \/>\n\t<meta property=\"og:image:height\" content=\"1500\" \/>\n\t<meta property=\"og:image:type\" content=\"image\/jpeg\" \/>\n<meta name=\"twitter:card\" content=\"summary_large_image\" \/>\n<script type=\"application\/ld+json\" class=\"yoast-schema-graph\">{\"@context\":\"https:\/\/schema.org\",\"@graph\":[{\"@type\":\"WebPage\",\"@id\":\"https:\/\/skrina.si\/sl\/product\/gustav-klimt-slika-izpolnitev\/\",\"url\":\"https:\/\/skrina.si\/sl\/product\/gustav-klimt-slika-izpolnitev\/\",\"name\":\"[:sl]Izpolnitev[:] - Etnogalerija Skrina\",\"isPartOf\":{\"@id\":\"https:\/\/skrina.si\/sl\/#website\"},\"datePublished\":\"2022-07-29T09:47:17+00:00\",\"dateModified\":\"2024-04-12T21:59:10+00:00\",\"breadcrumb\":{\"@id\":\"https:\/\/skrina.si\/sl\/product\/gustav-klimt-slika-izpolnitev\/#breadcrumb\"},\"inLanguage\":\"sl-SI\",\"potentialAction\":[{\"@type\":\"ReadAction\",\"target\":[\"https:\/\/skrina.si\/sl\/product\/gustav-klimt-slika-izpolnitev\/\"]}]},{\"@type\":\"BreadcrumbList\",\"@id\":\"https:\/\/skrina.si\/sl\/product\/gustav-klimt-slika-izpolnitev\/#breadcrumb\",\"itemListElement\":[{\"@type\":\"ListItem\",\"position\":1,\"name\":\"Home\",\"item\":\"https:\/\/skrina.si\/\"},{\"@type\":\"ListItem\",\"position\":2,\"name\":\"Shop\",\"item\":\"https:\/\/skrina.si\/shop\/\"},{\"@type\":\"ListItem\",\"position\":3,\"name\":\"Izpolnitev\"}]},{\"@type\":\"WebSite\",\"@id\":\"https:\/\/skrina.si\/sl\/#website\",\"url\":\"https:\/\/skrina.si\/sl\/\",\"name\":\"Etnogalerija Skrina\",\"description\":\"Tradicija s posluhom\",\"potentialAction\":[{\"@type\":\"SearchAction\",\"target\":{\"@type\":\"EntryPoint\",\"urlTemplate\":\"https:\/\/skrina.si\/sl\/?s={search_term_string}\"},\"query-input\":\"required name=search_term_string\"}],\"inLanguage\":\"sl-SI\"}]}<\/script>\n<!-- \/ Yoast SEO plugin. -->","yoast_head_json":{"title":"Izpolnitev - Etnogalerija Skrina","robots":{"index":"index","follow":"follow","max-snippet":"max-snippet:-1","max-image-preview":"max-image-preview:large","max-video-preview":"max-video-preview:-1"},"canonical":"https:\/\/skrina.si\/sl\/product\/gustav-klimt-slika-izpolnitev\/","og_locale":"sl_SI","og_type":"article","og_title":"[:sl]Izpolnitev[:] - Etnogalerija Skrina","og_description":"[:sl]Izpolnitev predstavlja objeti par, obkro\u017een s poldragimi kamni, emajlom, koralami in drugimi dragocenimi materiali. Bolj pozorni gledalci pa na ogrinjalih para opazijo \u0161tevilne trikotnike, kvadrate in ovale. Strokovnjaki trdijo, da ti simboli v japonski umetnosti (po kateri se je Klimt zgledoval) predstavljajo mo\u0161ko in \u017eensko energijo. Med Evropejci so ti simboli povezani z deli Sigmunda Freuda, pri \u010demer velja omeniti, da je\u00a0 Klimt prebral vsa njegova dela. Na splo\u0161no lahko re\u010demo, da Klimtova Izpolnitev nima le ene razlage,\u00a0 temve\u010d se za njo skriva cela mre\u017ea razli\u010dnih \u0161tudij in opisov. Morda je edina ustrezna razlaga za simboliko slike ta, da jo vsak razume po svoje, zato so vse razlage pravilne. Lastnosti:    Naslov dela: Izpolnitev    Tehnika: Umetni\u0161ka reprodukcija    Zunanja dimenzija: 16 x 29 cm    Omejena naklada     Eleganten, brez\u010dasen dizajn    Idealno darilo za ljubitelje Klimta in klasike  [:]","og_url":"https:\/\/skrina.si\/sl\/product\/gustav-klimt-slika-izpolnitev\/","og_site_name":"Etnogalerija Skrina","article_modified_time":"2024-04-12T21:59:10+00:00","og_image":[{"width":2000,"height":1500,"url":"https:\/\/skrina.si\/wp-content\/uploads\/2022\/07\/Etno-galerija-Skrina-Gustav-Klimt-slika-Izpolnitev-dekor.jpg","type":"image\/jpeg"}],"twitter_card":"summary_large_image","schema":{"@context":"https:\/\/schema.org","@graph":[{"@type":"WebPage","@id":"https:\/\/skrina.si\/sl\/product\/gustav-klimt-slika-izpolnitev\/","url":"https:\/\/skrina.si\/sl\/product\/gustav-klimt-slika-izpolnitev\/","name":"[:sl]Izpolnitev[:] - Etnogalerija Skrina","isPartOf":{"@id":"https:\/\/skrina.si\/sl\/#website"},"datePublished":"2022-07-29T09:47:17+00:00","dateModified":"2024-04-12T21:59:10+00:00","breadcrumb":{"@id":"https:\/\/skrina.si\/sl\/product\/gustav-klimt-slika-izpolnitev\/#breadcrumb"},"inLanguage":"sl-SI","potentialAction":[{"@type":"ReadAction","target":["https:\/\/skrina.si\/sl\/product\/gustav-klimt-slika-izpolnitev\/"]}]},{"@type":"BreadcrumbList","@id":"https:\/\/skrina.si\/sl\/product\/gustav-klimt-slika-izpolnitev\/#breadcrumb","itemListElement":[{"@type":"ListItem","position":1,"name":"Home","item":"https:\/\/skrina.si\/"},{"@type":"ListItem","position":2,"name":"Shop","item":"https:\/\/skrina.si\/shop\/"},{"@type":"ListItem","position":3,"name":"Izpolnitev"}]},{"@type":"WebSite","@id":"https:\/\/skrina.si\/sl\/#website","url":"https:\/\/skrina.si\/sl\/","name":"Etnogalerija Skrina","description":"Tradicija s posluhom","potentialAction":[{"@type":"SearchAction","target":{"@type":"EntryPoint","urlTemplate":"https:\/\/skrina.si\/sl\/?s={search_term_string}"},"query-input":"required name=search_term_string"}],"inLanguage":"sl-SI"}]}},"_links":{"self":[{"href":"https:\/\/skrina.si\/sl\/wp-json\/wp\/v2\/product\/11397"}],"collection":[{"href":"https:\/\/skrina.si\/sl\/wp-json\/wp\/v2\/product"}],"about":[{"href":"https:\/\/skrina.si\/sl\/wp-json\/wp\/v2\/types\/product"}],"wp:featuredmedia":[{"embeddable":true,"href":"https:\/\/skrina.si\/sl\/wp-json\/wp\/v2\/media\/11399"}],"wp:attachment":[{"href":"https:\/\/skrina.si\/sl\/wp-json\/wp\/v2\/media?parent=11397"}],"wp:term":[{"taxonomy":"product_cat","embeddable":true,"href":"https:\/\/skrina.si\/sl\/wp-json\/wp\/v2\/product_cat?post=11397"},{"taxonomy":"product_tag","embeddable":true,"href":"https:\/\/skrina.si\/sl\/wp-json\/wp\/v2\/product_tag?post=11397"}],"curies":[{"name":"wp","href":"https:\/\/api.w.org\/{rel}","templated":true}]}}