{"id":11308,"date":"2022-07-25T10:09:29","date_gmt":"2022-07-25T10:09:29","guid":{"rendered":"https:\/\/skrina.si\/?post_type=product&#038;p=11308"},"modified":"2024-03-26T18:19:55","modified_gmt":"2024-03-26T17:19:55","slug":"slovenska-narodna-nosa-primorska","status":"publish","type":"product","link":"https:\/\/skrina.si\/sl\/product\/slovenska-narodna-nosa-primorska\/","title":{"rendered":"Slovenska narodna no\u0161a &#8211; Primorska"},"content":{"rendered":"","protected":false},"excerpt":{"rendered":"<h5><strong><em>Primorski ali mediteranski tip<\/em><\/strong> narodne no\u0161e je bil prisoten v Slovenski Istri, Brkinih in nekaterih vaseh v okolici Trsta. Posebnosti so vidne predvsem pri <strong><em>\u017eenski no\u0161i<\/em><\/strong>, ki jo je zaznamovala \u0161iroka srajca, preko katere so si \u017eenske nadele \u0161e dolg brezrokavnik in predpasnik. Druga posebnost, ki lo\u010duje Primorsko no\u0161o od ostalih slovenskih no\u0161 pa je velika priljubljenost nakita. Poleg dalj\u0161ih veri\u017eic so bili izredno popularni <strong><em>\u00bbmur\u010dki\u00ab,<\/em><\/strong>\u00a0 uhani ki so jih imenovali tudi\u00a0 mur\u010deki,\u00a0 mor\u010deki,\u00a0 muren\u010dki,\u00a0 \u010drn\u010deki in so ostali priljubljeni vse do dana\u0161njih dni. V\u010dasih so stilizirano glavo zamor\u010dka z rde\u010dim turbanom izdelovali kar v 18-tih velikostih. Bela ali svetla naglavna ruta je bila bogato okra\u0161ena z ro\u010dno izdelano vezenino in \u010dipko.<br \/>\n<strong><em>Mo\u0161ka primorska no\u0161a<\/em><\/strong> je imela \u0161tevilne razli\u010dice. Ve\u010dina mo\u0161kih je nosila dalj\u0161e srajce izdelane iz belega doma\u010dega platna, ki so bile obvezen del tako delovne, kot pra\u017enje obleke. Razlikovale so se zgolj v kroju &#8211; pra\u017enje so bile podobno krojene kot \u017eenski rokavci.<br \/>\n<em>Opisane so zgolj nekatere zna\u010dilnosti primorske no\u0161e.<\/em><\/h5>\n<h6><em>Lastnosti:<\/em><\/h6>\n<ul>\n<li>\n<h6><em>Velikost: <\/em><em>27 x 7 cm; 22 x 5 cm<\/em><\/h6>\n<\/li>\n<li>\n<h6><em>Velikost lutke za sol &#038; poper: <\/em><em>13 x 4,5 cm<\/em><\/h6>\n<\/li>\n<li>\n<h6><em>Velikos lutke za jaj\u010dka: 9 x 3,5<\/em><em> cm<\/em><\/h6>\n<\/li>\n<li>\n<h6><em>Material: les<\/em><\/h6>\n<\/li>\n<li>\n<h6><em>V darilni embala\u017ei<\/em><\/h6>\n<\/li>\n<li>\n<h6><em>Oblikovano z ljubeznijo do detajlov<\/em><\/h6>\n<\/li>\n<li>\n<h6><em>Idealno darilo za ljubitelje folklore in ljudskega izro\u010dila<\/em><\/h6>\n<\/li>\n<li>\n<h6><strong><em>Ro\u010dno barvano<\/em><\/strong><\/h6>\n<\/li>\n<\/ul>\n<h6><strong><em>\u00a0<\/em><\/strong><\/h6>\n","protected":false},"featured_media":11185,"template":"","meta":{"_monsterinsights_skip_tracking":false,"_monsterinsights_sitenote_active":false,"_monsterinsights_sitenote_note":"","_monsterinsights_sitenote_category":0},"product_cat":[103,237],"product_tag":[298,81],"aioseo_notices":[],"yoast_head":"<!-- This site is optimized with the Yoast SEO plugin v22.1 - https:\/\/yoast.com\/wordpress\/plugins\/seo\/ -->\n<title>Slovenska narodna no\u0161a - Primorska[:] - Etnogalerija Skrina<\/title>\n<meta name=\"robots\" content=\"index, follow, max-snippet:-1, max-image-preview:large, max-video-preview:-1\" \/>\n<link rel=\"canonical\" href=\"https:\/\/skrina.si\/sl\/product\/slovenska-narodna-nosa-primorska\/\" \/>\n<meta property=\"og:locale\" content=\"sl_SI\" \/>\n<meta property=\"og:locale:alternate\" content=\"en_GB\" \/>\n<meta property=\"og:type\" content=\"article\" \/>\n<meta property=\"og:title\" content=\"Slovenska narodna no\u0161a - Primorska\" \/>\n<meta property=\"og:description\" content=\"Primorski ali mediteranski tip narodne no\u0161e je bil prisoten v Slovenski Istri, Brkinih in nekaterih vaseh v okolici Trsta. Posebnosti so vidne predvsem pri \u017eenski no\u0161i, ki jo je zaznamovala \u0161iroka srajca, preko katere so si \u017eenske nadele \u0161e dolg brezrokavnik in predpasnik. Druga posebnost, ki lo\u010duje Primorsko no\u0161o od ostalih slovenskih no\u0161 pa je velika priljubljenost nakita. Poleg dalj\u0161ih veri\u017eic so bili izredno popularni \u00bbmur\u010dki\u00ab,\u00a0 uhani ki so jih imenovali tudi\u00a0 mur\u010deki,\u00a0 mor\u010deki,\u00a0 muren\u010dki,\u00a0 \u010drn\u010deki in so ostali priljubljeni vse do dana\u0161njih dni. V\u010dasih so stilizirano glavo zamor\u010dka z rde\u010dim turbanom izdelovali kar v 18-tih velikostih. Bela ali svetla naglavna ruta je bila bogato okra\u0161ena z ro\u010dno izdelano vezenino in \u010dipko. Mo\u0161ka primorska no\u0161a je imela \u0161tevilne razli\u010dice. Ve\u010dina mo\u0161kih je nosila dalj\u0161e srajce izdelane iz belega doma\u010dega platna, ki so bile obvezen del tako delovne, kot pra\u017enje obleke. Razlikovale so se zgolj v kroju - pra\u017enje so bile podobno krojene kot \u017eenski rokavci. Opisane so zgolj nekatere zna\u010dilnosti primorske no\u0161e. Lastnosti:    Velikost: 27 x 7 cm; 22 x 5 cm    Velikost lutke za sol &amp; poper: 13 x 4,5 cm    Velikos lutke za jaj\u010dka: 9 x 3,5 cm    Material: les    V darilni embala\u017ei    Oblikovano z ljubeznijo do detajlov    Idealno darilo za ljubitelje folklore in ljudskega izro\u010dila    Ro\u010dno barvano   \u00a0\" \/>\n<meta property=\"og:url\" content=\"https:\/\/skrina.si\/sl\/product\/slovenska-narodna-nosa-primorska\/\" \/>\n<meta property=\"og:site_name\" content=\"Etnogalerija Skrina\" \/>\n<meta property=\"article:modified_time\" content=\"2024-03-26T17:19:55+00:00\" \/>\n<meta property=\"og:image\" content=\"https:\/\/skrina.si\/wp-content\/uploads\/2022\/07\/primorska-Etno-galerija-skrina-Tradicija-s-posluhom-slovenska-ljudska-nosa-izdelek-iz-lesa.jpg\" \/>\n\t<meta property=\"og:image:width\" content=\"2000\" \/>\n\t<meta property=\"og:image:height\" content=\"1500\" \/>\n\t<meta property=\"og:image:type\" content=\"image\/jpeg\" \/>\n<meta name=\"twitter:card\" content=\"summary_large_image\" \/>\n<meta name=\"twitter:label1\" content=\"Est. reading time\" \/>\n\t<meta name=\"twitter:data1\" content=\"1 minuta\" \/>\n<script type=\"application\/ld+json\" class=\"yoast-schema-graph\">{\"@context\":\"https:\/\/schema.org\",\"@graph\":[{\"@type\":\"WebPage\",\"@id\":\"https:\/\/skrina.si\/sl\/product\/slovenska-narodna-nosa-primorska\/\",\"url\":\"https:\/\/skrina.si\/sl\/product\/slovenska-narodna-nosa-primorska\/\",\"name\":\"[:sl]Slovenska narodna no\u0161a - Primorska[:] - Etnogalerija Skrina\",\"isPartOf\":{\"@id\":\"https:\/\/skrina.si\/sl\/#website\"},\"datePublished\":\"2022-07-25T10:09:29+00:00\",\"dateModified\":\"2024-03-26T17:19:55+00:00\",\"breadcrumb\":{\"@id\":\"https:\/\/skrina.si\/sl\/product\/slovenska-narodna-nosa-primorska\/#breadcrumb\"},\"inLanguage\":\"sl-SI\",\"potentialAction\":[{\"@type\":\"ReadAction\",\"target\":[\"https:\/\/skrina.si\/sl\/product\/slovenska-narodna-nosa-primorska\/\"]}]},{\"@type\":\"BreadcrumbList\",\"@id\":\"https:\/\/skrina.si\/sl\/product\/slovenska-narodna-nosa-primorska\/#breadcrumb\",\"itemListElement\":[{\"@type\":\"ListItem\",\"position\":1,\"name\":\"Home\",\"item\":\"https:\/\/skrina.si\/\"},{\"@type\":\"ListItem\",\"position\":2,\"name\":\"Shop\",\"item\":\"https:\/\/skrina.si\/shop\/\"},{\"@type\":\"ListItem\",\"position\":3,\"name\":\"Slovenska narodna no\u0161a &#8211; Primorska\"}]},{\"@type\":\"WebSite\",\"@id\":\"https:\/\/skrina.si\/sl\/#website\",\"url\":\"https:\/\/skrina.si\/sl\/\",\"name\":\"Etnogalerija Skrina\",\"description\":\"Tradicija s posluhom\",\"potentialAction\":[{\"@type\":\"SearchAction\",\"target\":{\"@type\":\"EntryPoint\",\"urlTemplate\":\"https:\/\/skrina.si\/sl\/?s={search_term_string}\"},\"query-input\":\"required name=search_term_string\"}],\"inLanguage\":\"sl-SI\"}]}<\/script>\n<!-- \/ Yoast SEO plugin. -->","yoast_head_json":{"title":"Slovenska narodna no\u0161a - Primorska[:] - Etnogalerija Skrina","robots":{"index":"index","follow":"follow","max-snippet":"max-snippet:-1","max-image-preview":"max-image-preview:large","max-video-preview":"max-video-preview:-1"},"canonical":"https:\/\/skrina.si\/sl\/product\/slovenska-narodna-nosa-primorska\/","og_locale":"sl_SI","og_type":"article","og_title":"[:sl]Slovenska narodna no\u0161a - Primorska[:] - Etnogalerija Skrina","og_description":"[:sl]Primorski ali mediteranski tip narodne no\u0161e je bil prisoten v Slovenski Istri, Brkinih in nekaterih vaseh v okolici Trsta. Posebnosti so vidne predvsem pri \u017eenski no\u0161i, ki jo je zaznamovala \u0161iroka srajca, preko katere so si \u017eenske nadele \u0161e dolg brezrokavnik in predpasnik. Druga posebnost, ki lo\u010duje Primorsko no\u0161o od ostalih slovenskih no\u0161 pa je velika priljubljenost nakita. Poleg dalj\u0161ih veri\u017eic so bili izredno popularni \u00bbmur\u010dki\u00ab,\u00a0 uhani ki so jih imenovali tudi\u00a0 mur\u010deki,\u00a0 mor\u010deki,\u00a0 muren\u010dki,\u00a0 \u010drn\u010deki in so ostali priljubljeni vse do dana\u0161njih dni. V\u010dasih so stilizirano glavo zamor\u010dka z rde\u010dim turbanom izdelovali kar v 18-tih velikostih. Bela ali svetla naglavna ruta je bila bogato okra\u0161ena z ro\u010dno izdelano vezenino in \u010dipko. Mo\u0161ka primorska no\u0161a je imela \u0161tevilne razli\u010dice. Ve\u010dina mo\u0161kih je nosila dalj\u0161e srajce izdelane iz belega doma\u010dega platna, ki so bile obvezen del tako delovne, kot pra\u017enje obleke. Razlikovale so se zgolj v kroju - pra\u017enje so bile podobno krojene kot \u017eenski rokavci. Opisane so zgolj nekatere zna\u010dilnosti primorske no\u0161e. Lastnosti:    Velikost: 27 x 7 cm; 22 x 5 cm    Velikost lutke za sol &amp; poper: 13 x 4,5 cm    Velikos lutke za jaj\u010dka: 9 x 3,5 cm    Material: les    V darilni embala\u017ei    Oblikovano z ljubeznijo do detajlov    Idealno darilo za ljubitelje folklore in ljudskega izro\u010dila    Ro\u010dno barvano   \u00a0[:]","og_url":"https:\/\/skrina.si\/sl\/product\/slovenska-narodna-nosa-primorska\/","og_site_name":"Etnogalerija Skrina","article_modified_time":"2024-03-26T17:19:55+00:00","og_image":[{"width":2000,"height":1500,"url":"https:\/\/skrina.si\/wp-content\/uploads\/2022\/07\/primorska-Etno-galerija-skrina-Tradicija-s-posluhom-slovenska-ljudska-nosa-izdelek-iz-lesa.jpg","type":"image\/jpeg"}],"twitter_card":"summary_large_image","twitter_misc":{"Est. reading time":"1 minuta"},"schema":{"@context":"https:\/\/schema.org","@graph":[{"@type":"WebPage","@id":"https:\/\/skrina.si\/sl\/product\/slovenska-narodna-nosa-primorska\/","url":"https:\/\/skrina.si\/sl\/product\/slovenska-narodna-nosa-primorska\/","name":"[:sl]Slovenska narodna no\u0161a - Primorska[:] - Etnogalerija Skrina","isPartOf":{"@id":"https:\/\/skrina.si\/sl\/#website"},"datePublished":"2022-07-25T10:09:29+00:00","dateModified":"2024-03-26T17:19:55+00:00","breadcrumb":{"@id":"https:\/\/skrina.si\/sl\/product\/slovenska-narodna-nosa-primorska\/#breadcrumb"},"inLanguage":"sl-SI","potentialAction":[{"@type":"ReadAction","target":["https:\/\/skrina.si\/sl\/product\/slovenska-narodna-nosa-primorska\/"]}]},{"@type":"BreadcrumbList","@id":"https:\/\/skrina.si\/sl\/product\/slovenska-narodna-nosa-primorska\/#breadcrumb","itemListElement":[{"@type":"ListItem","position":1,"name":"Home","item":"https:\/\/skrina.si\/"},{"@type":"ListItem","position":2,"name":"Shop","item":"https:\/\/skrina.si\/shop\/"},{"@type":"ListItem","position":3,"name":"Slovenska narodna no\u0161a &#8211; Primorska"}]},{"@type":"WebSite","@id":"https:\/\/skrina.si\/sl\/#website","url":"https:\/\/skrina.si\/sl\/","name":"Etnogalerija Skrina","description":"Tradicija s posluhom","potentialAction":[{"@type":"SearchAction","target":{"@type":"EntryPoint","urlTemplate":"https:\/\/skrina.si\/sl\/?s={search_term_string}"},"query-input":"required name=search_term_string"}],"inLanguage":"sl-SI"}]}},"_links":{"self":[{"href":"https:\/\/skrina.si\/sl\/wp-json\/wp\/v2\/product\/11308"}],"collection":[{"href":"https:\/\/skrina.si\/sl\/wp-json\/wp\/v2\/product"}],"about":[{"href":"https:\/\/skrina.si\/sl\/wp-json\/wp\/v2\/types\/product"}],"wp:featuredmedia":[{"embeddable":true,"href":"https:\/\/skrina.si\/sl\/wp-json\/wp\/v2\/media\/11185"}],"wp:attachment":[{"href":"https:\/\/skrina.si\/sl\/wp-json\/wp\/v2\/media?parent=11308"}],"wp:term":[{"taxonomy":"product_cat","embeddable":true,"href":"https:\/\/skrina.si\/sl\/wp-json\/wp\/v2\/product_cat?post=11308"},{"taxonomy":"product_tag","embeddable":true,"href":"https:\/\/skrina.si\/sl\/wp-json\/wp\/v2\/product_tag?post=11308"}],"curies":[{"name":"wp","href":"https:\/\/api.w.org\/{rel}","templated":true}]}}