{"id":11306,"date":"2022-07-25T10:02:15","date_gmt":"2022-07-25T10:02:15","guid":{"rendered":"https:\/\/skrina.si\/?post_type=product&#038;p=11306"},"modified":"2024-04-10T17:12:32","modified_gmt":"2024-04-10T15:12:32","slug":"slovenska-narodna-nosa-prekmurje","status":"publish","type":"product","link":"https:\/\/skrina.si\/sl\/product\/slovenska-narodna-nosa-prekmurje\/","title":{"rendered":"Slovenska narodna no\u0161a &#8211; Prekmurje"},"content":{"rendered":"","protected":false},"excerpt":{"rendered":"<h5 style=\"text-align: justify;\">Navezanost na tradicijo in privr\u017eenost <strong><em>beli<\/em><\/strong>, oziroma svetlej\u0161i barvi obla\u010dil, se je v <strong><em>Prekmurju <\/em><\/strong>ohranila vse do za\u010detka 20. stoletja.<br \/>\n<strong><em>Mo\u0161ki <\/em><\/strong>so ob delovnih dneh nosili temne hla\u010de, za pra\u017enje dni pa \u0161iroke, svetle hla\u010de izdelane iz doma\u010dega platna in telovnik z v-izrezom, ki se zapenjal s kovinskimi gumbi. Nekateri fantje so imeli v \u017eepu telovnika zlo\u017een rob\u010dek, obrobljen s \u010dipko in \u010drn klobuk z ozkimi krajci.<br \/>\nTudi <strong><em>\u017eenska prekmurska no\u0161a<\/em><\/strong> je v beli ali svetlej\u0161i barvi in ima kar nekaj razli\u010dic, vsem pa je skupna do vratu zapeta bela srajca s \u0161iroko nabranimi rokavi, ki so v zapestjih stisnjeni z man\u0161eto.<br \/>\nNekatera mlaj\u0161a dekleta so si ob posebnih dneh na prsi pripele <strong><em>\u0161opek poljskega cvetja<\/em><\/strong>. To lepo navado so vse do danes ohranili folklorni ansambli; ob zaklju\u010dku nastopa podarijo dekleta \u0161opek\u00a0 svojemu plesalcu. V beli, ali svetli barvi je bila tudi s \u010dipko obrobljena naglavna ruta, predpasnik pa pogosto v temnej\u0161i barvi, pogosto iz kupljenega, vzor\u010dastega blaga.<br \/>\n<em>Opisane so zgolj nekatere zna\u010dilnosti prekmurske no\u0161e.<\/em><\/h5>\n<h6><em>Lastnosti:<\/em><\/h6>\n<ul>\n<li>\n<h6><em>Velikost: <\/em><em>27 x 7 cm; 22 x 5 cm<\/em><\/h6>\n<\/li>\n<li>\n<h6><em>Velikost lutke za sol &#038; poper: <\/em><em>13 x 4,5 cm<\/em><\/h6>\n<\/li>\n<li>\n<h6><em>Velikos lutke za jaj\u010dka: 9 x 3,5<\/em><em> cm<\/em><\/h6>\n<\/li>\n<li>\n<h6><em>Material: les<\/em><\/h6>\n<\/li>\n<li>\n<h6><em>V darilni embala\u017ei<\/em><\/h6>\n<\/li>\n<li>\n<h6><em>Oblikovano z ljubeznijo do detajlov<\/em><\/h6>\n<\/li>\n<li>\n<h6><em>Idealno darilo za ljubitelje folklore in ljudskega izro\u010dila<\/em><\/h6>\n<\/li>\n<li>\n<h6><strong><em>Ro\u010dno barvano<\/em><\/strong><\/h6>\n<\/li>\n<\/ul>\n","protected":false},"featured_media":11166,"template":"","meta":{"_monsterinsights_skip_tracking":false,"_monsterinsights_sitenote_active":false,"_monsterinsights_sitenote_note":"","_monsterinsights_sitenote_category":0},"product_cat":[103,237],"product_tag":[298,147],"aioseo_notices":[],"yoast_head":"<!-- This site is optimized with the Yoast SEO plugin v22.1 - https:\/\/yoast.com\/wordpress\/plugins\/seo\/ -->\n<title>- Slovenska narodna no\u0161a - Prekmurje[:] - Etnogalerija Skrina<\/title>\n<meta name=\"robots\" content=\"index, follow, max-snippet:-1, max-image-preview:large, max-video-preview:-1\" \/>\n<link rel=\"canonical\" href=\"https:\/\/skrina.si\/sl\/product\/slovenska-narodna-nosa-prekmurje\/\" \/>\n<meta property=\"og:locale\" content=\"sl_SI\" \/>\n<meta property=\"og:locale:alternate\" content=\"en_GB\" \/>\n<meta property=\"og:type\" content=\"article\" \/>\n<meta property=\"og:title\" content=\"Slovenska narodna no\u0161a - Prekmurje\" \/>\n<meta property=\"og:description\" content=\"Navezanost na tradicijo in privr\u017eenost beli, oziroma svetlej\u0161i barvi obla\u010dil, se je v Prekmurju ohranila vse do za\u010detka 20. stoletja. Mo\u0161ki so ob delovnih dneh nosili temne hla\u010de, za pra\u017enje dni pa \u0161iroke, svetle hla\u010de izdelane iz doma\u010dega platna in telovnik z v-izrezom, ki se zapenjal s kovinskimi gumbi. Nekateri fantje so imeli v \u017eepu telovnika zlo\u017een rob\u010dek, obrobljen s \u010dipko in \u010drn klobuk z ozkimi krajci. Tudi \u017eenska prekmurska no\u0161a je v beli ali svetlej\u0161i barvi in ima kar nekaj razli\u010dic, vsem pa je skupna do vratu zapeta bela srajca s \u0161iroko nabranimi rokavi, ki so v zapestjih stisnjeni z man\u0161eto. Nekatera mlaj\u0161a dekleta so si ob posebnih dneh na prsi pripele \u0161opek poljskega cvetja. To lepo navado so vse do danes ohranili folklorni ansambli; ob zaklju\u010dku nastopa podarijo dekleta \u0161opek\u00a0 svojemu plesalcu. V beli, ali svetli barvi je bila tudi s \u010dipko obrobljena naglavna ruta, predpasnik pa pogosto v temnej\u0161i barvi, pogosto iz kupljenega, vzor\u010dastega blaga. Opisane so zgolj nekatere zna\u010dilnosti prekmurske no\u0161e. Lastnosti:    Velikost: 27 x 7 cm; 22 x 5 cm    Velikost lutke za sol &amp; poper: 13 x 4,5 cm    Velikos lutke za jaj\u010dka: 9 x 3,5 cm    Material: les    V darilni embala\u017ei    Oblikovano z ljubeznijo do detajlov    Idealno darilo za ljubitelje folklore in ljudskega izro\u010dila    Ro\u010dno barvano\" \/>\n<meta property=\"og:url\" content=\"https:\/\/skrina.si\/sl\/product\/slovenska-narodna-nosa-prekmurje\/\" \/>\n<meta property=\"og:site_name\" content=\"Etnogalerija Skrina\" \/>\n<meta property=\"article:modified_time\" content=\"2024-04-10T15:12:32+00:00\" \/>\n<meta property=\"og:image\" content=\"https:\/\/skrina.si\/wp-content\/uploads\/2022\/07\/pomurje-etno-galerija-darilo-Tradicija-s-posluhom-slovenska-ljudska-nosa-les-spredaj.jpg\" \/>\n\t<meta property=\"og:image:width\" content=\"2000\" \/>\n\t<meta property=\"og:image:height\" content=\"1500\" \/>\n\t<meta property=\"og:image:type\" content=\"image\/jpeg\" \/>\n<meta name=\"twitter:card\" content=\"summary_large_image\" \/>\n<meta name=\"twitter:label1\" content=\"Est. reading time\" \/>\n\t<meta name=\"twitter:data1\" content=\"1 minuta\" \/>\n<script type=\"application\/ld+json\" class=\"yoast-schema-graph\">{\"@context\":\"https:\/\/schema.org\",\"@graph\":[{\"@type\":\"WebPage\",\"@id\":\"https:\/\/skrina.si\/sl\/product\/slovenska-narodna-nosa-prekmurje\/\",\"url\":\"https:\/\/skrina.si\/sl\/product\/slovenska-narodna-nosa-prekmurje\/\",\"name\":\"[:en]Slovenska narodna no\u0161a - Prekmurje[:sl]Slovenska narodna no\u0161a - Prekmurje[:] - Etnogalerija Skrina\",\"isPartOf\":{\"@id\":\"https:\/\/skrina.si\/sl\/#website\"},\"datePublished\":\"2022-07-25T10:02:15+00:00\",\"dateModified\":\"2024-04-10T15:12:32+00:00\",\"breadcrumb\":{\"@id\":\"https:\/\/skrina.si\/sl\/product\/slovenska-narodna-nosa-prekmurje\/#breadcrumb\"},\"inLanguage\":\"sl-SI\",\"potentialAction\":[{\"@type\":\"ReadAction\",\"target\":[\"https:\/\/skrina.si\/sl\/product\/slovenska-narodna-nosa-prekmurje\/\"]}]},{\"@type\":\"BreadcrumbList\",\"@id\":\"https:\/\/skrina.si\/sl\/product\/slovenska-narodna-nosa-prekmurje\/#breadcrumb\",\"itemListElement\":[{\"@type\":\"ListItem\",\"position\":1,\"name\":\"Home\",\"item\":\"https:\/\/skrina.si\/\"},{\"@type\":\"ListItem\",\"position\":2,\"name\":\"Shop\",\"item\":\"https:\/\/skrina.si\/shop\/\"},{\"@type\":\"ListItem\",\"position\":3,\"name\":\"Slovenska narodna no\u0161a &#8211; Prekmurje\"}]},{\"@type\":\"WebSite\",\"@id\":\"https:\/\/skrina.si\/sl\/#website\",\"url\":\"https:\/\/skrina.si\/sl\/\",\"name\":\"Etnogalerija Skrina\",\"description\":\"Tradicija s posluhom\",\"potentialAction\":[{\"@type\":\"SearchAction\",\"target\":{\"@type\":\"EntryPoint\",\"urlTemplate\":\"https:\/\/skrina.si\/sl\/?s={search_term_string}\"},\"query-input\":\"required name=search_term_string\"}],\"inLanguage\":\"sl-SI\"}]}<\/script>\n<!-- \/ Yoast SEO plugin. -->","yoast_head_json":{"title":"- Slovenska narodna no\u0161a - Prekmurje[:] - Etnogalerija Skrina","robots":{"index":"index","follow":"follow","max-snippet":"max-snippet:-1","max-image-preview":"max-image-preview:large","max-video-preview":"max-video-preview:-1"},"canonical":"https:\/\/skrina.si\/sl\/product\/slovenska-narodna-nosa-prekmurje\/","og_locale":"sl_SI","og_type":"article","og_title":"[:en]Slovenska narodna no\u0161a - Prekmurje[:sl]Slovenska narodna no\u0161a - Prekmurje[:] - Etnogalerija Skrina","og_description":"[:en]Navezanost na tradicijo in privr\u017eenost beli, oziroma svetlej\u0161i barvi obla\u010dil, se je v Prekmurju ohranila vse do za\u010detka 20. stoletja. Mo\u0161ki so ob delovnih dneh nosili temne hla\u010de, za pra\u017enje dni pa \u0161iroke, svetle hla\u010de izdelane iz doma\u010dega platna in telovnik z v-izrezom, ki se zapenjal s kovinskimi gumbi. Nekateri fantje so imeli v \u017eepu telovnika zlo\u017een rob\u010dek, obrobljen s \u010dipko in \u010drn klobuk z ozkimi krajci. Tudi \u017eenska prekmurska no\u0161a je v beli ali svetlej\u0161i barvi in ima kar nekaj razli\u010dic, vsem pa je skupna do vratu zapeta bela srajca s \u0161iroko nabranimi rokavi, ki so v zapestjih stisnjeni z man\u0161eto. Nekatera mlaj\u0161a dekleta so si ob posebnih dneh na prsi pripele \u0161opek poljskega cvetja. To lepo navado so vse do danes ohranili folklorni ansambli; ob zaklju\u010dku nastopa podarijo dekleta \u0161opek\u00a0 svojemu plesalcu. V beli, ali svetli barvi je bila tudi s \u010dipko obrobljena naglavna ruta, predpasnik pa pogosto v temnej\u0161i barvi, pogosto iz kupljenega, vzor\u010dastega blaga. Opisane so zgolj nekatere zna\u010dilnosti prekmurske no\u0161e. Lastnosti:    Velikost: 27 x 7 cm; 22 x 5 cm    Velikost lutke za sol &amp; poper: 13 x 4,5 cm    Velikos lutke za jaj\u010dka: 9 x 3,5 cm    Material: les    V darilni embala\u017ei    Oblikovano z ljubeznijo do detajlov    Idealno darilo za ljubitelje folklore in ljudskega izro\u010dila    Ro\u010dno barvano  [:sl]Navezanost na tradicijo in privr\u017eenost beli, oziroma svetlej\u0161i barvi obla\u010dil, se je v Prekmurju ohranila vse do za\u010detka 20. stoletja. Mo\u0161ki so ob delovnih dneh nosili temne hla\u010de, za pra\u017enje dni pa \u0161iroke, svetle hla\u010de izdelane iz doma\u010dega platna in telovnik z v-izrezom, ki se zapenjal s kovinskimi gumbi. Nekateri fantje so imeli v \u017eepu telovnika zlo\u017een rob\u010dek, obrobljen s \u010dipko in \u010drn klobuk z ozkimi krajci. Tudi \u017eenska prekmurska no\u0161a je v beli ali svetlej\u0161i barvi in ima kar nekaj razli\u010dic, vsem pa je skupna do vratu zapeta bela srajca s \u0161iroko nabranimi rokavi, ki so v zapestjih stisnjeni z man\u0161eto. Nekatera mlaj\u0161a dekleta so si ob posebnih dneh na prsi pripele \u0161opek poljskega cvetja. To lepo navado so vse do danes ohranili folklorni ansambli; ob zaklju\u010dku nastopa podarijo dekleta \u0161opek\u00a0 svojemu plesalcu. V beli, ali svetli barvi je bila tudi s \u010dipko obrobljena naglavna ruta, predpasnik pa pogosto v temnej\u0161i barvi, pogosto iz kupljenega, vzor\u010dastega blaga. Opisane so zgolj nekatere zna\u010dilnosti prekmurske no\u0161e. Lastnosti:    Velikost: 27 x 7 cm; 22 x 5 cm    Velikost lutke za sol &amp; poper: 13 x 4,5 cm    Velikos lutke za jaj\u010dka: 9 x 3,5 cm    Material: les    V darilni embala\u017ei    Oblikovano z ljubeznijo do detajlov    Idealno darilo za ljubitelje folklore in ljudskega izro\u010dila    Ro\u010dno barvano  [:]","og_url":"https:\/\/skrina.si\/sl\/product\/slovenska-narodna-nosa-prekmurje\/","og_site_name":"Etnogalerija Skrina","article_modified_time":"2024-04-10T15:12:32+00:00","og_image":[{"width":2000,"height":1500,"url":"https:\/\/skrina.si\/wp-content\/uploads\/2022\/07\/pomurje-etno-galerija-darilo-Tradicija-s-posluhom-slovenska-ljudska-nosa-les-spredaj.jpg","type":"image\/jpeg"}],"twitter_card":"summary_large_image","twitter_misc":{"Est. reading time":"1 minuta"},"schema":{"@context":"https:\/\/schema.org","@graph":[{"@type":"WebPage","@id":"https:\/\/skrina.si\/sl\/product\/slovenska-narodna-nosa-prekmurje\/","url":"https:\/\/skrina.si\/sl\/product\/slovenska-narodna-nosa-prekmurje\/","name":"[:en]Slovenska narodna no\u0161a - Prekmurje[:sl]Slovenska narodna no\u0161a - Prekmurje[:] - Etnogalerija Skrina","isPartOf":{"@id":"https:\/\/skrina.si\/sl\/#website"},"datePublished":"2022-07-25T10:02:15+00:00","dateModified":"2024-04-10T15:12:32+00:00","breadcrumb":{"@id":"https:\/\/skrina.si\/sl\/product\/slovenska-narodna-nosa-prekmurje\/#breadcrumb"},"inLanguage":"sl-SI","potentialAction":[{"@type":"ReadAction","target":["https:\/\/skrina.si\/sl\/product\/slovenska-narodna-nosa-prekmurje\/"]}]},{"@type":"BreadcrumbList","@id":"https:\/\/skrina.si\/sl\/product\/slovenska-narodna-nosa-prekmurje\/#breadcrumb","itemListElement":[{"@type":"ListItem","position":1,"name":"Home","item":"https:\/\/skrina.si\/"},{"@type":"ListItem","position":2,"name":"Shop","item":"https:\/\/skrina.si\/shop\/"},{"@type":"ListItem","position":3,"name":"Slovenska narodna no\u0161a &#8211; Prekmurje"}]},{"@type":"WebSite","@id":"https:\/\/skrina.si\/sl\/#website","url":"https:\/\/skrina.si\/sl\/","name":"Etnogalerija Skrina","description":"Tradicija s posluhom","potentialAction":[{"@type":"SearchAction","target":{"@type":"EntryPoint","urlTemplate":"https:\/\/skrina.si\/sl\/?s={search_term_string}"},"query-input":"required name=search_term_string"}],"inLanguage":"sl-SI"}]}},"_links":{"self":[{"href":"https:\/\/skrina.si\/sl\/wp-json\/wp\/v2\/product\/11306"}],"collection":[{"href":"https:\/\/skrina.si\/sl\/wp-json\/wp\/v2\/product"}],"about":[{"href":"https:\/\/skrina.si\/sl\/wp-json\/wp\/v2\/types\/product"}],"wp:featuredmedia":[{"embeddable":true,"href":"https:\/\/skrina.si\/sl\/wp-json\/wp\/v2\/media\/11166"}],"wp:attachment":[{"href":"https:\/\/skrina.si\/sl\/wp-json\/wp\/v2\/media?parent=11306"}],"wp:term":[{"taxonomy":"product_cat","embeddable":true,"href":"https:\/\/skrina.si\/sl\/wp-json\/wp\/v2\/product_cat?post=11306"},{"taxonomy":"product_tag","embeddable":true,"href":"https:\/\/skrina.si\/sl\/wp-json\/wp\/v2\/product_tag?post=11306"}],"curies":[{"name":"wp","href":"https:\/\/api.w.org\/{rel}","templated":true}]}}