{"id":11305,"date":"2022-07-25T10:00:00","date_gmt":"2022-07-25T10:00:00","guid":{"rendered":"https:\/\/skrina.si\/?post_type=product&#038;p=11305"},"modified":"2024-04-08T18:24:19","modified_gmt":"2024-04-08T16:24:19","slug":"slovenska-narodna-nosa-rezija","status":"publish","type":"product","link":"https:\/\/skrina.si\/sl\/product\/slovenska-narodna-nosa-rezija\/","title":{"rendered":"Slovenska narodna no\u0161a &#8211; Rezija"},"content":{"rendered":"","protected":false},"excerpt":{"rendered":"<h5 style=\"text-align: justify;\">Vsem <strong><em>\u017eenskim no\u0161am<\/em><\/strong> \u00a0<strong><em>iz Rezije<\/em><\/strong> je bila skupna bela bluza s \u0161iroko nabranimi rokavi in velika pisana ruta z resicami, ogrnjena okoli ramen in spredaj speta s \u0161irokim pasom. Ob posebnih prilo\u017enostih so si dekleta za pas zataknile \u0161e <strong><em>\u0161opek<\/em><\/strong> cvetja. Poleg te rute je posebnost Rezijanske no\u0161e \u0161e <strong><em>pisana naglavna ruta<\/em><\/strong>. Ta se je ohranila vse do danes in ponazarja mo\u010dno privr\u017eenost tradiciji. V\u010dasih so dekleta pod krilom nosile eno ali ve\u010d spodnjih untar, obrobljenih s \u010dipko, nekatere pa so si nadele \u0161e predpasnik, ki je bil skoraj vedno \u010drne barve.<br \/>\n<strong><em>Mo\u0161ki <\/em><\/strong>so nosili \u00a0obvezno belo srajco z nabranimi rokavi in ovratnikom, pod katerim so si ob posebnih prilo\u017enostih radi pripeli <strong><em>nagelj<\/em><\/strong>. Temne hla\u010de so bile praviloma dolge, odvisno od obuvala. Kadar so to \u0161kornji, so bile hla\u010de kraj\u0161e. Telovnik s kovinskimi gumbi je bil pogosto izdelan iz kupljenega blaga, \u010drn klobuk z ozkimi krajci pa iz klobu\u010devine.<\/h5>\n<h5 style=\"text-align: justify;\"><em>Opisane so zgolj nekatere zna\u010dilnosti rezijanske no\u0161e.<\/em><\/h5>\n<h6><em>Lastnosti:<\/em><\/h6>\n<ul>\n<li>\n<h6><em>Velikost: <\/em><em>27 x 7 cm; 22 x 5 cm<\/em><\/h6>\n<\/li>\n<li>\n<h6><em>Velikost lutke za sol &#038; poper: <\/em><em>13 x 4,5 cm<\/em><\/h6>\n<\/li>\n<li>\n<h6><em>Velikos lutke za jaj\u010dka: 9 x 3,5<\/em><em> cm<\/em><\/h6>\n<\/li>\n<li>\n<h6><em>Material: les<\/em><\/h6>\n<\/li>\n<li>\n<h6><em>V darilni embala\u017ei<\/em><\/h6>\n<\/li>\n<li>\n<h6><em>Oblikovano z ljubeznijo do detajlov<\/em><\/h6>\n<\/li>\n<li>\n<h6><em>Idealno darilo za ljubitelje folklore in ljudskega izro\u010dila<\/em><\/h6>\n<\/li>\n<li>\n<h6><strong><em>Ro\u010dno barvano<\/em><\/strong><\/h6>\n<\/li>\n<\/ul>\n","protected":false},"featured_media":11168,"template":"","meta":{"_monsterinsights_skip_tracking":false,"_monsterinsights_sitenote_active":false,"_monsterinsights_sitenote_note":"","_monsterinsights_sitenote_category":0},"product_cat":[103,237],"product_tag":[298,742],"aioseo_notices":[],"yoast_head":"<!-- This site is optimized with the Yoast SEO plugin v22.1 - https:\/\/yoast.com\/wordpress\/plugins\/seo\/ -->\n<title>- Slovenska narodna no\u0161a - Rezija[:] - Etnogalerija Skrina<\/title>\n<meta name=\"robots\" content=\"index, follow, max-snippet:-1, max-image-preview:large, max-video-preview:-1\" \/>\n<link rel=\"canonical\" href=\"https:\/\/skrina.si\/sl\/product\/slovenska-narodna-nosa-rezija\/\" \/>\n<meta property=\"og:locale\" content=\"sl_SI\" \/>\n<meta property=\"og:locale:alternate\" content=\"en_GB\" \/>\n<meta property=\"og:type\" content=\"article\" \/>\n<meta property=\"og:title\" content=\"Slovenska narodna no\u0161a - Rezija\" \/>\n<meta property=\"og:description\" content=\"Vsem \u017eenskim no\u0161am \u00a0iz Rezije je bila skupna bela bluza s \u0161iroko nabranimi rokavi in velika pisana ruta z resicami, ogrnjena okoli ramen in spredaj speta s \u0161irokim pasom. Ob posebnih prilo\u017enostih so si dekleta za pas zataknile \u0161e \u0161opek cvetja. Poleg te rute je posebnost Rezijanske no\u0161e \u0161e pisana naglavna ruta. Ta se je ohranila vse do danes in ponazarja mo\u010dno privr\u017eenost tradiciji. V\u010dasih so dekleta pod krilom nosile eno ali ve\u010d spodnjih untar, obrobljenih s \u010dipko, nekatere pa so si nadele \u0161e predpasnik, ki je bil skoraj vedno \u010drne barve. Mo\u0161ki so nosili \u00a0obvezno belo srajco z nabranimi rokavi in ovratnikom, pod katerim so si ob posebnih prilo\u017enostih radi pripeli nagelj. Temne hla\u010de so bile praviloma dolge, odvisno od obuvala. Kadar so to \u0161kornji, so bile hla\u010de kraj\u0161e. Telovnik s kovinskimi gumbi je bil pogosto izdelan iz kupljenega blaga, \u010drn klobuk z ozkimi krajci pa iz klobu\u010devine. Opisane so zgolj nekatere zna\u010dilnosti rezijanske no\u0161e. Lastnosti:    Velikost: 27 x 7 cm; 22 x 5 cm    Velikost lutke za sol &amp; poper: 13 x 4,5 cm    Velikos lutke za jaj\u010dka: 9 x 3,5 cm    Material: les    V darilni embala\u017ei    Oblikovano z ljubeznijo do detajlov    Idealno darilo za ljubitelje folklore in ljudskega izro\u010dila    Ro\u010dno barvano\" \/>\n<meta property=\"og:url\" content=\"https:\/\/skrina.si\/sl\/product\/slovenska-narodna-nosa-rezija\/\" \/>\n<meta property=\"og:site_name\" content=\"Etnogalerija Skrina\" \/>\n<meta property=\"article:modified_time\" content=\"2024-04-08T16:24:19+00:00\" \/>\n<meta property=\"og:image\" content=\"https:\/\/skrina.si\/wp-content\/uploads\/2022\/07\/REZIJA-Tradicija-s-posluhom-slovenska-ljudska-nosa-etno-galerija-skrina-leseno-darilo-spredaj.jpg\" \/>\n\t<meta property=\"og:image:width\" content=\"2000\" \/>\n\t<meta property=\"og:image:height\" content=\"1500\" \/>\n\t<meta property=\"og:image:type\" content=\"image\/jpeg\" \/>\n<meta name=\"twitter:card\" content=\"summary_large_image\" \/>\n<meta name=\"twitter:label1\" content=\"Est. reading time\" \/>\n\t<meta name=\"twitter:data1\" content=\"1 minuta\" \/>\n<script type=\"application\/ld+json\" class=\"yoast-schema-graph\">{\"@context\":\"https:\/\/schema.org\",\"@graph\":[{\"@type\":\"WebPage\",\"@id\":\"https:\/\/skrina.si\/sl\/product\/slovenska-narodna-nosa-rezija\/\",\"url\":\"https:\/\/skrina.si\/sl\/product\/slovenska-narodna-nosa-rezija\/\",\"name\":\"[:en]Slovenska narodna no\u0161a - Rezija[:sl]Slovenska narodna no\u0161a - Rezija[:] - Etnogalerija Skrina\",\"isPartOf\":{\"@id\":\"https:\/\/skrina.si\/sl\/#website\"},\"datePublished\":\"2022-07-25T10:00:00+00:00\",\"dateModified\":\"2024-04-08T16:24:19+00:00\",\"breadcrumb\":{\"@id\":\"https:\/\/skrina.si\/sl\/product\/slovenska-narodna-nosa-rezija\/#breadcrumb\"},\"inLanguage\":\"sl-SI\",\"potentialAction\":[{\"@type\":\"ReadAction\",\"target\":[\"https:\/\/skrina.si\/sl\/product\/slovenska-narodna-nosa-rezija\/\"]}]},{\"@type\":\"BreadcrumbList\",\"@id\":\"https:\/\/skrina.si\/sl\/product\/slovenska-narodna-nosa-rezija\/#breadcrumb\",\"itemListElement\":[{\"@type\":\"ListItem\",\"position\":1,\"name\":\"Home\",\"item\":\"https:\/\/skrina.si\/\"},{\"@type\":\"ListItem\",\"position\":2,\"name\":\"Shop\",\"item\":\"https:\/\/skrina.si\/shop\/\"},{\"@type\":\"ListItem\",\"position\":3,\"name\":\"Slovenska narodna no\u0161a &#8211; Rezija\"}]},{\"@type\":\"WebSite\",\"@id\":\"https:\/\/skrina.si\/sl\/#website\",\"url\":\"https:\/\/skrina.si\/sl\/\",\"name\":\"Etnogalerija Skrina\",\"description\":\"Tradicija s posluhom\",\"potentialAction\":[{\"@type\":\"SearchAction\",\"target\":{\"@type\":\"EntryPoint\",\"urlTemplate\":\"https:\/\/skrina.si\/sl\/?s={search_term_string}\"},\"query-input\":\"required name=search_term_string\"}],\"inLanguage\":\"sl-SI\"}]}<\/script>\n<!-- \/ Yoast SEO plugin. -->","yoast_head_json":{"title":"- Slovenska narodna no\u0161a - Rezija[:] - Etnogalerija Skrina","robots":{"index":"index","follow":"follow","max-snippet":"max-snippet:-1","max-image-preview":"max-image-preview:large","max-video-preview":"max-video-preview:-1"},"canonical":"https:\/\/skrina.si\/sl\/product\/slovenska-narodna-nosa-rezija\/","og_locale":"sl_SI","og_type":"article","og_title":"[:en]Slovenska narodna no\u0161a - Rezija[:sl]Slovenska narodna no\u0161a - Rezija[:] - Etnogalerija Skrina","og_description":"[:en]Vsem \u017eenskim no\u0161am \u00a0iz Rezije je bila skupna bela bluza s \u0161iroko nabranimi rokavi in velika pisana ruta z resicami, ogrnjena okoli ramen in spredaj speta s \u0161irokim pasom. Ob posebnih prilo\u017enostih so si dekleta za pas zataknile \u0161e \u0161opek cvetja. Poleg te rute je posebnost Rezijanske no\u0161e \u0161e pisana naglavna ruta. Ta se je ohranila vse do danes in ponazarja mo\u010dno privr\u017eenost tradiciji. V\u010dasih so dekleta pod krilom nosile eno ali ve\u010d spodnjih untar, obrobljenih s \u010dipko, nekatere pa so si nadele \u0161e predpasnik, ki je bil skoraj vedno \u010drne barve. Mo\u0161ki so nosili \u00a0obvezno belo srajco z nabranimi rokavi in ovratnikom, pod katerim so si ob posebnih prilo\u017enostih radi pripeli nagelj. Temne hla\u010de so bile praviloma dolge, odvisno od obuvala. Kadar so to \u0161kornji, so bile hla\u010de kraj\u0161e. Telovnik s kovinskimi gumbi je bil pogosto izdelan iz kupljenega blaga, \u010drn klobuk z ozkimi krajci pa iz klobu\u010devine. Opisane so zgolj nekatere zna\u010dilnosti rezijanske no\u0161e. Lastnosti:    Velikost: 27 x 7 cm; 22 x 5 cm    Velikost lutke za sol &amp; poper: 13 x 4,5 cm    Velikos lutke za jaj\u010dka: 9 x 3,5 cm    Material: les    V darilni embala\u017ei    Oblikovano z ljubeznijo do detajlov    Idealno darilo za ljubitelje folklore in ljudskega izro\u010dila    Ro\u010dno barvano  [:sl]Vsem \u017eenskim no\u0161am \u00a0iz Rezije je bila skupna bela bluza s \u0161iroko nabranimi rokavi in velika pisana ruta z resicami, ogrnjena okoli ramen in spredaj speta s \u0161irokim pasom. Ob posebnih prilo\u017enostih so si dekleta za pas zataknile \u0161e \u0161opek cvetja. Poleg te rute je posebnost Rezijanske no\u0161e \u0161e pisana naglavna ruta. Ta se je ohranila vse do danes in ponazarja mo\u010dno privr\u017eenost tradiciji. V\u010dasih so dekleta pod krilom nosile eno ali ve\u010d spodnjih untar, obrobljenih s \u010dipko, nekatere pa so si nadele \u0161e predpasnik, ki je bil skoraj vedno \u010drne barve. Mo\u0161ki so nosili \u00a0obvezno belo srajco z nabranimi rokavi in ovratnikom, pod katerim so si ob posebnih prilo\u017enostih radi pripeli nagelj. Temne hla\u010de so bile praviloma dolge, odvisno od obuvala. Kadar so to \u0161kornji, so bile hla\u010de kraj\u0161e. Telovnik s kovinskimi gumbi je bil pogosto izdelan iz kupljenega blaga, \u010drn klobuk z ozkimi krajci pa iz klobu\u010devine. Opisane so zgolj nekatere zna\u010dilnosti rezijanske no\u0161e. Lastnosti:    Velikost: 27 x 7 cm; 22 x 5 cm    Velikost lutke za sol &amp; poper: 13 x 4,5 cm    Velikos lutke za jaj\u010dka: 9 x 3,5 cm    Material: les    V darilni embala\u017ei    Oblikovano z ljubeznijo do detajlov    Idealno darilo za ljubitelje folklore in ljudskega izro\u010dila    Ro\u010dno barvano  [:]","og_url":"https:\/\/skrina.si\/sl\/product\/slovenska-narodna-nosa-rezija\/","og_site_name":"Etnogalerija Skrina","article_modified_time":"2024-04-08T16:24:19+00:00","og_image":[{"width":2000,"height":1500,"url":"https:\/\/skrina.si\/wp-content\/uploads\/2022\/07\/REZIJA-Tradicija-s-posluhom-slovenska-ljudska-nosa-etno-galerija-skrina-leseno-darilo-spredaj.jpg","type":"image\/jpeg"}],"twitter_card":"summary_large_image","twitter_misc":{"Est. reading time":"1 minuta"},"schema":{"@context":"https:\/\/schema.org","@graph":[{"@type":"WebPage","@id":"https:\/\/skrina.si\/sl\/product\/slovenska-narodna-nosa-rezija\/","url":"https:\/\/skrina.si\/sl\/product\/slovenska-narodna-nosa-rezija\/","name":"[:en]Slovenska narodna no\u0161a - Rezija[:sl]Slovenska narodna no\u0161a - Rezija[:] - Etnogalerija Skrina","isPartOf":{"@id":"https:\/\/skrina.si\/sl\/#website"},"datePublished":"2022-07-25T10:00:00+00:00","dateModified":"2024-04-08T16:24:19+00:00","breadcrumb":{"@id":"https:\/\/skrina.si\/sl\/product\/slovenska-narodna-nosa-rezija\/#breadcrumb"},"inLanguage":"sl-SI","potentialAction":[{"@type":"ReadAction","target":["https:\/\/skrina.si\/sl\/product\/slovenska-narodna-nosa-rezija\/"]}]},{"@type":"BreadcrumbList","@id":"https:\/\/skrina.si\/sl\/product\/slovenska-narodna-nosa-rezija\/#breadcrumb","itemListElement":[{"@type":"ListItem","position":1,"name":"Home","item":"https:\/\/skrina.si\/"},{"@type":"ListItem","position":2,"name":"Shop","item":"https:\/\/skrina.si\/shop\/"},{"@type":"ListItem","position":3,"name":"Slovenska narodna no\u0161a &#8211; Rezija"}]},{"@type":"WebSite","@id":"https:\/\/skrina.si\/sl\/#website","url":"https:\/\/skrina.si\/sl\/","name":"Etnogalerija Skrina","description":"Tradicija s posluhom","potentialAction":[{"@type":"SearchAction","target":{"@type":"EntryPoint","urlTemplate":"https:\/\/skrina.si\/sl\/?s={search_term_string}"},"query-input":"required name=search_term_string"}],"inLanguage":"sl-SI"}]}},"_links":{"self":[{"href":"https:\/\/skrina.si\/sl\/wp-json\/wp\/v2\/product\/11305"}],"collection":[{"href":"https:\/\/skrina.si\/sl\/wp-json\/wp\/v2\/product"}],"about":[{"href":"https:\/\/skrina.si\/sl\/wp-json\/wp\/v2\/types\/product"}],"wp:featuredmedia":[{"embeddable":true,"href":"https:\/\/skrina.si\/sl\/wp-json\/wp\/v2\/media\/11168"}],"wp:attachment":[{"href":"https:\/\/skrina.si\/sl\/wp-json\/wp\/v2\/media?parent=11305"}],"wp:term":[{"taxonomy":"product_cat","embeddable":true,"href":"https:\/\/skrina.si\/sl\/wp-json\/wp\/v2\/product_cat?post=11305"},{"taxonomy":"product_tag","embeddable":true,"href":"https:\/\/skrina.si\/sl\/wp-json\/wp\/v2\/product_tag?post=11305"}],"curies":[{"name":"wp","href":"https:\/\/api.w.org\/{rel}","templated":true}]}}