{"id":11300,"date":"2022-07-25T09:46:59","date_gmt":"2022-07-25T09:46:59","guid":{"rendered":"https:\/\/skrina.si\/?post_type=product&#038;p=11300"},"modified":"2024-03-11T09:13:13","modified_gmt":"2024-03-11T08:13:13","slug":"slovenska-narodna-nosa-bela-krajina","status":"publish","type":"product","link":"https:\/\/skrina.si\/sl\/product\/slovenska-narodna-nosa-bela-krajina\/","title":{"rendered":"Slovenska narodna no\u0161a &#8211; Bela krajina"},"content":{"rendered":"","protected":false},"excerpt":{"rendered":"<h5>Za <strong><em>Belo krajino<\/em><\/strong> je zna\u010dilen<strong><em> \u00bbPanonski tip\u00ab<\/em><\/strong>\u00a0 narodne no\u0161e, ki se bistveno razlikuje od vseh ostalih narodnih no\u0161. Zaradi barve platna imenujemo belokranjsko\u00a0 no\u0161o tudi <strong><em>\u00bbbela no\u0161a\u00ab.<\/em><\/strong> V materialu in kroju je najbli\u017eja obla\u010dilom sosednjih narodov, zlasti Mad\u017earov in Zagorskih Hrvatov, a tudi \u010cehov, Slovakov in ju\u017enih Poljakov. <strong><em>Mo\u0161ka no\u0161a<\/em><\/strong> je sestavljena iz dolge platnene bele srajce <em>(roba\u010da) <\/em>stisnjene s \u0161irokim usnjenim pasom. Dolge in \u0161iroke bele hla\u010de <em>(brege\u0161e),<\/em> so poleti iz platna, pozimi pa iz belega sukna. Na glavi je klobuk iz \u010drne klobu\u010devine, okoli vratu rde\u010da ruta.<br \/>\n<strong><em>\u017denska no\u0161a<\/em><\/strong> je dvodelno krojena, sestavljena iz dolge platnene srajce <em>(ople\u010de),<\/em> zataknjene za pas nagubanega, platnenega krila (<em>janka<\/em>). Na glavi je <em>zavija\u010da<\/em>, trikotna ruta urezana iz lanenega platna, ki se s prostima vogaloma privezuje na tilniku. <em>Opisane so zgolj nekatere zna\u010dilnosti belokranjske no\u0161e.<\/em><\/h5>\n<h6><em>Lastnosti:<\/em><\/h6>\n<ul>\n<li>\n<h6><em>Velikost: <\/em><em>27 x 7 cm; 22 x 5 cm<\/em><\/h6>\n<\/li>\n<li>\n<h6><em>Velikost lutke za sol &amp; poper: <\/em><em>13 x 4,5 cm<\/em><\/h6>\n<\/li>\n<li>\n<h6><em>Velikos lutke za jaj\u010dka: 9 x 3,5<\/em><em> cm<\/em><\/h6>\n<\/li>\n<li>\n<h6><em>Material: les<\/em><\/h6>\n<\/li>\n<li>\n<h6><em>V darilni embala\u017ei<\/em><\/h6>\n<\/li>\n<li>\n<h6><em>Oblikovano z ljubeznijo do detajlov<\/em><\/h6>\n<\/li>\n<li>\n<h6><em>Idealno darilo za ljubitelje folklore in ljudskega izro\u010dila<\/em><\/h6>\n<\/li>\n<li>\n<h6><strong><em>Ro\u010dno barvano<\/em><\/strong><\/h6>\n<\/li>\n<\/ul>\n","protected":false},"featured_media":11302,"template":"","meta":{"_monsterinsights_skip_tracking":false,"_monsterinsights_sitenote_active":false,"_monsterinsights_sitenote_note":"","_monsterinsights_sitenote_category":0},"product_cat":[103,237],"product_tag":[736,298],"aioseo_notices":[],"yoast_head":"<!-- This site is optimized with the Yoast SEO plugin v22.1 - https:\/\/yoast.com\/wordpress\/plugins\/seo\/ -->\n<title>Slovenska narodna no\u0161a - Bela krajina - Etnogalerija Skrina<\/title>\n<meta name=\"robots\" content=\"index, follow, max-snippet:-1, max-image-preview:large, max-video-preview:-1\" \/>\n<link rel=\"canonical\" href=\"https:\/\/skrina.si\/sl\/product\/slovenska-narodna-nosa-bela-krajina\/\" \/>\n<meta property=\"og:locale\" content=\"sl_SI\" \/>\n<meta property=\"og:locale:alternate\" content=\"en_GB\" \/>\n<meta property=\"og:type\" content=\"article\" \/>\n<meta property=\"og:title\" content=\"Slovenska narodna no\u0161a - Bela krajina - Etnogalerija Skrina\" \/>\n<meta property=\"og:description\" content=\"Za Belo krajino je zna\u010dilen \u00bbPanonski tip\u00ab\u00a0 narodne no\u0161e, ki se bistveno razlikuje od vseh ostalih narodnih no\u0161. Zaradi barve platna imenujemo belokranjsko\u00a0 no\u0161o tudi \u00bbbela no\u0161a\u00ab. V materialu in kroju je najbli\u017eja obla\u010dilom sosednjih narodov, zlasti Mad\u017earov in Zagorskih Hrvatov, a tudi \u010cehov, Slovakov in ju\u017enih Poljakov. Mo\u0161ka no\u0161a je sestavljena iz dolge platnene bele srajce (roba\u010da) stisnjene s \u0161irokim usnjenim pasom. Dolge in \u0161iroke bele hla\u010de (brege\u0161e), so poleti iz platna, pozimi pa iz belega sukna. Na glavi je klobuk iz \u010drne klobu\u010devine, okoli vratu rde\u010da ruta. \u017denska no\u0161a je dvodelno krojena, sestavljena iz dolge platnene srajce (ople\u010de), zataknjene za pas nagubanega, platnenega krila (janka). Na glavi je zavija\u010da, trikotna ruta urezana iz lanenega platna, ki se s prostima vogaloma privezuje na tilniku. Opisane so zgolj nekatere zna\u010dilnosti belokranjske no\u0161e. Lastnosti:    Velikost: 27 x 7 cm; 22 x 5 cm    Velikost lutke za sol &amp; poper: 13 x 4,5 cm    Velikos lutke za jaj\u010dka: 9 x 3,5 cm    Material: les    V darilni embala\u017ei    Oblikovano z ljubeznijo do detajlov    Idealno darilo za ljubitelje folklore in ljudskega izro\u010dila    Ro\u010dno barvano\" \/>\n<meta property=\"og:url\" content=\"https:\/\/skrina.si\/sl\/product\/slovenska-narodna-nosa-bela-krajina\/\" \/>\n<meta property=\"og:site_name\" content=\"Etnogalerija Skrina\" \/>\n<meta property=\"article:modified_time\" content=\"2024-03-11T08:13:13+00:00\" \/>\n<meta property=\"og:image\" content=\"https:\/\/skrina.si\/wp-content\/uploads\/2022\/07\/1-bela-krajina-etno-galerija-skrina-Tradicija-s-posluhom-slovenska-ljudska-nosa-lesene-nose-spredaj.jpg\" \/>\n\t<meta property=\"og:image:width\" content=\"2000\" \/>\n\t<meta property=\"og:image:height\" content=\"1500\" \/>\n\t<meta property=\"og:image:type\" content=\"image\/jpeg\" \/>\n<meta name=\"twitter:card\" content=\"summary_large_image\" \/>\n<script type=\"application\/ld+json\" class=\"yoast-schema-graph\">{\"@context\":\"https:\/\/schema.org\",\"@graph\":[{\"@type\":\"WebPage\",\"@id\":\"https:\/\/skrina.si\/sl\/product\/slovenska-narodna-nosa-bela-krajina\/\",\"url\":\"https:\/\/skrina.si\/sl\/product\/slovenska-narodna-nosa-bela-krajina\/\",\"name\":\"Slovenska narodna no\u0161a - Bela krajina - Etnogalerija Skrina\",\"isPartOf\":{\"@id\":\"https:\/\/skrina.si\/sl\/#website\"},\"datePublished\":\"2022-07-25T09:46:59+00:00\",\"dateModified\":\"2024-03-11T08:13:13+00:00\",\"breadcrumb\":{\"@id\":\"https:\/\/skrina.si\/sl\/product\/slovenska-narodna-nosa-bela-krajina\/#breadcrumb\"},\"inLanguage\":\"sl-SI\",\"potentialAction\":[{\"@type\":\"ReadAction\",\"target\":[\"https:\/\/skrina.si\/sl\/product\/slovenska-narodna-nosa-bela-krajina\/\"]}]},{\"@type\":\"BreadcrumbList\",\"@id\":\"https:\/\/skrina.si\/sl\/product\/slovenska-narodna-nosa-bela-krajina\/#breadcrumb\",\"itemListElement\":[{\"@type\":\"ListItem\",\"position\":1,\"name\":\"Home\",\"item\":\"https:\/\/skrina.si\/\"},{\"@type\":\"ListItem\",\"position\":2,\"name\":\"Shop\",\"item\":\"https:\/\/skrina.si\/shop\/\"},{\"@type\":\"ListItem\",\"position\":3,\"name\":\"Slovenska narodna no\u0161a &#8211; Bela krajina\"}]},{\"@type\":\"WebSite\",\"@id\":\"https:\/\/skrina.si\/sl\/#website\",\"url\":\"https:\/\/skrina.si\/sl\/\",\"name\":\"Etnogalerija Skrina\",\"description\":\"Tradicija s posluhom\",\"potentialAction\":[{\"@type\":\"SearchAction\",\"target\":{\"@type\":\"EntryPoint\",\"urlTemplate\":\"https:\/\/skrina.si\/sl\/?s={search_term_string}\"},\"query-input\":\"required name=search_term_string\"}],\"inLanguage\":\"sl-SI\"}]}<\/script>\n<!-- \/ Yoast SEO plugin. -->","yoast_head_json":{"title":"Slovenska narodna no\u0161a - Bela krajina - Etnogalerija Skrina","robots":{"index":"index","follow":"follow","max-snippet":"max-snippet:-1","max-image-preview":"max-image-preview:large","max-video-preview":"max-video-preview:-1"},"canonical":"https:\/\/skrina.si\/sl\/product\/slovenska-narodna-nosa-bela-krajina\/","og_locale":"sl_SI","og_type":"article","og_title":"Slovenska narodna no\u0161a - Bela krajina - Etnogalerija Skrina","og_description":"Za Belo krajino je zna\u010dilen \u00bbPanonski tip\u00ab\u00a0 narodne no\u0161e, ki se bistveno razlikuje od vseh ostalih narodnih no\u0161. Zaradi barve platna imenujemo belokranjsko\u00a0 no\u0161o tudi \u00bbbela no\u0161a\u00ab. V materialu in kroju je najbli\u017eja obla\u010dilom sosednjih narodov, zlasti Mad\u017earov in Zagorskih Hrvatov, a tudi \u010cehov, Slovakov in ju\u017enih Poljakov. Mo\u0161ka no\u0161a je sestavljena iz dolge platnene bele srajce (roba\u010da) stisnjene s \u0161irokim usnjenim pasom. Dolge in \u0161iroke bele hla\u010de (brege\u0161e), so poleti iz platna, pozimi pa iz belega sukna. Na glavi je klobuk iz \u010drne klobu\u010devine, okoli vratu rde\u010da ruta. \u017denska no\u0161a je dvodelno krojena, sestavljena iz dolge platnene srajce (ople\u010de), zataknjene za pas nagubanega, platnenega krila (janka). Na glavi je zavija\u010da, trikotna ruta urezana iz lanenega platna, ki se s prostima vogaloma privezuje na tilniku. Opisane so zgolj nekatere zna\u010dilnosti belokranjske no\u0161e. Lastnosti:    Velikost: 27 x 7 cm; 22 x 5 cm    Velikost lutke za sol &amp; poper: 13 x 4,5 cm    Velikos lutke za jaj\u010dka: 9 x 3,5 cm    Material: les    V darilni embala\u017ei    Oblikovano z ljubeznijo do detajlov    Idealno darilo za ljubitelje folklore in ljudskega izro\u010dila    Ro\u010dno barvano","og_url":"https:\/\/skrina.si\/sl\/product\/slovenska-narodna-nosa-bela-krajina\/","og_site_name":"Etnogalerija Skrina","article_modified_time":"2024-03-11T08:13:13+00:00","og_image":[{"width":2000,"height":1500,"url":"https:\/\/skrina.si\/wp-content\/uploads\/2022\/07\/1-bela-krajina-etno-galerija-skrina-Tradicija-s-posluhom-slovenska-ljudska-nosa-lesene-nose-spredaj.jpg","type":"image\/jpeg"}],"twitter_card":"summary_large_image","schema":{"@context":"https:\/\/schema.org","@graph":[{"@type":"WebPage","@id":"https:\/\/skrina.si\/sl\/product\/slovenska-narodna-nosa-bela-krajina\/","url":"https:\/\/skrina.si\/sl\/product\/slovenska-narodna-nosa-bela-krajina\/","name":"Slovenska narodna no\u0161a - Bela krajina - Etnogalerija Skrina","isPartOf":{"@id":"https:\/\/skrina.si\/sl\/#website"},"datePublished":"2022-07-25T09:46:59+00:00","dateModified":"2024-03-11T08:13:13+00:00","breadcrumb":{"@id":"https:\/\/skrina.si\/sl\/product\/slovenska-narodna-nosa-bela-krajina\/#breadcrumb"},"inLanguage":"sl-SI","potentialAction":[{"@type":"ReadAction","target":["https:\/\/skrina.si\/sl\/product\/slovenska-narodna-nosa-bela-krajina\/"]}]},{"@type":"BreadcrumbList","@id":"https:\/\/skrina.si\/sl\/product\/slovenska-narodna-nosa-bela-krajina\/#breadcrumb","itemListElement":[{"@type":"ListItem","position":1,"name":"Home","item":"https:\/\/skrina.si\/"},{"@type":"ListItem","position":2,"name":"Shop","item":"https:\/\/skrina.si\/shop\/"},{"@type":"ListItem","position":3,"name":"Slovenska narodna no\u0161a &#8211; Bela krajina"}]},{"@type":"WebSite","@id":"https:\/\/skrina.si\/sl\/#website","url":"https:\/\/skrina.si\/sl\/","name":"Etnogalerija Skrina","description":"Tradicija s posluhom","potentialAction":[{"@type":"SearchAction","target":{"@type":"EntryPoint","urlTemplate":"https:\/\/skrina.si\/sl\/?s={search_term_string}"},"query-input":"required name=search_term_string"}],"inLanguage":"sl-SI"}]}},"_links":{"self":[{"href":"https:\/\/skrina.si\/sl\/wp-json\/wp\/v2\/product\/11300"}],"collection":[{"href":"https:\/\/skrina.si\/sl\/wp-json\/wp\/v2\/product"}],"about":[{"href":"https:\/\/skrina.si\/sl\/wp-json\/wp\/v2\/types\/product"}],"wp:featuredmedia":[{"embeddable":true,"href":"https:\/\/skrina.si\/sl\/wp-json\/wp\/v2\/media\/11302"}],"wp:attachment":[{"href":"https:\/\/skrina.si\/sl\/wp-json\/wp\/v2\/media?parent=11300"}],"wp:term":[{"taxonomy":"product_cat","embeddable":true,"href":"https:\/\/skrina.si\/sl\/wp-json\/wp\/v2\/product_cat?post=11300"},{"taxonomy":"product_tag","embeddable":true,"href":"https:\/\/skrina.si\/sl\/wp-json\/wp\/v2\/product_tag?post=11300"}],"curies":[{"name":"wp","href":"https:\/\/api.w.org\/{rel}","templated":true}]}}