{"id":11260,"date":"2022-07-20T12:36:50","date_gmt":"2022-07-20T12:36:50","guid":{"rendered":"https:\/\/skrina.si\/?post_type=product&#038;p=11260"},"modified":"2024-04-10T15:36:20","modified_gmt":"2024-04-10T13:36:20","slug":"koroska-nosa","status":"publish","type":"product","link":"https:\/\/skrina.si\/sl\/product\/koroska-nosa\/","title":{"rendered":"Koro\u0161ka no\u0161a"},"content":{"rendered":"","protected":false},"excerpt":{"rendered":"<h5>Vsem <strong><em>\u017eenskim koro\u0161kim no\u0161am<\/em><\/strong> je skupna s \u010dipko obrobljena bela srajca, naglavna pe\u010da in \u0161iroko, nabrano krilo. Nekatere izvedbe imajo krila za\u0161ita skupaj z \u017eivotkom, na prsih povezan s pisanim trakom. \u010cez krilo je predpasnik razli\u010dnih barv, \u010drni \u010devlji so okra\u0161eni z zaponko.<br \/>\nVsem <strong><em>mo\u0161kim no\u0161am<\/em><\/strong> je skupna bela srajca, telovnik in suknja, ki sega malo \u010dez pas, klobuk s \u0161irokimi krajci in kratke hla\u010de. Telovnik je bil v\u010dasih najzna\u010dilnej\u0161i kos koro\u0161ke mo\u0161ke no\u0161e. Kme\u010dka no\u0161a ga je v zelo kratkem \u010dasu prevzela od srednjeevropske mestne no\u0161e in ohranil se je vse do danes. Poleg visokih \u0161kornjev so na Koro\u0161kem v\u010dasih obuvali tudi pol \u0161kornje, ki so segali do kolen.<br \/>\n<em>Opisane so zgolj nekatere zna\u010dilnosti koro\u0161ke no\u0161e.<\/em><\/h5>\n<h6><em>Lastnosti:<\/em><\/h6>\n<ul>\n<li>\n<h6><em>Naslov dela: Koro\u0161ka narodna no\u0161a<\/em><\/h6>\n<\/li>\n<li>\n<h6><em>Tehnika: grafika<\/em><\/h6>\n<\/li>\n<li>\n<h6><em>Zunanja dimenzija: 35 x 48 cm<\/em><\/h6>\n<\/li>\n<li>\n<h6><em>Vse grafike so podpisane in o\u0161tevil\u010dene<\/em><\/h6>\n<\/li>\n<\/ul>\n<h6><em>Omejena naklada 126\/200<\/em><\/h6>\n","protected":false},"featured_media":11261,"template":"","meta":{"_monsterinsights_skip_tracking":false,"_monsterinsights_sitenote_active":false,"_monsterinsights_sitenote_note":"","_monsterinsights_sitenote_category":0},"product_cat":[103,238],"product_tag":[722],"aioseo_notices":[],"yoast_head":"<!-- This site is optimized with the Yoast SEO plugin v22.1 - https:\/\/yoast.com\/wordpress\/plugins\/seo\/ -->\n<title>Koro\u0161ka no\u0161a - Etnogalerija Skrina<\/title>\n<meta name=\"robots\" content=\"index, follow, max-snippet:-1, max-image-preview:large, max-video-preview:-1\" \/>\n<link rel=\"canonical\" href=\"https:\/\/skrina.si\/sl\/product\/koroska-nosa\/\" \/>\n<meta property=\"og:locale\" content=\"sl_SI\" \/>\n<meta property=\"og:locale:alternate\" content=\"en_GB\" \/>\n<meta property=\"og:type\" content=\"article\" \/>\n<meta property=\"og:title\" content=\"Koro\u0161ka no\u0161a\" \/>\n<meta property=\"og:description\" content=\"Vsem \u017eenskim koro\u0161kim no\u0161am je skupna s \u010dipko obrobljena bela srajca, naglavna pe\u010da in \u0161iroko, nabrano krilo. Nekatere izvedbe imajo krila za\u0161ita skupaj z \u017eivotkom, na prsih povezan s pisanim trakom. \u010cez krilo je predpasnik razli\u010dnih barv, \u010drni \u010devlji so okra\u0161eni z zaponko. Vsem mo\u0161kim no\u0161am je skupna bela srajca, telovnik in suknja, ki sega malo \u010dez pas, klobuk s \u0161irokimi krajci in kratke hla\u010de. Telovnik je bil v\u010dasih najzna\u010dilnej\u0161i kos koro\u0161ke mo\u0161ke no\u0161e. Kme\u010dka no\u0161a ga je v zelo kratkem \u010dasu prevzela od srednjeevropske mestne no\u0161e in ohranil se je vse do danes. Poleg visokih \u0161kornjev so na Koro\u0161kem v\u010dasih obuvali tudi pol \u0161kornje, ki so segali do kolen. Opisane so zgolj nekatere zna\u010dilnosti koro\u0161ke no\u0161e. Lastnosti:    Naslov dela: Koro\u0161ka narodna no\u0161a    Tehnika: grafika    Zunanja dimenzija: 35 x 48 cm    Vse grafike so podpisane in o\u0161tevil\u010dene   Omejena naklada 126\/200\" \/>\n<meta property=\"og:url\" content=\"https:\/\/skrina.si\/sl\/product\/koroska-nosa\/\" \/>\n<meta property=\"og:site_name\" content=\"Etnogalerija Skrina\" \/>\n<meta property=\"article:modified_time\" content=\"2024-04-10T13:36:20+00:00\" \/>\n<meta property=\"og:image\" content=\"https:\/\/skrina.si\/wp-content\/uploads\/2022\/07\/koroska-Etno-galerija-skrina-Tradicija-s-posluhom-slovenska-ljudska-nosa.jpg\" \/>\n\t<meta property=\"og:image:width\" content=\"2000\" \/>\n\t<meta property=\"og:image:height\" content=\"1500\" \/>\n\t<meta property=\"og:image:type\" content=\"image\/jpeg\" \/>\n<meta name=\"twitter:card\" content=\"summary_large_image\" \/>\n<meta name=\"twitter:label1\" content=\"Est. reading time\" \/>\n\t<meta name=\"twitter:data1\" content=\"1 minuta\" \/>\n<script type=\"application\/ld+json\" class=\"yoast-schema-graph\">{\"@context\":\"https:\/\/schema.org\",\"@graph\":[{\"@type\":\"WebPage\",\"@id\":\"https:\/\/skrina.si\/sl\/product\/koroska-nosa\/\",\"url\":\"https:\/\/skrina.si\/sl\/product\/koroska-nosa\/\",\"name\":\"[:en]Koro\u0161ka no\u0161a[:sl]Koro\u0161ka no\u0161a[:] - Etnogalerija Skrina\",\"isPartOf\":{\"@id\":\"https:\/\/skrina.si\/sl\/#website\"},\"datePublished\":\"2022-07-20T12:36:50+00:00\",\"dateModified\":\"2024-04-10T13:36:20+00:00\",\"breadcrumb\":{\"@id\":\"https:\/\/skrina.si\/sl\/product\/koroska-nosa\/#breadcrumb\"},\"inLanguage\":\"sl-SI\",\"potentialAction\":[{\"@type\":\"ReadAction\",\"target\":[\"https:\/\/skrina.si\/sl\/product\/koroska-nosa\/\"]}]},{\"@type\":\"BreadcrumbList\",\"@id\":\"https:\/\/skrina.si\/sl\/product\/koroska-nosa\/#breadcrumb\",\"itemListElement\":[{\"@type\":\"ListItem\",\"position\":1,\"name\":\"Home\",\"item\":\"https:\/\/skrina.si\/\"},{\"@type\":\"ListItem\",\"position\":2,\"name\":\"Shop\",\"item\":\"https:\/\/skrina.si\/shop\/\"},{\"@type\":\"ListItem\",\"position\":3,\"name\":\"Koro\u0161ka no\u0161a\"}]},{\"@type\":\"WebSite\",\"@id\":\"https:\/\/skrina.si\/sl\/#website\",\"url\":\"https:\/\/skrina.si\/sl\/\",\"name\":\"Etnogalerija Skrina\",\"description\":\"Tradicija s posluhom\",\"potentialAction\":[{\"@type\":\"SearchAction\",\"target\":{\"@type\":\"EntryPoint\",\"urlTemplate\":\"https:\/\/skrina.si\/sl\/?s={search_term_string}\"},\"query-input\":\"required name=search_term_string\"}],\"inLanguage\":\"sl-SI\"}]}<\/script>\n<!-- \/ Yoast SEO plugin. -->","yoast_head_json":{"title":"Koro\u0161ka no\u0161a - Etnogalerija Skrina","robots":{"index":"index","follow":"follow","max-snippet":"max-snippet:-1","max-image-preview":"max-image-preview:large","max-video-preview":"max-video-preview:-1"},"canonical":"https:\/\/skrina.si\/sl\/product\/koroska-nosa\/","og_locale":"sl_SI","og_type":"article","og_title":"[:en]Koro\u0161ka no\u0161a[:sl]Koro\u0161ka no\u0161a[:] - Etnogalerija Skrina","og_description":"[:en]Vsem \u017eenskim koro\u0161kim no\u0161am je skupna s \u010dipko obrobljena bela srajca, naglavna pe\u010da in \u0161iroko, nabrano krilo. Nekatere izvedbe imajo krila za\u0161ita skupaj z \u017eivotkom, na prsih povezan s pisanim trakom. \u010cez krilo je predpasnik razli\u010dnih barv, \u010drni \u010devlji so okra\u0161eni z zaponko. Vsem mo\u0161kim no\u0161am je skupna bela srajca, telovnik in suknja, ki sega malo \u010dez pas, klobuk s \u0161irokimi krajci in kratke hla\u010de. Telovnik je bil v\u010dasih najzna\u010dilnej\u0161i kos koro\u0161ke mo\u0161ke no\u0161e. Kme\u010dka no\u0161a ga je v zelo kratkem \u010dasu prevzela od srednjeevropske mestne no\u0161e in ohranil se je vse do danes. Poleg visokih \u0161kornjev so na Koro\u0161kem v\u010dasih obuvali tudi pol \u0161kornje, ki so segali do kolen. Opisane so zgolj nekatere zna\u010dilnosti koro\u0161ke no\u0161e. Lastnosti:    Naslov dela: Koro\u0161ka narodna no\u0161a    Tehnika: grafika    Zunanja dimenzija: 35 x 48 cm    Vse grafike so podpisane in o\u0161tevil\u010dene   Omejena naklada 126\/200[:sl]Vsem \u017eenskim koro\u0161kim no\u0161am je skupna s \u010dipko obrobljena bela srajca, naglavna pe\u010da in \u0161iroko, nabrano krilo. Nekatere izvedbe imajo krila za\u0161ita skupaj z \u017eivotkom, na prsih povezan s pisanim trakom. \u010cez krilo je predpasnik razli\u010dnih barv, \u010drni \u010devlji so okra\u0161eni z zaponko. Vsem mo\u0161kim no\u0161am je skupna bela srajca, telovnik in suknja, ki sega malo \u010dez pas, klobuk s \u0161irokimi krajci in kratke hla\u010de. Telovnik je bil v\u010dasih najzna\u010dilnej\u0161i kos koro\u0161ke mo\u0161ke no\u0161e. Kme\u010dka no\u0161a ga je v zelo kratkem \u010dasu prevzela od srednjeevropske mestne no\u0161e in ohranil se je vse do danes. Poleg visokih \u0161kornjev so na Koro\u0161kem v\u010dasih obuvali tudi pol \u0161kornje, ki so segali do kolen. Opisane so zgolj nekatere zna\u010dilnosti koro\u0161ke no\u0161e. Lastnosti:    Naslov dela: Koro\u0161ka narodna no\u0161a    Tehnika: grafika    Zunanja dimenzija: 35 x 48 cm    Vse grafike so podpisane in o\u0161tevil\u010dene   Omejena naklada 126\/200[:]","og_url":"https:\/\/skrina.si\/sl\/product\/koroska-nosa\/","og_site_name":"Etnogalerija Skrina","article_modified_time":"2024-04-10T13:36:20+00:00","og_image":[{"width":2000,"height":1500,"url":"https:\/\/skrina.si\/wp-content\/uploads\/2022\/07\/koroska-Etno-galerija-skrina-Tradicija-s-posluhom-slovenska-ljudska-nosa.jpg","type":"image\/jpeg"}],"twitter_card":"summary_large_image","twitter_misc":{"Est. reading time":"1 minuta"},"schema":{"@context":"https:\/\/schema.org","@graph":[{"@type":"WebPage","@id":"https:\/\/skrina.si\/sl\/product\/koroska-nosa\/","url":"https:\/\/skrina.si\/sl\/product\/koroska-nosa\/","name":"[:en]Koro\u0161ka no\u0161a[:sl]Koro\u0161ka no\u0161a[:] - Etnogalerija Skrina","isPartOf":{"@id":"https:\/\/skrina.si\/sl\/#website"},"datePublished":"2022-07-20T12:36:50+00:00","dateModified":"2024-04-10T13:36:20+00:00","breadcrumb":{"@id":"https:\/\/skrina.si\/sl\/product\/koroska-nosa\/#breadcrumb"},"inLanguage":"sl-SI","potentialAction":[{"@type":"ReadAction","target":["https:\/\/skrina.si\/sl\/product\/koroska-nosa\/"]}]},{"@type":"BreadcrumbList","@id":"https:\/\/skrina.si\/sl\/product\/koroska-nosa\/#breadcrumb","itemListElement":[{"@type":"ListItem","position":1,"name":"Home","item":"https:\/\/skrina.si\/"},{"@type":"ListItem","position":2,"name":"Shop","item":"https:\/\/skrina.si\/shop\/"},{"@type":"ListItem","position":3,"name":"Koro\u0161ka no\u0161a"}]},{"@type":"WebSite","@id":"https:\/\/skrina.si\/sl\/#website","url":"https:\/\/skrina.si\/sl\/","name":"Etnogalerija Skrina","description":"Tradicija s posluhom","potentialAction":[{"@type":"SearchAction","target":{"@type":"EntryPoint","urlTemplate":"https:\/\/skrina.si\/sl\/?s={search_term_string}"},"query-input":"required name=search_term_string"}],"inLanguage":"sl-SI"}]}},"_links":{"self":[{"href":"https:\/\/skrina.si\/sl\/wp-json\/wp\/v2\/product\/11260"}],"collection":[{"href":"https:\/\/skrina.si\/sl\/wp-json\/wp\/v2\/product"}],"about":[{"href":"https:\/\/skrina.si\/sl\/wp-json\/wp\/v2\/types\/product"}],"wp:featuredmedia":[{"embeddable":true,"href":"https:\/\/skrina.si\/sl\/wp-json\/wp\/v2\/media\/11261"}],"wp:attachment":[{"href":"https:\/\/skrina.si\/sl\/wp-json\/wp\/v2\/media?parent=11260"}],"wp:term":[{"taxonomy":"product_cat","embeddable":true,"href":"https:\/\/skrina.si\/sl\/wp-json\/wp\/v2\/product_cat?post=11260"},{"taxonomy":"product_tag","embeddable":true,"href":"https:\/\/skrina.si\/sl\/wp-json\/wp\/v2\/product_tag?post=11260"}],"curies":[{"name":"wp","href":"https:\/\/api.w.org\/{rel}","templated":true}]}}