{"id":11259,"date":"2022-07-20T12:31:55","date_gmt":"2022-07-20T12:31:55","guid":{"rendered":"https:\/\/skrina.si\/?post_type=product&#038;p=11259"},"modified":"2024-04-10T15:36:24","modified_gmt":"2024-04-10T13:36:24","slug":"belokranjska-nosa","status":"publish","type":"product","link":"https:\/\/skrina.si\/sl\/product\/belokranjska-nosa\/","title":{"rendered":"Belokranjska no\u0161a"},"content":{"rendered":"","protected":false},"excerpt":{"rendered":"<h5><strong><em>Belokranjsko narodno\u00a0 no\u0161o, <\/em><\/strong>ki \u00a0se tako v mo\u0161ki, kot v \u017eenski obliki bistveno razlikuje od vseh ostalih narodnih no\u0161, imenujemo tudi <strong><em>\u00bbbela no\u0161a\u00ab. <\/em><\/strong><strong><em>Mo\u0161ka no\u0161a<\/em><\/strong> je sestavljena iz dolge platnene srajce, stisnjene s \u0161irokim usnjenim pasom, okra\u0161enim z vtisnjenimi geometrijskimi liki. Dolge, \u0161iroke platnene hla\u010de so spodaj zaklju\u010dene z resicami. Na glavi je klobuk iz \u010drne klobu\u010devine, okoli vratu pa rde\u010da ruta.<br \/>\n<strong><em>\u017denska no\u0161a<\/em><\/strong> je dvodelno krojena, sestavljena iz dolge platnene srajce zataknjene za pas nagubanega, platnenega krila. Na glavi je <em>pe\u010da<\/em> ki se na vrhu glave zavezuje na \u00bbpetelina\u00ab. Izdelane so iz belega, muslina, \u0161ifona, ali bomba\u017enega tila in obrobljene s \u010dipko, ponekod pa samo zarobljene. Nogavice so bele in pletene, izjemoma pa tudi rde\u010de.<br \/>\n<em>Opisane so zgolj nekatere zna\u010dilnosti belokranjske no\u0161e.<br \/>\n<\/em><\/h5>\n<h6><em>Lastnosti:<\/em><\/h6>\n<ul>\n<li>\n<h6><em>Naslov dela: Belokranjska narodna no\u0161a<\/em><\/h6>\n<\/li>\n<li>\n<h6><em>Tehnika: grafika<\/em><\/h6>\n<\/li>\n<li>\n<h6><em>Zunanja dimenzija: 35 x 48 cm<\/em><\/h6>\n<\/li>\n<li>\n<h6><em>Vse grafike so podpisane in o\u0161tevil\u010dene<\/em><\/h6>\n<\/li>\n<li>\n<h6><em>Omejena naklada 126\/200<\/em><\/h6>\n<\/li>\n<\/ul>\n<h6><em>\u00a0<\/em><\/h6>\n","protected":false},"featured_media":11220,"template":"","meta":{"_monsterinsights_skip_tracking":false,"_monsterinsights_sitenote_active":false,"_monsterinsights_sitenote_note":"","_monsterinsights_sitenote_category":0},"product_cat":[103,238],"product_tag":[736],"aioseo_notices":[],"yoast_head":"<!-- This site is optimized with the Yoast SEO plugin v22.1 - https:\/\/yoast.com\/wordpress\/plugins\/seo\/ -->\n<title>Belokranjska no\u0161a - Etnogalerija Skrina<\/title>\n<meta name=\"robots\" content=\"index, follow, max-snippet:-1, max-image-preview:large, max-video-preview:-1\" \/>\n<link rel=\"canonical\" href=\"https:\/\/skrina.si\/sl\/product\/belokranjska-nosa\/\" \/>\n<meta property=\"og:locale\" content=\"sl_SI\" \/>\n<meta property=\"og:locale:alternate\" content=\"en_GB\" \/>\n<meta property=\"og:type\" content=\"article\" \/>\n<meta property=\"og:title\" content=\"Belokranjska no\u0161a\" \/>\n<meta property=\"og:description\" content=\"Belokranjsko narodno\u00a0 no\u0161o, ki \u00a0se tako v mo\u0161ki, kot v \u017eenski obliki bistveno razlikuje od vseh ostalih narodnih no\u0161, imenujemo tudi \u00bbbela no\u0161a\u00ab. Mo\u0161ka no\u0161a je sestavljena iz dolge platnene srajce, stisnjene s \u0161irokim usnjenim pasom, okra\u0161enim z vtisnjenimi geometrijskimi liki. Dolge, \u0161iroke platnene hla\u010de so spodaj zaklju\u010dene z resicami. Na glavi je klobuk iz \u010drne klobu\u010devine, okoli vratu pa rde\u010da ruta. \u017denska no\u0161a je dvodelno krojena, sestavljena iz dolge platnene srajce zataknjene za pas nagubanega, platnenega krila. Na glavi je pe\u010da ki se na vrhu glave zavezuje na \u00bbpetelina\u00ab. Izdelane so iz belega, muslina, \u0161ifona, ali bomba\u017enega tila in obrobljene s \u010dipko, ponekod pa samo zarobljene. Nogavice so bele in pletene, izjemoma pa tudi rde\u010de. Opisane so zgolj nekatere zna\u010dilnosti belokranjske no\u0161e.  Lastnosti:    Naslov dela: Belokranjska narodna no\u0161a    Tehnika: grafika    Zunanja dimenzija: 35 x 48 cm    Vse grafike so podpisane in o\u0161tevil\u010dene    Omejena naklada 126\/200   \u00a0\" \/>\n<meta property=\"og:url\" content=\"https:\/\/skrina.si\/sl\/product\/belokranjska-nosa\/\" \/>\n<meta property=\"og:site_name\" content=\"Etnogalerija Skrina\" \/>\n<meta property=\"article:modified_time\" content=\"2024-04-10T13:36:24+00:00\" \/>\n<meta property=\"og:image\" content=\"https:\/\/skrina.si\/wp-content\/uploads\/2022\/07\/bela-krajina-Etno-galerija-skrina-Tradicija-s-posluhom-slovenska-ljudska-nosa-1.jpg\" \/>\n\t<meta property=\"og:image:width\" content=\"2000\" \/>\n\t<meta property=\"og:image:height\" content=\"1500\" \/>\n\t<meta property=\"og:image:type\" content=\"image\/jpeg\" \/>\n<meta name=\"twitter:card\" content=\"summary_large_image\" \/>\n<meta name=\"twitter:label1\" content=\"Est. reading time\" \/>\n\t<meta name=\"twitter:data1\" content=\"1 minuta\" \/>\n<script type=\"application\/ld+json\" class=\"yoast-schema-graph\">{\"@context\":\"https:\/\/schema.org\",\"@graph\":[{\"@type\":\"WebPage\",\"@id\":\"https:\/\/skrina.si\/sl\/product\/belokranjska-nosa\/\",\"url\":\"https:\/\/skrina.si\/sl\/product\/belokranjska-nosa\/\",\"name\":\"[:en]Belokranjska no\u0161a[:sl]Belokranjska no\u0161a[:] - Etnogalerija Skrina\",\"isPartOf\":{\"@id\":\"https:\/\/skrina.si\/sl\/#website\"},\"datePublished\":\"2022-07-20T12:31:55+00:00\",\"dateModified\":\"2024-04-10T13:36:24+00:00\",\"breadcrumb\":{\"@id\":\"https:\/\/skrina.si\/sl\/product\/belokranjska-nosa\/#breadcrumb\"},\"inLanguage\":\"sl-SI\",\"potentialAction\":[{\"@type\":\"ReadAction\",\"target\":[\"https:\/\/skrina.si\/sl\/product\/belokranjska-nosa\/\"]}]},{\"@type\":\"BreadcrumbList\",\"@id\":\"https:\/\/skrina.si\/sl\/product\/belokranjska-nosa\/#breadcrumb\",\"itemListElement\":[{\"@type\":\"ListItem\",\"position\":1,\"name\":\"Home\",\"item\":\"https:\/\/skrina.si\/\"},{\"@type\":\"ListItem\",\"position\":2,\"name\":\"Shop\",\"item\":\"https:\/\/skrina.si\/shop\/\"},{\"@type\":\"ListItem\",\"position\":3,\"name\":\"Belokranjska no\u0161a\"}]},{\"@type\":\"WebSite\",\"@id\":\"https:\/\/skrina.si\/sl\/#website\",\"url\":\"https:\/\/skrina.si\/sl\/\",\"name\":\"Etnogalerija Skrina\",\"description\":\"Tradicija s posluhom\",\"potentialAction\":[{\"@type\":\"SearchAction\",\"target\":{\"@type\":\"EntryPoint\",\"urlTemplate\":\"https:\/\/skrina.si\/sl\/?s={search_term_string}\"},\"query-input\":\"required name=search_term_string\"}],\"inLanguage\":\"sl-SI\"}]}<\/script>\n<!-- \/ Yoast SEO plugin. -->","yoast_head_json":{"title":"Belokranjska no\u0161a - Etnogalerija Skrina","robots":{"index":"index","follow":"follow","max-snippet":"max-snippet:-1","max-image-preview":"max-image-preview:large","max-video-preview":"max-video-preview:-1"},"canonical":"https:\/\/skrina.si\/sl\/product\/belokranjska-nosa\/","og_locale":"sl_SI","og_type":"article","og_title":"[:en]Belokranjska no\u0161a[:sl]Belokranjska no\u0161a[:] - Etnogalerija Skrina","og_description":"[:en]Belokranjsko narodno\u00a0 no\u0161o, ki \u00a0se tako v mo\u0161ki, kot v \u017eenski obliki bistveno razlikuje od vseh ostalih narodnih no\u0161, imenujemo tudi \u00bbbela no\u0161a\u00ab. Mo\u0161ka no\u0161a je sestavljena iz dolge platnene srajce, stisnjene s \u0161irokim usnjenim pasom, okra\u0161enim z vtisnjenimi geometrijskimi liki. Dolge, \u0161iroke platnene hla\u010de so spodaj zaklju\u010dene z resicami. Na glavi je klobuk iz \u010drne klobu\u010devine, okoli vratu pa rde\u010da ruta. \u017denska no\u0161a je dvodelno krojena, sestavljena iz dolge platnene srajce zataknjene za pas nagubanega, platnenega krila. Na glavi je pe\u010da ki se na vrhu glave zavezuje na \u00bbpetelina\u00ab. Izdelane so iz belega, muslina, \u0161ifona, ali bomba\u017enega tila in obrobljene s \u010dipko, ponekod pa samo zarobljene. Nogavice so bele in pletene, izjemoma pa tudi rde\u010de. Opisane so zgolj nekatere zna\u010dilnosti belokranjske no\u0161e.  Lastnosti:    Naslov dela: Belokranjska narodna no\u0161a    Tehnika: grafika    Zunanja dimenzija: 35 x 48 cm    Vse grafike so podpisane in o\u0161tevil\u010dene    Omejena naklada 126\/200   \u00a0[:sl]Belokranjsko narodno\u00a0 no\u0161o, ki \u00a0se tako v mo\u0161ki, kot v \u017eenski obliki bistveno razlikuje od vseh ostalih narodnih no\u0161, imenujemo tudi \u00bbbela no\u0161a\u00ab. Mo\u0161ka no\u0161a je sestavljena iz dolge platnene srajce, stisnjene s \u0161irokim usnjenim pasom, okra\u0161enim z vtisnjenimi geometrijskimi liki. Dolge, \u0161iroke platnene hla\u010de so spodaj zaklju\u010dene z resicami. Na glavi je klobuk iz \u010drne klobu\u010devine, okoli vratu pa rde\u010da ruta. \u017denska no\u0161a je dvodelno krojena, sestavljena iz dolge platnene srajce zataknjene za pas nagubanega, platnenega krila. Na glavi je pe\u010da ki se na vrhu glave zavezuje na \u00bbpetelina\u00ab. Izdelane so iz belega, muslina, \u0161ifona, ali bomba\u017enega tila in obrobljene s \u010dipko, ponekod pa samo zarobljene. Nogavice so bele in pletene, izjemoma pa tudi rde\u010de. Opisane so zgolj nekatere zna\u010dilnosti belokranjske no\u0161e.  Lastnosti:    Naslov dela: Belokranjska narodna no\u0161a    Tehnika: grafika    Zunanja dimenzija: 35 x 48 cm    Vse grafike so podpisane in o\u0161tevil\u010dene    Omejena naklada 126\/200   \u00a0[:]","og_url":"https:\/\/skrina.si\/sl\/product\/belokranjska-nosa\/","og_site_name":"Etnogalerija Skrina","article_modified_time":"2024-04-10T13:36:24+00:00","og_image":[{"width":2000,"height":1500,"url":"https:\/\/skrina.si\/wp-content\/uploads\/2022\/07\/bela-krajina-Etno-galerija-skrina-Tradicija-s-posluhom-slovenska-ljudska-nosa-1.jpg","type":"image\/jpeg"}],"twitter_card":"summary_large_image","twitter_misc":{"Est. reading time":"1 minuta"},"schema":{"@context":"https:\/\/schema.org","@graph":[{"@type":"WebPage","@id":"https:\/\/skrina.si\/sl\/product\/belokranjska-nosa\/","url":"https:\/\/skrina.si\/sl\/product\/belokranjska-nosa\/","name":"[:en]Belokranjska no\u0161a[:sl]Belokranjska no\u0161a[:] - Etnogalerija Skrina","isPartOf":{"@id":"https:\/\/skrina.si\/sl\/#website"},"datePublished":"2022-07-20T12:31:55+00:00","dateModified":"2024-04-10T13:36:24+00:00","breadcrumb":{"@id":"https:\/\/skrina.si\/sl\/product\/belokranjska-nosa\/#breadcrumb"},"inLanguage":"sl-SI","potentialAction":[{"@type":"ReadAction","target":["https:\/\/skrina.si\/sl\/product\/belokranjska-nosa\/"]}]},{"@type":"BreadcrumbList","@id":"https:\/\/skrina.si\/sl\/product\/belokranjska-nosa\/#breadcrumb","itemListElement":[{"@type":"ListItem","position":1,"name":"Home","item":"https:\/\/skrina.si\/"},{"@type":"ListItem","position":2,"name":"Shop","item":"https:\/\/skrina.si\/shop\/"},{"@type":"ListItem","position":3,"name":"Belokranjska no\u0161a"}]},{"@type":"WebSite","@id":"https:\/\/skrina.si\/sl\/#website","url":"https:\/\/skrina.si\/sl\/","name":"Etnogalerija Skrina","description":"Tradicija s posluhom","potentialAction":[{"@type":"SearchAction","target":{"@type":"EntryPoint","urlTemplate":"https:\/\/skrina.si\/sl\/?s={search_term_string}"},"query-input":"required name=search_term_string"}],"inLanguage":"sl-SI"}]}},"_links":{"self":[{"href":"https:\/\/skrina.si\/sl\/wp-json\/wp\/v2\/product\/11259"}],"collection":[{"href":"https:\/\/skrina.si\/sl\/wp-json\/wp\/v2\/product"}],"about":[{"href":"https:\/\/skrina.si\/sl\/wp-json\/wp\/v2\/types\/product"}],"wp:featuredmedia":[{"embeddable":true,"href":"https:\/\/skrina.si\/sl\/wp-json\/wp\/v2\/media\/11220"}],"wp:attachment":[{"href":"https:\/\/skrina.si\/sl\/wp-json\/wp\/v2\/media?parent=11259"}],"wp:term":[{"taxonomy":"product_cat","embeddable":true,"href":"https:\/\/skrina.si\/sl\/wp-json\/wp\/v2\/product_cat?post=11259"},{"taxonomy":"product_tag","embeddable":true,"href":"https:\/\/skrina.si\/sl\/wp-json\/wp\/v2\/product_tag?post=11259"}],"curies":[{"name":"wp","href":"https:\/\/api.w.org\/{rel}","templated":true}]}}