{"id":11255,"date":"2022-07-20T12:19:44","date_gmt":"2022-07-20T12:19:44","guid":{"rendered":"https:\/\/skrina.si\/?post_type=product&#038;p=11255"},"modified":"2024-04-10T15:36:28","modified_gmt":"2024-04-10T13:36:28","slug":"stajerska-nosa","status":"publish","type":"product","link":"https:\/\/skrina.si\/sl\/product\/stajerska-nosa\/","title":{"rendered":"\u0160tajerska no\u0161a"},"content":{"rendered":"","protected":false},"excerpt":{"rendered":"<h5>Na <strong><em>\u0160tajerskem<\/em><\/strong> so se med ljudmi dokaj dolgo ohranile nekatere starej\u0161e krojne in obla\u010dilne prvine. Krila \u017eenskih narodnih no\u0161 so bila razli\u010dnih barv; zelena z rde\u010dim trakom, modra z roza \u017eivotkom, rjava s \u010drnimi trakovi in belo untaro. Ne glede na barvo krila pa je bil predpasnik skoraj vedno modre barve.<br \/>\nNo\u0161o so sestavljale \u0161e bele, pri gle\u017enju <strong><em>nabrane nogavice<\/em><\/strong>. Bilo je za\u017eeleno, da so \u010dim bolj nabrane \u2013 veljalo je, da bolj kot so nogavice\u00a0 nabrane, bolj je dekle premo\u017eno.<br \/>\n\u010crni \u010devlji so bili pogosto okra\u0161eni z zaponko.<br \/>\n<strong><em>Mo\u0161ki<\/em><\/strong> so ob delovnih dneh nosili temne hla\u010de, izdelane iz volnenega blaga in telovnik iz doma\u010dega platna. Za pra\u017enje dni pa so \u010dez brezrokavnike iz industrijskega blaga oblekli \u0161e rekelc in si nadeli klobuk.<br \/>\nAlternativa\u00a0 visokim \u0161kornjem \u010dez kolena so bili \u00bbpol \u0161kornji\u00ab, ki so segali do gle\u017enjev.<br \/>\n<em>Opisane so zgolj nekatere zna\u010dilnosti \u0161tajerske no\u0161e.<\/em><\/h5>\n<h6><em>Lastnosti:<\/em><\/h6>\n<ul>\n<li>\n<h6><em>Naslov dela: \u0160tajerska no\u0161a\u00a0 &#8211; Konjice<\/em><\/h6>\n<\/li>\n<li>\n<h6><em>Tehnika: grafika<\/em><\/h6>\n<\/li>\n<li>\n<h6><em>Zunanja dimenzija: 35 x 48 cm; 19 v 23 cm<\/em><\/h6>\n<\/li>\n<li>\n<h6><em>Vse grafike so podpisane in o\u0161tevil\u010dene<\/em><\/h6>\n<\/li>\n<li>\n<h6><em>Omejena naklada 126\/200<\/em><\/h6>\n<\/li>\n<\/ul>\n","protected":false},"featured_media":11256,"template":"","meta":{"_monsterinsights_skip_tracking":false,"_monsterinsights_sitenote_active":false,"_monsterinsights_sitenote_note":"","_monsterinsights_sitenote_category":0},"product_cat":[103,238],"product_tag":[728,734],"aioseo_notices":[],"yoast_head":"<!-- This site is optimized with the Yoast SEO plugin v22.1 - https:\/\/yoast.com\/wordpress\/plugins\/seo\/ -->\n<title>\u0160tajerska no\u0161a - Etnogalerija Skrina<\/title>\n<meta name=\"robots\" content=\"index, follow, max-snippet:-1, max-image-preview:large, max-video-preview:-1\" \/>\n<link rel=\"canonical\" href=\"https:\/\/skrina.si\/sl\/product\/stajerska-nosa\/\" \/>\n<meta property=\"og:locale\" content=\"sl_SI\" \/>\n<meta property=\"og:locale:alternate\" content=\"en_GB\" \/>\n<meta property=\"og:type\" content=\"article\" \/>\n<meta property=\"og:title\" content=\"\u0160tajerska no\u0161a\" \/>\n<meta property=\"og:description\" content=\"Na \u0160tajerskem so se med ljudmi dokaj dolgo ohranile nekatere starej\u0161e krojne in obla\u010dilne prvine. Krila \u017eenskih narodnih no\u0161 so bila razli\u010dnih barv; zelena z rde\u010dim trakom, modra z roza \u017eivotkom, rjava s \u010drnimi trakovi in belo untaro. Ne glede na barvo krila pa je bil predpasnik skoraj vedno modre barve. No\u0161o so sestavljale \u0161e bele, pri gle\u017enju nabrane nogavice. Bilo je za\u017eeleno, da so \u010dim bolj nabrane \u2013 veljalo je, da bolj kot so nogavice\u00a0 nabrane, bolj je dekle premo\u017eno. \u010crni \u010devlji so bili pogosto okra\u0161eni z zaponko. Mo\u0161ki so ob delovnih dneh nosili temne hla\u010de, izdelane iz volnenega blaga in telovnik iz doma\u010dega platna. Za pra\u017enje dni pa so \u010dez brezrokavnike iz industrijskega blaga oblekli \u0161e rekelc in si nadeli klobuk. Alternativa\u00a0 visokim \u0161kornjem \u010dez kolena so bili \u00bbpol \u0161kornji\u00ab, ki so segali do gle\u017enjev. Opisane so zgolj nekatere zna\u010dilnosti \u0161tajerske no\u0161e. Lastnosti:    Naslov dela: \u0160tajerska no\u0161a\u00a0 - Konjice    Tehnika: grafika    Zunanja dimenzija: 35 x 48 cm; 19 v 23 cm    Vse grafike so podpisane in o\u0161tevil\u010dene    Omejena naklada 126\/200\" \/>\n<meta property=\"og:url\" content=\"https:\/\/skrina.si\/sl\/product\/stajerska-nosa\/\" \/>\n<meta property=\"og:site_name\" content=\"Etnogalerija Skrina\" \/>\n<meta property=\"article:modified_time\" content=\"2024-04-10T13:36:28+00:00\" \/>\n<meta property=\"og:image\" content=\"https:\/\/skrina.si\/wp-content\/uploads\/2022\/07\/Stajerska-Etno-galerija-skrina-Tradicija-s-posluhom-slovenska-ljudska-nosa.jpg\" \/>\n\t<meta property=\"og:image:width\" content=\"2000\" \/>\n\t<meta property=\"og:image:height\" content=\"1500\" \/>\n\t<meta property=\"og:image:type\" content=\"image\/jpeg\" \/>\n<meta name=\"twitter:card\" content=\"summary_large_image\" \/>\n<meta name=\"twitter:label1\" content=\"Est. reading time\" \/>\n\t<meta name=\"twitter:data1\" content=\"1 minuta\" \/>\n<script type=\"application\/ld+json\" class=\"yoast-schema-graph\">{\"@context\":\"https:\/\/schema.org\",\"@graph\":[{\"@type\":\"WebPage\",\"@id\":\"https:\/\/skrina.si\/sl\/product\/stajerska-nosa\/\",\"url\":\"https:\/\/skrina.si\/sl\/product\/stajerska-nosa\/\",\"name\":\"[:en]\u0160tajerska no\u0161a[:sl]\u0160tajerska no\u0161a[:] - Etnogalerija Skrina\",\"isPartOf\":{\"@id\":\"https:\/\/skrina.si\/sl\/#website\"},\"datePublished\":\"2022-07-20T12:19:44+00:00\",\"dateModified\":\"2024-04-10T13:36:28+00:00\",\"breadcrumb\":{\"@id\":\"https:\/\/skrina.si\/sl\/product\/stajerska-nosa\/#breadcrumb\"},\"inLanguage\":\"sl-SI\",\"potentialAction\":[{\"@type\":\"ReadAction\",\"target\":[\"https:\/\/skrina.si\/sl\/product\/stajerska-nosa\/\"]}]},{\"@type\":\"BreadcrumbList\",\"@id\":\"https:\/\/skrina.si\/sl\/product\/stajerska-nosa\/#breadcrumb\",\"itemListElement\":[{\"@type\":\"ListItem\",\"position\":1,\"name\":\"Home\",\"item\":\"https:\/\/skrina.si\/\"},{\"@type\":\"ListItem\",\"position\":2,\"name\":\"Shop\",\"item\":\"https:\/\/skrina.si\/shop\/\"},{\"@type\":\"ListItem\",\"position\":3,\"name\":\"\u0160tajerska no\u0161a\"}]},{\"@type\":\"WebSite\",\"@id\":\"https:\/\/skrina.si\/sl\/#website\",\"url\":\"https:\/\/skrina.si\/sl\/\",\"name\":\"Etnogalerija Skrina\",\"description\":\"Tradicija s posluhom\",\"potentialAction\":[{\"@type\":\"SearchAction\",\"target\":{\"@type\":\"EntryPoint\",\"urlTemplate\":\"https:\/\/skrina.si\/sl\/?s={search_term_string}\"},\"query-input\":\"required name=search_term_string\"}],\"inLanguage\":\"sl-SI\"}]}<\/script>\n<!-- \/ Yoast SEO plugin. -->","yoast_head_json":{"title":"\u0160tajerska no\u0161a - Etnogalerija Skrina","robots":{"index":"index","follow":"follow","max-snippet":"max-snippet:-1","max-image-preview":"max-image-preview:large","max-video-preview":"max-video-preview:-1"},"canonical":"https:\/\/skrina.si\/sl\/product\/stajerska-nosa\/","og_locale":"sl_SI","og_type":"article","og_title":"[:en]\u0160tajerska no\u0161a[:sl]\u0160tajerska no\u0161a[:] - Etnogalerija Skrina","og_description":"[:en]Na \u0160tajerskem so se med ljudmi dokaj dolgo ohranile nekatere starej\u0161e krojne in obla\u010dilne prvine. Krila \u017eenskih narodnih no\u0161 so bila razli\u010dnih barv; zelena z rde\u010dim trakom, modra z roza \u017eivotkom, rjava s \u010drnimi trakovi in belo untaro. Ne glede na barvo krila pa je bil predpasnik skoraj vedno modre barve. No\u0161o so sestavljale \u0161e bele, pri gle\u017enju nabrane nogavice. Bilo je za\u017eeleno, da so \u010dim bolj nabrane \u2013 veljalo je, da bolj kot so nogavice\u00a0 nabrane, bolj je dekle premo\u017eno. \u010crni \u010devlji so bili pogosto okra\u0161eni z zaponko. Mo\u0161ki so ob delovnih dneh nosili temne hla\u010de, izdelane iz volnenega blaga in telovnik iz doma\u010dega platna. Za pra\u017enje dni pa so \u010dez brezrokavnike iz industrijskega blaga oblekli \u0161e rekelc in si nadeli klobuk. Alternativa\u00a0 visokim \u0161kornjem \u010dez kolena so bili \u00bbpol \u0161kornji\u00ab, ki so segali do gle\u017enjev. Opisane so zgolj nekatere zna\u010dilnosti \u0161tajerske no\u0161e. Lastnosti:    Naslov dela: \u0160tajerska no\u0161a\u00a0 - Konjice    Tehnika: grafika    Zunanja dimenzija: 35 x 48 cm; 19 v 23 cm    Vse grafike so podpisane in o\u0161tevil\u010dene    Omejena naklada 126\/200  [:sl]Na \u0160tajerskem so se med ljudmi dokaj dolgo ohranile nekatere starej\u0161e krojne in obla\u010dilne prvine. Krila \u017eenskih narodnih no\u0161 so bila razli\u010dnih barv; zelena z rde\u010dim trakom, modra z roza \u017eivotkom, rjava s \u010drnimi trakovi in belo untaro. Ne glede na barvo krila pa je bil predpasnik skoraj vedno modre barve. No\u0161o so sestavljale \u0161e bele, pri gle\u017enju nabrane nogavice. Bilo je za\u017eeleno, da so \u010dim bolj nabrane \u2013 veljalo je, da bolj kot so nogavice\u00a0 nabrane, bolj je dekle premo\u017eno. \u010crni \u010devlji so bili pogosto okra\u0161eni z zaponko. Mo\u0161ki so ob delovnih dneh nosili temne hla\u010de, izdelane iz volnenega blaga in telovnik iz doma\u010dega platna. Za pra\u017enje dni pa so \u010dez brezrokavnike iz industrijskega blaga oblekli \u0161e rekelc in si nadeli klobuk. Alternativa\u00a0 visokim \u0161kornjem \u010dez kolena so bili \u00bbpol \u0161kornji\u00ab, ki so segali do gle\u017enjev. Opisane so zgolj nekatere zna\u010dilnosti \u0161tajerske no\u0161e. Lastnosti:    Naslov dela: \u0160tajerska no\u0161a\u00a0 - Konjice    Tehnika: grafika    Zunanja dimenzija: 35 x 48 cm; 19 v 23 cm    Vse grafike so podpisane in o\u0161tevil\u010dene    Omejena naklada 126\/200  [:]","og_url":"https:\/\/skrina.si\/sl\/product\/stajerska-nosa\/","og_site_name":"Etnogalerija Skrina","article_modified_time":"2024-04-10T13:36:28+00:00","og_image":[{"width":2000,"height":1500,"url":"https:\/\/skrina.si\/wp-content\/uploads\/2022\/07\/Stajerska-Etno-galerija-skrina-Tradicija-s-posluhom-slovenska-ljudska-nosa.jpg","type":"image\/jpeg"}],"twitter_card":"summary_large_image","twitter_misc":{"Est. reading time":"1 minuta"},"schema":{"@context":"https:\/\/schema.org","@graph":[{"@type":"WebPage","@id":"https:\/\/skrina.si\/sl\/product\/stajerska-nosa\/","url":"https:\/\/skrina.si\/sl\/product\/stajerska-nosa\/","name":"[:en]\u0160tajerska no\u0161a[:sl]\u0160tajerska no\u0161a[:] - Etnogalerija Skrina","isPartOf":{"@id":"https:\/\/skrina.si\/sl\/#website"},"datePublished":"2022-07-20T12:19:44+00:00","dateModified":"2024-04-10T13:36:28+00:00","breadcrumb":{"@id":"https:\/\/skrina.si\/sl\/product\/stajerska-nosa\/#breadcrumb"},"inLanguage":"sl-SI","potentialAction":[{"@type":"ReadAction","target":["https:\/\/skrina.si\/sl\/product\/stajerska-nosa\/"]}]},{"@type":"BreadcrumbList","@id":"https:\/\/skrina.si\/sl\/product\/stajerska-nosa\/#breadcrumb","itemListElement":[{"@type":"ListItem","position":1,"name":"Home","item":"https:\/\/skrina.si\/"},{"@type":"ListItem","position":2,"name":"Shop","item":"https:\/\/skrina.si\/shop\/"},{"@type":"ListItem","position":3,"name":"\u0160tajerska no\u0161a"}]},{"@type":"WebSite","@id":"https:\/\/skrina.si\/sl\/#website","url":"https:\/\/skrina.si\/sl\/","name":"Etnogalerija Skrina","description":"Tradicija s posluhom","potentialAction":[{"@type":"SearchAction","target":{"@type":"EntryPoint","urlTemplate":"https:\/\/skrina.si\/sl\/?s={search_term_string}"},"query-input":"required name=search_term_string"}],"inLanguage":"sl-SI"}]}},"_links":{"self":[{"href":"https:\/\/skrina.si\/sl\/wp-json\/wp\/v2\/product\/11255"}],"collection":[{"href":"https:\/\/skrina.si\/sl\/wp-json\/wp\/v2\/product"}],"about":[{"href":"https:\/\/skrina.si\/sl\/wp-json\/wp\/v2\/types\/product"}],"wp:featuredmedia":[{"embeddable":true,"href":"https:\/\/skrina.si\/sl\/wp-json\/wp\/v2\/media\/11256"}],"wp:attachment":[{"href":"https:\/\/skrina.si\/sl\/wp-json\/wp\/v2\/media?parent=11255"}],"wp:term":[{"taxonomy":"product_cat","embeddable":true,"href":"https:\/\/skrina.si\/sl\/wp-json\/wp\/v2\/product_cat?post=11255"},{"taxonomy":"product_tag","embeddable":true,"href":"https:\/\/skrina.si\/sl\/wp-json\/wp\/v2\/product_tag?post=11255"}],"curies":[{"name":"wp","href":"https:\/\/api.w.org\/{rel}","templated":true}]}}