{"id":8864,"date":"2022-03-31T15:34:58","date_gmt":"2022-03-31T15:34:58","guid":{"rendered":"https:\/\/skrina.si\/?page_id=8864"},"modified":"2024-04-05T18:16:36","modified_gmt":"2024-04-05T16:16:36","slug":"priznanja","status":"publish","type":"page","link":"https:\/\/skrina.si\/sl\/priznanja\/","title":{"rendered":"Priznanja in mediji"},"content":{"rendered":"<div class=\"fusion-fullwidth fullwidth-box fusion-builder-row-1 fusion-flex-container nonhundred-percent-fullwidth non-hundred-percent-height-scrolling fusion-no-small-visibility fusion-no-medium-visibility\" style=\"--awb-border-radius-top-left:0px;--awb-border-radius-top-right:0px;--awb-border-radius-bottom-right:0px;--awb-border-radius-bottom-left:0px;--awb-flex-wrap:wrap;\" ><div class=\"fusion-builder-row fusion-row fusion-flex-align-items-flex-start fusion-flex-content-wrap\" style=\"max-width:1560px;margin-left: calc(-4% \/ 2 );margin-right: calc(-4% \/ 2 );\"><div class=\"fusion-layout-column fusion_builder_column fusion-builder-column-0 fusion_builder_column_1_2 1_2 fusion-flex-column\" style=\"--awb-bg-size:cover;--awb-width-large:50%;--awb-margin-top-large:0px;--awb-spacing-right-large:3.84%;--awb-margin-bottom-large:40px;--awb-spacing-left-large:3.84%;--awb-width-medium:100%;--awb-order-medium:0;--awb-spacing-right-medium:1.92%;--awb-spacing-left-medium:1.92%;--awb-width-small:100%;--awb-order-small:0;--awb-spacing-right-small:1.92%;--awb-spacing-left-small:1.92%;\"><div class=\"fusion-column-wrapper fusion-column-has-shadow fusion-flex-justify-content-flex-start fusion-content-layout-column\">\t\t\t\t\t<div class=\"fusion-slider-container fusion-slider-sc-razstave-2 fusion-slider-344 full-width-slider\" style=\"margin-bottom:40px;height:1350px; max-width:100%;\" data-id=\"344\" data-full_height=\"\">\n\t\t\t\t\t\t<style type=\"text\/css\">.fusion-slider-344 .flex-direction-nav a {width:33px;height:33px;line-height:33px;font-size:25px;}<\/style>\t\t\t\t\t\t<div class=\"fusion-slider-loading\">Loading...<\/div>\n\t\t\t\t\t\t<div class=\"tfs-slider flexslider main-flex full-width-slider\" data-slider_width=\"100%\" data-slider_height=\"1350px\" data-slider_content_width=\"850px\" data-full_screen=\"0\" data-parallax=\"1\" data-nav_arrows=\"1\" data-nav_arrow_size=\"25px\" data-nav_box_width=\"33px\" data-nav_box_height=\"33px\" data-slideshow_speed=\"2000\" data-loop=\"1\" data-autoplay=\"1\" data-orderby=\"title\" data-order=\"ASC\" data-animation=\"fade\" data-animation_speed=\"4000\" data-typo_sensitivity=\"0.1\" data-typo_factor=\"1.5\" style=\"max-width:100%;\">\n\t\t\t\t\t\t\t<ul class=\"slides\">\n\t\t\t\t\t\t\t\t\t\t\t\t\t\t\t\t\t<li data-mute=\"yes\" data-loop=\"yes\" data-autoplay=\"yes\">\n\t\t\t\t\t\t\t\t\t\t<div class=\"slide-content-container slide-content-center\" style=\"display: none;\">\n\t\t\t\t\t\t\t\t\t\t\t<div class=\"slide-content\" style=\"max-width:850px\">\n\t\t\t\t\t\t\t\t\t\t\t\t\t\t\t\t\t\t\t\t\t\t\t\t\t\t\t\t\t\t\t\t\t\t\t\t\t\t\t\t\t\t\t\t\t\t\t<\/div>\n\t\t\t\t\t\t\t\t\t\t<\/div>\n\t\t\t\t\t\t\t\t\t\t\t\t\t\t\t\t\t\t\t\t\t\t\t\t\t\t\t\t\t\t\t\t\t\t\t\t\t\t\t\t<div class=\"background background-image\" style=\"background-image: url(https:\/\/skrina.si\/wp-content\/uploads\/2024\/03\/Priznanja-in-mediji-GZS.jpg);max-width:100%;height:1350px;filter: progid:DXImageTransform.Microsoft.AlphaImageLoader(src='https:\/\/skrina.si\/wp-content\/uploads\/2024\/03\/Priznanja-in-mediji-GZS.jpg', sizingMethod='scale');\" data-imgwidth=\"2000\">\n\t\t\t\t\t\t\t\t\t\t\t\t\t\t\t\t\t\t\t\t\t\t\t\t\t\t\t\t\t\t\t\t\t\t\t\t\t\t\t\t\t\t\t\t\t\t\t\t\t\t\t\t\t\t\t\t\t\t\t\t\t\t\t\t\t\t<\/div>\n\t\t\t\t\t\t\t\t\t<\/li>\n\t\t\t\t\t\t\t\t\t\t\t\t\t\t\t\t\t<li data-mute=\"yes\" data-loop=\"yes\" data-autoplay=\"yes\">\n\t\t\t\t\t\t\t\t\t\t<div class=\"slide-content-container slide-content-center\" style=\"display: none;\">\n\t\t\t\t\t\t\t\t\t\t\t<div class=\"slide-content\" style=\"max-width:850px\">\n\t\t\t\t\t\t\t\t\t\t\t\t\t\t\t\t\t\t\t\t\t\t\t\t\t\t\t\t\t\t\t\t\t\t\t\t\t\t\t\t\t\t\t\t\t\t\t<\/div>\n\t\t\t\t\t\t\t\t\t\t<\/div>\n\t\t\t\t\t\t\t\t\t\t\t\t\t\t\t\t\t\t\t\t\t\t\t\t\t\t\t\t\t\t\t\t\t\t\t\t\t\t\t\t<div class=\"background background-image\" style=\"background-image: url(https:\/\/skrina.si\/wp-content\/uploads\/2024\/03\/MEDIJI-DVOJNA.jpg);max-width:100%;height:1350px;filter: progid:DXImageTransform.Microsoft.AlphaImageLoader(src='https:\/\/skrina.si\/wp-content\/uploads\/2024\/03\/MEDIJI-DVOJNA.jpg', sizingMethod='scale');\" data-imgwidth=\"2000\">\n\t\t\t\t\t\t\t\t\t\t\t\t\t\t\t\t\t\t\t\t\t\t\t\t\t\t\t\t\t\t\t\t\t\t\t\t\t\t\t\t\t\t\t\t\t\t\t\t\t\t\t\t\t\t\t\t\t\t\t\t\t\t\t\t\t\t<\/div>\n\t\t\t\t\t\t\t\t\t<\/li>\n\t\t\t\t\t\t\t\t\t\t\t\t\t\t\t\t\t<li data-mute=\"yes\" data-loop=\"yes\" data-autoplay=\"yes\">\n\t\t\t\t\t\t\t\t\t\t<div class=\"slide-content-container slide-content-center\" style=\"display: none;\">\n\t\t\t\t\t\t\t\t\t\t\t<div class=\"slide-content\" style=\"max-width:850px\">\n\t\t\t\t\t\t\t\t\t\t\t\t\t\t\t\t\t\t\t\t\t\t\t\t\t\t\t\t\t\t\t\t\t\t\t\t\t\t\t\t\t\t\t\t\t\t\t<\/div>\n\t\t\t\t\t\t\t\t\t\t<\/div>\n\t\t\t\t\t\t\t\t\t\t\t\t\t\t\t\t\t\t\t\t\t\t\t\t\t\t\t\t\t\t\t\t\t\t\t\t\t\t\t\t<div class=\"background background-image\" style=\"background-image: url(https:\/\/skrina.si\/wp-content\/uploads\/2022\/03\/Priznanja-in-mediji-MOL-2.jpg);max-width:100%;height:1350px;filter: progid:DXImageTransform.Microsoft.AlphaImageLoader(src='https:\/\/skrina.si\/wp-content\/uploads\/2022\/03\/Priznanja-in-mediji-MOL-2.jpg', sizingMethod='scale');\" data-imgwidth=\"2000\">\n\t\t\t\t\t\t\t\t\t\t\t\t\t\t\t\t\t\t\t\t\t\t\t\t\t\t\t\t\t\t\t\t\t\t\t\t\t\t\t\t\t\t\t\t\t\t\t\t\t\t\t\t\t\t\t\t\t\t\t\t\t\t\t\t\t\t<\/div>\n\t\t\t\t\t\t\t\t\t<\/li>\n\t\t\t\t\t\t\t\t\t\t\t\t\t\t\t\t\t<li data-mute=\"yes\" data-loop=\"yes\" data-autoplay=\"yes\">\n\t\t\t\t\t\t\t\t\t\t<div class=\"slide-content-container slide-content-center\" style=\"display: none;\">\n\t\t\t\t\t\t\t\t\t\t\t<div class=\"slide-content\" style=\"max-width:850px\">\n\t\t\t\t\t\t\t\t\t\t\t\t\t\t\t\t\t\t\t\t\t\t\t\t\t\t\t\t\t\t\t\t\t\t\t\t\t\t\t\t\t\t\t\t\t\t\t<\/div>\n\t\t\t\t\t\t\t\t\t\t<\/div>\n\t\t\t\t\t\t\t\t\t\t\t\t\t\t\t\t\t\t\t\t\t\t\t\t\t\t\t\t\t\t\t\t\t\t\t\t\t\t\t\t<div class=\"background background-image\" style=\"background-image: url(https:\/\/skrina.si\/wp-content\/uploads\/2024\/03\/MEDIJI-ANG.jpg);max-width:100%;height:1350px;filter: progid:DXImageTransform.Microsoft.AlphaImageLoader(src='https:\/\/skrina.si\/wp-content\/uploads\/2024\/03\/MEDIJI-ANG.jpg', sizingMethod='scale');\" data-imgwidth=\"2000\">\n\t\t\t\t\t\t\t\t\t\t\t\t\t\t\t\t\t\t\t\t\t\t\t\t\t\t\t\t\t\t\t\t\t\t\t\t\t\t\t\t\t\t\t\t\t\t\t\t\t\t\t\t\t\t\t\t\t\t\t\t\t\t\t\t\t\t<\/div>\n\t\t\t\t\t\t\t\t\t<\/li>\n\t\t\t\t\t\t\t\t\t\t\t\t\t\t\t\t\t<li data-mute=\"yes\" data-loop=\"yes\" data-autoplay=\"yes\">\n\t\t\t\t\t\t\t\t\t\t<div class=\"slide-content-container slide-content-center\" style=\"display: none;\">\n\t\t\t\t\t\t\t\t\t\t\t<div class=\"slide-content\" style=\"max-width:850px\">\n\t\t\t\t\t\t\t\t\t\t\t\t\t\t\t\t\t\t\t\t\t\t\t\t\t\t\t\t\t\t\t\t\t\t\t\t\t\t\t\t\t\t\t\t\t\t\t<\/div>\n\t\t\t\t\t\t\t\t\t\t<\/div>\n\t\t\t\t\t\t\t\t\t\t\t\t\t\t\t\t\t\t\t\t\t\t\t\t\t\t\t\t\t\t\t\t\t\t\t\t\t\t\t\t<div class=\"background background-image\" style=\"background-image: url(https:\/\/skrina.si\/wp-content\/uploads\/2022\/04\/MEDIJI-PRUCKE-FINAL.jpg);max-width:100%;height:1350px;filter: progid:DXImageTransform.Microsoft.AlphaImageLoader(src='https:\/\/skrina.si\/wp-content\/uploads\/2022\/04\/MEDIJI-PRUCKE-FINAL.jpg', sizingMethod='scale');\" data-imgwidth=\"2000\">\n\t\t\t\t\t\t\t\t\t\t\t\t\t\t\t\t\t\t\t\t\t\t\t\t\t\t\t\t\t\t\t\t\t\t\t\t\t\t\t\t\t\t\t\t\t\t\t\t\t\t\t\t\t\t\t\t\t\t\t\t\t\t\t\t\t\t<\/div>\n\t\t\t\t\t\t\t\t\t<\/li>\n\t\t\t\t\t\t\t\t\t\t\t\t\t\t\t\t\t<li data-mute=\"yes\" data-loop=\"yes\" data-autoplay=\"yes\">\n\t\t\t\t\t\t\t\t\t\t<div class=\"slide-content-container slide-content-center\" style=\"display: none;\">\n\t\t\t\t\t\t\t\t\t\t\t<div class=\"slide-content\" style=\"max-width:850px\">\n\t\t\t\t\t\t\t\t\t\t\t\t\t\t\t\t\t\t\t\t\t\t\t\t\t\t\t\t\t\t\t\t\t\t\t\t\t\t\t\t\t\t\t\t\t\t\t<\/div>\n\t\t\t\t\t\t\t\t\t\t<\/div>\n\t\t\t\t\t\t\t\t\t\t\t\t\t\t\t\t\t\t\t\t\t\t\t\t\t\t\t\t\t\t\t\t\t\t\t\t\t\t\t\t<div class=\"background background-image\" style=\"background-image: url(https:\/\/skrina.si\/wp-content\/uploads\/2024\/03\/MEDIJI-SAH.jpg);max-width:100%;height:1350px;filter: progid:DXImageTransform.Microsoft.AlphaImageLoader(src='https:\/\/skrina.si\/wp-content\/uploads\/2024\/03\/MEDIJI-SAH.jpg', sizingMethod='scale');\" data-imgwidth=\"2000\">\n\t\t\t\t\t\t\t\t\t\t\t\t\t\t\t\t\t\t\t\t\t\t\t\t\t\t\t\t\t\t\t\t\t\t\t\t\t\t\t\t\t\t\t\t\t\t\t\t\t\t\t\t\t\t\t\t\t\t\t\t\t\t\t\t\t\t<\/div>\n\t\t\t\t\t\t\t\t\t<\/li>\n\t\t\t\t\t\t\t\t\t\t\t\t\t\t\t\t\t<li data-mute=\"yes\" data-loop=\"yes\" data-autoplay=\"yes\">\n\t\t\t\t\t\t\t\t\t\t<div class=\"slide-content-container slide-content-center\" style=\"display: none;\">\n\t\t\t\t\t\t\t\t\t\t\t<div class=\"slide-content\" style=\"max-width:850px\">\n\t\t\t\t\t\t\t\t\t\t\t\t\t\t\t\t\t\t\t\t\t\t\t\t\t\t\t\t\t\t\t\t\t\t\t\t\t\t\t\t\t\t\t\t\t\t\t<\/div>\n\t\t\t\t\t\t\t\t\t\t<\/div>\n\t\t\t\t\t\t\t\t\t\t\t\t\t\t\t\t\t\t\t\t\t\t\t\t\t\t\t\t\t\t\t\t\t\t\t\t\t\t\t\t<div class=\"background background-image\" style=\"background-image: url(https:\/\/skrina.si\/wp-content\/uploads\/2024\/03\/MEDIJI-DORA-IN-BUTARICE.jpg);max-width:100%;height:1350px;filter: progid:DXImageTransform.Microsoft.AlphaImageLoader(src='https:\/\/skrina.si\/wp-content\/uploads\/2024\/03\/MEDIJI-DORA-IN-BUTARICE.jpg', sizingMethod='scale');\" data-imgwidth=\"2000\">\n\t\t\t\t\t\t\t\t\t\t\t\t\t\t\t\t\t\t\t\t\t\t\t\t\t\t\t\t\t\t\t\t\t\t\t\t\t\t\t\t\t\t\t\t\t\t\t\t\t\t\t\t\t\t\t\t\t\t\t\t\t\t\t\t\t\t<\/div>\n\t\t\t\t\t\t\t\t\t<\/li>\n\t\t\t\t\t\t\t\t\t\t\t\t\t\t\t\t\t<li data-mute=\"yes\" data-loop=\"yes\" data-autoplay=\"yes\">\n\t\t\t\t\t\t\t\t\t\t<div class=\"slide-content-container slide-content-center\" style=\"display: none;\">\n\t\t\t\t\t\t\t\t\t\t\t<div class=\"slide-content\" style=\"max-width:850px\">\n\t\t\t\t\t\t\t\t\t\t\t\t\t\t\t\t\t\t\t\t\t\t\t\t\t\t\t\t\t\t\t\t\t\t\t\t\t\t\t\t\t\t\t\t\t\t\t<\/div>\n\t\t\t\t\t\t\t\t\t\t<\/div>\n\t\t\t\t\t\t\t\t\t\t\t\t\t\t\t\t\t\t\t\t\t\t\t\t\t\t\t\t\t\t\t\t\t\t\t\t\t\t\t\t<div class=\"background background-image\" style=\"background-image: url(https:\/\/skrina.si\/wp-content\/uploads\/2024\/03\/LONELY-PLANET.png);max-width:100%;height:1350px;filter: progid:DXImageTransform.Microsoft.AlphaImageLoader(src='https:\/\/skrina.si\/wp-content\/uploads\/2024\/03\/LONELY-PLANET.png', sizingMethod='scale');\" data-imgwidth=\"1253\">\n\t\t\t\t\t\t\t\t\t\t\t\t\t\t\t\t\t\t\t\t\t\t\t\t\t\t\t\t\t\t\t\t\t\t\t\t\t\t\t\t\t\t\t\t\t\t\t\t\t\t\t\t\t\t\t\t\t\t\t\t\t\t\t\t\t\t<\/div>\n\t\t\t\t\t\t\t\t\t<\/li>\n\t\t\t\t\t\t\t\t\t\t\t\t\t\t\t\t\t<li data-mute=\"yes\" data-loop=\"yes\" data-autoplay=\"yes\">\n\t\t\t\t\t\t\t\t\t\t<div class=\"slide-content-container slide-content-center\" style=\"display: none;\">\n\t\t\t\t\t\t\t\t\t\t\t<div class=\"slide-content\" style=\"max-width:850px\">\n\t\t\t\t\t\t\t\t\t\t\t\t\t\t\t\t\t\t\t\t\t\t\t\t\t\t\t\t\t\t\t\t\t\t\t\t\t\t\t\t\t\t\t\t\t\t\t<\/div>\n\t\t\t\t\t\t\t\t\t\t<\/div>\n\t\t\t\t\t\t\t\t\t\t\t\t\t\t\t\t\t\t\t\t\t\t\t\t\t\t\t\t\t\t\t\t\t\t\t\t\t\t\t\t<div class=\"background background-image\" style=\"background-image: url(https:\/\/skrina.si\/wp-content\/uploads\/2024\/03\/Priznanja-in-mediji-MOL.jpg);max-width:100%;height:1350px;filter: progid:DXImageTransform.Microsoft.AlphaImageLoader(src='https:\/\/skrina.si\/wp-content\/uploads\/2024\/03\/Priznanja-in-mediji-MOL.jpg', sizingMethod='scale');\" data-imgwidth=\"2000\">\n\t\t\t\t\t\t\t\t\t\t\t\t\t\t\t\t\t\t\t\t\t\t\t\t\t\t\t\t\t\t\t\t\t\t\t\t\t\t\t\t\t\t\t\t\t\t\t\t\t\t\t\t\t\t\t\t\t\t\t\t\t\t\t\t\t\t<\/div>\n\t\t\t\t\t\t\t\t\t<\/li>\n\t\t\t\t\t\t\t\t\t\t\t\t\t\t\t\t\t\t\t\t\t\t\t<\/ul>\n\t\t\t\t\t\t<\/div>\n\t\t\t\t\t<\/div>\n\t\t\t\t\t\t\t\t<\/div><\/div><div class=\"fusion-layout-column fusion_builder_column fusion-builder-column-1 fusion_builder_column_1_2 1_2 fusion-flex-column\" style=\"--awb-bg-size:cover;--awb-width-large:50%;--awb-margin-top-large:0px;--awb-spacing-right-large:3.84%;--awb-margin-bottom-large:20px;--awb-spacing-left-large:3.84%;--awb-width-medium:100%;--awb-order-medium:0;--awb-spacing-right-medium:1.92%;--awb-spacing-left-medium:1.92%;--awb-width-small:100%;--awb-order-small:0;--awb-spacing-right-small:1.92%;--awb-spacing-left-small:1.92%;\"><div class=\"fusion-column-wrapper fusion-column-has-shadow fusion-flex-justify-content-flex-start fusion-content-layout-column\"><div class=\"fusion-title title fusion-title-1 fusion-sep-none fusion-title-text fusion-title-size-three\"><h3 class=\"fusion-title-heading title-heading-left\" style=\"margin:0;text-transform:uppercase;\">Priznanja in mediji<\/h3><\/div><div class=\"fusion-separator fusion-full-width-sep\" style=\"align-self: center;margin-left: auto;margin-right: auto;width:100%;\"><div class=\"fusion-separator-border sep-double\" style=\"--awb-height:20px;--awb-amount:20px;border-color:#e0dede;border-top-width:1px;border-bottom-width:1px;\"><\/div><\/div><div class=\"fusion-text fusion-text-1\" style=\"--awb-content-alignment:justify;--awb-text-transform:none;--awb-margin-top:0px;\"><h5>V akciji \u00bbMoja trgovina\u00ab (katero organizira mesto Ljubljana) je bila Etnogalerija SKRINA <strong><em>sedemkrat<\/em><\/strong> uvr\u0161\u010dena med najlep\u0161e trgovine v Ljubljani. V eni od obrazlo\u017eitev so zapisali: \u00bbEtnogalerija SKRINA je prodajno razstavna galerija s poudarkom na doma\u010di in umetnostni obrti, njena lastnika pa skozi vse leto pripravljata tudi razli\u010dne razstave. Tako je velikono\u010dna predstavitev barvanja jajc in belokranjskih pisanic ter izdelovanje butaric postala \u017ee kar tradicionalna&#8230;\u00ab<br \/>\n<strong><em>Lonely Planet<\/em><\/strong> nas je v svojem vodi\u010du ozna\u010dil za \u00bb<em>best \u2013 bar none shop for distinctly Slovenian folk craft<\/em>\u00ab, <strong><em>GZS <\/em><\/strong>pa nam je ob <strong><em>30 letnici<\/em><\/strong> uspe\u0161nega delovanja. podelila jubilejno priznanje.<br \/>\nO na\u0161ih prireditvah, nagradah in unikatnih izdelkih so poro\u010dali <em><strong>razli\u010dni \u010dasopisi<\/strong><\/em>, sodelovali pa smo tudi v mnogih <em><strong>TV oddajah<\/strong><\/em> \u2013 tako dnevno informativnih, kot izobra\u017eevalnih in v \u010dezmejnih projektih javnih televizij srednje Evrope (Alpe-Donava-Jadran).<\/h5>\n<\/div><\/div><\/div><\/div><\/div>\n","protected":false},"excerpt":{"rendered":"","protected":false},"author":2,"featured_media":0,"parent":0,"menu_order":0,"comment_status":"closed","ping_status":"closed","template":"","meta":{"_monsterinsights_skip_tracking":false,"_monsterinsights_sitenote_active":false,"_monsterinsights_sitenote_note":"","_monsterinsights_sitenote_category":0,"footnotes":""},"aioseo_notices":[],"yoast_head":"<!-- This site is optimized with the Yoast SEO plugin v22.1 - https:\/\/yoast.com\/wordpress\/plugins\/seo\/ -->\n<title>Priznanja in mediji - Etnogalerija Skrina<\/title>\n<meta name=\"description\" content=\"V akciji \u00bbMoja trgovina\u00ab (katero organizira mesto Ljubljana) je bila Etnogalerija SKRINA sedemkrat uvr\u0161\u010dena med najlep\u0161e trgovine v Ljubljani.\" \/>\n<meta name=\"robots\" content=\"index, follow, max-snippet:-1, max-image-preview:large, max-video-preview:-1\" \/>\n<link rel=\"canonical\" href=\"https:\/\/skrina.si\/sl\/priznanja\/\" \/>\n<meta property=\"og:locale\" content=\"sl_SI\" \/>\n<meta property=\"og:locale:alternate\" content=\"en_GB\" \/>\n<meta property=\"og:type\" content=\"article\" \/>\n<meta property=\"og:title\" content=\"Priznanja in mediji\" \/>\n<meta property=\"og:description\" content=\"V akciji \u00bbMoja trgovina\u00ab (katero organizira mesto Ljubljana) je bila Etnogalerija SKRINA sedemkrat uvr\u0161\u010dena med najlep\u0161e trgovine v Ljubljani.\" \/>\n<meta property=\"og:url\" content=\"https:\/\/skrina.si\/sl\/slide\/svece-vrtnice-2-3-3-2-2-2-2-3-2-2-2\/\" \/>\n<meta property=\"og:site_name\" content=\"Etnogalerija Skrina\" \/>\n<meta property=\"article:modified_time\" content=\"2024-04-05T16:16:36+00:00\" \/>\n<meta name=\"twitter:card\" content=\"summary_large_image\" \/>\n<meta name=\"twitter:label1\" content=\"Est. reading time\" \/>\n\t<meta name=\"twitter:data1\" content=\"4 minute\" \/>\n<script type=\"application\/ld+json\" class=\"yoast-schema-graph\">{\"@context\":\"https:\/\/schema.org\",\"@graph\":[{\"@type\":\"WebPage\",\"@id\":\"https:\/\/skrina.si\/sl\/priznanja\/\",\"url\":\"https:\/\/skrina.si\/sl\/priznanja\/\",\"name\":\"[:en]Priznanja in mediji[:sl]Priznanja in mediji[:] - Etnogalerija Skrina\",\"isPartOf\":{\"@id\":\"https:\/\/skrina.si\/sl\/#website\"},\"datePublished\":\"2022-03-31T15:34:58+00:00\",\"dateModified\":\"2024-04-05T16:16:36+00:00\",\"description\":\"V akciji \u00bbMoja trgovina\u00ab (katero organizira mesto Ljubljana) je bila Etnogalerija SKRINA sedemkrat uvr\u0161\u010dena med najlep\u0161e trgovine v Ljubljani.\",\"breadcrumb\":{\"@id\":\"https:\/\/skrina.si\/sl\/priznanja\/#breadcrumb\"},\"inLanguage\":\"sl-SI\",\"potentialAction\":[{\"@type\":\"ReadAction\",\"target\":[\"https:\/\/skrina.si\/sl\/priznanja\/\"]}]},{\"@type\":\"BreadcrumbList\",\"@id\":\"https:\/\/skrina.si\/sl\/priznanja\/#breadcrumb\",\"itemListElement\":[{\"@type\":\"ListItem\",\"position\":1,\"name\":\"Home\",\"item\":\"https:\/\/skrina.si\/\"},{\"@type\":\"ListItem\",\"position\":2,\"name\":\"Priznanja in mediji\"}]},{\"@type\":\"WebSite\",\"@id\":\"https:\/\/skrina.si\/sl\/#website\",\"url\":\"https:\/\/skrina.si\/sl\/\",\"name\":\"Etnogalerija Skrina\",\"description\":\"Tradicija s posluhom\",\"potentialAction\":[{\"@type\":\"SearchAction\",\"target\":{\"@type\":\"EntryPoint\",\"urlTemplate\":\"https:\/\/skrina.si\/sl\/?s={search_term_string}\"},\"query-input\":\"required name=search_term_string\"}],\"inLanguage\":\"sl-SI\"}]}<\/script>\n<!-- \/ Yoast SEO plugin. -->","yoast_head_json":{"title":"Priznanja in mediji - Etnogalerija Skrina","description":"V akciji \u00bbMoja trgovina\u00ab (katero organizira mesto Ljubljana) je bila Etnogalerija SKRINA sedemkrat uvr\u0161\u010dena med najlep\u0161e trgovine v Ljubljani.","robots":{"index":"index","follow":"follow","max-snippet":"max-snippet:-1","max-image-preview":"max-image-preview:large","max-video-preview":"max-video-preview:-1"},"canonical":"https:\/\/skrina.si\/sl\/priznanja\/","og_locale":"sl_SI","og_type":"article","og_title":"[:en]Priznanja in mediji[:sl]Priznanja in mediji[:] - Etnogalerija Skrina","og_description":"V akciji \u00bbMoja trgovina\u00ab (katero organizira mesto Ljubljana) je bila Etnogalerija SKRINA sedemkrat uvr\u0161\u010dena med najlep\u0161e trgovine v Ljubljani.","og_url":"https:\/\/skrina.si\/sl\/slide\/svece-vrtnice-2-3-3-2-2-2-2-3-2-2-2\/","og_site_name":"Etnogalerija Skrina","article_modified_time":"2024-04-05T16:16:36+00:00","twitter_card":"summary_large_image","twitter_misc":{"Est. reading time":"4 minute"},"schema":{"@context":"https:\/\/schema.org","@graph":[{"@type":"WebPage","@id":"https:\/\/skrina.si\/sl\/priznanja\/","url":"https:\/\/skrina.si\/sl\/priznanja\/","name":"[:en]Priznanja in mediji[:sl]Priznanja in mediji[:] - Etnogalerija Skrina","isPartOf":{"@id":"https:\/\/skrina.si\/sl\/#website"},"datePublished":"2022-03-31T15:34:58+00:00","dateModified":"2024-04-05T16:16:36+00:00","description":"V akciji \u00bbMoja trgovina\u00ab (katero organizira mesto Ljubljana) je bila Etnogalerija SKRINA sedemkrat uvr\u0161\u010dena med najlep\u0161e trgovine v Ljubljani.","breadcrumb":{"@id":"https:\/\/skrina.si\/sl\/priznanja\/#breadcrumb"},"inLanguage":"sl-SI","potentialAction":[{"@type":"ReadAction","target":["https:\/\/skrina.si\/sl\/priznanja\/"]}]},{"@type":"BreadcrumbList","@id":"https:\/\/skrina.si\/sl\/priznanja\/#breadcrumb","itemListElement":[{"@type":"ListItem","position":1,"name":"Home","item":"https:\/\/skrina.si\/"},{"@type":"ListItem","position":2,"name":"Priznanja in mediji"}]},{"@type":"WebSite","@id":"https:\/\/skrina.si\/sl\/#website","url":"https:\/\/skrina.si\/sl\/","name":"Etnogalerija Skrina","description":"Tradicija s posluhom","potentialAction":[{"@type":"SearchAction","target":{"@type":"EntryPoint","urlTemplate":"https:\/\/skrina.si\/sl\/?s={search_term_string}"},"query-input":"required name=search_term_string"}],"inLanguage":"sl-SI"}]}},"_links":{"self":[{"href":"https:\/\/skrina.si\/sl\/wp-json\/wp\/v2\/pages\/8864"}],"collection":[{"href":"https:\/\/skrina.si\/sl\/wp-json\/wp\/v2\/pages"}],"about":[{"href":"https:\/\/skrina.si\/sl\/wp-json\/wp\/v2\/types\/page"}],"author":[{"embeddable":true,"href":"https:\/\/skrina.si\/sl\/wp-json\/wp\/v2\/users\/2"}],"replies":[{"embeddable":true,"href":"https:\/\/skrina.si\/sl\/wp-json\/wp\/v2\/comments?post=8864"}],"version-history":[{"count":8,"href":"https:\/\/skrina.si\/sl\/wp-json\/wp\/v2\/pages\/8864\/revisions"}],"predecessor-version":[{"id":14601,"href":"https:\/\/skrina.si\/sl\/wp-json\/wp\/v2\/pages\/8864\/revisions\/14601"}],"wp:attachment":[{"href":"https:\/\/skrina.si\/sl\/wp-json\/wp\/v2\/media?parent=8864"}],"curies":[{"name":"wp","href":"https:\/\/api.w.org\/{rel}","templated":true}]}}