{"id":7809,"date":"2022-03-03T11:11:55","date_gmt":"2022-03-03T11:11:55","guid":{"rendered":"https:\/\/skrina.si\/?page_id=7809"},"modified":"2024-08-30T12:09:06","modified_gmt":"2024-08-30T10:09:06","slug":"tarce","status":"publish","type":"page","link":"https:\/\/skrina.si\/sl\/tarce\/","title":{"rendered":"Tar\u010de"},"content":{"rendered":"<p><div class=\"fusion-fullwidth fullwidth-box fusion-builder-row-1 fusion-flex-container has-pattern-background has-mask-background nonhundred-percent-fullwidth non-hundred-percent-height-scrolling\" style=\"--awb-border-sizes-top:0px;--awb-border-sizes-bottom:0px;--awb-border-sizes-left:0px;--awb-border-sizes-right:0px;--awb-border-color:#686868;--awb-border-radius-top-left:0px;--awb-border-radius-top-right:0px;--awb-border-radius-bottom-right:0px;--awb-border-radius-bottom-left:0px;--awb-padding-top:0px;--awb-padding-bottom:20px;--awb-flex-wrap:wrap;--awb-box-shadow: 0px 0px ;\" ><div class=\"fusion-builder-row fusion-row fusion-flex-align-items-flex-start fusion-flex-justify-content-center fusion-flex-content-wrap\" style=\"max-width:1560px;margin-left: calc(-4% \/ 2 );margin-right: calc(-4% \/ 2 );\"><div class=\"fusion-layout-column fusion_builder_column fusion-builder-column-0 fusion_builder_column_1_2 1_2 fusion-flex-column fusion-flex-align-self-flex-start\" style=\"--awb-bg-size:cover;--awb-width-large:50%;--awb-margin-top-large:0px;--awb-spacing-right-large:3.84%;--awb-margin-bottom-large:20px;--awb-spacing-left-large:3.84%;--awb-width-medium:100%;--awb-order-medium:0;--awb-spacing-right-medium:1.92%;--awb-spacing-left-medium:1.92%;--awb-width-small:100%;--awb-order-small:0;--awb-spacing-right-small:1.92%;--awb-spacing-left-small:1.92%;\"><div class=\"fusion-column-wrapper fusion-column-has-shadow fusion-flex-justify-content-flex-start fusion-content-layout-column\">\t\t\t\t\t<div class=\"fusion-slider-container fusion-slider-sc-tarce-slo fusion-slider-768 full-width-slider\" style=\"margin-top:25px;margin-bottom:25px;height:1350px; max-width:100%;\" data-id=\"768\" data-full_height=\"\">\n\t\t\t\t\t\t<style type=\"text\/css\">.fusion-slider-768 .flex-direction-nav a {width:33px;height:33px;line-height:33px;font-size:25px;}<\/style>\t\t\t\t\t\t<div class=\"fusion-slider-loading\">Loading...<\/div>\n\t\t\t\t\t\t<div class=\"tfs-slider flexslider main-flex full-width-slider\" data-slider_width=\"100%\" data-slider_height=\"1350px\" data-slider_content_width=\"850px\" data-full_screen=\"0\" data-parallax=\"1\" data-nav_arrows=\"1\" data-nav_arrow_size=\"25px\" data-nav_box_width=\"33px\" data-nav_box_height=\"33px\" data-slideshow_speed=\"2000\" data-loop=\"1\" data-autoplay=\"1\" data-orderby=\"date\" data-order=\"DESC\" data-animation=\"fade\" data-animation_speed=\"4000\" data-typo_sensitivity=\"0.1\" data-typo_factor=\"1.5\" style=\"max-width:100%;\">\n\t\t\t\t\t\t\t<ul class=\"slides\">\n\t\t\t\t\t\t\t\t\t\t\t\t\t\t\t\t\t<li data-mute=\"yes\" data-loop=\"yes\" data-autoplay=\"yes\">\n\t\t\t\t\t\t\t\t\t\t<div class=\"slide-content-container slide-content-center\" style=\"display: none;\">\n\t\t\t\t\t\t\t\t\t\t\t<div class=\"slide-content\" style=\"max-width:850px\">\n\t\t\t\t\t\t\t\t\t\t\t\t\t\t\t\t\t\t\t\t\t\t\t\t\t\t\t\t\t\t\t\t\t\t\t\t\t\t\t\t\t\t\t\t\t\t\t<\/div>\n\t\t\t\t\t\t\t\t\t\t<\/div>\n\t\t\t\t\t\t\t\t\t\t\t\t\t\t\t\t\t\t\t\t\t\t\t\t\t\t\t\t\t\t\t\t\t\t\t\t\t\t\t\t<div class=\"background background-image\" style=\"background-image: url(https:\/\/skrina.si\/wp-content\/uploads\/2022\/08\/Lovske-tarce-lovca-v-vodi-tradicija-s-posluhom-slovenija-etno-galerija-skrina.jpg);max-width:100%;height:1350px;filter: progid:DXImageTransform.Microsoft.AlphaImageLoader(src='https:\/\/skrina.si\/wp-content\/uploads\/2022\/08\/Lovske-tarce-lovca-v-vodi-tradicija-s-posluhom-slovenija-etno-galerija-skrina.jpg', sizingMethod='scale');\" data-imgwidth=\"2000\">\n\t\t\t\t\t\t\t\t\t\t\t\t\t\t\t\t\t\t\t\t\t\t\t\t\t\t\t\t\t\t\t\t\t\t\t\t\t\t\t\t\t\t\t\t\t\t\t\t\t\t\t\t\t\t\t\t\t\t\t\t\t\t\t\t\t\t<\/div>\n\t\t\t\t\t\t\t\t\t<\/li>\n\t\t\t\t\t\t\t\t\t\t\t\t\t\t\t\t\t<li data-mute=\"yes\" data-loop=\"yes\" data-autoplay=\"yes\">\n\t\t\t\t\t\t\t\t\t\t<div class=\"slide-content-container slide-content-center\" style=\"display: none;\">\n\t\t\t\t\t\t\t\t\t\t\t<div class=\"slide-content\" style=\"max-width:850px\">\n\t\t\t\t\t\t\t\t\t\t\t\t\t\t\t\t\t\t\t\t\t\t\t\t\t\t\t\t\t\t\t\t\t\t\t\t\t\t\t\t\t\t\t\t\t\t\t<\/div>\n\t\t\t\t\t\t\t\t\t\t<\/div>\n\t\t\t\t\t\t\t\t\t\t\t\t\t\t\t\t\t\t\t\t\t\t\t\t\t\t\t\t\t\t\t\t\t\t\t\t\t\t\t\t<div class=\"background background-image\" style=\"background-image: url(https:\/\/skrina.si\/wp-content\/uploads\/2022\/08\/Lovske-tarce-dami-in-lisica-tradicija-s-posluhom-slovenija-etno-galerija-skrina.jpg);max-width:100%;height:1350px;filter: progid:DXImageTransform.Microsoft.AlphaImageLoader(src='https:\/\/skrina.si\/wp-content\/uploads\/2022\/08\/Lovske-tarce-dami-in-lisica-tradicija-s-posluhom-slovenija-etno-galerija-skrina.jpg', sizingMethod='scale');\" data-imgwidth=\"2000\">\n\t\t\t\t\t\t\t\t\t\t\t\t\t\t\t\t\t\t\t\t\t\t\t\t\t\t\t\t\t\t\t\t\t\t\t\t\t\t\t\t\t\t\t\t\t\t\t\t\t\t\t\t\t\t\t\t\t\t\t\t\t\t\t\t\t\t<\/div>\n\t\t\t\t\t\t\t\t\t<\/li>\n\t\t\t\t\t\t\t\t\t\t\t\t\t\t\t\t\t<li data-mute=\"yes\" data-loop=\"yes\" data-autoplay=\"yes\">\n\t\t\t\t\t\t\t\t\t\t<div class=\"slide-content-container slide-content-center\" style=\"display: none;\">\n\t\t\t\t\t\t\t\t\t\t\t<div class=\"slide-content\" style=\"max-width:850px\">\n\t\t\t\t\t\t\t\t\t\t\t\t\t\t\t\t\t\t\t\t\t\t\t\t\t\t\t\t\t\t\t\t\t\t\t\t\t\t\t\t\t\t\t\t\t\t\t<\/div>\n\t\t\t\t\t\t\t\t\t\t<\/div>\n\t\t\t\t\t\t\t\t\t\t\t\t\t\t\t\t\t\t\t\t\t\t\t\t\t\t\t\t\t\t\t\t\t\t\t\t\t\t\t\t<div class=\"background background-image\" style=\"background-image: url(https:\/\/skrina.si\/wp-content\/uploads\/2022\/08\/Lovske-tarce-kokosi-in-petelin-tradicija-s-posluhom-slovenija-etno-galerija-skrina.jpg);max-width:100%;height:1350px;filter: progid:DXImageTransform.Microsoft.AlphaImageLoader(src='https:\/\/skrina.si\/wp-content\/uploads\/2022\/08\/Lovske-tarce-kokosi-in-petelin-tradicija-s-posluhom-slovenija-etno-galerija-skrina.jpg', sizingMethod='scale');\" data-imgwidth=\"2000\">\n\t\t\t\t\t\t\t\t\t\t\t\t\t\t\t\t\t\t\t\t\t\t\t\t\t\t\t\t\t\t\t\t\t\t\t\t\t\t\t\t\t\t\t\t\t\t\t\t\t\t\t\t\t\t\t\t\t\t\t\t\t\t\t\t\t\t<\/div>\n\t\t\t\t\t\t\t\t\t<\/li>\n\t\t\t\t\t\t\t\t\t\t\t\t\t\t\t\t\t<li data-mute=\"yes\" data-loop=\"yes\" data-autoplay=\"yes\">\n\t\t\t\t\t\t\t\t\t\t<div class=\"slide-content-container slide-content-center\" style=\"display: none;\">\n\t\t\t\t\t\t\t\t\t\t\t<div class=\"slide-content\" style=\"max-width:850px\">\n\t\t\t\t\t\t\t\t\t\t\t\t\t\t\t\t\t\t\t\t\t\t\t\t\t\t\t\t\t\t\t\t\t\t\t\t\t\t\t\t\t\t\t\t\t\t\t<\/div>\n\t\t\t\t\t\t\t\t\t\t<\/div>\n\t\t\t\t\t\t\t\t\t\t\t\t\t\t\t\t\t\t\t\t\t\t\t\t\t\t\t\t\t\t\t\t\t\t\t\t\t\t\t\t<div class=\"background background-image\" style=\"background-image: url(https:\/\/skrina.si\/wp-content\/uploads\/2021\/06\/Tarca-zadaj.jpg);max-width:100%;height:1350px;filter: progid:DXImageTransform.Microsoft.AlphaImageLoader(src='https:\/\/skrina.si\/wp-content\/uploads\/2021\/06\/Tarca-zadaj.jpg', sizingMethod='scale');\" data-imgwidth=\"2000\">\n\t\t\t\t\t\t\t\t\t\t\t\t\t\t\t\t\t\t\t\t\t\t\t\t\t\t\t\t\t\t\t\t\t\t\t\t\t\t\t\t\t\t\t\t\t\t\t\t\t\t\t\t\t\t\t\t\t\t\t\t\t\t\t\t\t\t<\/div>\n\t\t\t\t\t\t\t\t\t<\/li>\n\t\t\t\t\t\t\t\t\t\t\t\t\t\t\t\t\t\t\t\t\t\t\t<\/ul>\n\t\t\t\t\t\t<\/div>\n\t\t\t\t\t<\/div>\n\t\t\t\t\t\t\t\t<\/div><\/div><div class=\"fusion-layout-column fusion_builder_column fusion-builder-column-1 fusion_builder_column_1_2 1_2 fusion-flex-column\" style=\"--awb-bg-size:cover;--awb-width-large:50%;--awb-margin-top-large:0px;--awb-spacing-right-large:3.84%;--awb-margin-bottom-large:20px;--awb-spacing-left-large:3.84%;--awb-width-medium:100%;--awb-order-medium:0;--awb-spacing-right-medium:1.92%;--awb-spacing-left-medium:1.92%;--awb-width-small:100%;--awb-order-small:0;--awb-spacing-right-small:1.92%;--awb-spacing-left-small:1.92%;\"><div class=\"fusion-column-wrapper fusion-column-has-shadow fusion-flex-justify-content-flex-start fusion-content-layout-column\"><div class=\"fusion-title title fusion-title-1 fusion-sep-none fusion-title-center fusion-title-text fusion-title-size-five\" style=\"--awb-margin-bottom:0px;\"><h5 class=\"fusion-title-heading title-heading-center\" style=\"margin:0;\"><h5 style=\"text-align: left;\">Tar\u010de<\/h5><\/h5><\/div><div class=\"fusion-separator fusion-full-width-sep\" style=\"align-self: center;margin-left: auto;margin-right: auto;width:100%;\"><div class=\"fusion-separator-border sep-double sep-solid\" style=\"--awb-height:20px;--awb-amount:20px;border-color:#e0dede;border-top-width:1px;border-bottom-width:1px;\"><\/div><\/div><div class=\"fusion-text fusion-text-1\" style=\"--awb-content-alignment:justify;--awb-text-transform:none;\"><h5>Tako kot drugod po Evropi, so bile v 18. in 19. stoletju tudi v\u00a0 Sloveniji <em><strong>strelske tar\u010de <\/strong><\/em>zelo priljubljene.<br \/>\nNajve\u010dkrat so bile okrogle ali kvadratne oblike in so neprecenljiv vir informacij o strelskih dogodkih, obi\u010dajih in navadah razli\u010dnih strelskih klubov. S pozornim opazovanjem pa lahko iz njih razberemo tudi\u00a0 razli\u010dnosti v zna\u010dajih posameznih lovcev, ki so obi\u010dajno orisani na igriv in hudomu\u0161en na\u010din.<br \/>\nPonazarjajo lovske posebnosti, slabosti in nagnjenost k pretiravanju, ki se je ohranila vse do dana\u0161njih dni v frazi, ki jo pogosto uporabljamo: \u00bbTa je pa lovska\u00ab.<br \/>\nNajstarej\u0161a ohranjena tar\u010da je iz dru\u0161tva ostrostrelcev\u00a0\u00a0 leta <em><strong>1719,<\/strong><\/em> zadnjo tar\u010do pa je naslikal Ljubljanski slikar Edo Der\u017eaj ob 375 letnici dru\u0161tva slovenskih ostrostrelcev.<br \/>\nOriginalne tar\u010de so razli\u010dnih oblik in velikosti in jih hrani Mestni muzej Ljubljana.<\/h5>\n<\/div><\/div><\/div><\/div><\/div><div class=\"fusion-fullwidth fullwidth-box fusion-builder-row-2 fusion-flex-container has-pattern-background has-mask-background nonhundred-percent-fullwidth non-hundred-percent-height-scrolling\" style=\"--awb-border-radius-top-left:0px;--awb-border-radius-top-right:0px;--awb-border-radius-bottom-right:0px;--awb-border-radius-bottom-left:0px;--awb-padding-top:40px;--awb-flex-wrap:wrap;\" ><div class=\"fusion-builder-row fusion-row fusion-flex-align-items-flex-start fusion-flex-content-wrap\" style=\"max-width:1560px;margin-left: calc(-4% \/ 2 );margin-right: calc(-4% \/ 2 );\"><div class=\"fusion-layout-column fusion_builder_column fusion-builder-column-2 fusion_builder_column_1_1 1_1 fusion-flex-column\" style=\"--awb-bg-blend:overlay;--awb-bg-size:cover;--awb-width-large:100%;--awb-margin-top-large:0px;--awb-spacing-right-large:1.92%;--awb-margin-bottom-large:0px;--awb-spacing-left-large:1.92%;--awb-width-medium:100%;--awb-spacing-right-medium:1.92%;--awb-spacing-left-medium:1.92%;--awb-width-small:100%;--awb-spacing-right-small:1.92%;--awb-spacing-left-small:1.92%;\"><div class=\"fusion-column-wrapper fusion-flex-justify-content-flex-start fusion-content-layout-column\"><div class=\"fusion-woo-product-grid fusion-product-archive fusion-woo-product-grid-1\"><ul class=\"products products-4\"><li class=\"product type-product post-13674 status-publish first instock product_cat-izdelki-skrina product_cat-lovske-tarce-izdelki-skrina product_tag-lovec has-post-thumbnail shipping-taxable product-type-simple product-grid-view\">\n\t<div class=\"fusion-product-wrapper\">\n<div class=\"fusion-clean-product-image-wrapper \">\n\t<div  class=\"fusion-image-wrapper fusion-image-size-fixed\" aria-haspopup=\"true\">\n\t\t\t\t\t\t\t<a href=\"https:\/\/skrina.si\/sl\/product\/lov-na-lisico\/\" aria-label=\"Lov na lisico\">\n\t\t\t\t\t\t\t<img loading=\"lazy\" decoding=\"async\" width=\"500\" height=\"500\" src=\"https:\/\/skrina.si\/wp-content\/uploads\/2022\/08\/Lovske-tarce-dami-in-lisica-tradicija-s-posluhom-slovenija-etno-galerija-skrina-500x500.jpg\" class=\"attachment-woocommerce_thumbnail size-woocommerce_thumbnail wp-post-image\" alt=\"Lovske tar\u010de dami in lisica tradicija s posluhom slovenija etno galerija skrina\" srcset=\"https:\/\/skrina.si\/wp-content\/uploads\/2022\/08\/Lovske-tarce-dami-in-lisica-tradicija-s-posluhom-slovenija-etno-galerija-skrina-66x66.jpg 66w, https:\/\/skrina.si\/wp-content\/uploads\/2022\/08\/Lovske-tarce-dami-in-lisica-tradicija-s-posluhom-slovenija-etno-galerija-skrina-150x150.jpg 150w, https:\/\/skrina.si\/wp-content\/uploads\/2022\/08\/Lovske-tarce-dami-in-lisica-tradicija-s-posluhom-slovenija-etno-galerija-skrina-303x303.jpg 303w, https:\/\/skrina.si\/wp-content\/uploads\/2022\/08\/Lovske-tarce-dami-in-lisica-tradicija-s-posluhom-slovenija-etno-galerija-skrina-500x500.jpg 500w\" sizes=\"(max-width: 500px) 100vw, 500px\" \/><div class=\"cart-loading\"><i class=\"awb-icon-spinner\" aria-hidden=\"true\"><\/i><\/div>\t\t\t<\/a>\n\t\t\t\t\t\t\t<\/div>\n<\/div>\n<div class=\"fusion-product-content\">\n\t<div class=\"product-details\">\n\t\t<div class=\"product-details-container\">\n<h3 class=\"product-title\">\n\t<a href=\"https:\/\/skrina.si\/sl\/product\/lov-na-lisico\/\">\n\t\tLov na lisico\t<\/a>\n<\/h3>\n<div class=\"fusion-price-rating\">\n\n\t\t<\/div>\n\t<\/div>\n<\/div>\n\n\t<\/div> \n\n\n<\/div>\n<\/li>\n<li class=\"product type-product post-13670 status-publish instock product_cat-izdelki-skrina product_cat-lovske-tarce-izdelki-skrina product_tag-lovec has-post-thumbnail shipping-taxable product-type-simple product-grid-view\">\n\t<div class=\"fusion-product-wrapper\">\n<div class=\"fusion-clean-product-image-wrapper \">\n\t<div  class=\"fusion-image-wrapper fusion-image-size-fixed\" aria-haspopup=\"true\">\n\t\t\t\t\t\t\t<a href=\"https:\/\/skrina.si\/sl\/product\/lovec-pes-in-tolovaj\/\" aria-label=\"Lovec, pes in tolovaj\">\n\t\t\t\t\t\t\t<img loading=\"lazy\" decoding=\"async\" width=\"500\" height=\"500\" src=\"https:\/\/skrina.si\/wp-content\/uploads\/2022\/08\/Lovske-tarce-lovca-v-vodi-tradicija-s-posluhom-slovenija-etno-galerija-skrina-500x500.jpg\" class=\"attachment-woocommerce_thumbnail size-woocommerce_thumbnail wp-post-image\" alt=\"Lovske tar\u010de lovca v vodi tradicija s posluhom slovenija etno galerija skrina\" srcset=\"https:\/\/skrina.si\/wp-content\/uploads\/2022\/08\/Lovske-tarce-lovca-v-vodi-tradicija-s-posluhom-slovenija-etno-galerija-skrina-66x66.jpg 66w, https:\/\/skrina.si\/wp-content\/uploads\/2022\/08\/Lovske-tarce-lovca-v-vodi-tradicija-s-posluhom-slovenija-etno-galerija-skrina-150x150.jpg 150w, https:\/\/skrina.si\/wp-content\/uploads\/2022\/08\/Lovske-tarce-lovca-v-vodi-tradicija-s-posluhom-slovenija-etno-galerija-skrina-303x303.jpg 303w, https:\/\/skrina.si\/wp-content\/uploads\/2022\/08\/Lovske-tarce-lovca-v-vodi-tradicija-s-posluhom-slovenija-etno-galerija-skrina-500x500.jpg 500w\" sizes=\"(max-width: 500px) 100vw, 500px\" \/><div class=\"cart-loading\"><i class=\"awb-icon-spinner\" aria-hidden=\"true\"><\/i><\/div>\t\t\t<\/a>\n\t\t\t\t\t\t\t<\/div>\n<\/div>\n<div class=\"fusion-product-content\">\n\t<div class=\"product-details\">\n\t\t<div class=\"product-details-container\">\n<h3 class=\"product-title\">\n\t<a href=\"https:\/\/skrina.si\/sl\/product\/lovec-pes-in-tolovaj\/\">\n\t\tLovec, pes in tolovaj\t<\/a>\n<\/h3>\n<div class=\"fusion-price-rating\">\n\n\t\t<\/div>\n\t<\/div>\n<\/div>\n\n\t<\/div> \n\n\n<\/div>\n<\/li>\n<li class=\"product type-product post-13673 status-publish instock product_cat-izdelki-skrina product_cat-lovske-tarce-izdelki-skrina product_tag-lovec has-post-thumbnail shipping-taxable product-type-simple product-grid-view\">\n\t<div class=\"fusion-product-wrapper\">\n<div class=\"fusion-clean-product-image-wrapper \">\n\t<div  class=\"fusion-image-wrapper fusion-image-size-fixed\" aria-haspopup=\"true\">\n\t\t\t\t\t\t\t<a href=\"https:\/\/skrina.si\/sl\/product\/petelinji-boj\/\" aria-label=\"Petelinji boj\">\n\t\t\t\t\t\t\t<img loading=\"lazy\" decoding=\"async\" width=\"500\" height=\"500\" src=\"https:\/\/skrina.si\/wp-content\/uploads\/2022\/08\/Lovske-tarce-kokosi-in-petelin-tradicija-s-posluhom-slovenija-etno-galerija-skrina-500x500.jpg\" class=\"attachment-woocommerce_thumbnail size-woocommerce_thumbnail wp-post-image\" alt=\"Lovske tar\u010de koko\u0161i in petelin tradicija s posluhom slovenija etno galerija skrina\" srcset=\"https:\/\/skrina.si\/wp-content\/uploads\/2022\/08\/Lovske-tarce-kokosi-in-petelin-tradicija-s-posluhom-slovenija-etno-galerija-skrina-66x66.jpg 66w, https:\/\/skrina.si\/wp-content\/uploads\/2022\/08\/Lovske-tarce-kokosi-in-petelin-tradicija-s-posluhom-slovenija-etno-galerija-skrina-150x150.jpg 150w, https:\/\/skrina.si\/wp-content\/uploads\/2022\/08\/Lovske-tarce-kokosi-in-petelin-tradicija-s-posluhom-slovenija-etno-galerija-skrina-303x303.jpg 303w, https:\/\/skrina.si\/wp-content\/uploads\/2022\/08\/Lovske-tarce-kokosi-in-petelin-tradicija-s-posluhom-slovenija-etno-galerija-skrina-500x500.jpg 500w\" sizes=\"(max-width: 500px) 100vw, 500px\" \/><div class=\"cart-loading\"><i class=\"awb-icon-spinner\" aria-hidden=\"true\"><\/i><\/div>\t\t\t<\/a>\n\t\t\t\t\t\t\t<\/div>\n<\/div>\n<div class=\"fusion-product-content\">\n\t<div class=\"product-details\">\n\t\t<div class=\"product-details-container\">\n<h3 class=\"product-title\">\n\t<a href=\"https:\/\/skrina.si\/sl\/product\/petelinji-boj\/\">\n\t\tPetelinji boj\t<\/a>\n<\/h3>\n<div class=\"fusion-price-rating\">\n\n\t\t<\/div>\n\t<\/div>\n<\/div>\n\n\t<\/div> \n\n\n<\/div>\n<\/li>\n<li class=\"product type-product post-13671 status-publish last instock product_cat-izdelki-skrina product_cat-lovske-tarce-izdelki-skrina product_tag-lovec has-post-thumbnail shipping-taxable product-type-simple product-grid-view\">\n\t<div class=\"fusion-product-wrapper\">\n<div class=\"fusion-clean-product-image-wrapper \">\n\t<div  class=\"fusion-image-wrapper fusion-image-size-fixed\" aria-haspopup=\"true\">\n\t\t\t\t\t\t\t<a href=\"https:\/\/skrina.si\/sl\/product\/vaja-s-klobukom\/\" aria-label=\"Vaja s klobukom\">\n\t\t\t\t\t\t\t<img loading=\"lazy\" decoding=\"async\" width=\"500\" height=\"500\" src=\"https:\/\/skrina.si\/wp-content\/uploads\/2022\/08\/Lovske-tarce-klobuk-jabolko-na-glavi-tradicija-s-posluhom-slovenija-etno-galerija-skrina-500x500.jpg\" class=\"attachment-woocommerce_thumbnail size-woocommerce_thumbnail wp-post-image\" alt=\"Lovske tar\u010de klobuk jabolko na glavi tradicija s posluhom slovenija etno galerija skrina\" srcset=\"https:\/\/skrina.si\/wp-content\/uploads\/2022\/08\/Lovske-tarce-klobuk-jabolko-na-glavi-tradicija-s-posluhom-slovenija-etno-galerija-skrina-66x66.jpg 66w, https:\/\/skrina.si\/wp-content\/uploads\/2022\/08\/Lovske-tarce-klobuk-jabolko-na-glavi-tradicija-s-posluhom-slovenija-etno-galerija-skrina-150x150.jpg 150w, https:\/\/skrina.si\/wp-content\/uploads\/2022\/08\/Lovske-tarce-klobuk-jabolko-na-glavi-tradicija-s-posluhom-slovenija-etno-galerija-skrina-303x303.jpg 303w, https:\/\/skrina.si\/wp-content\/uploads\/2022\/08\/Lovske-tarce-klobuk-jabolko-na-glavi-tradicija-s-posluhom-slovenija-etno-galerija-skrina-500x500.jpg 500w\" sizes=\"(max-width: 500px) 100vw, 500px\" \/><div class=\"cart-loading\"><i class=\"awb-icon-spinner\" aria-hidden=\"true\"><\/i><\/div>\t\t\t<\/a>\n\t\t\t\t\t\t\t<\/div>\n<\/div>\n<div class=\"fusion-product-content\">\n\t<div class=\"product-details\">\n\t\t<div class=\"product-details-container\">\n<h3 class=\"product-title\">\n\t<a href=\"https:\/\/skrina.si\/sl\/product\/vaja-s-klobukom\/\">\n\t\tVaja s klobukom\t<\/a>\n<\/h3>\n<div class=\"fusion-price-rating\">\n\n\t\t<\/div>\n\t<\/div>\n<\/div>\n\n\t<\/div> \n\n\n<\/div>\n<\/li>\n<\/ul><div class=\"fusion-woo-product-grid-pagination fusion-clearfix\"><\/div><\/div><\/div><\/div><\/div><\/div><\/p>\n","protected":false},"excerpt":{"rendered":"","protected":false},"author":2,"featured_media":0,"parent":0,"menu_order":0,"comment_status":"closed","ping_status":"closed","template":"","meta":{"_monsterinsights_skip_tracking":false,"_monsterinsights_sitenote_active":false,"_monsterinsights_sitenote_note":"","_monsterinsights_sitenote_category":0,"footnotes":""},"aioseo_notices":[],"yoast_head":"<!-- This site is optimized with the Yoast SEO plugin v22.1 - https:\/\/yoast.com\/wordpress\/plugins\/seo\/ -->\n<title>Tar\u010de - Etnogalerija Skrina<\/title>\n<meta name=\"robots\" content=\"index, follow, max-snippet:-1, max-image-preview:large, max-video-preview:-1\" \/>\n<link rel=\"canonical\" href=\"https:\/\/skrina.si\/sl\/tarce\/\" \/>\n<meta property=\"og:locale\" content=\"sl_SI\" \/>\n<meta property=\"og:locale:alternate\" content=\"en_GB\" \/>\n<meta property=\"og:type\" content=\"article\" \/>\n<meta property=\"og:title\" content=\"Tar\u010de\" \/>\n<meta property=\"og:url\" content=\"https:\/\/skrina.si\/sl\/slide\/tarca-1-2-2-2\/\" \/>\n<meta property=\"og:site_name\" content=\"Etnogalerija Skrina\" \/>\n<meta property=\"article:modified_time\" content=\"2024-08-30T10:09:06+00:00\" \/>\n<meta name=\"twitter:card\" content=\"summary_large_image\" \/>\n<meta name=\"twitter:label1\" content=\"Est. reading time\" \/>\n\t<meta name=\"twitter:data1\" content=\"2 minuti\" \/>\n<script type=\"application\/ld+json\" class=\"yoast-schema-graph\">{\"@context\":\"https:\/\/schema.org\",\"@graph\":[{\"@type\":\"WebPage\",\"@id\":\"https:\/\/skrina.si\/sl\/tarce\/\",\"url\":\"https:\/\/skrina.si\/sl\/tarce\/\",\"name\":\"[:en]Tar\u010de[:sl]Tar\u010de[:] - Etnogalerija Skrina\",\"isPartOf\":{\"@id\":\"https:\/\/skrina.si\/sl\/#website\"},\"datePublished\":\"2022-03-03T11:11:55+00:00\",\"dateModified\":\"2024-08-30T10:09:06+00:00\",\"breadcrumb\":{\"@id\":\"https:\/\/skrina.si\/sl\/tarce\/#breadcrumb\"},\"inLanguage\":\"sl-SI\",\"potentialAction\":[{\"@type\":\"ReadAction\",\"target\":[\"https:\/\/skrina.si\/sl\/tarce\/\"]}]},{\"@type\":\"BreadcrumbList\",\"@id\":\"https:\/\/skrina.si\/sl\/tarce\/#breadcrumb\",\"itemListElement\":[{\"@type\":\"ListItem\",\"position\":1,\"name\":\"Home\",\"item\":\"https:\/\/skrina.si\/\"},{\"@type\":\"ListItem\",\"position\":2,\"name\":\"Tar\u010de\"}]},{\"@type\":\"WebSite\",\"@id\":\"https:\/\/skrina.si\/sl\/#website\",\"url\":\"https:\/\/skrina.si\/sl\/\",\"name\":\"Etnogalerija Skrina\",\"description\":\"Tradicija s posluhom\",\"potentialAction\":[{\"@type\":\"SearchAction\",\"target\":{\"@type\":\"EntryPoint\",\"urlTemplate\":\"https:\/\/skrina.si\/sl\/?s={search_term_string}\"},\"query-input\":\"required name=search_term_string\"}],\"inLanguage\":\"sl-SI\"}]}<\/script>\n<!-- \/ Yoast SEO plugin. -->","yoast_head_json":{"title":"Tar\u010de - Etnogalerija Skrina","robots":{"index":"index","follow":"follow","max-snippet":"max-snippet:-1","max-image-preview":"max-image-preview:large","max-video-preview":"max-video-preview:-1"},"canonical":"https:\/\/skrina.si\/sl\/tarce\/","og_locale":"sl_SI","og_type":"article","og_title":"[:en]Tar\u010de[:sl]Tar\u010de[:] - Etnogalerija Skrina","og_url":"https:\/\/skrina.si\/sl\/slide\/tarca-1-2-2-2\/","og_site_name":"Etnogalerija Skrina","article_modified_time":"2024-08-30T10:09:06+00:00","twitter_card":"summary_large_image","twitter_misc":{"Est. reading time":"2 minuti"},"schema":{"@context":"https:\/\/schema.org","@graph":[{"@type":"WebPage","@id":"https:\/\/skrina.si\/sl\/tarce\/","url":"https:\/\/skrina.si\/sl\/tarce\/","name":"[:en]Tar\u010de[:sl]Tar\u010de[:] - Etnogalerija Skrina","isPartOf":{"@id":"https:\/\/skrina.si\/sl\/#website"},"datePublished":"2022-03-03T11:11:55+00:00","dateModified":"2024-08-30T10:09:06+00:00","breadcrumb":{"@id":"https:\/\/skrina.si\/sl\/tarce\/#breadcrumb"},"inLanguage":"sl-SI","potentialAction":[{"@type":"ReadAction","target":["https:\/\/skrina.si\/sl\/tarce\/"]}]},{"@type":"BreadcrumbList","@id":"https:\/\/skrina.si\/sl\/tarce\/#breadcrumb","itemListElement":[{"@type":"ListItem","position":1,"name":"Home","item":"https:\/\/skrina.si\/"},{"@type":"ListItem","position":2,"name":"Tar\u010de"}]},{"@type":"WebSite","@id":"https:\/\/skrina.si\/sl\/#website","url":"https:\/\/skrina.si\/sl\/","name":"Etnogalerija Skrina","description":"Tradicija s posluhom","potentialAction":[{"@type":"SearchAction","target":{"@type":"EntryPoint","urlTemplate":"https:\/\/skrina.si\/sl\/?s={search_term_string}"},"query-input":"required name=search_term_string"}],"inLanguage":"sl-SI"}]}},"_links":{"self":[{"href":"https:\/\/skrina.si\/sl\/wp-json\/wp\/v2\/pages\/7809"}],"collection":[{"href":"https:\/\/skrina.si\/sl\/wp-json\/wp\/v2\/pages"}],"about":[{"href":"https:\/\/skrina.si\/sl\/wp-json\/wp\/v2\/types\/page"}],"author":[{"embeddable":true,"href":"https:\/\/skrina.si\/sl\/wp-json\/wp\/v2\/users\/2"}],"replies":[{"embeddable":true,"href":"https:\/\/skrina.si\/sl\/wp-json\/wp\/v2\/comments?post=7809"}],"version-history":[{"count":12,"href":"https:\/\/skrina.si\/sl\/wp-json\/wp\/v2\/pages\/7809\/revisions"}],"predecessor-version":[{"id":16919,"href":"https:\/\/skrina.si\/sl\/wp-json\/wp\/v2\/pages\/7809\/revisions\/16919"}],"wp:attachment":[{"href":"https:\/\/skrina.si\/sl\/wp-json\/wp\/v2\/media?parent=7809"}],"curies":[{"name":"wp","href":"https:\/\/api.w.org\/{rel}","templated":true}]}}