{"id":4239,"date":"2021-08-14T08:19:16","date_gmt":"2021-08-14T08:19:16","guid":{"rendered":"https:\/\/skrina.si\/?page_id=4239"},"modified":"2024-09-01T07:00:24","modified_gmt":"2024-09-01T05:00:24","slug":"sergej-hahonin","status":"publish","type":"page","link":"https:\/\/skrina.si\/sl\/sergej-hahonin\/","title":{"rendered":"Sergej Hahonin"},"content":{"rendered":"<p><div class=\"fusion-fullwidth fullwidth-box fusion-builder-row-1 fusion-flex-container nonhundred-percent-fullwidth non-hundred-percent-height-scrolling fusion-no-small-visibility\" style=\"--awb-border-sizes-top:0px;--awb-border-sizes-bottom:0px;--awb-border-sizes-left:0px;--awb-border-sizes-right:0px;--awb-border-color:#686868;--awb-border-radius-top-left:0px;--awb-border-radius-top-right:0px;--awb-border-radius-bottom-right:0px;--awb-border-radius-bottom-left:0px;--awb-padding-top:-20px;--awb-padding-right:100px;--awb-padding-bottom:0px;--awb-padding-left:50px;--awb-flex-wrap:wrap;--awb-box-shadow: 0px 0px ;\" ><div class=\"fusion-builder-row fusion-row fusion-flex-align-items-flex-start fusion-flex-justify-content-center fusion-flex-content-wrap\" style=\"max-width:1560px;margin-left: calc(-4% \/ 2 );margin-right: calc(-4% \/ 2 );\"><div class=\"fusion-layout-column fusion_builder_column fusion-builder-column-0 fusion_builder_column_1_2 1_2 fusion-flex-column fusion-flex-align-self-flex-start\" style=\"--awb-bg-size:cover;--awb-width-large:50%;--awb-margin-top-large:0px;--awb-spacing-right-large:3.84%;--awb-margin-bottom-large:20px;--awb-spacing-left-large:3.84%;--awb-width-medium:100%;--awb-order-medium:0;--awb-spacing-right-medium:1.92%;--awb-spacing-left-medium:1.92%;--awb-width-small:100%;--awb-order-small:0;--awb-spacing-right-small:1.92%;--awb-spacing-left-small:1.92%;\"><div class=\"fusion-column-wrapper fusion-column-has-shadow fusion-flex-justify-content-flex-start fusion-content-layout-column\">\t\t\t\t\t<div class=\"fusion-slider-container fusion-slider-sc-sergej-hahonin-slo fusion-slider-278 full-width-slider\" style=\"height:1350px; max-width:100%;\" data-id=\"278\" data-full_height=\"\">\n\t\t\t\t\t\t<style type=\"text\/css\">.fusion-slider-278 .flex-direction-nav a {width:63px;height:63px;line-height:63px;font-size:25px;}<\/style>\t\t\t\t\t\t<div class=\"fusion-slider-loading\">Loading...<\/div>\n\t\t\t\t\t\t<div class=\"tfs-slider flexslider main-flex full-width-slider\" data-slider_width=\"100%\" data-slider_height=\"1350px\" data-slider_content_width=\"850px\" data-full_screen=\"0\" data-parallax=\"1\" data-nav_arrows=\"1\" data-nav_arrow_size=\"25px\" data-nav_box_width=\"63px\" data-nav_box_height=\"63px\" data-slideshow_speed=\"2000\" data-loop=\"1\" data-autoplay=\"1\" data-orderby=\"date\" data-order=\"DESC\" data-animation=\"fade\" data-animation_speed=\"4000\" data-typo_sensitivity=\"0.1\" data-typo_factor=\"1.5\" style=\"max-width:100%;\">\n\t\t\t\t\t\t\t<ul class=\"slides\">\n\t\t\t\t\t\t\t\t\t\t\t\t\t\t\t\t\t<li data-mute=\"yes\" data-loop=\"yes\" data-autoplay=\"yes\">\n\t\t\t\t\t\t\t\t\t\t<div class=\"slide-content-container slide-content-center\" style=\"display: none;\">\n\t\t\t\t\t\t\t\t\t\t\t<div class=\"slide-content\" style=\"max-width:850px\">\n\t\t\t\t\t\t\t\t\t\t\t\t\t\t\t\t\t\t\t\t\t\t\t\t\t\t\t\t\t\t\t\t\t\t\t\t\t\t\t\t\t\t\t\t\t\t\t<\/div>\n\t\t\t\t\t\t\t\t\t\t<\/div>\n\t\t\t\t\t\t\t\t\t\t\t\t\t\t\t\t\t\t\t\t\t\t\t\t\t\t\t\t\t\t\t\t\t\t\t\t\t\t\t\t<div class=\"background background-image\" style=\"background-image: url(https:\/\/skrina.si\/wp-content\/uploads\/2022\/02\/Sergej-Hahonin-motiv-Kurent-tradicija-Slovenski-slikar-slovenski-umet-niki-etno-galerija.jpg);max-width:100%;height:1350px;filter: progid:DXImageTransform.Microsoft.AlphaImageLoader(src='https:\/\/skrina.si\/wp-content\/uploads\/2022\/02\/Sergej-Hahonin-motiv-Kurent-tradicija-Slovenski-slikar-slovenski-umet-niki-etno-galerija.jpg', sizingMethod='scale');\" data-imgwidth=\"2000\">\n\t\t\t\t\t\t\t\t\t\t\t\t\t\t\t\t\t\t\t\t\t\t\t\t\t\t\t\t\t\t\t\t\t\t\t\t\t\t\t\t\t\t\t\t\t\t\t\t\t\t\t\t\t\t\t\t\t\t\t\t\t\t\t\t\t\t<\/div>\n\t\t\t\t\t\t\t\t\t<\/li>\n\t\t\t\t\t\t\t\t\t\t\t\t\t\t\t\t\t<li data-mute=\"yes\" data-loop=\"yes\" data-autoplay=\"yes\">\n\t\t\t\t\t\t\t\t\t\t<div class=\"slide-content-container slide-content-center\" style=\"display: none;\">\n\t\t\t\t\t\t\t\t\t\t\t<div class=\"slide-content\" style=\"max-width:850px\">\n\t\t\t\t\t\t\t\t\t\t\t\t\t\t\t\t\t\t\t\t\t\t\t\t\t\t\t\t\t\t\t\t\t\t\t\t\t\t\t\t\t\t\t\t\t\t\t<\/div>\n\t\t\t\t\t\t\t\t\t\t<\/div>\n\t\t\t\t\t\t\t\t\t\t\t\t\t\t\t\t\t\t\t\t\t\t\t\t\t\t\t\t\t\t\t\t\t\t\t\t\t\t\t\t<div class=\"background background-image\" style=\"background-image: url(https:\/\/skrina.si\/wp-content\/uploads\/2022\/02\/Sergej-Hahonin-motiv-Ljubljana-Slovenski-slikar-slovenski-umet-niki-slike-za-na-steno-galerija.jpg);max-width:100%;height:1350px;filter: progid:DXImageTransform.Microsoft.AlphaImageLoader(src='https:\/\/skrina.si\/wp-content\/uploads\/2022\/02\/Sergej-Hahonin-motiv-Ljubljana-Slovenski-slikar-slovenski-umet-niki-slike-za-na-steno-galerija.jpg', sizingMethod='scale');\" data-imgwidth=\"2001\">\n\t\t\t\t\t\t\t\t\t\t\t\t\t\t\t\t\t\t\t\t\t\t\t\t\t\t\t\t\t\t\t\t\t\t\t\t\t\t\t\t\t\t\t\t\t\t\t\t\t\t\t\t\t\t\t\t\t\t\t\t\t\t\t\t\t\t<\/div>\n\t\t\t\t\t\t\t\t\t<\/li>\n\t\t\t\t\t\t\t\t\t\t\t\t\t\t\t\t\t<li data-mute=\"yes\" data-loop=\"yes\" data-autoplay=\"yes\">\n\t\t\t\t\t\t\t\t\t\t<div class=\"slide-content-container slide-content-center\" style=\"display: none;\">\n\t\t\t\t\t\t\t\t\t\t\t<div class=\"slide-content\" style=\"max-width:850px\">\n\t\t\t\t\t\t\t\t\t\t\t\t\t\t\t\t\t\t\t\t\t\t\t\t\t\t\t\t\t\t\t\t\t\t\t\t\t\t\t\t\t\t\t\t\t\t\t<\/div>\n\t\t\t\t\t\t\t\t\t\t<\/div>\n\t\t\t\t\t\t\t\t\t\t\t\t\t\t\t\t\t\t\t\t\t\t\t\t\t\t\t\t\t\t\t\t\t\t\t\t\t\t\t\t<div class=\"background background-image\" style=\"background-image: url(https:\/\/skrina.si\/wp-content\/uploads\/2022\/02\/Sergej-Hahonin-motiv-Ljubljana-Slovenski-slikar-umetnine-starine-dekor-galerija.jpg);max-width:100%;height:1350px;filter: progid:DXImageTransform.Microsoft.AlphaImageLoader(src='https:\/\/skrina.si\/wp-content\/uploads\/2022\/02\/Sergej-Hahonin-motiv-Ljubljana-Slovenski-slikar-umetnine-starine-dekor-galerija.jpg', sizingMethod='scale');\" data-imgwidth=\"2000\">\n\t\t\t\t\t\t\t\t\t\t\t\t\t\t\t\t\t\t\t\t\t\t\t\t\t\t\t\t\t\t\t\t\t\t\t\t\t\t\t\t\t\t\t\t\t\t\t\t\t\t\t\t\t\t\t\t\t\t\t\t\t\t\t\t\t\t<\/div>\n\t\t\t\t\t\t\t\t\t<\/li>\n\t\t\t\t\t\t\t\t\t\t\t\t\t\t\t\t\t<li data-mute=\"yes\" data-loop=\"yes\" data-autoplay=\"yes\">\n\t\t\t\t\t\t\t\t\t\t<div class=\"slide-content-container slide-content-center\" style=\"display: none;\">\n\t\t\t\t\t\t\t\t\t\t\t<div class=\"slide-content\" style=\"max-width:850px\">\n\t\t\t\t\t\t\t\t\t\t\t\t\t\t\t\t\t\t\t\t\t\t\t\t\t\t\t\t\t\t\t\t\t\t\t\t\t\t\t\t\t\t\t\t\t\t\t<\/div>\n\t\t\t\t\t\t\t\t\t\t<\/div>\n\t\t\t\t\t\t\t\t\t\t\t\t\t\t\t\t\t\t\t\t\t\t\t\t\t\t\t\t\t\t\t\t\t\t\t\t\t\t\t\t<div class=\"background background-image\" style=\"background-image: url(https:\/\/skrina.si\/wp-content\/uploads\/2022\/02\/Sergej-Hahonin-motiv-Ljubljana-Slovenski-slikar-slovenski-umet-niki-dekor-etno-galerija.jpg);max-width:100%;height:1350px;filter: progid:DXImageTransform.Microsoft.AlphaImageLoader(src='https:\/\/skrina.si\/wp-content\/uploads\/2022\/02\/Sergej-Hahonin-motiv-Ljubljana-Slovenski-slikar-slovenski-umet-niki-dekor-etno-galerija.jpg', sizingMethod='scale');\" data-imgwidth=\"2000\">\n\t\t\t\t\t\t\t\t\t\t\t\t\t\t\t\t\t\t\t\t\t\t\t\t\t\t\t\t\t\t\t\t\t\t\t\t\t\t\t\t\t\t\t\t\t\t\t\t\t\t\t\t\t\t\t\t\t\t\t\t\t\t\t\t\t\t<\/div>\n\t\t\t\t\t\t\t\t\t<\/li>\n\t\t\t\t\t\t\t\t\t\t\t\t\t\t\t\t\t\t\t\t\t\t\t<\/ul>\n\t\t\t\t\t\t<\/div>\n\t\t\t\t\t<\/div>\n\t\t\t\t\t\t\t\t<\/div><\/div><div class=\"fusion-layout-column fusion_builder_column fusion-builder-column-1 fusion_builder_column_1_2 1_2 fusion-flex-column\" style=\"--awb-bg-size:cover;--awb-width-large:50%;--awb-margin-top-large:0px;--awb-spacing-right-large:3.84%;--awb-margin-bottom-large:20px;--awb-spacing-left-large:3.84%;--awb-width-medium:100%;--awb-order-medium:0;--awb-spacing-right-medium:1.92%;--awb-spacing-left-medium:1.92%;--awb-width-small:100%;--awb-order-small:0;--awb-spacing-right-small:1.92%;--awb-spacing-left-small:1.92%;\"><div class=\"fusion-column-wrapper fusion-column-has-shadow fusion-flex-justify-content-flex-start fusion-content-layout-column\"><div class=\"fusion-title title fusion-title-1 fusion-sep-none fusion-title-center fusion-title-text fusion-title-size-five\" style=\"--awb-margin-bottom:0px;\"><h5 class=\"fusion-title-heading title-heading-center\" style=\"margin:0;\"><h5 style=\"text-align: left;\">Sergej Hahonin<\/h5><\/h5><\/div><div class=\"fusion-separator fusion-full-width-sep\" style=\"align-self: center;margin-left: auto;margin-right: auto;width:100%;\"><div class=\"fusion-separator-border sep-double sep-solid\" style=\"--awb-height:20px;--awb-amount:20px;border-color:#e0dede;border-top-width:1px;border-bottom-width:1px;\"><\/div><\/div><div class=\"fusion-text fusion-text-1\" style=\"--awb-content-alignment:justify;--awb-text-transform:none;\"><h5><strong>Sergej Hahonin<\/strong>\u00a0izhaja iz biv\u0161e Sovjetske zveze, kjer je leta 1985 kon\u010dal Sibirsko likovno akademijo v Krasnojarsku in postal \u010dlan Zveze Slikarjev in kiparjev Rusije. Leta 1992 se je preselil v Slovenijo in pridobil tudi slovensko dr\u017eavljanstvo. Njegovo likovno ustvarjanje je navezano na\u00a0<strong>slovensko kulturo in tradicijo.<\/strong>\u00a0V Etnogaleriji SKRINA je razstavljal detajle ljubljanskih vedut, ki ka\u017eejo na njihovo v\u017eivetost v okolje v katerem \u017eivi. Prav je, da si te detajle ogledamo tudi mi, saj nas vsakdanje \u017eivljenje dostikrat priganja, da ne opazimo malenkosti, ki nas obkro\u017eajo in lep\u0161ajo \u017eivljenje. Poleg tega Sergej Hahonin rad slika tudi\u00a0<strong>kurente, kozolce in tiho\u017eitja.\u00a0<\/strong>Pastelne barve,\u00a0 ka\u017eejo na\u00a0 mehkobo slovanske du\u0161e in tako nam slika pri\u010dara prijaznost in toplino, ki jo v dana\u0161njem svetu hitrosti in odtujenosti ve\u010dkrat pogre\u0161amo.<\/h5>\n<\/div><\/div><\/div><\/div><\/div><div class=\"fusion-fullwidth fullwidth-box fusion-builder-row-2 fusion-flex-container nonhundred-percent-fullwidth non-hundred-percent-height-scrolling fusion-no-medium-visibility fusion-no-large-visibility\" style=\"--awb-border-sizes-top:0px;--awb-border-sizes-bottom:0px;--awb-border-sizes-left:0px;--awb-border-sizes-right:0px;--awb-border-color:#686868;--awb-border-radius-top-left:0px;--awb-border-radius-top-right:0px;--awb-border-radius-bottom-right:0px;--awb-border-radius-bottom-left:0px;--awb-padding-top:-20px;--awb-padding-right:100px;--awb-padding-bottom:0px;--awb-padding-left:50px;--awb-padding-right-small:0px;--awb-padding-left-small:0px;--awb-flex-wrap:wrap;--awb-box-shadow: 0px 0px ;\" ><div class=\"fusion-builder-row fusion-row fusion-flex-align-items-center fusion-flex-justify-content-center fusion-flex-content-wrap\" style=\"max-width:1560px;margin-left: calc(-4% \/ 2 );margin-right: calc(-4% \/ 2 );\"><div class=\"fusion-layout-column fusion_builder_column fusion-builder-column-2 fusion_builder_column_1_2 1_2 fusion-flex-column\" style=\"--awb-bg-size:cover;--awb-width-large:50%;--awb-margin-top-large:40px;--awb-spacing-right-large:3.84%;--awb-margin-bottom-large:20px;--awb-spacing-left-large:3.84%;--awb-width-medium:100%;--awb-order-medium:0;--awb-spacing-right-medium:1.92%;--awb-spacing-left-medium:1.92%;--awb-width-small:100%;--awb-order-small:0;--awb-spacing-right-small:1.92%;--awb-spacing-left-small:1.92%;\"><div class=\"fusion-column-wrapper fusion-column-has-shadow fusion-flex-justify-content-flex-start fusion-content-layout-column\"><div class=\"fusion-image-element sm-text-align-center fusion-no-medium-visibility fusion-no-large-visibility\" style=\"--awb-caption-title-font-family:var(--h2_typography-font-family);--awb-caption-title-font-weight:var(--h2_typography-font-weight);--awb-caption-title-font-style:var(--h2_typography-font-style);--awb-caption-title-size:var(--h2_typography-font-size);--awb-caption-title-transform:var(--h2_typography-text-transform);--awb-caption-title-line-height:var(--h2_typography-line-height);--awb-caption-title-letter-spacing:var(--h2_typography-letter-spacing);\"><span class=\" fusion-imageframe imageframe-none imageframe-1 hover-type-none\"><img loading=\"lazy\" decoding=\"async\" width=\"300\" height=\"225\" alt=\"Sergej Hahonin motiv Ljubljana Slovenski slikar slovenski umetniki slike za na steno galerija\" title=\"Sergej-Hahonin-motiv-Ljubljana-Slovenski-slikar-slovenski-umetniki-slike-za-na-steno-galerija\" src=\"https:\/\/skrina.si\/wp-content\/uploads\/2022\/02\/Sergej-Hahonin-motiv-Ljubljana-Slovenski-slikar-slovenski-umet-niki-slike-za-na-steno-galerija-300x225.jpg\" class=\"img-responsive wp-image-7124\" srcset=\"https:\/\/skrina.si\/wp-content\/uploads\/2022\/02\/Sergej-Hahonin-motiv-Ljubljana-Slovenski-slikar-slovenski-umet-niki-slike-za-na-steno-galerija-200x150.jpg 200w, https:\/\/skrina.si\/wp-content\/uploads\/2022\/02\/Sergej-Hahonin-motiv-Ljubljana-Slovenski-slikar-slovenski-umet-niki-slike-za-na-steno-galerija-400x300.jpg 400w, https:\/\/skrina.si\/wp-content\/uploads\/2022\/02\/Sergej-Hahonin-motiv-Ljubljana-Slovenski-slikar-slovenski-umet-niki-slike-za-na-steno-galerija-600x450.jpg 600w, https:\/\/skrina.si\/wp-content\/uploads\/2022\/02\/Sergej-Hahonin-motiv-Ljubljana-Slovenski-slikar-slovenski-umet-niki-slike-za-na-steno-galerija-800x600.jpg 800w, https:\/\/skrina.si\/wp-content\/uploads\/2022\/02\/Sergej-Hahonin-motiv-Ljubljana-Slovenski-slikar-slovenski-umet-niki-slike-za-na-steno-galerija-1200x900.jpg 1200w\" sizes=\"(max-width: 1024px) 100vw, (max-width: 640px) 100vw, 800px\" \/><\/span><\/div><\/div><\/div><div class=\"fusion-layout-column fusion_builder_column fusion-builder-column-3 fusion_builder_column_1_2 1_2 fusion-flex-column\" style=\"--awb-bg-size:cover;--awb-width-large:50%;--awb-margin-top-large:0px;--awb-spacing-right-large:3.84%;--awb-margin-bottom-large:20px;--awb-spacing-left-large:3.84%;--awb-width-medium:100%;--awb-order-medium:0;--awb-spacing-right-medium:1.92%;--awb-spacing-left-medium:1.92%;--awb-width-small:100%;--awb-order-small:0;--awb-spacing-right-small:1.92%;--awb-spacing-left-small:1.92%;\"><div class=\"fusion-column-wrapper fusion-column-has-shadow fusion-flex-justify-content-flex-start fusion-content-layout-column\"><div class=\"fusion-title title fusion-title-2 fusion-sep-none fusion-title-center fusion-title-text fusion-title-size-five\" style=\"--awb-margin-bottom:0px;\"><h5 class=\"fusion-title-heading title-heading-center\" style=\"margin:0;\"><h5 style=\"text-align: center;\">Sergej Hahonin<\/h5><\/h5><\/div><div class=\"fusion-separator fusion-full-width-sep\" style=\"align-self: center;margin-left: auto;margin-right: auto;width:100%;\"><div class=\"fusion-separator-border sep-double sep-solid\" style=\"--awb-height:20px;--awb-amount:20px;border-color:#e0dede;border-top-width:1px;border-bottom-width:1px;\"><\/div><\/div><div class=\"fusion-text fusion-text-2\" style=\"--awb-content-alignment:justify;--awb-text-transform:none;\"><h5><strong>Sergej Hahonin<\/strong>\u00a0izhaja iz biv\u0161e Sovjetske zveze, kjer je leta 1985 kon\u010dal Sibirsko likovno akademijo v Krasnojarsku in postal \u010dlan Zveze Slikarjev in kiparjev Rusije. Leta 1992 se je preselil v Slovenijo in pridobil tudi slovensko dr\u017eavljanstvo. Njegovo likovno ustvarjanje je navezano na\u00a0<strong>slovensko kulturo in tradicijo.<\/strong>\u00a0V Etnogaleriji SKRINA je razstavljal detajle ljubljanskih vedut, ki ka\u017eejo na njihovo v\u017eivetost v okolje v katerem \u017eivi. Prav je, da si te detajle ogledamo tudi mi, saj nas vsakdanje \u017eivljenje dostikrat priganja, da ne opazimo malenkosti, ki nas obkro\u017eajo in lep\u0161ajo \u017eivljenje. Poleg tega Sergej Hahonin rad slika tudi\u00a0<strong>kurente, kozolce in tiho\u017eitja.\u00a0<\/strong>Pastelne barve,\u00a0 ka\u017eejo na\u00a0 mehkobo slovanske du\u0161e in tako nam slika pri\u010dara prijaznost in toplino, ki jo v dana\u0161njem svetu hitrosti in odtujenosti ve\u010dkrat pogre\u0161amo.<\/h5>\n<\/div><\/div><\/div><\/div><\/div><div class=\"fusion-fullwidth fullwidth-box fusion-builder-row-3 fusion-flex-container nonhundred-percent-fullwidth non-hundred-percent-height-scrolling fusion-no-small-visibility\" style=\"--awb-border-radius-top-left:0px;--awb-border-radius-top-right:0px;--awb-border-radius-bottom-right:0px;--awb-border-radius-bottom-left:0px;--awb-padding-bottom:20px;--awb-flex-wrap:wrap;\" ><\/div><\/p>\n","protected":false},"excerpt":{"rendered":"","protected":false},"author":2,"featured_media":0,"parent":0,"menu_order":0,"comment_status":"closed","ping_status":"closed","template":"","meta":{"_monsterinsights_skip_tracking":false,"_monsterinsights_sitenote_active":false,"_monsterinsights_sitenote_note":"","_monsterinsights_sitenote_category":0,"footnotes":""},"aioseo_notices":[],"yoast_head":"<!-- This site is optimized with the Yoast SEO plugin v22.1 - https:\/\/yoast.com\/wordpress\/plugins\/seo\/ -->\n<title>Sergej Hahonin - Etnogalerija Skrina<\/title>\n<meta name=\"description\" content=\"Likovno ustvarjanje Sergeja Hahonina je navezano na\u00a0slovensko kulturo in tradicijo.\u00a0Sergej Hahonin rad slika tudi kurente, kozolce in tiho\u017eitja.\" \/>\n<meta name=\"robots\" content=\"index, follow, max-snippet:-1, max-image-preview:large, max-video-preview:-1\" \/>\n<link rel=\"canonical\" href=\"https:\/\/skrina.si\/sl\/sergej-hahonin\/\" \/>\n<meta property=\"og:locale\" content=\"sl_SI\" \/>\n<meta property=\"og:locale:alternate\" content=\"en_GB\" \/>\n<meta property=\"og:type\" content=\"article\" \/>\n<meta property=\"og:title\" content=\"Sergej Hahonin\" \/>\n<meta property=\"og:description\" content=\"Likovno ustvarjanje Sergeja Hahonina je navezano na\u00a0slovensko kulturo in tradicijo.\u00a0Sergej Hahonin rad slika tudi kurente, kozolce in tiho\u017eitja.\" \/>\n<meta property=\"og:url\" content=\"https:\/\/skrina.si\/sl\/slide\/jabolko-3-2-2-4-2-2-2-3-2-2-2-2-2-2-2-2-3-2-2\/\" \/>\n<meta property=\"og:site_name\" content=\"Etnogalerija Skrina\" \/>\n<meta property=\"article:modified_time\" content=\"2024-09-01T05:00:24+00:00\" \/>\n<meta name=\"twitter:card\" content=\"summary_large_image\" \/>\n<meta name=\"twitter:label1\" content=\"Est. reading time\" \/>\n\t<meta name=\"twitter:data1\" content=\"2 minuti\" \/>\n<script type=\"application\/ld+json\" class=\"yoast-schema-graph\">{\"@context\":\"https:\/\/schema.org\",\"@graph\":[{\"@type\":\"WebPage\",\"@id\":\"https:\/\/skrina.si\/sl\/sergej-hahonin\/\",\"url\":\"https:\/\/skrina.si\/sl\/sergej-hahonin\/\",\"name\":\"[:sl]Sergej Hahonin[:] - Etnogalerija Skrina\",\"isPartOf\":{\"@id\":\"https:\/\/skrina.si\/sl\/#website\"},\"datePublished\":\"2021-08-14T08:19:16+00:00\",\"dateModified\":\"2024-09-01T05:00:24+00:00\",\"description\":\"Likovno ustvarjanje Sergeja Hahonina je navezano na\u00a0slovensko kulturo in tradicijo.\u00a0Sergej Hahonin rad slika tudi kurente, kozolce in tiho\u017eitja.\",\"breadcrumb\":{\"@id\":\"https:\/\/skrina.si\/sl\/sergej-hahonin\/#breadcrumb\"},\"inLanguage\":\"sl-SI\",\"potentialAction\":[{\"@type\":\"ReadAction\",\"target\":[\"https:\/\/skrina.si\/sl\/sergej-hahonin\/\"]}]},{\"@type\":\"BreadcrumbList\",\"@id\":\"https:\/\/skrina.si\/sl\/sergej-hahonin\/#breadcrumb\",\"itemListElement\":[{\"@type\":\"ListItem\",\"position\":1,\"name\":\"Home\",\"item\":\"https:\/\/skrina.si\/\"},{\"@type\":\"ListItem\",\"position\":2,\"name\":\"Sergej Hahonin\"}]},{\"@type\":\"WebSite\",\"@id\":\"https:\/\/skrina.si\/sl\/#website\",\"url\":\"https:\/\/skrina.si\/sl\/\",\"name\":\"Etnogalerija Skrina\",\"description\":\"Tradicija s posluhom\",\"potentialAction\":[{\"@type\":\"SearchAction\",\"target\":{\"@type\":\"EntryPoint\",\"urlTemplate\":\"https:\/\/skrina.si\/sl\/?s={search_term_string}\"},\"query-input\":\"required name=search_term_string\"}],\"inLanguage\":\"sl-SI\"}]}<\/script>\n<!-- \/ Yoast SEO plugin. -->","yoast_head_json":{"title":"Sergej Hahonin - Etnogalerija Skrina","description":"Likovno ustvarjanje Sergeja Hahonina je navezano na\u00a0slovensko kulturo in tradicijo.\u00a0Sergej Hahonin rad slika tudi kurente, kozolce in tiho\u017eitja.","robots":{"index":"index","follow":"follow","max-snippet":"max-snippet:-1","max-image-preview":"max-image-preview:large","max-video-preview":"max-video-preview:-1"},"canonical":"https:\/\/skrina.si\/sl\/sergej-hahonin\/","og_locale":"sl_SI","og_type":"article","og_title":"[:sl]Sergej Hahonin[:] - Etnogalerija Skrina","og_description":"Likovno ustvarjanje Sergeja Hahonina je navezano na\u00a0slovensko kulturo in tradicijo.\u00a0Sergej Hahonin rad slika tudi kurente, kozolce in tiho\u017eitja.","og_url":"https:\/\/skrina.si\/sl\/slide\/jabolko-3-2-2-4-2-2-2-3-2-2-2-2-2-2-2-2-3-2-2\/","og_site_name":"Etnogalerija Skrina","article_modified_time":"2024-09-01T05:00:24+00:00","twitter_card":"summary_large_image","twitter_misc":{"Est. reading time":"2 minuti"},"schema":{"@context":"https:\/\/schema.org","@graph":[{"@type":"WebPage","@id":"https:\/\/skrina.si\/sl\/sergej-hahonin\/","url":"https:\/\/skrina.si\/sl\/sergej-hahonin\/","name":"[:sl]Sergej Hahonin[:] - Etnogalerija Skrina","isPartOf":{"@id":"https:\/\/skrina.si\/sl\/#website"},"datePublished":"2021-08-14T08:19:16+00:00","dateModified":"2024-09-01T05:00:24+00:00","description":"Likovno ustvarjanje Sergeja Hahonina je navezano na\u00a0slovensko kulturo in tradicijo.\u00a0Sergej Hahonin rad slika tudi kurente, kozolce in tiho\u017eitja.","breadcrumb":{"@id":"https:\/\/skrina.si\/sl\/sergej-hahonin\/#breadcrumb"},"inLanguage":"sl-SI","potentialAction":[{"@type":"ReadAction","target":["https:\/\/skrina.si\/sl\/sergej-hahonin\/"]}]},{"@type":"BreadcrumbList","@id":"https:\/\/skrina.si\/sl\/sergej-hahonin\/#breadcrumb","itemListElement":[{"@type":"ListItem","position":1,"name":"Home","item":"https:\/\/skrina.si\/"},{"@type":"ListItem","position":2,"name":"Sergej Hahonin"}]},{"@type":"WebSite","@id":"https:\/\/skrina.si\/sl\/#website","url":"https:\/\/skrina.si\/sl\/","name":"Etnogalerija Skrina","description":"Tradicija s posluhom","potentialAction":[{"@type":"SearchAction","target":{"@type":"EntryPoint","urlTemplate":"https:\/\/skrina.si\/sl\/?s={search_term_string}"},"query-input":"required name=search_term_string"}],"inLanguage":"sl-SI"}]}},"_links":{"self":[{"href":"https:\/\/skrina.si\/sl\/wp-json\/wp\/v2\/pages\/4239"}],"collection":[{"href":"https:\/\/skrina.si\/sl\/wp-json\/wp\/v2\/pages"}],"about":[{"href":"https:\/\/skrina.si\/sl\/wp-json\/wp\/v2\/types\/page"}],"author":[{"embeddable":true,"href":"https:\/\/skrina.si\/sl\/wp-json\/wp\/v2\/users\/2"}],"replies":[{"embeddable":true,"href":"https:\/\/skrina.si\/sl\/wp-json\/wp\/v2\/comments?post=4239"}],"version-history":[{"count":1,"href":"https:\/\/skrina.si\/sl\/wp-json\/wp\/v2\/pages\/4239\/revisions"}],"predecessor-version":[{"id":16931,"href":"https:\/\/skrina.si\/sl\/wp-json\/wp\/v2\/pages\/4239\/revisions\/16931"}],"wp:attachment":[{"href":"https:\/\/skrina.si\/sl\/wp-json\/wp\/v2\/media?parent=4239"}],"curies":[{"name":"wp","href":"https:\/\/api.w.org\/{rel}","templated":true}]}}