{"id":35,"date":"2021-02-19T15:19:46","date_gmt":"2021-02-19T15:19:46","guid":{"rendered":"https:\/\/skrina.si\/?page_id=35"},"modified":"2024-06-06T17:37:46","modified_gmt":"2024-06-06T15:37:46","slug":"ostali-izdelki","status":"publish","type":"page","link":"https:\/\/skrina.si\/sl\/ostali-izdelki\/","title":{"rendered":"Ostali izdelki"},"content":{"rendered":"<p><div class=\"fusion-fullwidth fullwidth-box fusion-builder-row-1 fusion-flex-container nonhundred-percent-fullwidth non-hundred-percent-height-scrolling\" style=\"--awb-border-radius-top-left:0px;--awb-border-radius-top-right:0px;--awb-border-radius-bottom-right:0px;--awb-border-radius-bottom-left:0px;--awb-flex-wrap:wrap;\" ><div class=\"fusion-builder-row fusion-row fusion-flex-align-items-flex-start fusion-flex-content-wrap\" style=\"max-width:1560px;margin-left: calc(-4% \/ 2 );margin-right: calc(-4% \/ 2 );\"><div class=\"fusion-layout-column fusion_builder_column fusion-builder-column-0 fusion_builder_column_1_1 1_1 fusion-flex-column\" style=\"--awb-bg-size:cover;--awb-width-large:100%;--awb-margin-top-large:0px;--awb-spacing-right-large:1.92%;--awb-margin-bottom-large:20px;--awb-spacing-left-large:1.92%;--awb-width-medium:100%;--awb-order-medium:0;--awb-spacing-right-medium:1.92%;--awb-spacing-left-medium:1.92%;--awb-width-small:100%;--awb-order-small:0;--awb-spacing-right-small:1.92%;--awb-spacing-left-small:1.92%;\"><div class=\"fusion-column-wrapper fusion-column-has-shadow fusion-flex-justify-content-flex-start fusion-content-layout-column\"><div class=\"fusion-title title fusion-title-1 fusion-sep-none fusion-title-center fusion-title-text fusion-title-size-two\"><h2 class=\"fusion-title-heading title-heading-center\" style=\"margin:0;\">OSTALI IZDELKI<\/h2><\/div><\/div><\/div><\/div><\/div><div class=\"fusion-fullwidth fullwidth-box fusion-builder-row-2 fusion-flex-container nonhundred-percent-fullwidth non-hundred-percent-height-scrolling fusion-no-small-visibility fusion-no-medium-visibility\" style=\"--awb-border-radius-top-left:0px;--awb-border-radius-top-right:0px;--awb-border-radius-bottom-right:0px;--awb-border-radius-bottom-left:0px;--awb-padding-bottom:0px;--awb-flex-wrap:wrap;\" ><div class=\"fusion-builder-row fusion-row fusion-flex-align-items-center fusion-flex-justify-content-center fusion-flex-content-wrap\" style=\"max-width:1560px;margin-left: calc(-4% \/ 2 );margin-right: calc(-4% \/ 2 );\"><div class=\"fusion-layout-column fusion_builder_column fusion-builder-column-1 fusion_builder_column_1_3 1_3 fusion-flex-column fusion-flex-align-self-center\" style=\"--awb-bg-size:cover;--awb-width-large:33.333333333333%;--awb-margin-top-large:0px;--awb-spacing-right-large:5.76%;--awb-margin-bottom-large:20px;--awb-spacing-left-large:5.76%;--awb-width-medium:100%;--awb-order-medium:0;--awb-spacing-right-medium:1.92%;--awb-spacing-left-medium:1.92%;--awb-width-small:100%;--awb-order-small:0;--awb-spacing-right-small:1.92%;--awb-spacing-left-small:1.92%;\"><div class=\"fusion-column-wrapper fusion-column-has-shadow fusion-flex-justify-content-center fusion-content-layout-column\"><div class=\"fusion-image-element \" style=\"text-align:center;--awb-caption-title-font-family:var(--h2_typography-font-family);--awb-caption-title-font-weight:var(--h2_typography-font-weight);--awb-caption-title-font-style:var(--h2_typography-font-style);--awb-caption-title-size:var(--h2_typography-font-size);--awb-caption-title-transform:var(--h2_typography-text-transform);--awb-caption-title-line-height:var(--h2_typography-line-height);--awb-caption-title-letter-spacing:var(--h2_typography-letter-spacing);\"><span class=\" fusion-imageframe imageframe-none imageframe-1 hover-type-zoomin\"><a class=\"fusion-no-lightbox\" href=\"https:\/\/skrina.si\/slike-in-skulpture\/\" target=\"_self\" aria-label=\"Hahonin-Sergej-slika-Ljubljana-slikar-slike-za-dnevno-sobo\"><img loading=\"lazy\" decoding=\"async\" width=\"300\" height=\"300\" src=\"https:\/\/skrina.si\/wp-content\/uploads\/2022\/05\/Hahonin-Sergej-slika-Ljubljana-slikar-slike-za-dnevno-sobo-300x300.jpg\" alt class=\"img-responsive wp-image-10561\" srcset=\"https:\/\/skrina.si\/wp-content\/uploads\/2022\/05\/Hahonin-Sergej-slika-Ljubljana-slikar-slike-za-dnevno-sobo-200x200.jpg 200w, https:\/\/skrina.si\/wp-content\/uploads\/2022\/05\/Hahonin-Sergej-slika-Ljubljana-slikar-slike-za-dnevno-sobo.jpg 300w\" sizes=\"(max-width: 1024px) 100vw, (max-width: 640px) 100vw, 300px\" \/><\/a><\/span><\/div><div class=\"fusion-text fusion-text-1 fusion-text-no-margin\" style=\"--awb-content-alignment:center;--awb-text-transform:none;--awb-margin-top:0px;--awb-margin-bottom:0px;\"><h3 style=\"text-align: center;\"><a href=\"https:\/\/skrina.si\/slike-in-skulpture\/\">Slike in skulpture<\/a><\/h3>\n<\/div><\/div><\/div><div class=\"fusion-layout-column fusion_builder_column fusion-builder-column-2 fusion_builder_column_1_3 1_3 fusion-flex-column fusion-flex-align-self-center fusion-no-small-visibility fusion-no-medium-visibility\" style=\"--awb-bg-size:cover;--awb-width-large:33.333333333333%;--awb-margin-top-large:0px;--awb-spacing-right-large:5.76%;--awb-margin-bottom-large:0px;--awb-spacing-left-large:5.76%;--awb-width-medium:100%;--awb-order-medium:0;--awb-spacing-right-medium:1.92%;--awb-spacing-left-medium:1.92%;--awb-width-small:100%;--awb-order-small:0;--awb-spacing-right-small:1.92%;--awb-spacing-left-small:1.92%;\"><div class=\"fusion-column-wrapper fusion-column-has-shadow fusion-flex-justify-content-center fusion-content-layout-column\"><div class=\"fusion-image-element fusion-no-small-visibility fusion-no-medium-visibility\" style=\"text-align:center;--awb-margin-top:0px;--awb-margin-bottom:0px;--awb-margin-top-medium:30px;--awb-margin-bottom-medium:0px;--awb-margin-top-small:0px;--awb-margin-bottom-small:0px;--awb-caption-title-font-family:var(--h2_typography-font-family);--awb-caption-title-font-weight:var(--h2_typography-font-weight);--awb-caption-title-font-style:var(--h2_typography-font-style);--awb-caption-title-size:var(--h2_typography-font-size);--awb-caption-title-transform:var(--h2_typography-text-transform);--awb-caption-title-line-height:var(--h2_typography-line-height);--awb-caption-title-letter-spacing:var(--h2_typography-letter-spacing);\"><span class=\" fusion-imageframe imageframe-none imageframe-2 hover-type-zoomin\"><a class=\"fusion-no-lightbox\" href=\"https:\/\/skrina.si\/tradicionalni-izdelki\/\" target=\"_self\" aria-label=\"Sveti-duhec-Ozebek-slovenski-leseni-izdelki-pti\u010dek-etno\"><img loading=\"lazy\" decoding=\"async\" width=\"300\" height=\"300\" alt=\"Sveti duhec Ozebek slovenski leseni izdelki pti\u010dek etno\" src=\"https:\/\/skrina.si\/wp-content\/uploads\/2022\/05\/Sveti-duhec-Ozebek-slovenski-leseni-izdelki-pticek-etno-1-300x300.jpg\" class=\"img-responsive wp-image-10030\" srcset=\"https:\/\/skrina.si\/wp-content\/uploads\/2022\/05\/Sveti-duhec-Ozebek-slovenski-leseni-izdelki-pticek-etno-1-200x200.jpg 200w, https:\/\/skrina.si\/wp-content\/uploads\/2022\/05\/Sveti-duhec-Ozebek-slovenski-leseni-izdelki-pticek-etno-1.jpg 300w\" sizes=\"(max-width: 1024px) 100vw, (max-width: 640px) 100vw, 300px\" \/><\/a><\/span><\/div><div class=\"fusion-text fusion-text-2 fusion-text-no-margin\" style=\"--awb-content-alignment:center;--awb-text-transform:none;--awb-margin-top:0px;--awb-margin-bottom:0px;\"><h3 style=\"text-align: center;\"><a href=\"https:\/\/skrina.si\/tradicionalni-izdelki\/\">Tradicionalni izdelki<\/a><\/h3>\n<\/div><\/div><\/div><div class=\"fusion-layout-column fusion_builder_column fusion-builder-column-3 fusion_builder_column_1_3 1_3 fusion-flex-column fusion-flex-align-self-center\" style=\"--awb-bg-size:cover;--awb-width-large:33.333333333333%;--awb-margin-top-large:0px;--awb-spacing-right-large:5.76%;--awb-margin-bottom-large:20px;--awb-spacing-left-large:5.76%;--awb-width-medium:100%;--awb-order-medium:0;--awb-spacing-right-medium:1.92%;--awb-spacing-left-medium:1.92%;--awb-width-small:100%;--awb-order-small:0;--awb-spacing-right-small:1.92%;--awb-spacing-left-small:1.92%;\"><div class=\"fusion-column-wrapper fusion-column-has-shadow fusion-flex-justify-content-center fusion-content-layout-column\"><div class=\"fusion-image-element \" style=\"text-align:center;--awb-caption-title-font-family:var(--h2_typography-font-family);--awb-caption-title-font-weight:var(--h2_typography-font-weight);--awb-caption-title-font-style:var(--h2_typography-font-style);--awb-caption-title-size:var(--h2_typography-font-size);--awb-caption-title-transform:var(--h2_typography-text-transform);--awb-caption-title-line-height:var(--h2_typography-line-height);--awb-caption-title-letter-spacing:var(--h2_typography-letter-spacing);\"><span class=\" fusion-imageframe imageframe-none imageframe-3 hover-type-zoomin\"><a class=\"fusion-no-lightbox\" href=\"https:\/\/skrina.si\/keramika-in-porcelan\/\" target=\"_self\" aria-label=\"Keramika-Zdenka-Kastelic-unikatna-keramika-slovenski-izdelki\"><img loading=\"lazy\" decoding=\"async\" width=\"300\" height=\"300\" src=\"https:\/\/skrina.si\/wp-content\/uploads\/2022\/05\/Keramika-Zdenka-Kastelic-unikatna-keramika-slovenski-izdelki.jpg\" alt class=\"img-responsive wp-image-10562\" srcset=\"https:\/\/skrina.si\/wp-content\/uploads\/2022\/05\/Keramika-Zdenka-Kastelic-unikatna-keramika-slovenski-izdelki-200x200.jpg 200w, https:\/\/skrina.si\/wp-content\/uploads\/2022\/05\/Keramika-Zdenka-Kastelic-unikatna-keramika-slovenski-izdelki.jpg 300w\" sizes=\"(max-width: 1024px) 100vw, (max-width: 640px) 100vw, 300px\" \/><\/a><\/span><\/div><div class=\"fusion-text fusion-text-3\" style=\"--awb-content-alignment:center;--awb-text-transform:none;--awb-margin-left:-140px;\"><h3 style=\"text-align: center;\"><a href=\"https:\/\/skrina.si\/keramika-in-porcelan\/\">\u00a0 \u00a0 \u00a0 \u00a0 \u00a0 \u00a0 \u00a0 \u00a0 \u00a0 \u00a0 \u00a0 \u00a0 \u00a0 \u00a0 \u00a0 Keramika in porcelan<\/a><\/h3>\n<\/div><\/div><\/div><\/div><\/div><div class=\"fusion-fullwidth fullwidth-box fusion-builder-row-3 fusion-flex-container nonhundred-percent-fullwidth non-hundred-percent-height-scrolling fusion-no-large-visibility\" style=\"--awb-border-radius-top-left:0px;--awb-border-radius-top-right:0px;--awb-border-radius-bottom-right:0px;--awb-border-radius-bottom-left:0px;--awb-padding-top:0px;--awb-padding-bottom:0px;--awb-padding-bottom-medium:0px;--awb-padding-bottom-small:0px;--awb-margin-top:0px;--awb-margin-bottom:0px;--awb-flex-wrap:wrap;\" ><div class=\"fusion-builder-row fusion-row fusion-flex-align-items-center fusion-flex-justify-content-center fusion-flex-content-wrap\" style=\"max-width:1560px;margin-left: calc(-4% \/ 2 );margin-right: calc(-4% \/ 2 );\"><div class=\"fusion-layout-column fusion_builder_column fusion-builder-column-4 fusion_builder_column_1_3 1_3 fusion-flex-column fusion-flex-align-self-center fusion-no-large-visibility\" style=\"--awb-bg-size:cover;--awb-width-large:33.333333333333%;--awb-margin-top-large:0px;--awb-spacing-right-large:5.76%;--awb-margin-bottom-large:0px;--awb-spacing-left-large:5.76%;--awb-width-medium:100%;--awb-order-medium:0;--awb-spacing-right-medium:1.92%;--awb-spacing-left-medium:1.92%;--awb-width-small:100%;--awb-order-small:0;--awb-spacing-right-small:1.92%;--awb-spacing-left-small:1.92%;\"><div class=\"fusion-column-wrapper fusion-column-has-shadow fusion-flex-justify-content-center fusion-content-layout-column\"><div class=\"fusion-image-element \" style=\"text-align:center;--awb-caption-title-font-family:var(--h2_typography-font-family);--awb-caption-title-font-weight:var(--h2_typography-font-weight);--awb-caption-title-font-style:var(--h2_typography-font-style);--awb-caption-title-size:var(--h2_typography-font-size);--awb-caption-title-transform:var(--h2_typography-text-transform);--awb-caption-title-line-height:var(--h2_typography-line-height);--awb-caption-title-letter-spacing:var(--h2_typography-letter-spacing);\"><span class=\" fusion-imageframe imageframe-none imageframe-4 hover-type-zoomout\"><a class=\"fusion-no-lightbox\" href=\"https:\/\/skrina.si\/slike-in-skulpture\/\" target=\"_self\" aria-label=\"Hahonin-Sergej-slika-Ljubljana-slikar-slike-za-dnevno-sobo\"><img loading=\"lazy\" decoding=\"async\" width=\"300\" height=\"300\" src=\"https:\/\/skrina.si\/wp-content\/uploads\/2022\/05\/Hahonin-Sergej-slika-Ljubljana-slikar-slike-za-dnevno-sobo-300x300.jpg\" alt class=\"img-responsive wp-image-10561\" srcset=\"https:\/\/skrina.si\/wp-content\/uploads\/2022\/05\/Hahonin-Sergej-slika-Ljubljana-slikar-slike-za-dnevno-sobo-200x200.jpg 200w, https:\/\/skrina.si\/wp-content\/uploads\/2022\/05\/Hahonin-Sergej-slika-Ljubljana-slikar-slike-za-dnevno-sobo.jpg 300w\" sizes=\"(max-width: 1024px) 100vw, (max-width: 640px) 100vw, 300px\" \/><\/a><\/span><\/div><div class=\"fusion-text fusion-text-4\" style=\"--awb-content-alignment:center;--awb-text-transform:none;\"><h3 style=\"text-align: center;\"><a href=\"https:\/\/skrina.si\/slike-in-skulpture\/\">Slike in skulpture<\/a><\/h3>\n<\/div><\/div><\/div><div class=\"fusion-layout-column fusion_builder_column fusion-builder-column-5 fusion_builder_column_1_3 1_3 fusion-flex-column fusion-flex-align-self-center fusion-no-large-visibility\" style=\"--awb-bg-size:cover;--awb-width-large:33.333333333333%;--awb-margin-top-large:0px;--awb-spacing-right-large:5.76%;--awb-margin-bottom-large:0px;--awb-spacing-left-large:5.76%;--awb-width-medium:100%;--awb-order-medium:0;--awb-spacing-right-medium:1.92%;--awb-spacing-left-medium:1.92%;--awb-width-small:100%;--awb-order-small:0;--awb-spacing-right-small:1.92%;--awb-spacing-left-small:1.92%;\"><div class=\"fusion-column-wrapper fusion-column-has-shadow fusion-flex-justify-content-center fusion-content-layout-column\"><div class=\"fusion-image-element fusion-no-large-visibility\" style=\"text-align:center;--awb-caption-title-font-family:var(--h2_typography-font-family);--awb-caption-title-font-weight:var(--h2_typography-font-weight);--awb-caption-title-font-style:var(--h2_typography-font-style);--awb-caption-title-size:var(--h2_typography-font-size);--awb-caption-title-transform:var(--h2_typography-text-transform);--awb-caption-title-line-height:var(--h2_typography-line-height);--awb-caption-title-letter-spacing:var(--h2_typography-letter-spacing);\"><span class=\" fusion-imageframe imageframe-none imageframe-5 hover-type-none\"><img decoding=\"async\" src=\"https:\/\/skrina.si\/wp-content\/uploads\/2022\/05\/Sveti-duhec-Ozebek-F-300x225.jpg\" alt class=\"img-responsive\"\/><\/span><\/div><div class=\"fusion-text fusion-text-5\"><h3 style=\"text-align: center;\"><a href=\"https:\/\/skrina.si\/tradicionalni-izdelki\/\">Tradicionalni izdelki<\/a><\/h3>\n<\/div><\/div><\/div><div class=\"fusion-layout-column fusion_builder_column fusion-builder-column-6 fusion_builder_column_1_3 1_3 fusion-flex-column fusion-flex-align-self-center fusion-no-large-visibility\" style=\"--awb-bg-size:cover;--awb-width-large:33.333333333333%;--awb-margin-top-large:0px;--awb-spacing-right-large:5.76%;--awb-margin-bottom-large:20px;--awb-spacing-left-large:5.76%;--awb-width-medium:100%;--awb-order-medium:0;--awb-spacing-right-medium:1.92%;--awb-spacing-left-medium:1.92%;--awb-width-small:100%;--awb-order-small:0;--awb-spacing-right-small:1.92%;--awb-margin-bottom-small:0px;--awb-spacing-left-small:1.92%;\"><div class=\"fusion-column-wrapper fusion-column-has-shadow fusion-flex-justify-content-center fusion-content-layout-column\"><div class=\"fusion-image-element fusion-no-large-visibility\" style=\"text-align:center;--awb-caption-title-font-family:var(--h2_typography-font-family);--awb-caption-title-font-weight:var(--h2_typography-font-weight);--awb-caption-title-font-style:var(--h2_typography-font-style);--awb-caption-title-size:var(--h2_typography-font-size);--awb-caption-title-transform:var(--h2_typography-text-transform);--awb-caption-title-line-height:var(--h2_typography-line-height);--awb-caption-title-letter-spacing:var(--h2_typography-letter-spacing);--awb-filter:brightness(0%);--awb-filter-transition:filter 0.3s ease;--awb-filter-hover:brightness(100%);\"><span class=\" fusion-imageframe imageframe-none imageframe-6 hover-type-zoomout\"><a class=\"fusion-no-lightbox\" href=\"https:\/\/skrina.si\/keramika-in-porcelan\/\" target=\"_self\" aria-label=\"Keramika-Zdenka-Kastelic-unikatna-keramika-slovenski-izdelki\"><img loading=\"lazy\" decoding=\"async\" width=\"300\" height=\"300\" src=\"https:\/\/skrina.si\/wp-content\/uploads\/2022\/05\/Keramika-Zdenka-Kastelic-unikatna-keramika-slovenski-izdelki.jpg\" alt class=\"img-responsive wp-image-10562\" srcset=\"https:\/\/skrina.si\/wp-content\/uploads\/2022\/05\/Keramika-Zdenka-Kastelic-unikatna-keramika-slovenski-izdelki-200x200.jpg 200w, https:\/\/skrina.si\/wp-content\/uploads\/2022\/05\/Keramika-Zdenka-Kastelic-unikatna-keramika-slovenski-izdelki.jpg 300w\" sizes=\"(max-width: 1024px) 100vw, (max-width: 640px) 100vw, 300px\" \/><\/a><\/span><\/div><div class=\"fusion-text fusion-text-6\" style=\"--awb-content-alignment:center;\"><h3 style=\"text-align: center;\"><a href=\"https:\/\/skrina.si\/keramika-in-porcelan\/\">Keramika in porcelan<\/a><\/h3>\n<\/div><\/div><\/div><\/div><\/div><\/p>\n","protected":false},"excerpt":{"rendered":"","protected":false},"author":2,"featured_media":0,"parent":0,"menu_order":0,"comment_status":"closed","ping_status":"closed","template":"","meta":{"_monsterinsights_skip_tracking":false,"_monsterinsights_sitenote_active":false,"_monsterinsights_sitenote_note":"","_monsterinsights_sitenote_category":0,"footnotes":""},"aioseo_notices":[],"yoast_head":"<!-- This site is optimized with the Yoast SEO plugin v22.1 - https:\/\/yoast.com\/wordpress\/plugins\/seo\/ -->\n<title>Ostali izdelki - Etnogalerija Skrina<\/title>\n<meta name=\"description\" content=\"Etnogalerija SKRINA v starem mestnem jedru v Ljubljani, \u017ee od leta 1989 \u00bbbrska\u00ab po babi\u010dini skrinji in i\u0161\u010de v njej skrite, pozabljene zaklade.\" \/>\n<meta name=\"robots\" content=\"index, follow, max-snippet:-1, max-image-preview:large, max-video-preview:-1\" \/>\n<link rel=\"canonical\" href=\"https:\/\/skrina.si\/sl\/ostali-izdelki\/\" \/>\n<meta property=\"og:locale\" content=\"sl_SI\" \/>\n<meta property=\"og:locale:alternate\" content=\"en_GB\" \/>\n<meta property=\"og:type\" content=\"article\" \/>\n<meta property=\"og:title\" content=\"Ostali izdelki\" \/>\n<meta property=\"og:description\" content=\"Etnogalerija SKRINA v starem mestnem jedru v Ljubljani, \u017ee od leta 1989 \u00bbbrska\u00ab po babi\u010dini skrinji in i\u0161\u010de v njej skrite, pozabljene zaklade.\" \/>\n<meta property=\"og:url\" content=\"https:\/\/skrina.si\/sl\/ostali-izdelki\/\" \/>\n<meta property=\"og:site_name\" content=\"Etnogalerija Skrina\" \/>\n<meta property=\"article:modified_time\" content=\"2024-06-06T15:37:46+00:00\" \/>\n<meta name=\"twitter:card\" content=\"summary_large_image\" \/>\n<meta name=\"twitter:label1\" content=\"Est. reading time\" \/>\n\t<meta name=\"twitter:data1\" content=\"2 minuti\" \/>\n<script type=\"application\/ld+json\" class=\"yoast-schema-graph\">{\"@context\":\"https:\/\/schema.org\",\"@graph\":[{\"@type\":\"WebPage\",\"@id\":\"https:\/\/skrina.si\/sl\/ostali-izdelki\/\",\"url\":\"https:\/\/skrina.si\/sl\/ostali-izdelki\/\",\"name\":\"[:sl]Ostali izdelki[:] - Etnogalerija Skrina\",\"isPartOf\":{\"@id\":\"https:\/\/skrina.si\/sl\/#website\"},\"datePublished\":\"2021-02-19T15:19:46+00:00\",\"dateModified\":\"2024-06-06T15:37:46+00:00\",\"description\":\"Etnogalerija SKRINA v starem mestnem jedru v Ljubljani, \u017ee od leta 1989 \u00bbbrska\u00ab po babi\u010dini skrinji in i\u0161\u010de v njej skrite, pozabljene zaklade.\",\"breadcrumb\":{\"@id\":\"https:\/\/skrina.si\/sl\/ostali-izdelki\/#breadcrumb\"},\"inLanguage\":\"sl-SI\",\"potentialAction\":[{\"@type\":\"ReadAction\",\"target\":[\"https:\/\/skrina.si\/sl\/ostali-izdelki\/\"]}]},{\"@type\":\"BreadcrumbList\",\"@id\":\"https:\/\/skrina.si\/sl\/ostali-izdelki\/#breadcrumb\",\"itemListElement\":[{\"@type\":\"ListItem\",\"position\":1,\"name\":\"Home\",\"item\":\"https:\/\/skrina.si\/\"},{\"@type\":\"ListItem\",\"position\":2,\"name\":\"Ostali izdelki\"}]},{\"@type\":\"WebSite\",\"@id\":\"https:\/\/skrina.si\/sl\/#website\",\"url\":\"https:\/\/skrina.si\/sl\/\",\"name\":\"Etnogalerija Skrina\",\"description\":\"Tradicija s posluhom\",\"potentialAction\":[{\"@type\":\"SearchAction\",\"target\":{\"@type\":\"EntryPoint\",\"urlTemplate\":\"https:\/\/skrina.si\/sl\/?s={search_term_string}\"},\"query-input\":\"required name=search_term_string\"}],\"inLanguage\":\"sl-SI\"}]}<\/script>\n<!-- \/ Yoast SEO plugin. -->","yoast_head_json":{"title":"Ostali izdelki - Etnogalerija Skrina","description":"Etnogalerija SKRINA v starem mestnem jedru v Ljubljani, \u017ee od leta 1989 \u00bbbrska\u00ab po babi\u010dini skrinji in i\u0161\u010de v njej skrite, pozabljene zaklade.","robots":{"index":"index","follow":"follow","max-snippet":"max-snippet:-1","max-image-preview":"max-image-preview:large","max-video-preview":"max-video-preview:-1"},"canonical":"https:\/\/skrina.si\/sl\/ostali-izdelki\/","og_locale":"sl_SI","og_type":"article","og_title":"[:sl]Ostali izdelki[:] - Etnogalerija Skrina","og_description":"Etnogalerija SKRINA v starem mestnem jedru v Ljubljani, \u017ee od leta 1989 \u00bbbrska\u00ab po babi\u010dini skrinji in i\u0161\u010de v njej skrite, pozabljene zaklade.","og_url":"https:\/\/skrina.si\/sl\/ostali-izdelki\/","og_site_name":"Etnogalerija Skrina","article_modified_time":"2024-06-06T15:37:46+00:00","twitter_card":"summary_large_image","twitter_misc":{"Est. reading time":"2 minuti"},"schema":{"@context":"https:\/\/schema.org","@graph":[{"@type":"WebPage","@id":"https:\/\/skrina.si\/sl\/ostali-izdelki\/","url":"https:\/\/skrina.si\/sl\/ostali-izdelki\/","name":"[:sl]Ostali izdelki[:] - Etnogalerija Skrina","isPartOf":{"@id":"https:\/\/skrina.si\/sl\/#website"},"datePublished":"2021-02-19T15:19:46+00:00","dateModified":"2024-06-06T15:37:46+00:00","description":"Etnogalerija SKRINA v starem mestnem jedru v Ljubljani, \u017ee od leta 1989 \u00bbbrska\u00ab po babi\u010dini skrinji in i\u0161\u010de v njej skrite, pozabljene zaklade.","breadcrumb":{"@id":"https:\/\/skrina.si\/sl\/ostali-izdelki\/#breadcrumb"},"inLanguage":"sl-SI","potentialAction":[{"@type":"ReadAction","target":["https:\/\/skrina.si\/sl\/ostali-izdelki\/"]}]},{"@type":"BreadcrumbList","@id":"https:\/\/skrina.si\/sl\/ostali-izdelki\/#breadcrumb","itemListElement":[{"@type":"ListItem","position":1,"name":"Home","item":"https:\/\/skrina.si\/"},{"@type":"ListItem","position":2,"name":"Ostali izdelki"}]},{"@type":"WebSite","@id":"https:\/\/skrina.si\/sl\/#website","url":"https:\/\/skrina.si\/sl\/","name":"Etnogalerija Skrina","description":"Tradicija s posluhom","potentialAction":[{"@type":"SearchAction","target":{"@type":"EntryPoint","urlTemplate":"https:\/\/skrina.si\/sl\/?s={search_term_string}"},"query-input":"required name=search_term_string"}],"inLanguage":"sl-SI"}]}},"_links":{"self":[{"href":"https:\/\/skrina.si\/sl\/wp-json\/wp\/v2\/pages\/35"}],"collection":[{"href":"https:\/\/skrina.si\/sl\/wp-json\/wp\/v2\/pages"}],"about":[{"href":"https:\/\/skrina.si\/sl\/wp-json\/wp\/v2\/types\/page"}],"author":[{"embeddable":true,"href":"https:\/\/skrina.si\/sl\/wp-json\/wp\/v2\/users\/2"}],"replies":[{"embeddable":true,"href":"https:\/\/skrina.si\/sl\/wp-json\/wp\/v2\/comments?post=35"}],"version-history":[{"count":3,"href":"https:\/\/skrina.si\/sl\/wp-json\/wp\/v2\/pages\/35\/revisions"}],"predecessor-version":[{"id":16657,"href":"https:\/\/skrina.si\/sl\/wp-json\/wp\/v2\/pages\/35\/revisions\/16657"}],"wp:attachment":[{"href":"https:\/\/skrina.si\/sl\/wp-json\/wp\/v2\/media?parent=35"}],"curies":[{"name":"wp","href":"https:\/\/api.w.org\/{rel}","templated":true}]}}