{"id":13324,"date":"2024-04-10T23:20:49","date_gmt":"2024-04-10T21:20:49","guid":{"rendered":"https:\/\/skrina.si\/?page_id=13324"},"modified":"2024-08-30T08:42:30","modified_gmt":"2024-08-30T06:42:30","slug":"nakit-skrina","status":"publish","type":"page","link":"https:\/\/skrina.si\/sl\/nakit-skrina\/","title":{"rendered":"Nakit Skrina"},"content":{"rendered":"<p><div class=\"fusion-fullwidth fullwidth-box fusion-builder-row-1 fusion-flex-container has-pattern-background has-mask-background nonhundred-percent-fullwidth non-hundred-percent-height-scrolling\" style=\"--awb-border-radius-top-left:0px;--awb-border-radius-top-right:0px;--awb-border-radius-bottom-right:0px;--awb-border-radius-bottom-left:0px;--awb-padding-bottom:20px;--awb-flex-wrap:wrap;\" ><div class=\"fusion-builder-row fusion-row fusion-flex-align-items-flex-start fusion-flex-justify-content-center fusion-flex-content-wrap\" style=\"max-width:1560px;margin-left: calc(-4% \/ 2 );margin-right: calc(-4% \/ 2 );\"><div class=\"fusion-layout-column fusion_builder_column fusion-builder-column-0 fusion_builder_column_1_2 1_2 fusion-flex-column fusion-flex-align-self-flex-start\" style=\"--awb-bg-size:cover;--awb-width-large:50%;--awb-margin-top-large:0px;--awb-spacing-right-large:3.84%;--awb-margin-bottom-large:20px;--awb-spacing-left-large:3.84%;--awb-width-medium:100%;--awb-order-medium:0;--awb-spacing-right-medium:1.92%;--awb-spacing-left-medium:1.92%;--awb-width-small:100%;--awb-order-small:0;--awb-spacing-right-small:1.92%;--awb-spacing-left-small:1.92%;\"><div class=\"fusion-column-wrapper fusion-column-has-shadow fusion-flex-justify-content-flex-start fusion-content-layout-column\">\t\t\t\t\t<div class=\"fusion-slider-container fusion-slider-sc-nakit-skrina-slo fusion-slider-1190 full-width-slider\" style=\"height:1350px; max-width:100%;\" data-id=\"1190\" data-full_height=\"\">\n\t\t\t\t\t\t<style type=\"text\/css\">.fusion-slider-1190 .flex-direction-nav a {width:63px;height:63px;line-height:63px;font-size:25px;}<\/style>\t\t\t\t\t\t<div class=\"fusion-slider-loading\">Loading...<\/div>\n\t\t\t\t\t\t<div class=\"tfs-slider flexslider main-flex full-width-slider\" data-slider_width=\"100%\" data-slider_height=\"1350px\" data-slider_content_width=\"850px\" data-full_screen=\"0\" data-parallax=\"1\" data-nav_arrows=\"1\" data-nav_arrow_size=\"25px\" data-nav_box_width=\"63px\" data-nav_box_height=\"63px\" data-slideshow_speed=\"2000\" data-loop=\"0\" data-autoplay=\"1\" data-orderby=\"date\" data-order=\"DESC\" data-animation=\"fade\" data-animation_speed=\"4000\" data-typo_sensitivity=\"0.1\" data-typo_factor=\"1.5\" style=\"max-width:100%;\">\n\t\t\t\t\t\t\t<ul class=\"slides\">\n\t\t\t\t\t\t\t\t\t\t\t\t\t\t\t\t\t<li data-mute=\"yes\" data-loop=\"yes\" data-autoplay=\"yes\">\n\t\t\t\t\t\t\t\t\t\t<div class=\"slide-content-container slide-content-left\" style=\"display: none;\">\n\t\t\t\t\t\t\t\t\t\t\t<div class=\"slide-content\" style=\"max-width:850px\">\n\t\t\t\t\t\t\t\t\t\t\t\t\t\t\t\t\t\t\t\t\t\t\t\t\t\t\t\t\t\t\t\t\t\t\t\t\t\t\t\t\t\t\t\t\t\t\t<\/div>\n\t\t\t\t\t\t\t\t\t\t<\/div>\n\t\t\t\t\t\t\t\t\t\t\t\t\t\t\t\t\t\t\t\t\t\t\t\t\t\t\t\t\t\t\t\t\t\t\t\t\t\t\t\t<div class=\"background background-image\" style=\"background-image: url(https:\/\/skrina.si\/wp-content\/uploads\/2024\/01\/LITCHI_Pisanice_barvna_ogrlica.jpg);max-width:100%;height:1350px;filter: progid:DXImageTransform.Microsoft.AlphaImageLoader(src='https:\/\/skrina.si\/wp-content\/uploads\/2024\/01\/LITCHI_Pisanice_barvna_ogrlica.jpg', sizingMethod='scale');\" data-imgwidth=\"2000\">\n\t\t\t\t\t\t\t\t\t\t\t\t\t\t\t\t\t\t\t\t\t\t\t\t\t\t\t\t\t\t\t\t\t\t\t\t\t\t\t\t\t\t\t\t\t\t\t\t\t\t\t\t\t\t\t\t\t\t\t\t\t\t\t\t\t\t<\/div>\n\t\t\t\t\t\t\t\t\t<\/li>\n\t\t\t\t\t\t\t\t\t\t\t\t\t\t\t\t\t<li data-mute=\"yes\" data-loop=\"yes\" data-autoplay=\"yes\">\n\t\t\t\t\t\t\t\t\t\t<div class=\"slide-content-container slide-content-left\" style=\"display: none;\">\n\t\t\t\t\t\t\t\t\t\t\t<div class=\"slide-content\" style=\"max-width:850px\">\n\t\t\t\t\t\t\t\t\t\t\t\t\t\t\t\t\t\t\t\t\t\t\t\t\t\t\t\t\t\t\t\t\t\t\t\t\t\t\t\t\t\t\t\t\t\t\t<\/div>\n\t\t\t\t\t\t\t\t\t\t<\/div>\n\t\t\t\t\t\t\t\t\t\t\t\t\t\t\t\t\t\t\t\t\t\t\t\t\t\t\t\t\t\t\t\t\t\t\t\t\t\t\t\t<div class=\"background background-image\" style=\"background-image: url(https:\/\/skrina.si\/wp-content\/uploads\/2024\/01\/LITCHI_Pisanice_ogrlica-rdeca.jpg);max-width:100%;height:1350px;filter: progid:DXImageTransform.Microsoft.AlphaImageLoader(src='https:\/\/skrina.si\/wp-content\/uploads\/2024\/01\/LITCHI_Pisanice_ogrlica-rdeca.jpg', sizingMethod='scale');\" data-imgwidth=\"2000\">\n\t\t\t\t\t\t\t\t\t\t\t\t\t\t\t\t\t\t\t\t\t\t\t\t\t\t\t\t\t\t\t\t\t\t\t\t\t\t\t\t\t\t\t\t\t\t\t\t\t\t\t\t\t\t\t\t\t\t\t\t\t\t\t\t\t\t<\/div>\n\t\t\t\t\t\t\t\t\t<\/li>\n\t\t\t\t\t\t\t\t\t\t\t\t\t\t\t\t\t<li data-mute=\"yes\" data-loop=\"yes\" data-autoplay=\"yes\">\n\t\t\t\t\t\t\t\t\t\t<div class=\"slide-content-container slide-content-left\" style=\"display: none;\">\n\t\t\t\t\t\t\t\t\t\t\t<div class=\"slide-content\" style=\"max-width:850px\">\n\t\t\t\t\t\t\t\t\t\t\t\t\t\t\t\t\t\t\t\t\t\t\t\t\t\t\t\t\t\t\t\t\t\t\t\t\t\t\t\t\t\t\t\t\t\t\t<\/div>\n\t\t\t\t\t\t\t\t\t\t<\/div>\n\t\t\t\t\t\t\t\t\t\t\t\t\t\t\t\t\t\t\t\t\t\t\t\t\t\t\t\t\t\t\t\t\t\t\t\t\t\t\t\t<div class=\"background background-image\" style=\"background-image: url(https:\/\/skrina.si\/wp-content\/uploads\/2024\/01\/LITCHI_Pisanice_ogrlica-in-zapestnice.jpg);max-width:100%;height:1350px;filter: progid:DXImageTransform.Microsoft.AlphaImageLoader(src='https:\/\/skrina.si\/wp-content\/uploads\/2024\/01\/LITCHI_Pisanice_ogrlica-in-zapestnice.jpg', sizingMethod='scale');\" data-imgwidth=\"2000\">\n\t\t\t\t\t\t\t\t\t\t\t\t\t\t\t\t\t\t\t\t\t\t\t\t\t\t\t\t\t\t\t\t\t\t\t\t\t\t\t\t\t\t\t\t\t\t\t\t\t\t\t\t\t\t\t\t\t\t\t\t\t\t\t\t\t\t<\/div>\n\t\t\t\t\t\t\t\t\t<\/li>\n\t\t\t\t\t\t\t\t\t\t\t\t\t\t\t\t\t<li data-mute=\"yes\" data-loop=\"yes\" data-autoplay=\"yes\">\n\t\t\t\t\t\t\t\t\t\t<div class=\"slide-content-container slide-content-left\" style=\"display: none;\">\n\t\t\t\t\t\t\t\t\t\t\t<div class=\"slide-content\" style=\"max-width:850px\">\n\t\t\t\t\t\t\t\t\t\t\t\t\t\t\t\t\t\t\t\t\t\t\t\t\t\t\t\t\t\t\t\t\t\t\t\t\t\t\t\t\t\t\t\t\t\t\t<\/div>\n\t\t\t\t\t\t\t\t\t\t<\/div>\n\t\t\t\t\t\t\t\t\t\t\t\t\t\t\t\t\t\t\t\t\t\t\t\t\t\t\t\t\t\t\t\t\t\t\t\t\t\t\t\t<div class=\"background background-image\" style=\"background-image: url(https:\/\/skrina.si\/wp-content\/uploads\/2024\/01\/5-Litchi_uhani_zapestnice.jpg);max-width:100%;height:1350px;filter: progid:DXImageTransform.Microsoft.AlphaImageLoader(src='https:\/\/skrina.si\/wp-content\/uploads\/2024\/01\/5-Litchi_uhani_zapestnice.jpg', sizingMethod='scale');\" data-imgwidth=\"2000\">\n\t\t\t\t\t\t\t\t\t\t\t\t\t\t\t\t\t\t\t\t\t\t\t\t\t\t\t\t\t\t\t\t\t\t\t\t\t\t\t\t\t\t\t\t\t\t\t\t\t\t\t\t\t\t\t\t\t\t\t\t\t\t\t\t\t\t<\/div>\n\t\t\t\t\t\t\t\t\t<\/li>\n\t\t\t\t\t\t\t\t\t\t\t\t\t\t\t\t\t<li data-mute=\"yes\" data-loop=\"yes\" data-autoplay=\"yes\">\n\t\t\t\t\t\t\t\t\t\t<div class=\"slide-content-container slide-content-left\" style=\"display: none;\">\n\t\t\t\t\t\t\t\t\t\t\t<div class=\"slide-content\" style=\"max-width:850px\">\n\t\t\t\t\t\t\t\t\t\t\t\t\t\t\t\t\t\t\t\t\t\t\t\t\t\t\t\t\t\t\t\t\t\t\t\t\t\t\t\t\t\t\t\t\t\t\t<\/div>\n\t\t\t\t\t\t\t\t\t\t<\/div>\n\t\t\t\t\t\t\t\t\t\t\t\t\t\t\t\t\t\t\t\t\t\t\t\t\t\t\t\t\t\t\t\t\t\t\t\t\t\t\t\t<div class=\"background background-image\" style=\"background-image: url(https:\/\/skrina.si\/wp-content\/uploads\/2022\/06\/Litchi-nakit-komplet-ogrlica-zapestnica-uhani-pisani.jpg);max-width:100%;height:1350px;filter: progid:DXImageTransform.Microsoft.AlphaImageLoader(src='https:\/\/skrina.si\/wp-content\/uploads\/2022\/06\/Litchi-nakit-komplet-ogrlica-zapestnica-uhani-pisani.jpg', sizingMethod='scale');\" data-imgwidth=\"2000\">\n\t\t\t\t\t\t\t\t\t\t\t\t\t\t\t\t\t\t\t\t\t\t\t\t\t\t\t\t\t\t\t\t\t\t\t\t\t\t\t\t\t\t\t\t\t\t\t\t\t\t\t\t\t\t\t\t\t\t\t\t\t\t\t\t\t\t<\/div>\n\t\t\t\t\t\t\t\t\t<\/li>\n\t\t\t\t\t\t\t\t\t\t\t\t\t\t\t\t\t\t\t\t\t\t\t<\/ul>\n\t\t\t\t\t\t<\/div>\n\t\t\t\t\t<\/div>\n\t\t\t\t\t\t\t\t<\/div><\/div><div class=\"fusion-layout-column fusion_builder_column fusion-builder-column-1 fusion_builder_column_1_2 1_2 fusion-flex-column\" style=\"--awb-bg-size:cover;--awb-width-large:50%;--awb-margin-top-large:0px;--awb-spacing-right-large:3.84%;--awb-margin-bottom-large:20px;--awb-spacing-left-large:3.84%;--awb-width-medium:100%;--awb-order-medium:0;--awb-spacing-right-medium:1.92%;--awb-spacing-left-medium:1.92%;--awb-width-small:100%;--awb-order-small:0;--awb-spacing-right-small:1.92%;--awb-spacing-left-small:1.92%;\"><div class=\"fusion-column-wrapper fusion-column-has-shadow fusion-flex-justify-content-flex-start fusion-content-layout-column\"><div class=\"fusion-title title fusion-title-1 fusion-sep-none fusion-title-text fusion-title-size-five\" style=\"--awb-margin-bottom:0px;\"><h5 class=\"fusion-title-heading title-heading-left\" style=\"margin:0;\"><h5>NAKIT SKRINA<\/h5><\/h5><\/div><div class=\"fusion-separator fusion-full-width-sep\" style=\"align-self: center;margin-left: auto;margin-right: auto;width:100%;\"><div class=\"fusion-separator-border sep-double sep-solid\" style=\"--awb-height:20px;--awb-amount:20px;border-color:#e0dede;border-top-width:1px;border-bottom-width:1px;\"><\/div><\/div><div class=\"fusion-text fusion-text-1\"><h5 style=\"text-align: justify;\">V Etnogaleriji SKRINA se radi oziramo nazaj v preteklost. Predani smo raziskovanju<em><strong> tradicionalnih slovenskih vzorcev<\/strong><\/em>, do katerih \u010dutimo veliko spo\u0161tovanje in jih znamo uporabimo v vsakdanjem \u017eivljenju.<br \/>\nV SKRINI smo za vas oblikovali nakit s tradicionalnimi motivi in <strong><em>etnolog Bla\u017e Telban<\/em><\/strong> je poskrbel, da imajo vsi na\u0161i izdelki tudi <em><strong>strokovno podlago<\/strong><\/em>.<br \/>\nNa\u0161i izdelki pri\u010dajo o tem, da je bilo ljudsko \u017eivljenje v prej\u0161njih \u010dasih bogatej\u0161e kot so ga predstavljamo danes.<br \/>\n\u010ceprav se je na\u0161 okus v marsi\u010demu spremenil, nam lahko motivi iz zakladnice slovenskega ljudskega izro\u010dila predstavljajo neusahljiv vir inspiracij, zato so na\u0161i izdelki s tradicionalnimi slovenskimi motivi prava izbira tudi za va\u0161e <strong><em>poslovne partnerje<\/em><\/strong>.<\/h5>\n<\/div><\/div><\/div><\/div><\/div><div class=\"fusion-fullwidth fullwidth-box fusion-builder-row-2 fusion-flex-container has-pattern-background has-mask-background nonhundred-percent-fullwidth non-hundred-percent-height-scrolling\" style=\"--awb-border-radius-top-left:0px;--awb-border-radius-top-right:0px;--awb-border-radius-bottom-right:0px;--awb-border-radius-bottom-left:0px;--awb-flex-wrap:wrap;\" ><div class=\"fusion-builder-row fusion-row fusion-flex-align-items-flex-start fusion-flex-content-wrap\" style=\"max-width:1560px;margin-left: calc(-4% \/ 2 );margin-right: calc(-4% \/ 2 );\"><div class=\"fusion-layout-column fusion_builder_column fusion-builder-column-2 fusion_builder_column_1_1 1_1 fusion-flex-column\" style=\"--awb-bg-size:cover;--awb-width-large:100%;--awb-margin-top-large:0px;--awb-spacing-right-large:1.92%;--awb-margin-bottom-large:20px;--awb-spacing-left-large:1.92%;--awb-width-medium:100%;--awb-order-medium:0;--awb-spacing-right-medium:1.92%;--awb-spacing-left-medium:1.92%;--awb-width-small:100%;--awb-order-small:0;--awb-spacing-right-small:1.92%;--awb-spacing-left-small:1.92%;\"><div class=\"fusion-column-wrapper fusion-column-has-shadow fusion-flex-justify-content-flex-start fusion-content-layout-column\"><div class=\"fusion-title title fusion-title-2 fusion-title-center fusion-title-text fusion-title-size-three\"><div class=\"title-sep-container title-sep-container-left\"><div class=\"title-sep sep-double sep-solid\" style=\"border-color:#e0dede;\"><\/div><\/div><span class=\"awb-title-spacer\"><\/span><h3 class=\"fusion-title-heading title-heading-center\" style=\"margin:0;\">Skupine izdelkov<\/h3><span class=\"awb-title-spacer\"><\/span><div class=\"title-sep-container title-sep-container-right\"><div class=\"title-sep sep-double sep-solid\" style=\"border-color:#e0dede;\"><\/div><\/div><\/div><\/div><\/div><\/div><\/div><div class=\"fusion-fullwidth fullwidth-box fusion-builder-row-3 fusion-flex-container has-pattern-background has-mask-background nonhundred-percent-fullwidth non-hundred-percent-height-scrolling\" style=\"--awb-border-radius-top-left:0px;--awb-border-radius-top-right:0px;--awb-border-radius-bottom-right:0px;--awb-border-radius-bottom-left:0px;--awb-flex-wrap:wrap;\" ><div class=\"fusion-builder-row fusion-row fusion-flex-align-items-center fusion-flex-justify-content-center fusion-flex-content-wrap\" style=\"max-width:1560px;margin-left: calc(-4% \/ 2 );margin-right: calc(-4% \/ 2 );\"><div class=\"fusion-layout-column fusion_builder_column fusion-builder-column-3 fusion_builder_column_1_3 1_3 fusion-flex-column\" style=\"--awb-padding-top:0px;--awb-bg-size:cover;--awb-width-large:33.333333333333%;--awb-margin-top-large:0px;--awb-spacing-right-large:5.76%;--awb-margin-bottom-large:20px;--awb-spacing-left-large:5.76%;--awb-width-medium:100%;--awb-order-medium:0;--awb-spacing-right-medium:1.92%;--awb-spacing-left-medium:1.92%;--awb-width-small:100%;--awb-order-small:0;--awb-spacing-right-small:1.92%;--awb-spacing-left-small:1.92%;\"><div class=\"fusion-column-wrapper fusion-column-has-shadow fusion-flex-justify-content-flex-start fusion-content-layout-column\"><div class=\"fusion-image-element \" style=\"text-align:center;--awb-caption-title-font-family:var(--h2_typography-font-family);--awb-caption-title-font-weight:var(--h2_typography-font-weight);--awb-caption-title-font-style:var(--h2_typography-font-style);--awb-caption-title-size:var(--h2_typography-font-size);--awb-caption-title-transform:var(--h2_typography-text-transform);--awb-caption-title-line-height:var(--h2_typography-line-height);--awb-caption-title-letter-spacing:var(--h2_typography-letter-spacing);\"><span class=\" fusion-imageframe imageframe-none imageframe-1 hover-type-zoomout\"><a class=\"fusion-no-lightbox\" href=\"\/nakit-skrina-uhani\/\" target=\"_self\" aria-label=\"UHANI-2\"><img loading=\"lazy\" decoding=\"async\" width=\"400\" height=\"300\" src=\"https:\/\/skrina.si\/wp-content\/uploads\/2024\/04\/UHANI-2-400x300.jpg\" alt class=\"img-responsive wp-image-14853\" srcset=\"https:\/\/skrina.si\/wp-content\/uploads\/2024\/04\/UHANI-2-200x150.jpg 200w, https:\/\/skrina.si\/wp-content\/uploads\/2024\/04\/UHANI-2-400x300.jpg 400w, https:\/\/skrina.si\/wp-content\/uploads\/2024\/04\/UHANI-2-600x450.jpg 600w, https:\/\/skrina.si\/wp-content\/uploads\/2024\/04\/UHANI-2-800x600.jpg 800w, https:\/\/skrina.si\/wp-content\/uploads\/2024\/04\/UHANI-2-1200x900.jpg 1200w\" sizes=\"(max-width: 1024px) 100vw, (max-width: 640px) 100vw, 600px\" \/><\/a><\/span><\/div><div class=\"fusion-text fusion-text-2\" style=\"--awb-content-alignment:center;\"><h4 style=\"text-align: center;\"><a href=\"\/nakit-skrina-uhani\/\">Uhani<\/a><\/h4>\n<\/div><\/div><\/div><div class=\"fusion-layout-column fusion_builder_column fusion-builder-column-4 fusion_builder_column_1_3 1_3 fusion-flex-column\" style=\"--awb-bg-size:cover;--awb-width-large:33.333333333333%;--awb-margin-top-large:0px;--awb-spacing-right-large:5.76%;--awb-margin-bottom-large:20px;--awb-spacing-left-large:5.76%;--awb-width-medium:100%;--awb-order-medium:0;--awb-spacing-right-medium:1.92%;--awb-spacing-left-medium:1.92%;--awb-width-small:100%;--awb-order-small:0;--awb-spacing-right-small:1.92%;--awb-spacing-left-small:1.92%;\"><div class=\"fusion-column-wrapper fusion-column-has-shadow fusion-flex-justify-content-flex-start fusion-content-layout-column\"><div class=\"fusion-image-element \" style=\"text-align:center;--awb-caption-title-font-family:var(--h2_typography-font-family);--awb-caption-title-font-weight:var(--h2_typography-font-weight);--awb-caption-title-font-style:var(--h2_typography-font-style);--awb-caption-title-size:var(--h2_typography-font-size);--awb-caption-title-transform:var(--h2_typography-text-transform);--awb-caption-title-line-height:var(--h2_typography-line-height);--awb-caption-title-letter-spacing:var(--h2_typography-letter-spacing);\"><span class=\" fusion-imageframe imageframe-none imageframe-2 hover-type-zoomout\"><a class=\"fusion-no-lightbox\" href=\"\/nakit-skrina-ogrlice\/\" target=\"_self\" aria-label=\"NAKIT Tradicionalni slovenski vzorci OGRLICA RDE\u010cA\"><img loading=\"lazy\" decoding=\"async\" width=\"2000\" height=\"1500\" alt=\"NAKIT Tradicionalni slovenski vzorci OGRLICA RDE\u010cA\" src=\"https:\/\/skrina.si\/wp-content\/uploads\/2021\/06\/LITCHI_Pisanice_ogrlica-rdeca.jpg\" class=\"img-responsive wp-image-2961\" srcset=\"https:\/\/skrina.si\/wp-content\/uploads\/2021\/06\/LITCHI_Pisanice_ogrlica-rdeca-800x600.jpg 800w, https:\/\/skrina.si\/wp-content\/uploads\/2021\/06\/LITCHI_Pisanice_ogrlica-rdeca.jpg 2000w\" sizes=\"(max-width: 1024px) 100vw, (max-width: 640px) 100vw, 2000px\" \/><\/a><\/span><\/div><div class=\"fusion-text fusion-text-3\" style=\"--awb-content-alignment:center;\"><h4 style=\"text-align: center;\"><a href=\"\/nakit-skrina-ogrlice\/\">Ogrlice<\/a><\/h4>\n<\/div><\/div><\/div><div class=\"fusion-layout-column fusion_builder_column fusion-builder-column-5 fusion_builder_column_1_3 1_3 fusion-flex-column\" style=\"--awb-bg-size:cover;--awb-width-large:33.333333333333%;--awb-margin-top-large:0px;--awb-spacing-right-large:5.76%;--awb-margin-bottom-large:20px;--awb-spacing-left-large:5.76%;--awb-width-medium:100%;--awb-order-medium:0;--awb-spacing-right-medium:1.92%;--awb-spacing-left-medium:1.92%;--awb-width-small:100%;--awb-order-small:0;--awb-spacing-right-small:1.92%;--awb-spacing-left-small:1.92%;\"><div class=\"fusion-column-wrapper fusion-column-has-shadow fusion-flex-justify-content-flex-start fusion-content-layout-column\"><div class=\"fusion-image-element \" style=\"text-align:center;--awb-caption-title-font-family:var(--h2_typography-font-family);--awb-caption-title-font-weight:var(--h2_typography-font-weight);--awb-caption-title-font-style:var(--h2_typography-font-style);--awb-caption-title-size:var(--h2_typography-font-size);--awb-caption-title-transform:var(--h2_typography-text-transform);--awb-caption-title-line-height:var(--h2_typography-line-height);--awb-caption-title-letter-spacing:var(--h2_typography-letter-spacing);\"><span class=\" fusion-imageframe imageframe-none imageframe-3 hover-type-zoomout\"><a class=\"fusion-no-lightbox\" href=\"\/nakit-skrina-zapestnice\/\" target=\"_self\" aria-label=\"Zapestnici s tribarvnimi tradicionalni vzorci\"><img loading=\"lazy\" decoding=\"async\" width=\"2000\" height=\"1500\" alt=\"Zapestnici s tribarvnimi tradicionalni vzorci\" src=\"https:\/\/skrina.si\/wp-content\/uploads\/2024\/02\/Zapestnici-s-tribarvnimi-tradicionalni-vzorci.jpg\" class=\"img-responsive wp-image-13468\" srcset=\"https:\/\/skrina.si\/wp-content\/uploads\/2024\/02\/Zapestnici-s-tribarvnimi-tradicionalni-vzorci-800x600.jpg 800w, https:\/\/skrina.si\/wp-content\/uploads\/2024\/02\/Zapestnici-s-tribarvnimi-tradicionalni-vzorci.jpg 2000w\" sizes=\"(max-width: 1024px) 100vw, (max-width: 640px) 100vw, 2000px\" \/><\/a><\/span><\/div><div class=\"fusion-text fusion-text-4\" style=\"--awb-content-alignment:center;\"><h4 style=\"text-align: center;\"><a href=\"\/nakit-skrina-zapestnice\/\">Zapestnice<\/a><\/h4>\n<\/div><\/div><\/div><\/div><\/div><\/p>\n","protected":false},"excerpt":{"rendered":"","protected":false},"author":2,"featured_media":0,"parent":0,"menu_order":0,"comment_status":"closed","ping_status":"closed","template":"","meta":{"_monsterinsights_skip_tracking":false,"_monsterinsights_sitenote_active":false,"_monsterinsights_sitenote_note":"","_monsterinsights_sitenote_category":0,"footnotes":""},"aioseo_notices":[],"yoast_head":"<!-- This site is optimized with the Yoast SEO plugin v22.1 - https:\/\/yoast.com\/wordpress\/plugins\/seo\/ -->\n<title>Nakit Skrina - Etnogalerija Skrina<\/title>\n<meta name=\"robots\" content=\"index, follow, max-snippet:-1, max-image-preview:large, max-video-preview:-1\" \/>\n<link rel=\"canonical\" href=\"https:\/\/skrina.si\/sl\/nakit-skrina\/\" \/>\n<meta property=\"og:locale\" content=\"sl_SI\" \/>\n<meta property=\"og:locale:alternate\" content=\"en_GB\" \/>\n<meta property=\"og:type\" content=\"article\" \/>\n<meta property=\"og:title\" content=\"Nakit Skrina\" \/>\n<meta property=\"og:url\" content=\"https:\/\/skrina.si\/sl\/slide\/4-litchi-ogrlica-zapestnica-uhani\/\" \/>\n<meta property=\"og:site_name\" content=\"Etnogalerija Skrina\" \/>\n<meta property=\"article:modified_time\" content=\"2024-08-30T06:42:30+00:00\" \/>\n<meta name=\"twitter:card\" content=\"summary_large_image\" \/>\n<meta name=\"twitter:label1\" content=\"Est. reading time\" \/>\n\t<meta name=\"twitter:data1\" content=\"2 minuti\" \/>\n<script type=\"application\/ld+json\" class=\"yoast-schema-graph\">{\"@context\":\"https:\/\/schema.org\",\"@graph\":[{\"@type\":\"WebPage\",\"@id\":\"https:\/\/skrina.si\/sl\/nakit-skrina\/\",\"url\":\"https:\/\/skrina.si\/sl\/nakit-skrina\/\",\"name\":\"[:en]Nakit Skrina[:sl]Nakit Skrina[:] - Etnogalerija Skrina\",\"isPartOf\":{\"@id\":\"https:\/\/skrina.si\/sl\/#website\"},\"datePublished\":\"2024-04-10T21:20:49+00:00\",\"dateModified\":\"2024-08-30T06:42:30+00:00\",\"breadcrumb\":{\"@id\":\"https:\/\/skrina.si\/sl\/nakit-skrina\/#breadcrumb\"},\"inLanguage\":\"sl-SI\",\"potentialAction\":[{\"@type\":\"ReadAction\",\"target\":[\"https:\/\/skrina.si\/sl\/nakit-skrina\/\"]}]},{\"@type\":\"BreadcrumbList\",\"@id\":\"https:\/\/skrina.si\/sl\/nakit-skrina\/#breadcrumb\",\"itemListElement\":[{\"@type\":\"ListItem\",\"position\":1,\"name\":\"Home\",\"item\":\"https:\/\/skrina.si\/\"},{\"@type\":\"ListItem\",\"position\":2,\"name\":\"Nakit Skrina\"}]},{\"@type\":\"WebSite\",\"@id\":\"https:\/\/skrina.si\/sl\/#website\",\"url\":\"https:\/\/skrina.si\/sl\/\",\"name\":\"Etnogalerija Skrina\",\"description\":\"Tradicija s posluhom\",\"potentialAction\":[{\"@type\":\"SearchAction\",\"target\":{\"@type\":\"EntryPoint\",\"urlTemplate\":\"https:\/\/skrina.si\/sl\/?s={search_term_string}\"},\"query-input\":\"required name=search_term_string\"}],\"inLanguage\":\"sl-SI\"}]}<\/script>\n<!-- \/ Yoast SEO plugin. -->","yoast_head_json":{"title":"Nakit Skrina - Etnogalerija Skrina","robots":{"index":"index","follow":"follow","max-snippet":"max-snippet:-1","max-image-preview":"max-image-preview:large","max-video-preview":"max-video-preview:-1"},"canonical":"https:\/\/skrina.si\/sl\/nakit-skrina\/","og_locale":"sl_SI","og_type":"article","og_title":"[:en]Nakit Skrina[:sl]Nakit Skrina[:] - Etnogalerija Skrina","og_url":"https:\/\/skrina.si\/sl\/slide\/4-litchi-ogrlica-zapestnica-uhani\/","og_site_name":"Etnogalerija Skrina","article_modified_time":"2024-08-30T06:42:30+00:00","twitter_card":"summary_large_image","twitter_misc":{"Est. reading time":"2 minuti"},"schema":{"@context":"https:\/\/schema.org","@graph":[{"@type":"WebPage","@id":"https:\/\/skrina.si\/sl\/nakit-skrina\/","url":"https:\/\/skrina.si\/sl\/nakit-skrina\/","name":"[:en]Nakit Skrina[:sl]Nakit Skrina[:] - Etnogalerija Skrina","isPartOf":{"@id":"https:\/\/skrina.si\/sl\/#website"},"datePublished":"2024-04-10T21:20:49+00:00","dateModified":"2024-08-30T06:42:30+00:00","breadcrumb":{"@id":"https:\/\/skrina.si\/sl\/nakit-skrina\/#breadcrumb"},"inLanguage":"sl-SI","potentialAction":[{"@type":"ReadAction","target":["https:\/\/skrina.si\/sl\/nakit-skrina\/"]}]},{"@type":"BreadcrumbList","@id":"https:\/\/skrina.si\/sl\/nakit-skrina\/#breadcrumb","itemListElement":[{"@type":"ListItem","position":1,"name":"Home","item":"https:\/\/skrina.si\/"},{"@type":"ListItem","position":2,"name":"Nakit Skrina"}]},{"@type":"WebSite","@id":"https:\/\/skrina.si\/sl\/#website","url":"https:\/\/skrina.si\/sl\/","name":"Etnogalerija Skrina","description":"Tradicija s posluhom","potentialAction":[{"@type":"SearchAction","target":{"@type":"EntryPoint","urlTemplate":"https:\/\/skrina.si\/sl\/?s={search_term_string}"},"query-input":"required name=search_term_string"}],"inLanguage":"sl-SI"}]}},"_links":{"self":[{"href":"https:\/\/skrina.si\/sl\/wp-json\/wp\/v2\/pages\/13324"}],"collection":[{"href":"https:\/\/skrina.si\/sl\/wp-json\/wp\/v2\/pages"}],"about":[{"href":"https:\/\/skrina.si\/sl\/wp-json\/wp\/v2\/types\/page"}],"author":[{"embeddable":true,"href":"https:\/\/skrina.si\/sl\/wp-json\/wp\/v2\/users\/2"}],"replies":[{"embeddable":true,"href":"https:\/\/skrina.si\/sl\/wp-json\/wp\/v2\/comments?post=13324"}],"version-history":[{"count":16,"href":"https:\/\/skrina.si\/sl\/wp-json\/wp\/v2\/pages\/13324\/revisions"}],"predecessor-version":[{"id":16605,"href":"https:\/\/skrina.si\/sl\/wp-json\/wp\/v2\/pages\/13324\/revisions\/16605"}],"wp:attachment":[{"href":"https:\/\/skrina.si\/sl\/wp-json\/wp\/v2\/media?parent=13324"}],"curies":[{"name":"wp","href":"https:\/\/api.w.org\/{rel}","templated":true}]}}