{"id":11010,"date":"2022-08-29T13:40:50","date_gmt":"2022-08-29T13:40:50","guid":{"rendered":"https:\/\/skrina.si\/?page_id=11010"},"modified":"2024-09-01T16:11:52","modified_gmt":"2024-09-01T14:11:52","slug":"bostjan-stine","status":"publish","type":"page","link":"https:\/\/skrina.si\/sl\/bostjan-stine\/","title":{"rendered":"Bo\u0161tjan \u0160tine"},"content":{"rendered":"<p><div class=\"fusion-fullwidth fullwidth-box fusion-builder-row-1 fusion-flex-container has-pattern-background has-mask-background nonhundred-percent-fullwidth non-hundred-percent-height-scrolling\" style=\"--awb-border-radius-top-left:0px;--awb-border-radius-top-right:0px;--awb-border-radius-bottom-right:0px;--awb-border-radius-bottom-left:0px;--awb-padding-top:40px;--awb-padding-bottom:40px;--awb-flex-wrap:wrap;\" ><div class=\"fusion-builder-row fusion-row fusion-flex-align-items-flex-start fusion-flex-content-wrap\" style=\"max-width:1560px;margin-left: calc(-4% \/ 2 );margin-right: calc(-4% \/ 2 );\"><div class=\"fusion-layout-column fusion_builder_column fusion-builder-column-0 fusion_builder_column_1_1 1_1 fusion-flex-column\" style=\"--awb-bg-blend:overlay;--awb-bg-size:cover;--awb-width-large:100%;--awb-margin-top-large:0px;--awb-spacing-right-large:1.92%;--awb-margin-bottom-large:0px;--awb-spacing-left-large:1.92%;--awb-width-medium:100%;--awb-spacing-right-medium:1.92%;--awb-spacing-left-medium:1.92%;--awb-width-small:100%;--awb-spacing-right-small:1.92%;--awb-spacing-left-small:1.92%;\"><div class=\"fusion-column-wrapper fusion-flex-justify-content-flex-start fusion-content-layout-column\"><div class=\"fusion-woo-product-grid fusion-product-archive fusion-woo-product-grid-1\"><ul class=\"products products-4\"><li class=\"product type-product post-4507 status-publish first instock product_cat-bostjan-stine product_cat-skulpture product_tag-cloveska-ribica product_tag-proteus has-post-thumbnail shipping-taxable product-type-simple product-grid-view\">\n\t<div class=\"fusion-product-wrapper\">\n<div class=\"fusion-clean-product-image-wrapper \">\n\t<div  class=\"fusion-image-wrapper fusion-image-size-fixed\" aria-haspopup=\"true\">\n\t\t\t\t\t\t\t<a href=\"https:\/\/skrina.si\/sl\/product\/cloveska-ribica-copy\/\" aria-label=\"\u010clove\u0161ka ribica\">\n\t\t\t\t\t\t\t<img loading=\"lazy\" decoding=\"async\" width=\"500\" height=\"500\" src=\"https:\/\/skrina.si\/wp-content\/uploads\/2021\/08\/STINE-CLOVESKA-RIBICA-2-500x500.jpg\" class=\"attachment-woocommerce_thumbnail size-woocommerce_thumbnail wp-post-image\" alt=\"\" srcset=\"https:\/\/skrina.si\/wp-content\/uploads\/2021\/08\/STINE-CLOVESKA-RIBICA-2-66x66.jpg 66w, https:\/\/skrina.si\/wp-content\/uploads\/2021\/08\/STINE-CLOVESKA-RIBICA-2-150x150.jpg 150w, https:\/\/skrina.si\/wp-content\/uploads\/2021\/08\/STINE-CLOVESKA-RIBICA-2-303x303.jpg 303w, https:\/\/skrina.si\/wp-content\/uploads\/2021\/08\/STINE-CLOVESKA-RIBICA-2-500x500.jpg 500w\" sizes=\"(max-width: 500px) 100vw, 500px\" \/><div class=\"cart-loading\"><i class=\"awb-icon-spinner\" aria-hidden=\"true\"><\/i><\/div>\t\t\t<\/a>\n\t\t\t\t\t\t\t<\/div>\n<\/div>\n<div class=\"fusion-product-content\">\n\t<div class=\"product-details\">\n\t\t<div class=\"product-details-container\">\n<h3 class=\"product-title\">\n\t<a href=\"https:\/\/skrina.si\/sl\/product\/cloveska-ribica-copy\/\">\n\t\t\u010clove\u0161ka ribica\t<\/a>\n<\/h3>\n<div class=\"fusion-price-rating\">\n\n\t\t<\/div>\n\t<\/div>\n<\/div>\n\n\t<\/div> \n\n\n<\/div>\n<\/li>\n<li class=\"product type-product post-4509 status-publish instock product_cat-bostjan-stine product_cat-skulpture product_tag-emona product_tag-ljubljana has-post-thumbnail shipping-taxable product-type-simple product-grid-view\">\n\t<div class=\"fusion-product-wrapper\">\n<div class=\"fusion-clean-product-image-wrapper \">\n\t<div  class=\"fusion-image-wrapper fusion-image-size-fixed\" aria-haspopup=\"true\">\n\t\t\t\t\t\t\t<a href=\"https:\/\/skrina.si\/sl\/product\/emonec-2\/\" aria-label=\"Emonec\">\n\t\t\t\t\t\t\t<img loading=\"lazy\" decoding=\"async\" width=\"500\" height=\"500\" src=\"https:\/\/skrina.si\/wp-content\/uploads\/2021\/08\/Stine_Emonec-stojec-500x500.jpg\" class=\"attachment-woocommerce_thumbnail size-woocommerce_thumbnail wp-post-image\" alt=\"Bo\u0161tjan \u0160tine Emonec\" srcset=\"https:\/\/skrina.si\/wp-content\/uploads\/2021\/08\/Stine_Emonec-stojec-303x303.jpg 303w, https:\/\/skrina.si\/wp-content\/uploads\/2021\/08\/Stine_Emonec-stojec-500x500.jpg 500w\" sizes=\"(max-width: 500px) 100vw, 500px\" \/><div class=\"cart-loading\"><i class=\"awb-icon-spinner\" aria-hidden=\"true\"><\/i><\/div>\t\t\t<\/a>\n\t\t\t\t\t\t\t<\/div>\n<\/div>\n<div class=\"fusion-product-content\">\n\t<div class=\"product-details\">\n\t\t<div class=\"product-details-container\">\n<h3 class=\"product-title\">\n\t<a href=\"https:\/\/skrina.si\/sl\/product\/emonec-2\/\">\n\t\tEmonec\t<\/a>\n<\/h3>\n<div class=\"fusion-price-rating\">\n\n\t\t<\/div>\n\t<\/div>\n<\/div>\n\n\t<\/div> \n\n\n<\/div>\n<\/li>\n<li class=\"product type-product post-14162 status-publish instock product_cat-bostjan-stine product_cat-skulpture has-post-thumbnail shipping-taxable product-type-simple product-grid-view\">\n\t<div class=\"fusion-product-wrapper\">\n<div class=\"fusion-clean-product-image-wrapper \">\n\t<div  class=\"fusion-image-wrapper fusion-image-size-fixed\" aria-haspopup=\"true\">\n\t\t\t\t\t\t\t<a href=\"https:\/\/skrina.si\/sl\/product\/konj-2\/\" aria-label=\"Konj\">\n\t\t\t\t\t\t\t<img loading=\"lazy\" decoding=\"async\" width=\"500\" height=\"500\" src=\"https:\/\/skrina.si\/wp-content\/uploads\/2021\/08\/Stine_Konjicek-500x500.jpg\" class=\"attachment-woocommerce_thumbnail size-woocommerce_thumbnail wp-post-image\" alt=\"\" srcset=\"https:\/\/skrina.si\/wp-content\/uploads\/2021\/08\/Stine_Konjicek-303x303.jpg 303w, https:\/\/skrina.si\/wp-content\/uploads\/2021\/08\/Stine_Konjicek-500x500.jpg 500w\" sizes=\"(max-width: 500px) 100vw, 500px\" \/><div class=\"cart-loading\"><i class=\"awb-icon-spinner\" aria-hidden=\"true\"><\/i><\/div>\t\t\t<\/a>\n\t\t\t\t\t\t\t<\/div>\n<\/div>\n<div class=\"fusion-product-content\">\n\t<div class=\"product-details\">\n\t\t<div class=\"product-details-container\">\n<h3 class=\"product-title\">\n\t<a href=\"https:\/\/skrina.si\/sl\/product\/konj-2\/\">\n\t\tKonj\t<\/a>\n<\/h3>\n<div class=\"fusion-price-rating\">\n\n\t\t<\/div>\n\t<\/div>\n<\/div>\n\n\t<\/div> \n\n\n<\/div>\n<\/li>\n<li class=\"product type-product post-14163 status-publish last instock product_cat-bostjan-stine product_cat-skulpture has-post-thumbnail shipping-taxable product-type-simple product-grid-view\">\n\t<div class=\"fusion-product-wrapper\">\n<div class=\"fusion-clean-product-image-wrapper \">\n\t<div  class=\"fusion-image-wrapper fusion-image-size-fixed\" aria-haspopup=\"true\">\n\t\t\t\t\t\t\t<a href=\"https:\/\/skrina.si\/sl\/product\/kozorog-2\/\" aria-label=\"Kozorog\">\n\t\t\t\t\t\t\t<img loading=\"lazy\" decoding=\"async\" width=\"500\" height=\"500\" src=\"https:\/\/skrina.si\/wp-content\/uploads\/2022\/03\/bostjan-stine-kozorog-skulptura-slovenski-umetnik-slovensko-darilo-500x500.jpg\" class=\"attachment-woocommerce_thumbnail size-woocommerce_thumbnail wp-post-image\" alt=\"bo\u0161tjan \u0161tine kozorog skulptura slovenski umetnik slovensko darilo\" srcset=\"https:\/\/skrina.si\/wp-content\/uploads\/2022\/03\/bostjan-stine-kozorog-skulptura-slovenski-umetnik-slovensko-darilo-303x303.jpg 303w, https:\/\/skrina.si\/wp-content\/uploads\/2022\/03\/bostjan-stine-kozorog-skulptura-slovenski-umetnik-slovensko-darilo-500x500.jpg 500w\" sizes=\"(max-width: 500px) 100vw, 500px\" \/><div class=\"cart-loading\"><i class=\"awb-icon-spinner\" aria-hidden=\"true\"><\/i><\/div>\t\t\t<\/a>\n\t\t\t\t\t\t\t<\/div>\n<\/div>\n<div class=\"fusion-product-content\">\n\t<div class=\"product-details\">\n\t\t<div class=\"product-details-container\">\n<h3 class=\"product-title\">\n\t<a href=\"https:\/\/skrina.si\/sl\/product\/kozorog-2\/\">\n\t\tKozorog\t<\/a>\n<\/h3>\n<div class=\"fusion-price-rating\">\n\n\t\t<\/div>\n\t<\/div>\n<\/div>\n\n\t<\/div> \n\n\n<\/div>\n<\/li>\n<li class=\"product type-product post-4518 status-publish first instock product_cat-bostjan-stine product_cat-skulpture product_tag-joze-plecnik product_tag-ljubljana product_tag-nuk has-post-thumbnail shipping-taxable product-type-simple product-grid-view\">\n\t<div class=\"fusion-product-wrapper\">\n<div class=\"fusion-clean-product-image-wrapper \">\n\t<div  class=\"fusion-image-wrapper fusion-image-size-fixed\" aria-haspopup=\"true\">\n\t\t\t\t\t\t\t<a href=\"https:\/\/skrina.si\/sl\/product\/plecnikov-konjicek\/\" aria-label=\"Ple\u010dnikov konji\u010dek\">\n\t\t\t\t\t\t\t<img loading=\"lazy\" decoding=\"async\" width=\"500\" height=\"500\" src=\"https:\/\/skrina.si\/wp-content\/uploads\/2021\/08\/Stine_Plecnikov-konjicek-M-500x500.jpg\" class=\"attachment-woocommerce_thumbnail size-woocommerce_thumbnail wp-post-image\" alt=\"Bo\u0161tjan \u0160tine Ple\u010dnikov konji\u010dek Slovenija Etno galerija Skrina\" srcset=\"https:\/\/skrina.si\/wp-content\/uploads\/2021\/08\/Stine_Plecnikov-konjicek-M-303x303.jpg 303w, https:\/\/skrina.si\/wp-content\/uploads\/2021\/08\/Stine_Plecnikov-konjicek-M-500x500.jpg 500w\" sizes=\"(max-width: 500px) 100vw, 500px\" \/><div class=\"cart-loading\"><i class=\"awb-icon-spinner\" aria-hidden=\"true\"><\/i><\/div>\t\t\t<\/a>\n\t\t\t\t\t\t\t<\/div>\n<\/div>\n<div class=\"fusion-product-content\">\n\t<div class=\"product-details\">\n\t\t<div class=\"product-details-container\">\n<h3 class=\"product-title\">\n\t<a href=\"https:\/\/skrina.si\/sl\/product\/plecnikov-konjicek\/\">\n\t\tPle\u010dnikov konji\u010dek\t<\/a>\n<\/h3>\n<div class=\"fusion-price-rating\">\n\n\t\t<\/div>\n\t<\/div>\n<\/div>\n\n\t<\/div> \n\n\n<\/div>\n<\/li>\n<li class=\"product type-product post-4529 status-publish instock product_cat-bostjan-stine product_cat-skulpture product_tag-ljudsko-izrocilo has-post-thumbnail shipping-taxable product-type-simple product-grid-view\">\n\t<div class=\"fusion-product-wrapper\">\n<div class=\"fusion-clean-product-image-wrapper \">\n\t<div  class=\"fusion-image-wrapper fusion-image-size-fixed\" aria-haspopup=\"true\">\n\t\t\t\t\t\t\t<a href=\"https:\/\/skrina.si\/sl\/product\/priponke\/\" aria-label=\"Priponke\">\n\t\t\t\t\t\t\t<img loading=\"lazy\" decoding=\"async\" width=\"500\" height=\"500\" src=\"https:\/\/skrina.si\/wp-content\/uploads\/2021\/08\/Stine_Priponke-500x500.jpg\" class=\"attachment-woocommerce_thumbnail size-woocommerce_thumbnail wp-post-image\" alt=\"Bo\u0161tjan \u0160tine priponke bron umetnine Slovenija\" srcset=\"https:\/\/skrina.si\/wp-content\/uploads\/2021\/08\/Stine_Priponke-303x303.jpg 303w, https:\/\/skrina.si\/wp-content\/uploads\/2021\/08\/Stine_Priponke-500x500.jpg 500w\" sizes=\"(max-width: 500px) 100vw, 500px\" \/><div class=\"cart-loading\"><i class=\"awb-icon-spinner\" aria-hidden=\"true\"><\/i><\/div>\t\t\t<\/a>\n\t\t\t\t\t\t\t<\/div>\n<\/div>\n<div class=\"fusion-product-content\">\n\t<div class=\"product-details\">\n\t\t<div class=\"product-details-container\">\n<h3 class=\"product-title\">\n\t<a href=\"https:\/\/skrina.si\/sl\/product\/priponke\/\">\n\t\tPriponke\t<\/a>\n<\/h3>\n<div class=\"fusion-price-rating\">\n\n\t\t<\/div>\n\t<\/div>\n<\/div>\n\n\t<\/div> \n\n\n<\/div>\n<\/li>\n<li class=\"product type-product post-4527 status-publish instock product_cat-bostjan-stine product_cat-skulpture has-post-thumbnail shipping-taxable product-type-simple product-grid-view\">\n\t<div class=\"fusion-product-wrapper\">\n<div class=\"fusion-clean-product-image-wrapper \">\n\t<div  class=\"fusion-image-wrapper fusion-image-size-fixed\" aria-haspopup=\"true\">\n\t\t\t\t\t\t\t<a href=\"https:\/\/skrina.si\/sl\/product\/ptica\/\" aria-label=\"Ptica\">\n\t\t\t\t\t\t\t<img loading=\"lazy\" decoding=\"async\" width=\"500\" height=\"500\" src=\"https:\/\/skrina.si\/wp-content\/uploads\/2021\/08\/Stine_Ptica-500x500.jpg\" class=\"attachment-woocommerce_thumbnail size-woocommerce_thumbnail wp-post-image\" alt=\"Bo\u0161tjan \u0160tine rajska ptica Slovenija\" srcset=\"https:\/\/skrina.si\/wp-content\/uploads\/2021\/08\/Stine_Ptica-303x303.jpg 303w, https:\/\/skrina.si\/wp-content\/uploads\/2021\/08\/Stine_Ptica-500x500.jpg 500w\" sizes=\"(max-width: 500px) 100vw, 500px\" \/><div class=\"cart-loading\"><i class=\"awb-icon-spinner\" aria-hidden=\"true\"><\/i><\/div>\t\t\t<\/a>\n\t\t\t\t\t\t\t<\/div>\n<\/div>\n<div class=\"fusion-product-content\">\n\t<div class=\"product-details\">\n\t\t<div class=\"product-details-container\">\n<h3 class=\"product-title\">\n\t<a href=\"https:\/\/skrina.si\/sl\/product\/ptica\/\">\n\t\tPtica\t<\/a>\n<\/h3>\n<div class=\"fusion-price-rating\">\n\n\t\t<\/div>\n\t<\/div>\n<\/div>\n\n\t<\/div> \n\n\n<\/div>\n<\/li>\n<li class=\"product type-product post-4531 status-publish last instock product_cat-bostjan-stine product_cat-skulpture product_tag-joze-plecnik product_tag-ljubljana product_tag-nuk product_tag-zmajski-most has-post-thumbnail shipping-taxable product-type-simple product-grid-view\">\n\t<div class=\"fusion-product-wrapper\">\n<div class=\"fusion-clean-product-image-wrapper \">\n\t<div  class=\"fusion-image-wrapper fusion-image-size-fixed\" aria-haspopup=\"true\">\n\t\t\t\t\t\t\t<a href=\"https:\/\/skrina.si\/sl\/product\/zmaj\/\" aria-label=\"Zmaj\">\n\t\t\t\t\t\t\t<img loading=\"lazy\" decoding=\"async\" width=\"500\" height=\"500\" src=\"https:\/\/skrina.si\/wp-content\/uploads\/2021\/08\/Stine_Ljubljanski-zmaj-2-500x500.jpg\" class=\"attachment-woocommerce_thumbnail size-woocommerce_thumbnail wp-post-image\" alt=\"Bo\u0161tjan \u0160tine zmaj\" srcset=\"https:\/\/skrina.si\/wp-content\/uploads\/2021\/08\/Stine_Ljubljanski-zmaj-2-303x303.jpg 303w, https:\/\/skrina.si\/wp-content\/uploads\/2021\/08\/Stine_Ljubljanski-zmaj-2-500x500.jpg 500w\" sizes=\"(max-width: 500px) 100vw, 500px\" \/><div class=\"cart-loading\"><i class=\"awb-icon-spinner\" aria-hidden=\"true\"><\/i><\/div>\t\t\t<\/a>\n\t\t\t\t\t\t\t<\/div>\n<\/div>\n<div class=\"fusion-product-content\">\n\t<div class=\"product-details\">\n\t\t<div class=\"product-details-container\">\n<h3 class=\"product-title\">\n\t<a href=\"https:\/\/skrina.si\/sl\/product\/zmaj\/\">\n\t\tZmaj\t<\/a>\n<\/h3>\n<div class=\"fusion-price-rating\">\n\n\t\t<\/div>\n\t<\/div>\n<\/div>\n\n\t<\/div> \n\n\n<\/div>\n<\/li>\n<\/ul><div class=\"fusion-woo-product-grid-pagination fusion-clearfix\"><\/div><\/div><\/div><\/div><\/div><\/div><\/p>\n","protected":false},"excerpt":{"rendered":"","protected":false},"author":2,"featured_media":4523,"parent":0,"menu_order":0,"comment_status":"closed","ping_status":"closed","template":"","meta":{"_monsterinsights_skip_tracking":false,"_monsterinsights_sitenote_active":false,"_monsterinsights_sitenote_note":"","_monsterinsights_sitenote_category":0,"footnotes":""},"aioseo_notices":[],"yoast_head":"<!-- This site is optimized with the Yoast SEO plugin v22.1 - https:\/\/yoast.com\/wordpress\/plugins\/seo\/ -->\n<title>Bo\u0161tjan \u0160tine - Etnogalerija Skrina<\/title>\n<meta name=\"robots\" content=\"index, follow, max-snippet:-1, max-image-preview:large, max-video-preview:-1\" \/>\n<link rel=\"canonical\" href=\"https:\/\/skrina.si\/sl\/bostjan-stine\/\" \/>\n<meta property=\"og:locale\" content=\"sl_SI\" \/>\n<meta property=\"og:locale:alternate\" content=\"en_GB\" \/>\n<meta property=\"og:type\" content=\"article\" \/>\n<meta property=\"og:title\" content=\"Bo\u0161tjan \u0160tine\" \/>\n<meta property=\"og:url\" content=\"https:\/\/skrina.si\/sl\/bostjan-stine\/\" \/>\n<meta property=\"og:site_name\" content=\"Etnogalerija Skrina\" \/>\n<meta property=\"article:modified_time\" content=\"2024-09-01T14:11:52+00:00\" \/>\n<meta property=\"og:image\" content=\"https:\/\/skrina.si\/wp-content\/uploads\/2021\/08\/Stine_Plecnikov-konjicek-M.jpg\" \/>\n\t<meta property=\"og:image:width\" content=\"2000\" \/>\n\t<meta property=\"og:image:height\" content=\"1500\" \/>\n\t<meta property=\"og:image:type\" content=\"image\/jpeg\" \/>\n<meta name=\"twitter:card\" content=\"summary_large_image\" \/>\n<meta name=\"twitter:label1\" content=\"Est. reading time\" \/>\n\t<meta name=\"twitter:data1\" content=\"2 minuti\" \/>\n<script type=\"application\/ld+json\" class=\"yoast-schema-graph\">{\"@context\":\"https:\/\/schema.org\",\"@graph\":[{\"@type\":\"WebPage\",\"@id\":\"https:\/\/skrina.si\/sl\/bostjan-stine\/\",\"url\":\"https:\/\/skrina.si\/sl\/bostjan-stine\/\",\"name\":\"[:en]Bo\u0161tjan \u0160tine[:sl]Bo\u0161tjan \u0160tine[:] - Etnogalerija Skrina\",\"isPartOf\":{\"@id\":\"https:\/\/skrina.si\/sl\/#website\"},\"datePublished\":\"2022-08-29T13:40:50+00:00\",\"dateModified\":\"2024-09-01T14:11:52+00:00\",\"breadcrumb\":{\"@id\":\"https:\/\/skrina.si\/sl\/bostjan-stine\/#breadcrumb\"},\"inLanguage\":\"sl-SI\",\"potentialAction\":[{\"@type\":\"ReadAction\",\"target\":[\"https:\/\/skrina.si\/sl\/bostjan-stine\/\"]}]},{\"@type\":\"BreadcrumbList\",\"@id\":\"https:\/\/skrina.si\/sl\/bostjan-stine\/#breadcrumb\",\"itemListElement\":[{\"@type\":\"ListItem\",\"position\":1,\"name\":\"Home\",\"item\":\"https:\/\/skrina.si\/\"},{\"@type\":\"ListItem\",\"position\":2,\"name\":\"Bo\u0161tjan \u0160tine\"}]},{\"@type\":\"WebSite\",\"@id\":\"https:\/\/skrina.si\/sl\/#website\",\"url\":\"https:\/\/skrina.si\/sl\/\",\"name\":\"Etnogalerija Skrina\",\"description\":\"Tradicija s posluhom\",\"potentialAction\":[{\"@type\":\"SearchAction\",\"target\":{\"@type\":\"EntryPoint\",\"urlTemplate\":\"https:\/\/skrina.si\/sl\/?s={search_term_string}\"},\"query-input\":\"required name=search_term_string\"}],\"inLanguage\":\"sl-SI\"}]}<\/script>\n<!-- \/ Yoast SEO plugin. -->","yoast_head_json":{"title":"Bo\u0161tjan \u0160tine - Etnogalerija Skrina","robots":{"index":"index","follow":"follow","max-snippet":"max-snippet:-1","max-image-preview":"max-image-preview:large","max-video-preview":"max-video-preview:-1"},"canonical":"https:\/\/skrina.si\/sl\/bostjan-stine\/","og_locale":"sl_SI","og_type":"article","og_title":"[:en]Bo\u0161tjan \u0160tine[:sl]Bo\u0161tjan \u0160tine[:] - Etnogalerija Skrina","og_url":"https:\/\/skrina.si\/sl\/bostjan-stine\/","og_site_name":"Etnogalerija Skrina","article_modified_time":"2024-09-01T14:11:52+00:00","og_image":[{"width":2000,"height":1500,"url":"https:\/\/skrina.si\/wp-content\/uploads\/2021\/08\/Stine_Plecnikov-konjicek-M.jpg","type":"image\/jpeg"}],"twitter_card":"summary_large_image","twitter_misc":{"Est. reading time":"2 minuti"},"schema":{"@context":"https:\/\/schema.org","@graph":[{"@type":"WebPage","@id":"https:\/\/skrina.si\/sl\/bostjan-stine\/","url":"https:\/\/skrina.si\/sl\/bostjan-stine\/","name":"[:en]Bo\u0161tjan \u0160tine[:sl]Bo\u0161tjan \u0160tine[:] - Etnogalerija Skrina","isPartOf":{"@id":"https:\/\/skrina.si\/sl\/#website"},"datePublished":"2022-08-29T13:40:50+00:00","dateModified":"2024-09-01T14:11:52+00:00","breadcrumb":{"@id":"https:\/\/skrina.si\/sl\/bostjan-stine\/#breadcrumb"},"inLanguage":"sl-SI","potentialAction":[{"@type":"ReadAction","target":["https:\/\/skrina.si\/sl\/bostjan-stine\/"]}]},{"@type":"BreadcrumbList","@id":"https:\/\/skrina.si\/sl\/bostjan-stine\/#breadcrumb","itemListElement":[{"@type":"ListItem","position":1,"name":"Home","item":"https:\/\/skrina.si\/"},{"@type":"ListItem","position":2,"name":"Bo\u0161tjan \u0160tine"}]},{"@type":"WebSite","@id":"https:\/\/skrina.si\/sl\/#website","url":"https:\/\/skrina.si\/sl\/","name":"Etnogalerija Skrina","description":"Tradicija s posluhom","potentialAction":[{"@type":"SearchAction","target":{"@type":"EntryPoint","urlTemplate":"https:\/\/skrina.si\/sl\/?s={search_term_string}"},"query-input":"required name=search_term_string"}],"inLanguage":"sl-SI"}]}},"_links":{"self":[{"href":"https:\/\/skrina.si\/sl\/wp-json\/wp\/v2\/pages\/11010"}],"collection":[{"href":"https:\/\/skrina.si\/sl\/wp-json\/wp\/v2\/pages"}],"about":[{"href":"https:\/\/skrina.si\/sl\/wp-json\/wp\/v2\/types\/page"}],"author":[{"embeddable":true,"href":"https:\/\/skrina.si\/sl\/wp-json\/wp\/v2\/users\/2"}],"replies":[{"embeddable":true,"href":"https:\/\/skrina.si\/sl\/wp-json\/wp\/v2\/comments?post=11010"}],"version-history":[{"count":5,"href":"https:\/\/skrina.si\/sl\/wp-json\/wp\/v2\/pages\/11010\/revisions"}],"predecessor-version":[{"id":17004,"href":"https:\/\/skrina.si\/sl\/wp-json\/wp\/v2\/pages\/11010\/revisions\/17004"}],"wp:featuredmedia":[{"embeddable":true,"href":"https:\/\/skrina.si\/sl\/wp-json\/wp\/v2\/media\/4523"}],"wp:attachment":[{"href":"https:\/\/skrina.si\/sl\/wp-json\/wp\/v2\/media?parent=11010"}],"curies":[{"name":"wp","href":"https:\/\/api.w.org\/{rel}","templated":true}]}}