{"id":8177,"date":"2022-03-03T01:40:15","date_gmt":"2022-03-03T01:40:15","guid":{"rendered":"https:\/\/skrina.si\/?post_type=product&#038;p=8177"},"modified":"2024-03-11T19:42:38","modified_gmt":"2024-03-11T18:42:38","slug":"divja-vrtnica","status":"publish","type":"product","link":"https:\/\/skrina.si\/en\/product\/divja-vrtnica\/","title":{"rendered":"Divja vrtnica"},"content":{"rendered":"","protected":false},"excerpt":{"rendered":"<h5><strong><em>Divje vrtnice<\/em><\/strong> so nesporno najlep\u0161e, kadar cvetijo, vendar se njihova lepota nikakor ne kon\u010da potem, ko se jim usujejo cvetni listi\u010di, temve\u010d se nadaljuje v lepoto plodov, imenovanih <strong><em>\u0161ipki. <\/em><\/strong>\u0160ipek uporabljamo v zdravilne namene \u017ee od srednjega veka. Njegovi u\u010dinki niso podprti z zdravstvenimi raziskavami, vendar zdravilci prisegajo na ljudsko izro\u010dilo in pretekle izku\u0161nje. \u0160ipkov \u010daj so v starem Rimu darovali bogovom, klju\u010dno vlogo pa je imel tudi v \u010dasu druge svetovne vojne in v obdobjih pomanjkanja, saj je pomemben vir vitamina C. Tudi danes zaradi neverjetnih zdravilnih u\u010dinkov za zdravje, \u0161ipka ne uporabljamo samo za \u0161ipkov \u010daj, ampak ga skupaj s cvetnimi listi vrtnic uporabljamo za pripravo marmelad, sirupov in razli\u010dnih pija\u010d. \u0160ipkove jagode nabiramo v oktobru in novembru, predvsem na gozdnih poteh, pa tudi na bregovih rek, travnikih in gmajnah. Svoje mesto pa je \u0161ipek na\u0161el tudi v aromaterapiji, saj esenca divje vrtnice ugodno vpliva na razpolo\u017eenje.<\/h5>\n<h6><em>Podrobnosti:<\/em><\/h6>\n<ul>\n<li>\n<h6>Velikost: vi\u0161ina 12 cm, \u0161irina 7 cm<\/h6>\n<\/li>\n<li>\n<h6>Material: Keramika<\/h6>\n<\/li>\n<li>\n<h6>V darilni vre\u010dki s prilo\u017eenim certifikatom<\/h6>\n<\/li>\n<li>\n<h6>Oblikovano z ljubeznijo do detajlov<\/h6>\n<\/li>\n<li>\n<h6>Idealno darilo za ljubitelje ro\u017e in ob\u010dudovalce divjih vrtnic in \u0161ipka<\/h6>\n<\/li>\n<\/ul>\n<h6><\/h6>\n","protected":false},"featured_media":8178,"template":"","meta":{"_monsterinsights_skip_tracking":false,"_monsterinsights_sitenote_active":false,"_monsterinsights_sitenote_note":"","_monsterinsights_sitenote_category":0},"product_cat":[103,686],"product_tag":[151,41,158],"aioseo_notices":[],"yoast_head":"<!-- This site is optimized with the Yoast SEO plugin v22.1 - https:\/\/yoast.com\/wordpress\/plugins\/seo\/ -->\n<title>Divja vrtnica - Etnogalerija Skrina<\/title>\n<meta name=\"description\" content=\"Divje vrtnice so nesporno najlep\u0161e, kadar cvetijo, vendar se njihova lepota nikakor ne kon\u010da potem, ko se jim usujejo cvetni listi\u010di\" \/>\n<meta name=\"robots\" content=\"index, follow, max-snippet:-1, max-image-preview:large, max-video-preview:-1\" \/>\n<link rel=\"canonical\" href=\"https:\/\/skrina.si\/en\/product\/divja-vrtnica\/\" \/>\n<meta property=\"og:locale\" content=\"en_GB\" \/>\n<meta property=\"og:locale:alternate\" content=\"sl_SI\" \/>\n<meta property=\"og:type\" content=\"article\" \/>\n<meta property=\"og:title\" content=\"Divja vrtnica - Etnogalerija Skrina\" \/>\n<meta property=\"og:description\" content=\"Divje vrtnice so nesporno najlep\u0161e, kadar cvetijo, vendar se njihova lepota nikakor ne kon\u010da potem, ko se jim usujejo cvetni listi\u010di\" \/>\n<meta property=\"og:url\" content=\"https:\/\/skrina.si\/en\/product\/divja-vrtnica\/\" \/>\n<meta property=\"og:site_name\" content=\"Etnogalerija Skrina\" \/>\n<meta property=\"article:modified_time\" content=\"2024-03-11T18:42:38+00:00\" \/>\n<meta property=\"og:image\" content=\"https:\/\/skrina.si\/wp-content\/uploads\/2022\/03\/Rozne-vile-divja-vrtnica-sipek-dekor-Slovenske-cvetlice-roze-Tradicija-s-posluhom-Etno-galerija-Skrina.jpg\" \/>\n\t<meta property=\"og:image:width\" content=\"1619\" \/>\n\t<meta property=\"og:image:height\" content=\"1213\" \/>\n\t<meta property=\"og:image:type\" content=\"image\/jpeg\" \/>\n<meta name=\"twitter:card\" content=\"summary_large_image\" \/>\n<meta name=\"twitter:label1\" content=\"Estimated reading time\" \/>\n\t<meta name=\"twitter:data1\" content=\"1 minute\" \/>\n<script type=\"application\/ld+json\" class=\"yoast-schema-graph\">{\"@context\":\"https:\/\/schema.org\",\"@graph\":[{\"@type\":\"WebPage\",\"@id\":\"https:\/\/skrina.si\/en\/product\/divja-vrtnica\/\",\"url\":\"https:\/\/skrina.si\/en\/product\/divja-vrtnica\/\",\"name\":\"Divja vrtnica - Etnogalerija Skrina\",\"isPartOf\":{\"@id\":\"https:\/\/skrina.si\/en\/#website\"},\"datePublished\":\"2022-03-03T01:40:15+00:00\",\"dateModified\":\"2024-03-11T18:42:38+00:00\",\"description\":\"Divje vrtnice so nesporno najlep\u0161e, kadar cvetijo, vendar se njihova lepota nikakor ne kon\u010da potem, ko se jim usujejo cvetni listi\u010di\",\"breadcrumb\":{\"@id\":\"https:\/\/skrina.si\/en\/product\/divja-vrtnica\/#breadcrumb\"},\"inLanguage\":\"en-GB\",\"potentialAction\":[{\"@type\":\"ReadAction\",\"target\":[\"https:\/\/skrina.si\/en\/product\/divja-vrtnica\/\"]}]},{\"@type\":\"BreadcrumbList\",\"@id\":\"https:\/\/skrina.si\/en\/product\/divja-vrtnica\/#breadcrumb\",\"itemListElement\":[{\"@type\":\"ListItem\",\"position\":1,\"name\":\"Home\",\"item\":\"https:\/\/skrina.si\/en\/\"},{\"@type\":\"ListItem\",\"position\":2,\"name\":\"Shop\",\"item\":\"https:\/\/skrina.si\/shop\/\"},{\"@type\":\"ListItem\",\"position\":3,\"name\":\"Divja vrtnica\"}]},{\"@type\":\"WebSite\",\"@id\":\"https:\/\/skrina.si\/en\/#website\",\"url\":\"https:\/\/skrina.si\/en\/\",\"name\":\"Etnogalerija Skrina\",\"description\":\"Tradicija s posluhom\",\"potentialAction\":[{\"@type\":\"SearchAction\",\"target\":{\"@type\":\"EntryPoint\",\"urlTemplate\":\"https:\/\/skrina.si\/en\/?s={search_term_string}\"},\"query-input\":\"required name=search_term_string\"}],\"inLanguage\":\"en-GB\"}]}<\/script>\n<!-- \/ Yoast SEO plugin. -->","yoast_head_json":{"title":"Divja vrtnica - Etnogalerija Skrina","description":"Divje vrtnice so nesporno najlep\u0161e, kadar cvetijo, vendar se njihova lepota nikakor ne kon\u010da potem, ko se jim usujejo cvetni listi\u010di","robots":{"index":"index","follow":"follow","max-snippet":"max-snippet:-1","max-image-preview":"max-image-preview:large","max-video-preview":"max-video-preview:-1"},"canonical":"https:\/\/skrina.si\/en\/product\/divja-vrtnica\/","og_locale":"en_GB","og_type":"article","og_title":"Divja vrtnica - Etnogalerija Skrina","og_description":"Divje vrtnice so nesporno najlep\u0161e, kadar cvetijo, vendar se njihova lepota nikakor ne kon\u010da potem, ko se jim usujejo cvetni listi\u010di","og_url":"https:\/\/skrina.si\/en\/product\/divja-vrtnica\/","og_site_name":"Etnogalerija Skrina","article_modified_time":"2024-03-11T18:42:38+00:00","og_image":[{"width":1619,"height":1213,"url":"https:\/\/skrina.si\/wp-content\/uploads\/2022\/03\/Rozne-vile-divja-vrtnica-sipek-dekor-Slovenske-cvetlice-roze-Tradicija-s-posluhom-Etno-galerija-Skrina.jpg","type":"image\/jpeg"}],"twitter_card":"summary_large_image","twitter_misc":{"Estimated reading time":"1 minute"},"schema":{"@context":"https:\/\/schema.org","@graph":[{"@type":"WebPage","@id":"https:\/\/skrina.si\/en\/product\/divja-vrtnica\/","url":"https:\/\/skrina.si\/en\/product\/divja-vrtnica\/","name":"Divja vrtnica - Etnogalerija Skrina","isPartOf":{"@id":"https:\/\/skrina.si\/en\/#website"},"datePublished":"2022-03-03T01:40:15+00:00","dateModified":"2024-03-11T18:42:38+00:00","description":"Divje vrtnice so nesporno najlep\u0161e, kadar cvetijo, vendar se njihova lepota nikakor ne kon\u010da potem, ko se jim usujejo cvetni listi\u010di","breadcrumb":{"@id":"https:\/\/skrina.si\/en\/product\/divja-vrtnica\/#breadcrumb"},"inLanguage":"en-GB","potentialAction":[{"@type":"ReadAction","target":["https:\/\/skrina.si\/en\/product\/divja-vrtnica\/"]}]},{"@type":"BreadcrumbList","@id":"https:\/\/skrina.si\/en\/product\/divja-vrtnica\/#breadcrumb","itemListElement":[{"@type":"ListItem","position":1,"name":"Home","item":"https:\/\/skrina.si\/en\/"},{"@type":"ListItem","position":2,"name":"Shop","item":"https:\/\/skrina.si\/shop\/"},{"@type":"ListItem","position":3,"name":"Divja vrtnica"}]},{"@type":"WebSite","@id":"https:\/\/skrina.si\/en\/#website","url":"https:\/\/skrina.si\/en\/","name":"Etnogalerija Skrina","description":"Tradicija s posluhom","potentialAction":[{"@type":"SearchAction","target":{"@type":"EntryPoint","urlTemplate":"https:\/\/skrina.si\/en\/?s={search_term_string}"},"query-input":"required name=search_term_string"}],"inLanguage":"en-GB"}]}},"_links":{"self":[{"href":"https:\/\/skrina.si\/en\/wp-json\/wp\/v2\/product\/8177"}],"collection":[{"href":"https:\/\/skrina.si\/en\/wp-json\/wp\/v2\/product"}],"about":[{"href":"https:\/\/skrina.si\/en\/wp-json\/wp\/v2\/types\/product"}],"wp:featuredmedia":[{"embeddable":true,"href":"https:\/\/skrina.si\/en\/wp-json\/wp\/v2\/media\/8178"}],"wp:attachment":[{"href":"https:\/\/skrina.si\/en\/wp-json\/wp\/v2\/media?parent=8177"}],"wp:term":[{"taxonomy":"product_cat","embeddable":true,"href":"https:\/\/skrina.si\/en\/wp-json\/wp\/v2\/product_cat?post=8177"},{"taxonomy":"product_tag","embeddable":true,"href":"https:\/\/skrina.si\/en\/wp-json\/wp\/v2\/product_tag?post=8177"}],"curies":[{"name":"wp","href":"https:\/\/api.w.org\/{rel}","templated":true}]}}