{"id":7704,"date":"2022-03-01T18:37:08","date_gmt":"2022-03-01T18:37:08","guid":{"rendered":"https:\/\/skrina.si\/?post_type=product&#038;p=7704"},"modified":"2024-03-19T16:18:57","modified_gmt":"2024-03-19T15:18:57","slug":"maratonec","status":"publish","type":"product","link":"https:\/\/skrina.si\/en\/product\/maratonec\/","title":{"rendered":"Maratonec"},"content":{"rendered":"","protected":false},"excerpt":{"rendered":"<h5><strong><em>Guillermo Forchino<\/em><\/strong>\u00a0je svetovno uveljavljen kipar. Njegove hudomu\u0161ne figure na duhovit in v\u010dasih sarkasti\u010den na\u010din ponazarjajo <strong><em>poklice, hobije, \u010dlove\u0161ke navade in razvade.<\/em><\/strong><\/h5>\n<h5>Karakterji njegovih junakov izra\u017eajo humor, imajo du\u0161o in spadajo v kategorijo tako imenovanih <strong><em>karakternih daril, <\/em><\/strong>zato bodite izvirni in podarite <strong><em>maratonca <\/em><\/strong>ljubitelju teka.<\/h5>\n<h6><em>Podrobnosti:<\/em><\/h6>\n<ul>\n<li>\n<h6>Naslov: Maratonec<\/h6>\n<\/li>\n<li>\n<h6>Mere izdelka: 15 x 35 cm<\/h6>\n<\/li>\n<li>\n<h6>Material: keramika<\/h6>\n<\/li>\n<li>\n<h6>CERTIFIKAT<\/h6>\n<\/li>\n<li>\n<h6>Embalirano v kartonski \u0161katli, zaviti v \u010dasopis \u00bbForchino Neus\u00ab<\/h6>\n<\/li>\n<\/ul>\n","protected":false},"featured_media":11899,"template":"","meta":{"_monsterinsights_skip_tracking":false,"_monsterinsights_sitenote_active":false,"_monsterinsights_sitenote_note":"","_monsterinsights_sitenote_category":0},"product_cat":[303,121],"product_tag":[1570],"aioseo_notices":[],"yoast_head":"<!-- This site is optimized with the Yoast SEO plugin v22.1 - https:\/\/yoast.com\/wordpress\/plugins\/seo\/ -->\n<title>Maratonec - Etnogalerija Skrina<\/title>\n<meta name=\"robots\" content=\"index, follow, max-snippet:-1, max-image-preview:large, max-video-preview:-1\" \/>\n<link rel=\"canonical\" href=\"https:\/\/skrina.si\/en\/product\/maratonec\/\" \/>\n<meta property=\"og:locale\" content=\"en_GB\" \/>\n<meta property=\"og:locale:alternate\" content=\"sl_SI\" \/>\n<meta property=\"og:type\" content=\"article\" \/>\n<meta property=\"og:title\" content=\"Maratonec - Etnogalerija Skrina\" \/>\n<meta property=\"og:description\" content=\"Guillermo Forchino\u00a0je svetovno uveljavljen kipar. Njegove hudomu\u0161ne figure na duhovit in v\u010dasih sarkasti\u010den na\u010din ponazarjajo poklice, hobije, \u010dlove\u0161ke navade in razvade. Karakterji njegovih junakov izra\u017eajo humor, imajo du\u0161o in spadajo v kategorijo tako imenovanih karakternih daril, zato bodite izvirni in podarite maratonca ljubitelju teka. Podrobnosti:    Naslov: Maratonec    Mere izdelka: 15 x 35 cm    Material: keramika    CERTIFIKAT    Embalirano v kartonski \u0161katli, zaviti v \u010dasopis \u00bbForchino Neus\u00ab\" \/>\n<meta property=\"og:url\" content=\"https:\/\/skrina.si\/en\/product\/maratonec\/\" \/>\n<meta property=\"og:site_name\" content=\"Etnogalerija Skrina\" \/>\n<meta property=\"article:modified_time\" content=\"2024-03-19T15:18:57+00:00\" \/>\n<meta property=\"og:image\" content=\"https:\/\/skrina.si\/wp-content\/uploads\/2022\/08\/Guillermo-Forchino-the-runner-Maratonec-skulpture-karikature.jpg\" \/>\n\t<meta property=\"og:image:width\" content=\"2000\" \/>\n\t<meta property=\"og:image:height\" content=\"1500\" \/>\n\t<meta property=\"og:image:type\" content=\"image\/jpeg\" \/>\n<meta name=\"twitter:card\" content=\"summary_large_image\" \/>\n<meta name=\"twitter:label1\" content=\"Estimated reading time\" \/>\n\t<meta name=\"twitter:data1\" content=\"1 minute\" \/>\n<script type=\"application\/ld+json\" class=\"yoast-schema-graph\">{\"@context\":\"https:\/\/schema.org\",\"@graph\":[{\"@type\":\"WebPage\",\"@id\":\"https:\/\/skrina.si\/en\/product\/maratonec\/\",\"url\":\"https:\/\/skrina.si\/en\/product\/maratonec\/\",\"name\":\"Maratonec - Etnogalerija Skrina\",\"isPartOf\":{\"@id\":\"https:\/\/skrina.si\/en\/#website\"},\"datePublished\":\"2022-03-01T18:37:08+00:00\",\"dateModified\":\"2024-03-19T15:18:57+00:00\",\"breadcrumb\":{\"@id\":\"https:\/\/skrina.si\/en\/product\/maratonec\/#breadcrumb\"},\"inLanguage\":\"en-GB\",\"potentialAction\":[{\"@type\":\"ReadAction\",\"target\":[\"https:\/\/skrina.si\/en\/product\/maratonec\/\"]}]},{\"@type\":\"BreadcrumbList\",\"@id\":\"https:\/\/skrina.si\/en\/product\/maratonec\/#breadcrumb\",\"itemListElement\":[{\"@type\":\"ListItem\",\"position\":1,\"name\":\"Home\",\"item\":\"https:\/\/skrina.si\/en\/\"},{\"@type\":\"ListItem\",\"position\":2,\"name\":\"Shop\",\"item\":\"https:\/\/skrina.si\/shop\/\"},{\"@type\":\"ListItem\",\"position\":3,\"name\":\"Maratonec\"}]},{\"@type\":\"WebSite\",\"@id\":\"https:\/\/skrina.si\/en\/#website\",\"url\":\"https:\/\/skrina.si\/en\/\",\"name\":\"Etnogalerija Skrina\",\"description\":\"Tradicija s posluhom\",\"potentialAction\":[{\"@type\":\"SearchAction\",\"target\":{\"@type\":\"EntryPoint\",\"urlTemplate\":\"https:\/\/skrina.si\/en\/?s={search_term_string}\"},\"query-input\":\"required name=search_term_string\"}],\"inLanguage\":\"en-GB\"}]}<\/script>\n<!-- \/ Yoast SEO plugin. -->","yoast_head_json":{"title":"Maratonec - Etnogalerija Skrina","robots":{"index":"index","follow":"follow","max-snippet":"max-snippet:-1","max-image-preview":"max-image-preview:large","max-video-preview":"max-video-preview:-1"},"canonical":"https:\/\/skrina.si\/en\/product\/maratonec\/","og_locale":"en_GB","og_type":"article","og_title":"Maratonec - Etnogalerija Skrina","og_description":"Guillermo Forchino\u00a0je svetovno uveljavljen kipar. Njegove hudomu\u0161ne figure na duhovit in v\u010dasih sarkasti\u010den na\u010din ponazarjajo poklice, hobije, \u010dlove\u0161ke navade in razvade. Karakterji njegovih junakov izra\u017eajo humor, imajo du\u0161o in spadajo v kategorijo tako imenovanih karakternih daril, zato bodite izvirni in podarite maratonca ljubitelju teka. Podrobnosti:    Naslov: Maratonec    Mere izdelka: 15 x 35 cm    Material: keramika    CERTIFIKAT    Embalirano v kartonski \u0161katli, zaviti v \u010dasopis \u00bbForchino Neus\u00ab","og_url":"https:\/\/skrina.si\/en\/product\/maratonec\/","og_site_name":"Etnogalerija Skrina","article_modified_time":"2024-03-19T15:18:57+00:00","og_image":[{"width":2000,"height":1500,"url":"https:\/\/skrina.si\/wp-content\/uploads\/2022\/08\/Guillermo-Forchino-the-runner-Maratonec-skulpture-karikature.jpg","type":"image\/jpeg"}],"twitter_card":"summary_large_image","twitter_misc":{"Estimated reading time":"1 minute"},"schema":{"@context":"https:\/\/schema.org","@graph":[{"@type":"WebPage","@id":"https:\/\/skrina.si\/en\/product\/maratonec\/","url":"https:\/\/skrina.si\/en\/product\/maratonec\/","name":"Maratonec - Etnogalerija Skrina","isPartOf":{"@id":"https:\/\/skrina.si\/en\/#website"},"datePublished":"2022-03-01T18:37:08+00:00","dateModified":"2024-03-19T15:18:57+00:00","breadcrumb":{"@id":"https:\/\/skrina.si\/en\/product\/maratonec\/#breadcrumb"},"inLanguage":"en-GB","potentialAction":[{"@type":"ReadAction","target":["https:\/\/skrina.si\/en\/product\/maratonec\/"]}]},{"@type":"BreadcrumbList","@id":"https:\/\/skrina.si\/en\/product\/maratonec\/#breadcrumb","itemListElement":[{"@type":"ListItem","position":1,"name":"Home","item":"https:\/\/skrina.si\/en\/"},{"@type":"ListItem","position":2,"name":"Shop","item":"https:\/\/skrina.si\/shop\/"},{"@type":"ListItem","position":3,"name":"Maratonec"}]},{"@type":"WebSite","@id":"https:\/\/skrina.si\/en\/#website","url":"https:\/\/skrina.si\/en\/","name":"Etnogalerija Skrina","description":"Tradicija s posluhom","potentialAction":[{"@type":"SearchAction","target":{"@type":"EntryPoint","urlTemplate":"https:\/\/skrina.si\/en\/?s={search_term_string}"},"query-input":"required name=search_term_string"}],"inLanguage":"en-GB"}]}},"_links":{"self":[{"href":"https:\/\/skrina.si\/en\/wp-json\/wp\/v2\/product\/7704"}],"collection":[{"href":"https:\/\/skrina.si\/en\/wp-json\/wp\/v2\/product"}],"about":[{"href":"https:\/\/skrina.si\/en\/wp-json\/wp\/v2\/types\/product"}],"wp:featuredmedia":[{"embeddable":true,"href":"https:\/\/skrina.si\/en\/wp-json\/wp\/v2\/media\/11899"}],"wp:attachment":[{"href":"https:\/\/skrina.si\/en\/wp-json\/wp\/v2\/media?parent=7704"}],"wp:term":[{"taxonomy":"product_cat","embeddable":true,"href":"https:\/\/skrina.si\/en\/wp-json\/wp\/v2\/product_cat?post=7704"},{"taxonomy":"product_tag","embeddable":true,"href":"https:\/\/skrina.si\/en\/wp-json\/wp\/v2\/product_tag?post=7704"}],"curies":[{"name":"wp","href":"https:\/\/api.w.org\/{rel}","templated":true}]}}