{"id":7365,"date":"2022-03-03T15:20:14","date_gmt":"2022-03-03T15:20:14","guid":{"rendered":"https:\/\/skrina.si\/?post_type=product&#038;p=7365"},"modified":"2022-05-07T09:01:33","modified_gmt":"2022-05-07T09:01:33","slug":"marjetica","status":"publish","type":"product","link":"https:\/\/skrina.si\/en\/product\/marjetica\/","title":{"rendered":"Marjetica"},"content":{"rendered":"","protected":false},"excerpt":{"rendered":"<h5><strong><em>Marjetica<\/em><\/strong> je ena od drobnih travni\u0161kih cvetlic, ki jim je njihova ljubkost \u017ee zgodaj prislu\u017eila naklonjenost pesnikov in pesni\u0161ko razpolo\u017eenih zaljubljencev. Marsikatero dekle \u0161e danes na skrivaj trga bele cvetove in se spra\u0161uje: ljubi, ne ljubi, ljubi, ne ljubi\u2026<br \/>\nMarjetica je bila v antiki simbol pomladi, pomladanskega prebujanja narave in sre\u010de, ki po dolgi zimi vedno znova prevzame \u010dlove\u0161ka srca. Marjetke so bile tradicionalni cvetli\u010dni okras Flore, rimske boginje pomladi in pomladanskega rastja, kakor \u0161tevilne druge ro\u017ee, ki simbolizirajo ljubezen, pa so posve\u010dene tudi gr\u0161ki Afroditi oziroma rimski Veneri.<br \/>\nZaradi oblike cveta, ki spominja na \u017earkasto son\u010dece, so marjetico \u017ee v 13. stoletju imenovali <strong><em>\u00bbsponsa solis\u00ab \u2013 nevesta sonca<\/em><\/strong>. To ime si je prislu\u017eila tudi zato, ker se njen cvet odpre samo, ko nanj posije sonce. Ko sonce zaide, se cvetovi spet zapro in \u010dakajo novega jutra.<\/h5>\n<h6><em>Podrobnosti:<\/em><\/h6>\n<ul>\n<li>\n<h6>Velikost: vi\u0161ina 12 cm, \u0161irina 8 cm<\/h6>\n<\/li>\n<li>\n<h6>Material: Keramika<\/h6>\n<\/li>\n<li>\n<h6>V darilni vre\u010dki s prilo\u017eenim certifikatom<\/h6>\n<\/li>\n<li>\n<h6>Oblikovano z ljubeznijo do detajlov<\/h6>\n<\/li>\n<li>\n<h6>Idealno darilo za ljubitelje ro\u017e in obo\u017eevalce marjetic<\/h6>\n<\/li>\n<\/ul>\n","protected":false},"featured_media":8122,"template":"","meta":{"_monsterinsights_skip_tracking":false,"_monsterinsights_sitenote_active":false,"_monsterinsights_sitenote_note":"","_monsterinsights_sitenote_category":0},"product_cat":[103,686],"product_tag":[151,288,41],"aioseo_notices":[],"yoast_head":"<!-- This site is optimized with the Yoast SEO plugin v22.1 - https:\/\/yoast.com\/wordpress\/plugins\/seo\/ -->\n<title>Ro\u017ena vila Marjetica - Etnogalerija Skrina<\/title>\n<meta name=\"description\" content=\"Marjetica je bila v antiki simbol pomladi, pomladanskega prebujanja narave in sre\u010de, ki po dolgi zimi vedno znova prevzame \u010dlove\u0161ka srca.\" \/>\n<meta name=\"robots\" content=\"index, follow, max-snippet:-1, max-image-preview:large, max-video-preview:-1\" \/>\n<link rel=\"canonical\" href=\"https:\/\/skrina.si\/en\/product\/marjetica\/\" \/>\n<meta property=\"og:locale\" content=\"en_GB\" \/>\n<meta property=\"og:locale:alternate\" content=\"sl_SI\" \/>\n<meta property=\"og:type\" content=\"article\" \/>\n<meta property=\"og:title\" content=\"Ro\u017ena vila Marjetica - Etnogalerija Skrina\" \/>\n<meta property=\"og:description\" content=\"Marjetica je bila v antiki simbol pomladi, pomladanskega prebujanja narave in sre\u010de, ki po dolgi zimi vedno znova prevzame \u010dlove\u0161ka srca.\" \/>\n<meta property=\"og:url\" content=\"https:\/\/skrina.si\/en\/product\/marjetica\/\" \/>\n<meta property=\"og:site_name\" content=\"Etnogalerija Skrina\" \/>\n<meta property=\"article:modified_time\" content=\"2022-05-07T09:01:33+00:00\" \/>\n<meta property=\"og:image\" content=\"https:\/\/skrina.si\/wp-content\/uploads\/2022\/02\/Rozne-vile-marjetica-dekor-Slovenske-cvetlice-roze-Tradicija-s-posluhom-Etno-galerija-Skrina.jpg\" \/>\n\t<meta property=\"og:image:width\" content=\"1619\" \/>\n\t<meta property=\"og:image:height\" content=\"1213\" \/>\n\t<meta property=\"og:image:type\" content=\"image\/jpeg\" \/>\n<meta name=\"twitter:card\" content=\"summary_large_image\" \/>\n<script type=\"application\/ld+json\" class=\"yoast-schema-graph\">{\"@context\":\"https:\/\/schema.org\",\"@graph\":[{\"@type\":\"WebPage\",\"@id\":\"https:\/\/skrina.si\/en\/product\/marjetica\/\",\"url\":\"https:\/\/skrina.si\/en\/product\/marjetica\/\",\"name\":\"Ro\u017ena vila Marjetica - Etnogalerija Skrina\",\"isPartOf\":{\"@id\":\"https:\/\/skrina.si\/en\/#website\"},\"datePublished\":\"2022-03-03T15:20:14+00:00\",\"dateModified\":\"2022-05-07T09:01:33+00:00\",\"description\":\"Marjetica je bila v antiki simbol pomladi, pomladanskega prebujanja narave in sre\u010de, ki po dolgi zimi vedno znova prevzame \u010dlove\u0161ka srca.\",\"breadcrumb\":{\"@id\":\"https:\/\/skrina.si\/en\/product\/marjetica\/#breadcrumb\"},\"inLanguage\":\"en-GB\",\"potentialAction\":[{\"@type\":\"ReadAction\",\"target\":[\"https:\/\/skrina.si\/en\/product\/marjetica\/\"]}]},{\"@type\":\"BreadcrumbList\",\"@id\":\"https:\/\/skrina.si\/en\/product\/marjetica\/#breadcrumb\",\"itemListElement\":[{\"@type\":\"ListItem\",\"position\":1,\"name\":\"Home\",\"item\":\"https:\/\/skrina.si\/en\/\"},{\"@type\":\"ListItem\",\"position\":2,\"name\":\"Shop\",\"item\":\"https:\/\/skrina.si\/shop\/\"},{\"@type\":\"ListItem\",\"position\":3,\"name\":\"Marjetica\"}]},{\"@type\":\"WebSite\",\"@id\":\"https:\/\/skrina.si\/en\/#website\",\"url\":\"https:\/\/skrina.si\/en\/\",\"name\":\"Etnogalerija Skrina\",\"description\":\"Tradicija s posluhom\",\"potentialAction\":[{\"@type\":\"SearchAction\",\"target\":{\"@type\":\"EntryPoint\",\"urlTemplate\":\"https:\/\/skrina.si\/en\/?s={search_term_string}\"},\"query-input\":\"required name=search_term_string\"}],\"inLanguage\":\"en-GB\"}]}<\/script>\n<!-- \/ Yoast SEO plugin. -->","yoast_head_json":{"title":"Ro\u017ena vila Marjetica - Etnogalerija Skrina","description":"Marjetica je bila v antiki simbol pomladi, pomladanskega prebujanja narave in sre\u010de, ki po dolgi zimi vedno znova prevzame \u010dlove\u0161ka srca.","robots":{"index":"index","follow":"follow","max-snippet":"max-snippet:-1","max-image-preview":"max-image-preview:large","max-video-preview":"max-video-preview:-1"},"canonical":"https:\/\/skrina.si\/en\/product\/marjetica\/","og_locale":"en_GB","og_type":"article","og_title":"Ro\u017ena vila Marjetica - Etnogalerija Skrina","og_description":"Marjetica je bila v antiki simbol pomladi, pomladanskega prebujanja narave in sre\u010de, ki po dolgi zimi vedno znova prevzame \u010dlove\u0161ka srca.","og_url":"https:\/\/skrina.si\/en\/product\/marjetica\/","og_site_name":"Etnogalerija Skrina","article_modified_time":"2022-05-07T09:01:33+00:00","og_image":[{"width":1619,"height":1213,"url":"https:\/\/skrina.si\/wp-content\/uploads\/2022\/02\/Rozne-vile-marjetica-dekor-Slovenske-cvetlice-roze-Tradicija-s-posluhom-Etno-galerija-Skrina.jpg","type":"image\/jpeg"}],"twitter_card":"summary_large_image","schema":{"@context":"https:\/\/schema.org","@graph":[{"@type":"WebPage","@id":"https:\/\/skrina.si\/en\/product\/marjetica\/","url":"https:\/\/skrina.si\/en\/product\/marjetica\/","name":"Ro\u017ena vila Marjetica - Etnogalerija Skrina","isPartOf":{"@id":"https:\/\/skrina.si\/en\/#website"},"datePublished":"2022-03-03T15:20:14+00:00","dateModified":"2022-05-07T09:01:33+00:00","description":"Marjetica je bila v antiki simbol pomladi, pomladanskega prebujanja narave in sre\u010de, ki po dolgi zimi vedno znova prevzame \u010dlove\u0161ka srca.","breadcrumb":{"@id":"https:\/\/skrina.si\/en\/product\/marjetica\/#breadcrumb"},"inLanguage":"en-GB","potentialAction":[{"@type":"ReadAction","target":["https:\/\/skrina.si\/en\/product\/marjetica\/"]}]},{"@type":"BreadcrumbList","@id":"https:\/\/skrina.si\/en\/product\/marjetica\/#breadcrumb","itemListElement":[{"@type":"ListItem","position":1,"name":"Home","item":"https:\/\/skrina.si\/en\/"},{"@type":"ListItem","position":2,"name":"Shop","item":"https:\/\/skrina.si\/shop\/"},{"@type":"ListItem","position":3,"name":"Marjetica"}]},{"@type":"WebSite","@id":"https:\/\/skrina.si\/en\/#website","url":"https:\/\/skrina.si\/en\/","name":"Etnogalerija Skrina","description":"Tradicija s posluhom","potentialAction":[{"@type":"SearchAction","target":{"@type":"EntryPoint","urlTemplate":"https:\/\/skrina.si\/en\/?s={search_term_string}"},"query-input":"required name=search_term_string"}],"inLanguage":"en-GB"}]}},"_links":{"self":[{"href":"https:\/\/skrina.si\/en\/wp-json\/wp\/v2\/product\/7365"}],"collection":[{"href":"https:\/\/skrina.si\/en\/wp-json\/wp\/v2\/product"}],"about":[{"href":"https:\/\/skrina.si\/en\/wp-json\/wp\/v2\/types\/product"}],"wp:featuredmedia":[{"embeddable":true,"href":"https:\/\/skrina.si\/en\/wp-json\/wp\/v2\/media\/8122"}],"wp:attachment":[{"href":"https:\/\/skrina.si\/en\/wp-json\/wp\/v2\/media?parent=7365"}],"wp:term":[{"taxonomy":"product_cat","embeddable":true,"href":"https:\/\/skrina.si\/en\/wp-json\/wp\/v2\/product_cat?post=7365"},{"taxonomy":"product_tag","embeddable":true,"href":"https:\/\/skrina.si\/en\/wp-json\/wp\/v2\/product_tag?post=7365"}],"curies":[{"name":"wp","href":"https:\/\/api.w.org\/{rel}","templated":true}]}}