{"id":6549,"date":"2022-01-07T16:20:13","date_gmt":"2022-01-07T16:20:13","guid":{"rendered":"https:\/\/skrina.si\/?post_type=product&#038;p=6549"},"modified":"2024-04-13T00:52:28","modified_gmt":"2024-04-12T22:52:28","slug":"skodelice-za-caj-temne-05l","status":"publish","type":"product","link":"https:\/\/skrina.si\/en\/product\/skodelice-za-caj-temne-05l\/","title":{"rendered":"Skodelice za \u010daj temne 0,5l"},"content":{"rendered":"","protected":false},"excerpt":{"rendered":"<h5>Klimt je motiv Judite povzel po bibli\u010dni zgodbi o judovski junakinji Juditi, ki re\u0161i svoje ljudstvo. Mlada in lepa vdova <strong><em>Judita<\/em><\/strong> se odpravi v asirski tabor, da bi se tam sre\u010dala s poveljnikom Holofernom. Ta se o\u010daran nad njeno lepoto, brezskrbno preda njenim \u010darom in pija\u010di. Ko zaspi, mu Judita odseka glavo. \u0160tevilni umetniki, ki so upodobili Juditino zgodbo, so \u017eeleli prikazati predvsem njen pogum in krepostno naravo. V nasprotju z njimi pa Klimtov namen ni bila verodostojnost zgodbe, saj je Judita upodobljena izredno \u010dutno in po mnenju nekaterih kritikov preve\u010d sodobno. Kot v ve\u010dini takratne literature in umetnosti je to namig, da \u017eenska seksualnost lahko pomeni tudi nekaj destruktivnega. Model za Judito je bila <strong><em>Adele Bloch-Bauer.\u00a0<\/em><\/strong><\/h5>\n<h6><em>Podrobnosti:<\/em><\/h6>\n<ul>\n<li>\n<h6>Velikost: 12,5 x 9 x 14 cm<\/h6>\n<\/li>\n<li>\n<h6>Prostornina: 0,5 l<\/h6>\n<\/li>\n<li>\n<h6>Material: Porcelan z razko\u0161no dekoracijo iz pravega zlata<\/h6>\n<\/li>\n<li>\n<h6>V darilni embala\u017ei<\/h6>\n<\/li>\n<li>\n<h6>Oblikovano z ljubeznijo do detajlov<\/h6>\n<\/li>\n<li>\n<h6>Eleganten, brez\u010dasen dizajn<\/h6>\n<\/li>\n<li>\n<h6>Idealno darilo za ljubitelje Klimta in klasike<\/h6>\n<\/li>\n<li>\n<h6>Primerno za pranje v pomivalnem stroju<\/h6>\n<\/li>\n<\/ul>\n","protected":false},"featured_media":6550,"template":"","meta":{"_monsterinsights_skip_tracking":false,"_monsterinsights_sitenote_active":false,"_monsterinsights_sitenote_note":"","_monsterinsights_sitenote_category":0},"product_cat":[39,50,260],"product_tag":[],"aioseo_notices":[],"yoast_head":"<!-- This site is optimized with the Yoast SEO plugin v22.1 - https:\/\/yoast.com\/wordpress\/plugins\/seo\/ -->\n<title>Skodelice za \u010daj temne 0,5l - Etnogalerija Skrina<\/title>\n<meta name=\"description\" content=\"Gustav Klimt - skodelica za \u010daj. Velikost: 12,5 x 9 x 14 cm; Prostornina: 0,5 l; Material: Porcelan z razko\u0161no dekoracijo iz pravega zlata\" \/>\n<meta name=\"robots\" content=\"index, follow, max-snippet:-1, max-image-preview:large, max-video-preview:-1\" \/>\n<link rel=\"canonical\" href=\"https:\/\/skrina.si\/en\/product\/skodelice-za-caj-temne-05l\/\" \/>\n<meta property=\"og:locale\" content=\"en_GB\" \/>\n<meta property=\"og:locale:alternate\" content=\"sl_SI\" \/>\n<meta property=\"og:type\" content=\"article\" \/>\n<meta property=\"og:title\" content=\"Skodelice za \u010daj temne 0,5l\" \/>\n<meta property=\"og:description\" content=\"Gustav Klimt - skodelica za \u010daj. Velikost: 12,5 x 9 x 14 cm; Prostornina: 0,5 l; Material: Porcelan z razko\u0161no dekoracijo iz pravega zlata\" \/>\n<meta property=\"og:url\" content=\"https:\/\/skrina.si\/en\/product\/skodelice-za-caj-temne-05l\/\" \/>\n<meta property=\"og:site_name\" content=\"Etnogalerija Skrina\" \/>\n<meta property=\"article:modified_time\" content=\"2024-04-12T22:52:28+00:00\" \/>\n<meta property=\"og:image\" content=\"https:\/\/skrina.si\/wp-content\/uploads\/2022\/01\/Gustav-Klimt-skodelica-visoka-Judith-1-crna-Etno-galerija-Skrina.jpg\" \/>\n\t<meta property=\"og:image:width\" content=\"2000\" \/>\n\t<meta property=\"og:image:height\" content=\"1500\" \/>\n\t<meta property=\"og:image:type\" content=\"image\/jpeg\" \/>\n<meta name=\"twitter:card\" content=\"summary_large_image\" \/>\n<meta name=\"twitter:label1\" content=\"Estimated reading time\" \/>\n\t<meta name=\"twitter:data1\" content=\"1 minute\" \/>\n<script type=\"application\/ld+json\" class=\"yoast-schema-graph\">{\"@context\":\"https:\/\/schema.org\",\"@graph\":[{\"@type\":\"WebPage\",\"@id\":\"https:\/\/skrina.si\/en\/product\/skodelice-za-caj-temne-05l\/\",\"url\":\"https:\/\/skrina.si\/en\/product\/skodelice-za-caj-temne-05l\/\",\"name\":\"[:sl]Skodelice za \u010daj temne 0,5l[:] - Etnogalerija Skrina\",\"isPartOf\":{\"@id\":\"https:\/\/skrina.si\/en\/#website\"},\"datePublished\":\"2022-01-07T16:20:13+00:00\",\"dateModified\":\"2024-04-12T22:52:28+00:00\",\"description\":\"Gustav Klimt - skodelica za \u010daj. Velikost: 12,5 x 9 x 14 cm; Prostornina: 0,5 l; Material: Porcelan z razko\u0161no dekoracijo iz pravega zlata\",\"breadcrumb\":{\"@id\":\"https:\/\/skrina.si\/en\/product\/skodelice-za-caj-temne-05l\/#breadcrumb\"},\"inLanguage\":\"en-GB\",\"potentialAction\":[{\"@type\":\"ReadAction\",\"target\":[\"https:\/\/skrina.si\/en\/product\/skodelice-za-caj-temne-05l\/\"]}]},{\"@type\":\"BreadcrumbList\",\"@id\":\"https:\/\/skrina.si\/en\/product\/skodelice-za-caj-temne-05l\/#breadcrumb\",\"itemListElement\":[{\"@type\":\"ListItem\",\"position\":1,\"name\":\"Home\",\"item\":\"https:\/\/skrina.si\/en\/\"},{\"@type\":\"ListItem\",\"position\":2,\"name\":\"Shop\",\"item\":\"https:\/\/skrina.si\/shop\/\"},{\"@type\":\"ListItem\",\"position\":3,\"name\":\"Skodelice za \u010daj temne 0,5l\"}]},{\"@type\":\"WebSite\",\"@id\":\"https:\/\/skrina.si\/en\/#website\",\"url\":\"https:\/\/skrina.si\/en\/\",\"name\":\"Etnogalerija Skrina\",\"description\":\"Tradicija s posluhom\",\"potentialAction\":[{\"@type\":\"SearchAction\",\"target\":{\"@type\":\"EntryPoint\",\"urlTemplate\":\"https:\/\/skrina.si\/en\/?s={search_term_string}\"},\"query-input\":\"required name=search_term_string\"}],\"inLanguage\":\"en-GB\"}]}<\/script>\n<!-- \/ Yoast SEO plugin. -->","yoast_head_json":{"title":"Skodelice za \u010daj temne 0,5l - Etnogalerija Skrina","description":"Gustav Klimt - skodelica za \u010daj. Velikost: 12,5 x 9 x 14 cm; Prostornina: 0,5 l; Material: Porcelan z razko\u0161no dekoracijo iz pravega zlata","robots":{"index":"index","follow":"follow","max-snippet":"max-snippet:-1","max-image-preview":"max-image-preview:large","max-video-preview":"max-video-preview:-1"},"canonical":"https:\/\/skrina.si\/en\/product\/skodelice-za-caj-temne-05l\/","og_locale":"en_GB","og_type":"article","og_title":"[:sl]Skodelice za \u010daj temne 0,5l[:] - Etnogalerija Skrina","og_description":"Gustav Klimt - skodelica za \u010daj. Velikost: 12,5 x 9 x 14 cm; Prostornina: 0,5 l; Material: Porcelan z razko\u0161no dekoracijo iz pravega zlata","og_url":"https:\/\/skrina.si\/en\/product\/skodelice-za-caj-temne-05l\/","og_site_name":"Etnogalerija Skrina","article_modified_time":"2024-04-12T22:52:28+00:00","og_image":[{"width":2000,"height":1500,"url":"https:\/\/skrina.si\/wp-content\/uploads\/2022\/01\/Gustav-Klimt-skodelica-visoka-Judith-1-crna-Etno-galerija-Skrina.jpg","type":"image\/jpeg"}],"twitter_card":"summary_large_image","twitter_misc":{"Estimated reading time":"1 minute"},"schema":{"@context":"https:\/\/schema.org","@graph":[{"@type":"WebPage","@id":"https:\/\/skrina.si\/en\/product\/skodelice-za-caj-temne-05l\/","url":"https:\/\/skrina.si\/en\/product\/skodelice-za-caj-temne-05l\/","name":"[:sl]Skodelice za \u010daj temne 0,5l[:] - Etnogalerija Skrina","isPartOf":{"@id":"https:\/\/skrina.si\/en\/#website"},"datePublished":"2022-01-07T16:20:13+00:00","dateModified":"2024-04-12T22:52:28+00:00","description":"Gustav Klimt - skodelica za \u010daj. Velikost: 12,5 x 9 x 14 cm; Prostornina: 0,5 l; Material: Porcelan z razko\u0161no dekoracijo iz pravega zlata","breadcrumb":{"@id":"https:\/\/skrina.si\/en\/product\/skodelice-za-caj-temne-05l\/#breadcrumb"},"inLanguage":"en-GB","potentialAction":[{"@type":"ReadAction","target":["https:\/\/skrina.si\/en\/product\/skodelice-za-caj-temne-05l\/"]}]},{"@type":"BreadcrumbList","@id":"https:\/\/skrina.si\/en\/product\/skodelice-za-caj-temne-05l\/#breadcrumb","itemListElement":[{"@type":"ListItem","position":1,"name":"Home","item":"https:\/\/skrina.si\/en\/"},{"@type":"ListItem","position":2,"name":"Shop","item":"https:\/\/skrina.si\/shop\/"},{"@type":"ListItem","position":3,"name":"Skodelice za \u010daj temne 0,5l"}]},{"@type":"WebSite","@id":"https:\/\/skrina.si\/en\/#website","url":"https:\/\/skrina.si\/en\/","name":"Etnogalerija Skrina","description":"Tradicija s posluhom","potentialAction":[{"@type":"SearchAction","target":{"@type":"EntryPoint","urlTemplate":"https:\/\/skrina.si\/en\/?s={search_term_string}"},"query-input":"required name=search_term_string"}],"inLanguage":"en-GB"}]}},"_links":{"self":[{"href":"https:\/\/skrina.si\/en\/wp-json\/wp\/v2\/product\/6549"}],"collection":[{"href":"https:\/\/skrina.si\/en\/wp-json\/wp\/v2\/product"}],"about":[{"href":"https:\/\/skrina.si\/en\/wp-json\/wp\/v2\/types\/product"}],"wp:featuredmedia":[{"embeddable":true,"href":"https:\/\/skrina.si\/en\/wp-json\/wp\/v2\/media\/6550"}],"wp:attachment":[{"href":"https:\/\/skrina.si\/en\/wp-json\/wp\/v2\/media?parent=6549"}],"wp:term":[{"taxonomy":"product_cat","embeddable":true,"href":"https:\/\/skrina.si\/en\/wp-json\/wp\/v2\/product_cat?post=6549"},{"taxonomy":"product_tag","embeddable":true,"href":"https:\/\/skrina.si\/en\/wp-json\/wp\/v2\/product_tag?post=6549"}],"curies":[{"name":"wp","href":"https:\/\/api.w.org\/{rel}","templated":true}]}}