{"id":6537,"date":"2022-01-07T16:10:06","date_gmt":"2022-01-07T16:10:06","guid":{"rendered":"https:\/\/skrina.si\/?post_type=product&#038;p=6537"},"modified":"2024-04-13T00:51:47","modified_gmt":"2024-04-12T22:51:47","slug":"skodelice-za-caj-svetle-04l","status":"publish","type":"product","link":"https:\/\/skrina.si\/en\/product\/skodelice-za-caj-svetle-04l\/","title":{"rendered":"Skodelice za \u010daj svetle 0,4l"},"content":{"rendered":"","protected":false},"excerpt":{"rendered":"<h5><strong><em>Poljub<\/em><\/strong> je najbolj znana Klimtova slika in velja za vrhunec njegovega \u00bbzlatega obdobja\u00ab, kjer svetle\u010di geometri\u010dni ornament grozi, da bo pogoltnil ljubimca. Figuri objema obilje srebrnih, zlatih in platinastih listi\u010dev, par kle\u010di na \u010dudovitem cvetli\u010dnem nasipu. Mo\u0161ko ogrinjalo je sestavljeno iz \u010drnih in belih pravokotnikov, njihova oglatost je pravo nasprotje \u017eenskega obla\u010dila v ro\u017enatem vzorcu, ki je mehko in barvito. Ta pravlji\u010dna in za tiste \u010dase nenavadna dekoracija se na prefinjen na\u010din zliva s \u010dustvenostjo v dovr\u0161eno celoto. Klimt je bil predan eksperimentiranju in v slikah se je rad ukvarjal z nejasno lo\u010dnico med psihi\u010dnim notranjim svetom in zunanjo resni\u010dnostjo.<\/h5>\n<h6><em>Podrobnosti:<\/em><\/h6>\n<ul>\n<li>\n<h6>Velikost: 13 x 10 x 11 cm<\/h6>\n<\/li>\n<li>\n<h6>Prostornina: 0,4 l<\/h6>\n<\/li>\n<li>\n<h6>Material: Porcelan z razko\u0161no dekoracijo iz pravega zlata<\/h6>\n<\/li>\n<li>\n<h6>V darilni embala\u017ei<\/h6>\n<\/li>\n<li>\n<h6>Oblikovano z ljubeznijo do detajlov<\/h6>\n<\/li>\n<li>\n<h6>Eleganten, bres\u010dasen dizajn<\/h6>\n<\/li>\n<li>\n<h6>Idealno darilo za ljubitelje Klimta in klasike<\/h6>\n<\/li>\n<li>\n<h6>Primerno za pranje v pomivalnem stroju<\/h6>\n<\/li>\n<\/ul>\n","protected":false},"featured_media":7639,"template":"","meta":{"_monsterinsights_skip_tracking":false,"_monsterinsights_sitenote_active":false,"_monsterinsights_sitenote_note":"","_monsterinsights_sitenote_category":0},"product_cat":[39,50,260],"product_tag":[],"aioseo_notices":[],"yoast_head":"<!-- This site is optimized with the Yoast SEO plugin v22.1 - https:\/\/yoast.com\/wordpress\/plugins\/seo\/ -->\n<title>Skodelice za \u010daj svetle 0,4l - Etnogalerija Skrina<\/title>\n<meta name=\"description\" content=\"Gustav Klimt - skodelica za \u010daj. Velikost: 13 x 10 x 11 cm; Prostornina: 0,4 l; Material: Porcelan z razko\u0161no dekoracijo iz pravega zlata\" \/>\n<meta name=\"robots\" content=\"index, follow, max-snippet:-1, max-image-preview:large, max-video-preview:-1\" \/>\n<link rel=\"canonical\" href=\"https:\/\/skrina.si\/en\/product\/skodelice-za-caj-svetle-04l\/\" \/>\n<meta property=\"og:locale\" content=\"en_GB\" \/>\n<meta property=\"og:locale:alternate\" content=\"sl_SI\" \/>\n<meta property=\"og:type\" content=\"article\" \/>\n<meta property=\"og:title\" content=\"Skodelice za \u010daj svetle 0,4l\" \/>\n<meta property=\"og:description\" content=\"Gustav Klimt - skodelica za \u010daj. Velikost: 13 x 10 x 11 cm; Prostornina: 0,4 l; Material: Porcelan z razko\u0161no dekoracijo iz pravega zlata\" \/>\n<meta property=\"og:url\" content=\"https:\/\/skrina.si\/en\/product\/skodelice-za-caj-svetle-04l\/\" \/>\n<meta property=\"og:site_name\" content=\"Etnogalerija Skrina\" \/>\n<meta property=\"article:modified_time\" content=\"2024-04-12T22:51:47+00:00\" \/>\n<meta property=\"og:image\" content=\"https:\/\/skrina.si\/wp-content\/uploads\/2022\/01\/Gustav-Klimt-skodelica-nizka-Poljub-Etno-galerija-Skrina2.jpg\" \/>\n\t<meta property=\"og:image:width\" content=\"2000\" \/>\n\t<meta property=\"og:image:height\" content=\"1500\" \/>\n\t<meta property=\"og:image:type\" content=\"image\/jpeg\" \/>\n<meta name=\"twitter:card\" content=\"summary_large_image\" \/>\n<meta name=\"twitter:label1\" content=\"Estimated reading time\" \/>\n\t<meta name=\"twitter:data1\" content=\"1 minute\" \/>\n<script type=\"application\/ld+json\" class=\"yoast-schema-graph\">{\"@context\":\"https:\/\/schema.org\",\"@graph\":[{\"@type\":\"WebPage\",\"@id\":\"https:\/\/skrina.si\/en\/product\/skodelice-za-caj-svetle-04l\/\",\"url\":\"https:\/\/skrina.si\/en\/product\/skodelice-za-caj-svetle-04l\/\",\"name\":\"[:sl]Skodelice za \u010daj svetle 0,4l[:] - Etnogalerija Skrina\",\"isPartOf\":{\"@id\":\"https:\/\/skrina.si\/en\/#website\"},\"datePublished\":\"2022-01-07T16:10:06+00:00\",\"dateModified\":\"2024-04-12T22:51:47+00:00\",\"description\":\"Gustav Klimt - skodelica za \u010daj. Velikost: 13 x 10 x 11 cm; Prostornina: 0,4 l; Material: Porcelan z razko\u0161no dekoracijo iz pravega zlata\",\"breadcrumb\":{\"@id\":\"https:\/\/skrina.si\/en\/product\/skodelice-za-caj-svetle-04l\/#breadcrumb\"},\"inLanguage\":\"en-GB\",\"potentialAction\":[{\"@type\":\"ReadAction\",\"target\":[\"https:\/\/skrina.si\/en\/product\/skodelice-za-caj-svetle-04l\/\"]}]},{\"@type\":\"BreadcrumbList\",\"@id\":\"https:\/\/skrina.si\/en\/product\/skodelice-za-caj-svetle-04l\/#breadcrumb\",\"itemListElement\":[{\"@type\":\"ListItem\",\"position\":1,\"name\":\"Home\",\"item\":\"https:\/\/skrina.si\/en\/\"},{\"@type\":\"ListItem\",\"position\":2,\"name\":\"Shop\",\"item\":\"https:\/\/skrina.si\/shop\/\"},{\"@type\":\"ListItem\",\"position\":3,\"name\":\"Skodelice za \u010daj svetle 0,4l\"}]},{\"@type\":\"WebSite\",\"@id\":\"https:\/\/skrina.si\/en\/#website\",\"url\":\"https:\/\/skrina.si\/en\/\",\"name\":\"Etnogalerija Skrina\",\"description\":\"Tradicija s posluhom\",\"potentialAction\":[{\"@type\":\"SearchAction\",\"target\":{\"@type\":\"EntryPoint\",\"urlTemplate\":\"https:\/\/skrina.si\/en\/?s={search_term_string}\"},\"query-input\":\"required name=search_term_string\"}],\"inLanguage\":\"en-GB\"}]}<\/script>\n<!-- \/ Yoast SEO plugin. -->","yoast_head_json":{"title":"Skodelice za \u010daj svetle 0,4l - Etnogalerija Skrina","description":"Gustav Klimt - skodelica za \u010daj. Velikost: 13 x 10 x 11 cm; Prostornina: 0,4 l; Material: Porcelan z razko\u0161no dekoracijo iz pravega zlata","robots":{"index":"index","follow":"follow","max-snippet":"max-snippet:-1","max-image-preview":"max-image-preview:large","max-video-preview":"max-video-preview:-1"},"canonical":"https:\/\/skrina.si\/en\/product\/skodelice-za-caj-svetle-04l\/","og_locale":"en_GB","og_type":"article","og_title":"[:sl]Skodelice za \u010daj svetle 0,4l[:] - Etnogalerija Skrina","og_description":"Gustav Klimt - skodelica za \u010daj. Velikost: 13 x 10 x 11 cm; Prostornina: 0,4 l; Material: Porcelan z razko\u0161no dekoracijo iz pravega zlata","og_url":"https:\/\/skrina.si\/en\/product\/skodelice-za-caj-svetle-04l\/","og_site_name":"Etnogalerija Skrina","article_modified_time":"2024-04-12T22:51:47+00:00","og_image":[{"width":2000,"height":1500,"url":"https:\/\/skrina.si\/wp-content\/uploads\/2022\/01\/Gustav-Klimt-skodelica-nizka-Poljub-Etno-galerija-Skrina2.jpg","type":"image\/jpeg"}],"twitter_card":"summary_large_image","twitter_misc":{"Estimated reading time":"1 minute"},"schema":{"@context":"https:\/\/schema.org","@graph":[{"@type":"WebPage","@id":"https:\/\/skrina.si\/en\/product\/skodelice-za-caj-svetle-04l\/","url":"https:\/\/skrina.si\/en\/product\/skodelice-za-caj-svetle-04l\/","name":"[:sl]Skodelice za \u010daj svetle 0,4l[:] - Etnogalerija Skrina","isPartOf":{"@id":"https:\/\/skrina.si\/en\/#website"},"datePublished":"2022-01-07T16:10:06+00:00","dateModified":"2024-04-12T22:51:47+00:00","description":"Gustav Klimt - skodelica za \u010daj. Velikost: 13 x 10 x 11 cm; Prostornina: 0,4 l; Material: Porcelan z razko\u0161no dekoracijo iz pravega zlata","breadcrumb":{"@id":"https:\/\/skrina.si\/en\/product\/skodelice-za-caj-svetle-04l\/#breadcrumb"},"inLanguage":"en-GB","potentialAction":[{"@type":"ReadAction","target":["https:\/\/skrina.si\/en\/product\/skodelice-za-caj-svetle-04l\/"]}]},{"@type":"BreadcrumbList","@id":"https:\/\/skrina.si\/en\/product\/skodelice-za-caj-svetle-04l\/#breadcrumb","itemListElement":[{"@type":"ListItem","position":1,"name":"Home","item":"https:\/\/skrina.si\/en\/"},{"@type":"ListItem","position":2,"name":"Shop","item":"https:\/\/skrina.si\/shop\/"},{"@type":"ListItem","position":3,"name":"Skodelice za \u010daj svetle 0,4l"}]},{"@type":"WebSite","@id":"https:\/\/skrina.si\/en\/#website","url":"https:\/\/skrina.si\/en\/","name":"Etnogalerija Skrina","description":"Tradicija s posluhom","potentialAction":[{"@type":"SearchAction","target":{"@type":"EntryPoint","urlTemplate":"https:\/\/skrina.si\/en\/?s={search_term_string}"},"query-input":"required name=search_term_string"}],"inLanguage":"en-GB"}]}},"_links":{"self":[{"href":"https:\/\/skrina.si\/en\/wp-json\/wp\/v2\/product\/6537"}],"collection":[{"href":"https:\/\/skrina.si\/en\/wp-json\/wp\/v2\/product"}],"about":[{"href":"https:\/\/skrina.si\/en\/wp-json\/wp\/v2\/types\/product"}],"wp:featuredmedia":[{"embeddable":true,"href":"https:\/\/skrina.si\/en\/wp-json\/wp\/v2\/media\/7639"}],"wp:attachment":[{"href":"https:\/\/skrina.si\/en\/wp-json\/wp\/v2\/media?parent=6537"}],"wp:term":[{"taxonomy":"product_cat","embeddable":true,"href":"https:\/\/skrina.si\/en\/wp-json\/wp\/v2\/product_cat?post=6537"},{"taxonomy":"product_tag","embeddable":true,"href":"https:\/\/skrina.si\/en\/wp-json\/wp\/v2\/product_tag?post=6537"}],"curies":[{"name":"wp","href":"https:\/\/api.w.org\/{rel}","templated":true}]}}