{"id":6495,"date":"2022-01-07T16:05:24","date_gmt":"2022-01-07T16:05:24","guid":{"rendered":"https:\/\/skrina.si\/?post_type=product&#038;p=6495"},"modified":"2024-04-13T00:52:47","modified_gmt":"2024-04-12T22:52:47","slug":"skodelice-za-espresso","status":"publish","type":"product","link":"https:\/\/skrina.si\/en\/product\/skodelice-za-espresso\/","title":{"rendered":"Skodelice za espresso"},"content":{"rendered":"","protected":false},"excerpt":{"rendered":"<h5>Umetniki imajo le redkokdaj prilo\u017enost narediti delo, v katerem lahko brez ovir izrazijo vso svojo domi\u0161ljijo in ustvarjalnost. Industrialec in zbiralec umetnin Adolfa Stoclet spada med tiste redke naro\u010dnike umetni\u0161kih del, ki so se znali prepustiti umetnikovim idejam in dovolili, da njegove sanje postanejo resni\u010dnost. Tako je v <strong><em>dvorcu Stoclet v Bruslju<\/em><\/strong> nastala \u010dudovita stenska poslikava, za katero je Klimt je v svoji delavnici pre\u017eivel ve\u010d kot 6 let. Sliko jo sestavljajo trije elementi \u2013 <em>Izpolnitev, Drevo \u017eivljenja <\/em>\u00a0in <em>Pri\u010dakovanje.<br \/>\n<\/em><strong><em>Pri\u010dakovanje<\/em><\/strong> predstavlja \u017eensko figuro, ujeto v labirint trikotnikov in Klimt sam je bil mnenja, da je za pala\u010do Stoclet dosegel \u00bbzadnjo fazo v svojem razisikovanju ornamenta\u00ab. Osrednja zlata barva po mnenju nekaterih kritikov predstavlja \u017eivljenje, zato slika nima le estetske vrednosti, temve\u010d se za njo skriva cela mre\u017ea razli\u010dnih razlag.<\/h5>\n<h6><em>Podrobnosti:<\/em><\/h6>\n<ul>\n<li>\n<h6>Velikost: 12 x 12 x 7,5 cm<\/h6>\n<\/li>\n<li>\n<h6>Prostornina: 0,1 l<\/h6>\n<\/li>\n<li>\n<h6>Material: Porcelan z razko\u0161no dekoracijo iz pravega zlata<\/h6>\n<\/li>\n<li>\n<h6>V darilni embala\u017ei<\/h6>\n<\/li>\n<li>\n<h6>Oblikovano z ljubeznijo do detajlov<\/h6>\n<\/li>\n<li>\n<h6>Idealno darilo za ljubitelje klasike<\/h6>\n<\/li>\n<li>\n<h6>Primerno za pranje v pomivalnem stroju<\/h6>\n<\/li>\n<\/ul>\n","protected":false},"featured_media":6502,"template":"","meta":{"_monsterinsights_skip_tracking":false,"_monsterinsights_sitenote_active":false,"_monsterinsights_sitenote_note":"","_monsterinsights_sitenote_category":0},"product_cat":[39,50,260],"product_tag":[],"aioseo_notices":[],"yoast_head":"<!-- This site is optimized with the Yoast SEO plugin v22.1 - https:\/\/yoast.com\/wordpress\/plugins\/seo\/ -->\n<title>Skodelice za espresso - Etnogalerija Skrina<\/title>\n<meta name=\"description\" content=\"Gustav Klimt - skodelica za espresso. Velikost: 12 x 12 x 7,5 cm; Prostornina: 0,1l; Material: Porcelan z razko\u0161no dekoracijo iz pravega zlata\" \/>\n<meta name=\"robots\" content=\"index, follow, max-snippet:-1, max-image-preview:large, max-video-preview:-1\" \/>\n<link rel=\"canonical\" href=\"https:\/\/skrina.si\/en\/product\/skodelice-za-espresso\/\" \/>\n<meta property=\"og:locale\" content=\"en_GB\" \/>\n<meta property=\"og:locale:alternate\" content=\"sl_SI\" \/>\n<meta property=\"og:type\" content=\"article\" \/>\n<meta property=\"og:title\" content=\"Skodelice za espresso\" \/>\n<meta property=\"og:description\" content=\"Gustav Klimt - skodelica za espresso. Velikost: 12 x 12 x 7,5 cm; Prostornina: 0,1l; Material: Porcelan z razko\u0161no dekoracijo iz pravega zlata\" \/>\n<meta property=\"og:url\" content=\"https:\/\/skrina.si\/en\/product\/skodelice-za-espresso\/\" \/>\n<meta property=\"og:site_name\" content=\"Etnogalerija Skrina\" \/>\n<meta property=\"article:modified_time\" content=\"2024-04-12T22:52:47+00:00\" \/>\n<meta property=\"og:image\" content=\"https:\/\/skrina.si\/wp-content\/uploads\/2022\/01\/Gustav-Klimt-espresso-Pricakovanje-Etno-galerija-Skrina-e1648457005971.jpg\" \/>\n\t<meta property=\"og:image:width\" content=\"2200\" \/>\n\t<meta property=\"og:image:height\" content=\"1650\" \/>\n\t<meta property=\"og:image:type\" content=\"image\/jpeg\" \/>\n<meta name=\"twitter:card\" content=\"summary_large_image\" \/>\n<meta name=\"twitter:label1\" content=\"Estimated reading time\" \/>\n\t<meta name=\"twitter:data1\" content=\"1 minute\" \/>\n<script type=\"application\/ld+json\" class=\"yoast-schema-graph\">{\"@context\":\"https:\/\/schema.org\",\"@graph\":[{\"@type\":\"WebPage\",\"@id\":\"https:\/\/skrina.si\/en\/product\/skodelice-za-espresso\/\",\"url\":\"https:\/\/skrina.si\/en\/product\/skodelice-za-espresso\/\",\"name\":\"[:sl]Skodelice za espresso[:] - Etnogalerija Skrina\",\"isPartOf\":{\"@id\":\"https:\/\/skrina.si\/en\/#website\"},\"datePublished\":\"2022-01-07T16:05:24+00:00\",\"dateModified\":\"2024-04-12T22:52:47+00:00\",\"description\":\"Gustav Klimt - skodelica za espresso. Velikost: 12 x 12 x 7,5 cm; Prostornina: 0,1l; Material: Porcelan z razko\u0161no dekoracijo iz pravega zlata\",\"breadcrumb\":{\"@id\":\"https:\/\/skrina.si\/en\/product\/skodelice-za-espresso\/#breadcrumb\"},\"inLanguage\":\"en-GB\",\"potentialAction\":[{\"@type\":\"ReadAction\",\"target\":[\"https:\/\/skrina.si\/en\/product\/skodelice-za-espresso\/\"]}]},{\"@type\":\"BreadcrumbList\",\"@id\":\"https:\/\/skrina.si\/en\/product\/skodelice-za-espresso\/#breadcrumb\",\"itemListElement\":[{\"@type\":\"ListItem\",\"position\":1,\"name\":\"Home\",\"item\":\"https:\/\/skrina.si\/en\/\"},{\"@type\":\"ListItem\",\"position\":2,\"name\":\"Shop\",\"item\":\"https:\/\/skrina.si\/shop\/\"},{\"@type\":\"ListItem\",\"position\":3,\"name\":\"Skodelice za espresso\"}]},{\"@type\":\"WebSite\",\"@id\":\"https:\/\/skrina.si\/en\/#website\",\"url\":\"https:\/\/skrina.si\/en\/\",\"name\":\"Etnogalerija Skrina\",\"description\":\"Tradicija s posluhom\",\"potentialAction\":[{\"@type\":\"SearchAction\",\"target\":{\"@type\":\"EntryPoint\",\"urlTemplate\":\"https:\/\/skrina.si\/en\/?s={search_term_string}\"},\"query-input\":\"required name=search_term_string\"}],\"inLanguage\":\"en-GB\"}]}<\/script>\n<!-- \/ Yoast SEO plugin. -->","yoast_head_json":{"title":"Skodelice za espresso - Etnogalerija Skrina","description":"Gustav Klimt - skodelica za espresso. Velikost: 12 x 12 x 7,5 cm; Prostornina: 0,1l; Material: Porcelan z razko\u0161no dekoracijo iz pravega zlata","robots":{"index":"index","follow":"follow","max-snippet":"max-snippet:-1","max-image-preview":"max-image-preview:large","max-video-preview":"max-video-preview:-1"},"canonical":"https:\/\/skrina.si\/en\/product\/skodelice-za-espresso\/","og_locale":"en_GB","og_type":"article","og_title":"[:sl]Skodelice za espresso[:] - Etnogalerija Skrina","og_description":"Gustav Klimt - skodelica za espresso. Velikost: 12 x 12 x 7,5 cm; Prostornina: 0,1l; Material: Porcelan z razko\u0161no dekoracijo iz pravega zlata","og_url":"https:\/\/skrina.si\/en\/product\/skodelice-za-espresso\/","og_site_name":"Etnogalerija Skrina","article_modified_time":"2024-04-12T22:52:47+00:00","og_image":[{"width":2200,"height":1650,"url":"https:\/\/skrina.si\/wp-content\/uploads\/2022\/01\/Gustav-Klimt-espresso-Pricakovanje-Etno-galerija-Skrina-e1648457005971.jpg","type":"image\/jpeg"}],"twitter_card":"summary_large_image","twitter_misc":{"Estimated reading time":"1 minute"},"schema":{"@context":"https:\/\/schema.org","@graph":[{"@type":"WebPage","@id":"https:\/\/skrina.si\/en\/product\/skodelice-za-espresso\/","url":"https:\/\/skrina.si\/en\/product\/skodelice-za-espresso\/","name":"[:sl]Skodelice za espresso[:] - Etnogalerija Skrina","isPartOf":{"@id":"https:\/\/skrina.si\/en\/#website"},"datePublished":"2022-01-07T16:05:24+00:00","dateModified":"2024-04-12T22:52:47+00:00","description":"Gustav Klimt - skodelica za espresso. Velikost: 12 x 12 x 7,5 cm; Prostornina: 0,1l; Material: Porcelan z razko\u0161no dekoracijo iz pravega zlata","breadcrumb":{"@id":"https:\/\/skrina.si\/en\/product\/skodelice-za-espresso\/#breadcrumb"},"inLanguage":"en-GB","potentialAction":[{"@type":"ReadAction","target":["https:\/\/skrina.si\/en\/product\/skodelice-za-espresso\/"]}]},{"@type":"BreadcrumbList","@id":"https:\/\/skrina.si\/en\/product\/skodelice-za-espresso\/#breadcrumb","itemListElement":[{"@type":"ListItem","position":1,"name":"Home","item":"https:\/\/skrina.si\/en\/"},{"@type":"ListItem","position":2,"name":"Shop","item":"https:\/\/skrina.si\/shop\/"},{"@type":"ListItem","position":3,"name":"Skodelice za espresso"}]},{"@type":"WebSite","@id":"https:\/\/skrina.si\/en\/#website","url":"https:\/\/skrina.si\/en\/","name":"Etnogalerija Skrina","description":"Tradicija s posluhom","potentialAction":[{"@type":"SearchAction","target":{"@type":"EntryPoint","urlTemplate":"https:\/\/skrina.si\/en\/?s={search_term_string}"},"query-input":"required name=search_term_string"}],"inLanguage":"en-GB"}]}},"_links":{"self":[{"href":"https:\/\/skrina.si\/en\/wp-json\/wp\/v2\/product\/6495"}],"collection":[{"href":"https:\/\/skrina.si\/en\/wp-json\/wp\/v2\/product"}],"about":[{"href":"https:\/\/skrina.si\/en\/wp-json\/wp\/v2\/types\/product"}],"wp:featuredmedia":[{"embeddable":true,"href":"https:\/\/skrina.si\/en\/wp-json\/wp\/v2\/media\/6502"}],"wp:attachment":[{"href":"https:\/\/skrina.si\/en\/wp-json\/wp\/v2\/media?parent=6495"}],"wp:term":[{"taxonomy":"product_cat","embeddable":true,"href":"https:\/\/skrina.si\/en\/wp-json\/wp\/v2\/product_cat?post=6495"},{"taxonomy":"product_tag","embeddable":true,"href":"https:\/\/skrina.si\/en\/wp-json\/wp\/v2\/product_tag?post=6495"}],"curies":[{"name":"wp","href":"https:\/\/api.w.org\/{rel}","templated":true}]}}