{"id":6042,"date":"2021-10-05T14:20:51","date_gmt":"2021-10-05T14:20:51","guid":{"rendered":"https:\/\/skrina.si\/?post_type=product&#038;p=6042"},"modified":"2024-04-29T06:49:28","modified_gmt":"2024-04-29T04:49:28","slug":"maca-in-giro","status":"publish","type":"product","link":"https:\/\/skrina.si\/en\/product\/maca-in-giro\/","title":{"rendered":"Maca in Giro"},"content":{"rendered":"","protected":false},"excerpt":{"rendered":"<h5><em><strong>Maca in Giro<\/strong><\/em> veljata za eleganten par. Pisane, ponavljajo\u010da \u010drte in geometri\u010dno zaporedje ustvarjajo dekoracijo, ki je enostavna in zapletena hkrati.<\/h5>\n<h5>Te\u017eko jo je opisati z besedami, primerljiva je s slikarskim zlatim rezom. \u010cutimo jo kot dovr\u0161enost in ravnovesje posameznih elementov, ki tvorijo celoto in s tem ustvarjajo zgodbo. \u010ce k temu pri\u0161tejemo \u0161e eleganco njunih gibov, je slika popolna.<\/h5>\n<h6><em>Podrobnosti:<\/em><\/h6>\n<ul>\n<li>\n<h6>Velikost: 13,5 x 9 x 18 cm<\/h6>\n<\/li>\n<li>\n<h6>Material: Visoko kakovostni biskvitni porcelan<\/h6>\n<\/li>\n<li>\n<h6>V darilni embala\u017ei<\/h6>\n<\/li>\n<li>\n<h6>Oblikovano z ljubeznijo do detajlov<\/h6>\n<\/li>\n<li>\n<h6>Idealno darilo za ljubitelje ma\u010dk<\/h6>\n<\/li>\n<\/ul>\n","protected":false},"featured_media":8757,"template":"","meta":{"_monsterinsights_skip_tracking":false,"_monsterinsights_sitenote_active":false,"_monsterinsights_sitenote_note":"","_monsterinsights_sitenote_category":0},"product_cat":[39,217],"product_tag":[],"aioseo_notices":[],"yoast_head":"<!-- This site is optimized with the Yoast SEO plugin v22.1 - https:\/\/yoast.com\/wordpress\/plugins\/seo\/ -->\n<title>Maca in Giro - Etnogalerija Skrina<\/title>\n<meta name=\"description\" content=\"Maca in Giro veljata za eleganten par. Pisane, ponavljajo\u010da \u010drte in geometri\u010dno zaporedje ustvarjajo dekoracijo, ki je enostavna in zapletena hkrati.\" \/>\n<meta name=\"robots\" content=\"index, follow, max-snippet:-1, max-image-preview:large, max-video-preview:-1\" \/>\n<link rel=\"canonical\" href=\"https:\/\/skrina.si\/en\/product\/maca-in-giro\/\" \/>\n<meta property=\"og:locale\" content=\"en_GB\" \/>\n<meta property=\"og:locale:alternate\" content=\"sl_SI\" \/>\n<meta property=\"og:type\" content=\"article\" \/>\n<meta property=\"og:title\" content=\"Maca in Giro\" \/>\n<meta property=\"og:description\" content=\"Maca in Giro veljata za eleganten par. Pisane, ponavljajo\u010da \u010drte in geometri\u010dno zaporedje ustvarjajo dekoracijo, ki je enostavna in zapletena hkrati.\" \/>\n<meta property=\"og:url\" content=\"https:\/\/skrina.si\/en\/product\/maca-in-giro\/\" \/>\n<meta property=\"og:site_name\" content=\"Etnogalerija Skrina\" \/>\n<meta property=\"article:modified_time\" content=\"2024-04-29T04:49:28+00:00\" \/>\n<meta property=\"og:image\" content=\"https:\/\/skrina.si\/wp-content\/uploads\/2021\/10\/Rosina-Wachmeister-Maca-in-Giro-keramicna-macka-galerija-Skrina.jpg\" \/>\n\t<meta property=\"og:image:width\" content=\"2000\" \/>\n\t<meta property=\"og:image:height\" content=\"1500\" \/>\n\t<meta property=\"og:image:type\" content=\"image\/jpeg\" \/>\n<meta name=\"twitter:card\" content=\"summary_large_image\" \/>\n<meta name=\"twitter:label1\" content=\"Estimated reading time\" \/>\n\t<meta name=\"twitter:data1\" content=\"1 minute\" \/>\n<script type=\"application\/ld+json\" class=\"yoast-schema-graph\">{\"@context\":\"https:\/\/schema.org\",\"@graph\":[{\"@type\":\"WebPage\",\"@id\":\"https:\/\/skrina.si\/en\/product\/maca-in-giro\/\",\"url\":\"https:\/\/skrina.si\/en\/product\/maca-in-giro\/\",\"name\":\"[:sl]Maca in Giro[:] - Etnogalerija Skrina\",\"isPartOf\":{\"@id\":\"https:\/\/skrina.si\/en\/#website\"},\"datePublished\":\"2021-10-05T14:20:51+00:00\",\"dateModified\":\"2024-04-29T04:49:28+00:00\",\"description\":\"Maca in Giro veljata za eleganten par. Pisane, ponavljajo\u010da \u010drte in geometri\u010dno zaporedje ustvarjajo dekoracijo, ki je enostavna in zapletena hkrati.\",\"breadcrumb\":{\"@id\":\"https:\/\/skrina.si\/en\/product\/maca-in-giro\/#breadcrumb\"},\"inLanguage\":\"en-GB\",\"potentialAction\":[{\"@type\":\"ReadAction\",\"target\":[\"https:\/\/skrina.si\/en\/product\/maca-in-giro\/\"]}]},{\"@type\":\"BreadcrumbList\",\"@id\":\"https:\/\/skrina.si\/en\/product\/maca-in-giro\/#breadcrumb\",\"itemListElement\":[{\"@type\":\"ListItem\",\"position\":1,\"name\":\"Home\",\"item\":\"https:\/\/skrina.si\/en\/\"},{\"@type\":\"ListItem\",\"position\":2,\"name\":\"Shop\",\"item\":\"https:\/\/skrina.si\/shop\/\"},{\"@type\":\"ListItem\",\"position\":3,\"name\":\"Maca in Giro\"}]},{\"@type\":\"WebSite\",\"@id\":\"https:\/\/skrina.si\/en\/#website\",\"url\":\"https:\/\/skrina.si\/en\/\",\"name\":\"Etnogalerija Skrina\",\"description\":\"Tradicija s posluhom\",\"potentialAction\":[{\"@type\":\"SearchAction\",\"target\":{\"@type\":\"EntryPoint\",\"urlTemplate\":\"https:\/\/skrina.si\/en\/?s={search_term_string}\"},\"query-input\":\"required name=search_term_string\"}],\"inLanguage\":\"en-GB\"}]}<\/script>\n<!-- \/ Yoast SEO plugin. -->","yoast_head_json":{"title":"Maca in Giro - Etnogalerija Skrina","description":"Maca in Giro veljata za eleganten par. Pisane, ponavljajo\u010da \u010drte in geometri\u010dno zaporedje ustvarjajo dekoracijo, ki je enostavna in zapletena hkrati.","robots":{"index":"index","follow":"follow","max-snippet":"max-snippet:-1","max-image-preview":"max-image-preview:large","max-video-preview":"max-video-preview:-1"},"canonical":"https:\/\/skrina.si\/en\/product\/maca-in-giro\/","og_locale":"en_GB","og_type":"article","og_title":"[:sl]Maca in Giro[:] - Etnogalerija Skrina","og_description":"Maca in Giro veljata za eleganten par. Pisane, ponavljajo\u010da \u010drte in geometri\u010dno zaporedje ustvarjajo dekoracijo, ki je enostavna in zapletena hkrati.","og_url":"https:\/\/skrina.si\/en\/product\/maca-in-giro\/","og_site_name":"Etnogalerija Skrina","article_modified_time":"2024-04-29T04:49:28+00:00","og_image":[{"width":2000,"height":1500,"url":"https:\/\/skrina.si\/wp-content\/uploads\/2021\/10\/Rosina-Wachmeister-Maca-in-Giro-keramicna-macka-galerija-Skrina.jpg","type":"image\/jpeg"}],"twitter_card":"summary_large_image","twitter_misc":{"Estimated reading time":"1 minute"},"schema":{"@context":"https:\/\/schema.org","@graph":[{"@type":"WebPage","@id":"https:\/\/skrina.si\/en\/product\/maca-in-giro\/","url":"https:\/\/skrina.si\/en\/product\/maca-in-giro\/","name":"[:sl]Maca in Giro[:] - Etnogalerija Skrina","isPartOf":{"@id":"https:\/\/skrina.si\/en\/#website"},"datePublished":"2021-10-05T14:20:51+00:00","dateModified":"2024-04-29T04:49:28+00:00","description":"Maca in Giro veljata za eleganten par. Pisane, ponavljajo\u010da \u010drte in geometri\u010dno zaporedje ustvarjajo dekoracijo, ki je enostavna in zapletena hkrati.","breadcrumb":{"@id":"https:\/\/skrina.si\/en\/product\/maca-in-giro\/#breadcrumb"},"inLanguage":"en-GB","potentialAction":[{"@type":"ReadAction","target":["https:\/\/skrina.si\/en\/product\/maca-in-giro\/"]}]},{"@type":"BreadcrumbList","@id":"https:\/\/skrina.si\/en\/product\/maca-in-giro\/#breadcrumb","itemListElement":[{"@type":"ListItem","position":1,"name":"Home","item":"https:\/\/skrina.si\/en\/"},{"@type":"ListItem","position":2,"name":"Shop","item":"https:\/\/skrina.si\/shop\/"},{"@type":"ListItem","position":3,"name":"Maca in Giro"}]},{"@type":"WebSite","@id":"https:\/\/skrina.si\/en\/#website","url":"https:\/\/skrina.si\/en\/","name":"Etnogalerija Skrina","description":"Tradicija s posluhom","potentialAction":[{"@type":"SearchAction","target":{"@type":"EntryPoint","urlTemplate":"https:\/\/skrina.si\/en\/?s={search_term_string}"},"query-input":"required name=search_term_string"}],"inLanguage":"en-GB"}]}},"_links":{"self":[{"href":"https:\/\/skrina.si\/en\/wp-json\/wp\/v2\/product\/6042"}],"collection":[{"href":"https:\/\/skrina.si\/en\/wp-json\/wp\/v2\/product"}],"about":[{"href":"https:\/\/skrina.si\/en\/wp-json\/wp\/v2\/types\/product"}],"wp:featuredmedia":[{"embeddable":true,"href":"https:\/\/skrina.si\/en\/wp-json\/wp\/v2\/media\/8757"}],"wp:attachment":[{"href":"https:\/\/skrina.si\/en\/wp-json\/wp\/v2\/media?parent=6042"}],"wp:term":[{"taxonomy":"product_cat","embeddable":true,"href":"https:\/\/skrina.si\/en\/wp-json\/wp\/v2\/product_cat?post=6042"},{"taxonomy":"product_tag","embeddable":true,"href":"https:\/\/skrina.si\/en\/wp-json\/wp\/v2\/product_tag?post=6042"}],"curies":[{"name":"wp","href":"https:\/\/api.w.org\/{rel}","templated":true}]}}