{"id":5708,"date":"2022-03-03T14:30:33","date_gmt":"2022-03-03T14:30:33","guid":{"rendered":"https:\/\/skrina.si\/?post_type=product&#038;p=5708"},"modified":"2022-05-07T08:57:46","modified_gmt":"2022-05-07T08:57:46","slug":"zelod","status":"publish","type":"product","link":"https:\/\/skrina.si\/en\/product\/zelod\/","title":{"rendered":"\u017delod"},"content":{"rendered":"","protected":false},"excerpt":{"rendered":"<h5>Hrastove plodove je \u010dlovek uporabljal \u017ee v davnini, dokazano je, da so se z njimi prehranjevali in jih uporabljali za celjenje ran.\u00a0V zadnjem \u010dasu postaja <em><strong>\u017eelod<\/strong><\/em> ponovno popularen; ponekod\u00a0 ga cenijo kot nadomestek za kavo, pogosto pa ga uporabljajo za pripravo moke iz katere spe\u010dejo kruh. \u017delod najprej spe\u010dejo v ilovnati pe\u010di, ga zmeljejo in iz dobljene moke zamesijo kru\u0161no testo. Z njimi lahko tudi <strong><em>ustvarimo <\/em><\/strong>\u010dudovite dekoracije \u2013 ko vam bo pod noge naslednji\u010d priletel lep \u017eelod, ga pospravite v \u017eep. Z nekaj barve, trakcev, lepila in veliko domi\u0161ljije lahko \u017eelode uporabimo na sto in en na\u010din.<br \/>\nIn zastavljamo uganke, kot je ta od <strong><em>Otona Zupan\u010di\u010da<\/em><\/strong>:<\/h5>\n<h5>\u00bbNima fantek kapice,<br \/>\nkapica ima fanti\u010dka,<br \/>\npri\u0161umele sapice,<br \/>\nniso vzele kapice,<br \/>\nvzele so fanti\u010dka\u00ab.<\/h5>\n<h6><em>Podrobnosti:<\/em><\/h6>\n<ul>\n<li>\n<h6>Velikost: vi\u0161ina 12 cm, \u0161irina 7 cm<\/h6>\n<\/li>\n<li>\n<h6>Material: Keramika<\/h6>\n<\/li>\n<li>\n<h6>V darilni vre\u010dki s prilo\u017eenim certifikatom<\/h6>\n<\/li>\n<li>\n<h6>Oblikovano z ljubeznijo do detajlov<\/h6>\n<\/li>\n<li>\n<h6>Idealno darilo za ljubitelje dreves, gozdov in \u017eeloda<\/h6>\n<\/li>\n<\/ul>\n","protected":false},"featured_media":8130,"template":"","meta":{"_monsterinsights_skip_tracking":false,"_monsterinsights_sitenote_active":false,"_monsterinsights_sitenote_note":"","_monsterinsights_sitenote_category":0},"product_cat":[103,686],"product_tag":[151,41,286],"aioseo_notices":[],"yoast_head":"<!-- This site is optimized with the Yoast SEO plugin v22.1 - https:\/\/yoast.com\/wordpress\/plugins\/seo\/ -->\n<title>Ro\u017ena vila \u017eelod - Etnogalerija Skrina<\/title>\n<meta name=\"description\" content=\"Hrastove plodove je \u010dlovek uporabljal \u017ee v davnini, dokazano je, da so se z njimi prehranjevali in jih uporabljali za celjenje ran.\" \/>\n<meta name=\"robots\" content=\"index, follow, max-snippet:-1, max-image-preview:large, max-video-preview:-1\" \/>\n<link rel=\"canonical\" href=\"https:\/\/skrina.si\/en\/product\/zelod\/\" \/>\n<meta property=\"og:locale\" content=\"en_GB\" \/>\n<meta property=\"og:locale:alternate\" content=\"sl_SI\" \/>\n<meta property=\"og:type\" content=\"article\" \/>\n<meta property=\"og:title\" content=\"Ro\u017ena vila \u017eelod - Etnogalerija Skrina\" \/>\n<meta property=\"og:description\" content=\"Hrastove plodove je \u010dlovek uporabljal \u017ee v davnini, dokazano je, da so se z njimi prehranjevali in jih uporabljali za celjenje ran.\" \/>\n<meta property=\"og:url\" content=\"https:\/\/skrina.si\/en\/product\/zelod\/\" \/>\n<meta property=\"og:site_name\" content=\"Etnogalerija Skrina\" \/>\n<meta property=\"article:modified_time\" content=\"2022-05-07T08:57:46+00:00\" \/>\n<meta property=\"og:image\" content=\"https:\/\/skrina.si\/wp-content\/uploads\/2021\/09\/Rozne-vile-zelod-dekor-Slovenske-cvetlice-roze-Tradicija-s-posluhom-Etno-galerija-Skrina.jpg\" \/>\n\t<meta property=\"og:image:width\" content=\"1619\" \/>\n\t<meta property=\"og:image:height\" content=\"1213\" \/>\n\t<meta property=\"og:image:type\" content=\"image\/jpeg\" \/>\n<meta name=\"twitter:card\" content=\"summary_large_image\" \/>\n<script type=\"application\/ld+json\" class=\"yoast-schema-graph\">{\"@context\":\"https:\/\/schema.org\",\"@graph\":[{\"@type\":\"WebPage\",\"@id\":\"https:\/\/skrina.si\/en\/product\/zelod\/\",\"url\":\"https:\/\/skrina.si\/en\/product\/zelod\/\",\"name\":\"Ro\u017ena vila \u017eelod - Etnogalerija Skrina\",\"isPartOf\":{\"@id\":\"https:\/\/skrina.si\/en\/#website\"},\"datePublished\":\"2022-03-03T14:30:33+00:00\",\"dateModified\":\"2022-05-07T08:57:46+00:00\",\"description\":\"Hrastove plodove je \u010dlovek uporabljal \u017ee v davnini, dokazano je, da so se z njimi prehranjevali in jih uporabljali za celjenje ran.\",\"breadcrumb\":{\"@id\":\"https:\/\/skrina.si\/en\/product\/zelod\/#breadcrumb\"},\"inLanguage\":\"en-GB\",\"potentialAction\":[{\"@type\":\"ReadAction\",\"target\":[\"https:\/\/skrina.si\/en\/product\/zelod\/\"]}]},{\"@type\":\"BreadcrumbList\",\"@id\":\"https:\/\/skrina.si\/en\/product\/zelod\/#breadcrumb\",\"itemListElement\":[{\"@type\":\"ListItem\",\"position\":1,\"name\":\"Home\",\"item\":\"https:\/\/skrina.si\/en\/\"},{\"@type\":\"ListItem\",\"position\":2,\"name\":\"Shop\",\"item\":\"https:\/\/skrina.si\/shop\/\"},{\"@type\":\"ListItem\",\"position\":3,\"name\":\"\u017delod\"}]},{\"@type\":\"WebSite\",\"@id\":\"https:\/\/skrina.si\/en\/#website\",\"url\":\"https:\/\/skrina.si\/en\/\",\"name\":\"Etnogalerija Skrina\",\"description\":\"Tradicija s posluhom\",\"potentialAction\":[{\"@type\":\"SearchAction\",\"target\":{\"@type\":\"EntryPoint\",\"urlTemplate\":\"https:\/\/skrina.si\/en\/?s={search_term_string}\"},\"query-input\":\"required name=search_term_string\"}],\"inLanguage\":\"en-GB\"}]}<\/script>\n<!-- \/ Yoast SEO plugin. -->","yoast_head_json":{"title":"Ro\u017ena vila \u017eelod - Etnogalerija Skrina","description":"Hrastove plodove je \u010dlovek uporabljal \u017ee v davnini, dokazano je, da so se z njimi prehranjevali in jih uporabljali za celjenje ran.","robots":{"index":"index","follow":"follow","max-snippet":"max-snippet:-1","max-image-preview":"max-image-preview:large","max-video-preview":"max-video-preview:-1"},"canonical":"https:\/\/skrina.si\/en\/product\/zelod\/","og_locale":"en_GB","og_type":"article","og_title":"Ro\u017ena vila \u017eelod - Etnogalerija Skrina","og_description":"Hrastove plodove je \u010dlovek uporabljal \u017ee v davnini, dokazano je, da so se z njimi prehranjevali in jih uporabljali za celjenje ran.","og_url":"https:\/\/skrina.si\/en\/product\/zelod\/","og_site_name":"Etnogalerija Skrina","article_modified_time":"2022-05-07T08:57:46+00:00","og_image":[{"width":1619,"height":1213,"url":"https:\/\/skrina.si\/wp-content\/uploads\/2021\/09\/Rozne-vile-zelod-dekor-Slovenske-cvetlice-roze-Tradicija-s-posluhom-Etno-galerija-Skrina.jpg","type":"image\/jpeg"}],"twitter_card":"summary_large_image","schema":{"@context":"https:\/\/schema.org","@graph":[{"@type":"WebPage","@id":"https:\/\/skrina.si\/en\/product\/zelod\/","url":"https:\/\/skrina.si\/en\/product\/zelod\/","name":"Ro\u017ena vila \u017eelod - Etnogalerija Skrina","isPartOf":{"@id":"https:\/\/skrina.si\/en\/#website"},"datePublished":"2022-03-03T14:30:33+00:00","dateModified":"2022-05-07T08:57:46+00:00","description":"Hrastove plodove je \u010dlovek uporabljal \u017ee v davnini, dokazano je, da so se z njimi prehranjevali in jih uporabljali za celjenje ran.","breadcrumb":{"@id":"https:\/\/skrina.si\/en\/product\/zelod\/#breadcrumb"},"inLanguage":"en-GB","potentialAction":[{"@type":"ReadAction","target":["https:\/\/skrina.si\/en\/product\/zelod\/"]}]},{"@type":"BreadcrumbList","@id":"https:\/\/skrina.si\/en\/product\/zelod\/#breadcrumb","itemListElement":[{"@type":"ListItem","position":1,"name":"Home","item":"https:\/\/skrina.si\/en\/"},{"@type":"ListItem","position":2,"name":"Shop","item":"https:\/\/skrina.si\/shop\/"},{"@type":"ListItem","position":3,"name":"\u017delod"}]},{"@type":"WebSite","@id":"https:\/\/skrina.si\/en\/#website","url":"https:\/\/skrina.si\/en\/","name":"Etnogalerija Skrina","description":"Tradicija s posluhom","potentialAction":[{"@type":"SearchAction","target":{"@type":"EntryPoint","urlTemplate":"https:\/\/skrina.si\/en\/?s={search_term_string}"},"query-input":"required name=search_term_string"}],"inLanguage":"en-GB"}]}},"_links":{"self":[{"href":"https:\/\/skrina.si\/en\/wp-json\/wp\/v2\/product\/5708"}],"collection":[{"href":"https:\/\/skrina.si\/en\/wp-json\/wp\/v2\/product"}],"about":[{"href":"https:\/\/skrina.si\/en\/wp-json\/wp\/v2\/types\/product"}],"wp:featuredmedia":[{"embeddable":true,"href":"https:\/\/skrina.si\/en\/wp-json\/wp\/v2\/media\/8130"}],"wp:attachment":[{"href":"https:\/\/skrina.si\/en\/wp-json\/wp\/v2\/media?parent=5708"}],"wp:term":[{"taxonomy":"product_cat","embeddable":true,"href":"https:\/\/skrina.si\/en\/wp-json\/wp\/v2\/product_cat?post=5708"},{"taxonomy":"product_tag","embeddable":true,"href":"https:\/\/skrina.si\/en\/wp-json\/wp\/v2\/product_tag?post=5708"}],"curies":[{"name":"wp","href":"https:\/\/api.w.org\/{rel}","templated":true}]}}