{"id":5704,"date":"2022-03-03T14:50:33","date_gmt":"2022-03-03T14:50:33","guid":{"rendered":"https:\/\/skrina.si\/?post_type=product&#038;p=5704"},"modified":"2022-05-29T16:26:59","modified_gmt":"2022-05-29T16:26:59","slug":"spanski-bezeg","status":"publish","type":"product","link":"https:\/\/skrina.si\/en\/product\/spanski-bezeg\/","title":{"rendered":"\u0160panski bezeg"},"content":{"rendered":"","protected":false},"excerpt":{"rendered":"<h5><strong><em>\u0160panski bezeg<\/em><\/strong> je pre\u010dudovit okrasni grm, ki nas z bujnimi, omamno di\u0161e\u010dimi cvetovi o\u010dara v mesecu maju, zato ga imenujemo tudi <strong><em>majnica<\/em><\/strong>, zaradi sr\u010dastih listov pa \u0161e <strong><em>lipovka<\/em><\/strong>, oziroma <strong><em>jorgovan. <\/em><\/strong>Neko\u010d ni bilo hi\u0161e ali dvori\u0161\u010da, tako mestnega kot kme\u010dkega, pa tudi ne parkov, kjer se ne bi bohotil vsaj en grm \u0161panskega bezga, zato se zdi, da od nekdaj raste pri nas. Toda, v resnici prihaja iz Kitajske, od koder so ga prinesli najprej v Tur\u010dijo, od tam pa je leta <strong><em>1554<\/em><\/strong> sadiko \u0161panskega bezga prinesel odposlanec takratnega ogrskega kralja Ferdinanda I in jo posadil na <strong><em>Dunaju<\/em><\/strong>. Rastlina je bila ob\u010dudovana in samo \u0161e vpra\u0161anje \u010dasa je bilo, kdaj se bo raz\u0161irila tudi v Slovenijo.<br \/>\nBarva cvetov je lahko bela, roza, vijoli\u010dna, modro vijoli\u010dna ali \u0161krlatno rde\u010da, od nje pa je odvisen vonj \u0161panskega bezga, ki je v \u010dasu bujnega cvetenja tako izrazit, da ga lahko zaznamo \u017ee od dale\u010d, \u0161e preden zagledamo grm. Nekako pa velja, da temnej\u0161i kot so cvetovi, bolj izrazit je vonj.<\/h5>\n<h6><em>Podrobnosti:<\/em><\/h6>\n<ul>\n<li>\n<h6>Velikost: vi\u0161ina 12\/13 cm, \u0161irina 7 cm<\/h6>\n<\/li>\n<li>\n<h6>Material: Keramika<\/h6>\n<\/li>\n<li>\n<h6>V darilni vre\u010dki s prilo\u017eenim certifikatom<\/h6>\n<\/li>\n<li>\n<h6>Oblikovano z ljubeznijo do detajlov<\/h6>\n<\/li>\n<li>\n<h6>Idealno darilo za ljubitelje ro\u017e in obo\u017eevalce \u0161panskega bezga<\/h6>\n<\/li>\n<\/ul>\n","protected":false},"featured_media":8106,"template":"","meta":{"_monsterinsights_skip_tracking":false,"_monsterinsights_sitenote_active":false,"_monsterinsights_sitenote_note":"","_monsterinsights_sitenote_category":0},"product_cat":[103,686],"product_tag":[151,41,312],"aioseo_notices":[],"yoast_head":"<!-- This site is optimized with the Yoast SEO plugin v22.1 - https:\/\/yoast.com\/wordpress\/plugins\/seo\/ -->\n<title>\u0160panski bezeg - Etnogalerija Skrina<\/title>\n<meta name=\"description\" content=\"\u0160panski bezeg je pre\u010dudovit okrasni grm, ki nas z bujnimi, omamno di\u0161e\u010dimi cvetovi o\u010dara v mesecu maju, zato ga imenujemo tudi majnica.\" \/>\n<meta name=\"robots\" content=\"index, follow, max-snippet:-1, max-image-preview:large, max-video-preview:-1\" \/>\n<link rel=\"canonical\" href=\"https:\/\/skrina.si\/en\/product\/spanski-bezeg\/\" \/>\n<meta property=\"og:locale\" content=\"en_GB\" \/>\n<meta property=\"og:locale:alternate\" content=\"sl_SI\" \/>\n<meta property=\"og:type\" content=\"article\" \/>\n<meta property=\"og:title\" content=\"\u0160panski bezeg - Etnogalerija Skrina\" \/>\n<meta property=\"og:description\" content=\"\u0160panski bezeg je pre\u010dudovit okrasni grm, ki nas z bujnimi, omamno di\u0161e\u010dimi cvetovi o\u010dara v mesecu maju, zato ga imenujemo tudi majnica.\" \/>\n<meta property=\"og:url\" content=\"https:\/\/skrina.si\/en\/product\/spanski-bezeg\/\" \/>\n<meta property=\"og:site_name\" content=\"Etnogalerija Skrina\" \/>\n<meta property=\"article:modified_time\" content=\"2022-05-29T16:26:59+00:00\" \/>\n<meta property=\"og:image\" content=\"https:\/\/skrina.si\/wp-content\/uploads\/2021\/09\/Rozne-vile-spanski-bezeg-vijola-dekor-Slovenske-cvetlice-roze-Tradicija-s-posluhom-Etno-galerija-Skrina.jpg\" \/>\n\t<meta property=\"og:image:width\" content=\"1619\" \/>\n\t<meta property=\"og:image:height\" content=\"1213\" \/>\n\t<meta property=\"og:image:type\" content=\"image\/jpeg\" \/>\n<meta name=\"twitter:card\" content=\"summary_large_image\" \/>\n<script type=\"application\/ld+json\" class=\"yoast-schema-graph\">{\"@context\":\"https:\/\/schema.org\",\"@graph\":[{\"@type\":\"WebPage\",\"@id\":\"https:\/\/skrina.si\/en\/product\/spanski-bezeg\/\",\"url\":\"https:\/\/skrina.si\/en\/product\/spanski-bezeg\/\",\"name\":\"\u0160panski bezeg - Etnogalerija Skrina\",\"isPartOf\":{\"@id\":\"https:\/\/skrina.si\/en\/#website\"},\"datePublished\":\"2022-03-03T14:50:33+00:00\",\"dateModified\":\"2022-05-29T16:26:59+00:00\",\"description\":\"\u0160panski bezeg je pre\u010dudovit okrasni grm, ki nas z bujnimi, omamno di\u0161e\u010dimi cvetovi o\u010dara v mesecu maju, zato ga imenujemo tudi majnica.\",\"breadcrumb\":{\"@id\":\"https:\/\/skrina.si\/en\/product\/spanski-bezeg\/#breadcrumb\"},\"inLanguage\":\"en-GB\",\"potentialAction\":[{\"@type\":\"ReadAction\",\"target\":[\"https:\/\/skrina.si\/en\/product\/spanski-bezeg\/\"]}]},{\"@type\":\"BreadcrumbList\",\"@id\":\"https:\/\/skrina.si\/en\/product\/spanski-bezeg\/#breadcrumb\",\"itemListElement\":[{\"@type\":\"ListItem\",\"position\":1,\"name\":\"Home\",\"item\":\"https:\/\/skrina.si\/en\/\"},{\"@type\":\"ListItem\",\"position\":2,\"name\":\"Shop\",\"item\":\"https:\/\/skrina.si\/shop\/\"},{\"@type\":\"ListItem\",\"position\":3,\"name\":\"\u0160panski bezeg\"}]},{\"@type\":\"WebSite\",\"@id\":\"https:\/\/skrina.si\/en\/#website\",\"url\":\"https:\/\/skrina.si\/en\/\",\"name\":\"Etnogalerija Skrina\",\"description\":\"Tradicija s posluhom\",\"potentialAction\":[{\"@type\":\"SearchAction\",\"target\":{\"@type\":\"EntryPoint\",\"urlTemplate\":\"https:\/\/skrina.si\/en\/?s={search_term_string}\"},\"query-input\":\"required name=search_term_string\"}],\"inLanguage\":\"en-GB\"}]}<\/script>\n<!-- \/ Yoast SEO plugin. -->","yoast_head_json":{"title":"\u0160panski bezeg - Etnogalerija Skrina","description":"\u0160panski bezeg je pre\u010dudovit okrasni grm, ki nas z bujnimi, omamno di\u0161e\u010dimi cvetovi o\u010dara v mesecu maju, zato ga imenujemo tudi majnica.","robots":{"index":"index","follow":"follow","max-snippet":"max-snippet:-1","max-image-preview":"max-image-preview:large","max-video-preview":"max-video-preview:-1"},"canonical":"https:\/\/skrina.si\/en\/product\/spanski-bezeg\/","og_locale":"en_GB","og_type":"article","og_title":"\u0160panski bezeg - Etnogalerija Skrina","og_description":"\u0160panski bezeg je pre\u010dudovit okrasni grm, ki nas z bujnimi, omamno di\u0161e\u010dimi cvetovi o\u010dara v mesecu maju, zato ga imenujemo tudi majnica.","og_url":"https:\/\/skrina.si\/en\/product\/spanski-bezeg\/","og_site_name":"Etnogalerija Skrina","article_modified_time":"2022-05-29T16:26:59+00:00","og_image":[{"width":1619,"height":1213,"url":"https:\/\/skrina.si\/wp-content\/uploads\/2021\/09\/Rozne-vile-spanski-bezeg-vijola-dekor-Slovenske-cvetlice-roze-Tradicija-s-posluhom-Etno-galerija-Skrina.jpg","type":"image\/jpeg"}],"twitter_card":"summary_large_image","schema":{"@context":"https:\/\/schema.org","@graph":[{"@type":"WebPage","@id":"https:\/\/skrina.si\/en\/product\/spanski-bezeg\/","url":"https:\/\/skrina.si\/en\/product\/spanski-bezeg\/","name":"\u0160panski bezeg - Etnogalerija Skrina","isPartOf":{"@id":"https:\/\/skrina.si\/en\/#website"},"datePublished":"2022-03-03T14:50:33+00:00","dateModified":"2022-05-29T16:26:59+00:00","description":"\u0160panski bezeg je pre\u010dudovit okrasni grm, ki nas z bujnimi, omamno di\u0161e\u010dimi cvetovi o\u010dara v mesecu maju, zato ga imenujemo tudi majnica.","breadcrumb":{"@id":"https:\/\/skrina.si\/en\/product\/spanski-bezeg\/#breadcrumb"},"inLanguage":"en-GB","potentialAction":[{"@type":"ReadAction","target":["https:\/\/skrina.si\/en\/product\/spanski-bezeg\/"]}]},{"@type":"BreadcrumbList","@id":"https:\/\/skrina.si\/en\/product\/spanski-bezeg\/#breadcrumb","itemListElement":[{"@type":"ListItem","position":1,"name":"Home","item":"https:\/\/skrina.si\/en\/"},{"@type":"ListItem","position":2,"name":"Shop","item":"https:\/\/skrina.si\/shop\/"},{"@type":"ListItem","position":3,"name":"\u0160panski bezeg"}]},{"@type":"WebSite","@id":"https:\/\/skrina.si\/en\/#website","url":"https:\/\/skrina.si\/en\/","name":"Etnogalerija Skrina","description":"Tradicija s posluhom","potentialAction":[{"@type":"SearchAction","target":{"@type":"EntryPoint","urlTemplate":"https:\/\/skrina.si\/en\/?s={search_term_string}"},"query-input":"required name=search_term_string"}],"inLanguage":"en-GB"}]}},"_links":{"self":[{"href":"https:\/\/skrina.si\/en\/wp-json\/wp\/v2\/product\/5704"}],"collection":[{"href":"https:\/\/skrina.si\/en\/wp-json\/wp\/v2\/product"}],"about":[{"href":"https:\/\/skrina.si\/en\/wp-json\/wp\/v2\/types\/product"}],"wp:featuredmedia":[{"embeddable":true,"href":"https:\/\/skrina.si\/en\/wp-json\/wp\/v2\/media\/8106"}],"wp:attachment":[{"href":"https:\/\/skrina.si\/en\/wp-json\/wp\/v2\/media?parent=5704"}],"wp:term":[{"taxonomy":"product_cat","embeddable":true,"href":"https:\/\/skrina.si\/en\/wp-json\/wp\/v2\/product_cat?post=5704"},{"taxonomy":"product_tag","embeddable":true,"href":"https:\/\/skrina.si\/en\/wp-json\/wp\/v2\/product_tag?post=5704"}],"curies":[{"name":"wp","href":"https:\/\/api.w.org\/{rel}","templated":true}]}}