{"id":5682,"date":"2022-03-03T14:35:35","date_gmt":"2022-03-03T14:35:35","guid":{"rendered":"https:\/\/skrina.si\/?post_type=product&#038;p=5682"},"modified":"2022-05-07T08:57:38","modified_gmt":"2022-05-07T08:57:38","slug":"lavanda","status":"publish","type":"product","link":"https:\/\/skrina.si\/en\/product\/lavanda\/","title":{"rendered":"Sivka"},"content":{"rendered":"","protected":false},"excerpt":{"rendered":"<h5>Vijoli\u010dasto-modra <strong><em>sivka<\/em><\/strong> je opojna rastlina, ki bo v va\u0161 dom vnesla dobro razpolo\u017eenje, pozitivno energijo, spokojnost in spro\u0161\u010denost. V \u0161tevilnih dr\u017eavah jo imenujejo<strong><em> lavanda<\/em><\/strong>, kar je izpeljanka iz latinskega glagola lavare, kar pomeni umivati. To zagotovo ni naklju\u010dje, saj so jo \u017ee stari Grki in Rimljani uporabljali za odi\u0161avljanje kopeli in prostorov. Pri nas je poznana predvsem zaradi srednjeve\u0161ke samostanske medicine, zaradi njenega pomirjujo\u010dega u\u010dinkovanja in bla\u017eenja bole\u010din, pa so jo uporabljali tudi v <strong><em>ljudskem zdravilstvu. <\/em><\/strong>\u0160e danes velja, da si po napornem delu privo\u0161\u010dite skodelico sivkinega \u010daja in obesite \u0161opek sve\u017ee sivke v spalnici, kopalnici in povsod tam, kjer \u017eelite ustvariti ljubezensko in spokojno vzdu\u0161je. V juniju in juliju v Sloveniji na <strong><em>Krasu in \u0160tajerski<\/em><\/strong> pripravljajo festivale sivke. Tam se lahko seznanite z na\u010dinom pridelave sivke, spoznate razli\u010dne vrste sivke, poskusite se lahko v ro\u010dni \u017eetvi s srpom in \u0161karjami ter izdelovanju ven\u010dkov ali \u0161opkov.<\/h5>\n<h6><em>Podrobnosti:<\/em><\/h6>\n<ul>\n<li>\n<h6>Velikost: vi\u0161ina 13 cm, \u0161irina 7 cm<\/h6>\n<\/li>\n<li>\n<h6>Material: Keramika<\/h6>\n<\/li>\n<li>\n<h6>V darilni vre\u010dki s prilo\u017eenim certifikatom<\/h6>\n<\/li>\n<li>\n<h6>Oblikovano z ljubeznijo do detajlov<\/h6>\n<\/li>\n<li>\n<h6>Idealno darilo za ljubitelje ro\u017e in obo\u017eevalce lavande<\/h6>\n<\/li>\n<\/ul>\n","protected":false},"featured_media":8128,"template":"","meta":{"_monsterinsights_skip_tracking":false,"_monsterinsights_sitenote_active":false,"_monsterinsights_sitenote_note":"","_monsterinsights_sitenote_category":0},"product_cat":[103,686],"product_tag":[151,41,315],"aioseo_notices":[],"yoast_head":"<!-- This site is optimized with the Yoast SEO plugin v22.1 - https:\/\/yoast.com\/wordpress\/plugins\/seo\/ -->\n<title>Sivka - Etnogalerija Skrina<\/title>\n<meta name=\"description\" content=\"Vijoli\u010dasto-modra sivka je opojna rastlina, ki bo v va\u0161 dom vnesla dobro razpolo\u017eenje, pozitivno energijo, spokojnost in spro\u0161\u010denost.\" \/>\n<meta name=\"robots\" content=\"index, follow, max-snippet:-1, max-image-preview:large, max-video-preview:-1\" \/>\n<link rel=\"canonical\" href=\"https:\/\/skrina.si\/en\/product\/lavanda\/\" \/>\n<meta property=\"og:locale\" content=\"en_GB\" \/>\n<meta property=\"og:locale:alternate\" content=\"sl_SI\" \/>\n<meta property=\"og:type\" content=\"article\" \/>\n<meta property=\"og:title\" content=\"Sivka - Etnogalerija Skrina\" \/>\n<meta property=\"og:description\" content=\"Vijoli\u010dasto-modra sivka je opojna rastlina, ki bo v va\u0161 dom vnesla dobro razpolo\u017eenje, pozitivno energijo, spokojnost in spro\u0161\u010denost.\" \/>\n<meta property=\"og:url\" content=\"https:\/\/skrina.si\/en\/product\/lavanda\/\" \/>\n<meta property=\"og:site_name\" content=\"Etnogalerija Skrina\" \/>\n<meta property=\"article:modified_time\" content=\"2022-05-07T08:57:38+00:00\" \/>\n<meta property=\"og:image\" content=\"https:\/\/skrina.si\/wp-content\/uploads\/2021\/09\/Rozne-vile-sivka-dekor-Slovenske-cvetlice-roze-Tradicija-s-posluhom-Etno-galerija-Skrina.jpg\" \/>\n\t<meta property=\"og:image:width\" content=\"1619\" \/>\n\t<meta property=\"og:image:height\" content=\"1213\" \/>\n\t<meta property=\"og:image:type\" content=\"image\/jpeg\" \/>\n<meta name=\"twitter:card\" content=\"summary_large_image\" \/>\n<script type=\"application\/ld+json\" class=\"yoast-schema-graph\">{\"@context\":\"https:\/\/schema.org\",\"@graph\":[{\"@type\":\"WebPage\",\"@id\":\"https:\/\/skrina.si\/en\/product\/lavanda\/\",\"url\":\"https:\/\/skrina.si\/en\/product\/lavanda\/\",\"name\":\"Sivka - Etnogalerija Skrina\",\"isPartOf\":{\"@id\":\"https:\/\/skrina.si\/en\/#website\"},\"datePublished\":\"2022-03-03T14:35:35+00:00\",\"dateModified\":\"2022-05-07T08:57:38+00:00\",\"description\":\"Vijoli\u010dasto-modra sivka je opojna rastlina, ki bo v va\u0161 dom vnesla dobro razpolo\u017eenje, pozitivno energijo, spokojnost in spro\u0161\u010denost.\",\"breadcrumb\":{\"@id\":\"https:\/\/skrina.si\/en\/product\/lavanda\/#breadcrumb\"},\"inLanguage\":\"en-GB\",\"potentialAction\":[{\"@type\":\"ReadAction\",\"target\":[\"https:\/\/skrina.si\/en\/product\/lavanda\/\"]}]},{\"@type\":\"BreadcrumbList\",\"@id\":\"https:\/\/skrina.si\/en\/product\/lavanda\/#breadcrumb\",\"itemListElement\":[{\"@type\":\"ListItem\",\"position\":1,\"name\":\"Home\",\"item\":\"https:\/\/skrina.si\/en\/\"},{\"@type\":\"ListItem\",\"position\":2,\"name\":\"Shop\",\"item\":\"https:\/\/skrina.si\/shop\/\"},{\"@type\":\"ListItem\",\"position\":3,\"name\":\"Sivka\"}]},{\"@type\":\"WebSite\",\"@id\":\"https:\/\/skrina.si\/en\/#website\",\"url\":\"https:\/\/skrina.si\/en\/\",\"name\":\"Etnogalerija Skrina\",\"description\":\"Tradicija s posluhom\",\"potentialAction\":[{\"@type\":\"SearchAction\",\"target\":{\"@type\":\"EntryPoint\",\"urlTemplate\":\"https:\/\/skrina.si\/en\/?s={search_term_string}\"},\"query-input\":\"required name=search_term_string\"}],\"inLanguage\":\"en-GB\"}]}<\/script>\n<!-- \/ Yoast SEO plugin. -->","yoast_head_json":{"title":"Sivka - Etnogalerija Skrina","description":"Vijoli\u010dasto-modra sivka je opojna rastlina, ki bo v va\u0161 dom vnesla dobro razpolo\u017eenje, pozitivno energijo, spokojnost in spro\u0161\u010denost.","robots":{"index":"index","follow":"follow","max-snippet":"max-snippet:-1","max-image-preview":"max-image-preview:large","max-video-preview":"max-video-preview:-1"},"canonical":"https:\/\/skrina.si\/en\/product\/lavanda\/","og_locale":"en_GB","og_type":"article","og_title":"Sivka - Etnogalerija Skrina","og_description":"Vijoli\u010dasto-modra sivka je opojna rastlina, ki bo v va\u0161 dom vnesla dobro razpolo\u017eenje, pozitivno energijo, spokojnost in spro\u0161\u010denost.","og_url":"https:\/\/skrina.si\/en\/product\/lavanda\/","og_site_name":"Etnogalerija Skrina","article_modified_time":"2022-05-07T08:57:38+00:00","og_image":[{"width":1619,"height":1213,"url":"https:\/\/skrina.si\/wp-content\/uploads\/2021\/09\/Rozne-vile-sivka-dekor-Slovenske-cvetlice-roze-Tradicija-s-posluhom-Etno-galerija-Skrina.jpg","type":"image\/jpeg"}],"twitter_card":"summary_large_image","schema":{"@context":"https:\/\/schema.org","@graph":[{"@type":"WebPage","@id":"https:\/\/skrina.si\/en\/product\/lavanda\/","url":"https:\/\/skrina.si\/en\/product\/lavanda\/","name":"Sivka - Etnogalerija Skrina","isPartOf":{"@id":"https:\/\/skrina.si\/en\/#website"},"datePublished":"2022-03-03T14:35:35+00:00","dateModified":"2022-05-07T08:57:38+00:00","description":"Vijoli\u010dasto-modra sivka je opojna rastlina, ki bo v va\u0161 dom vnesla dobro razpolo\u017eenje, pozitivno energijo, spokojnost in spro\u0161\u010denost.","breadcrumb":{"@id":"https:\/\/skrina.si\/en\/product\/lavanda\/#breadcrumb"},"inLanguage":"en-GB","potentialAction":[{"@type":"ReadAction","target":["https:\/\/skrina.si\/en\/product\/lavanda\/"]}]},{"@type":"BreadcrumbList","@id":"https:\/\/skrina.si\/en\/product\/lavanda\/#breadcrumb","itemListElement":[{"@type":"ListItem","position":1,"name":"Home","item":"https:\/\/skrina.si\/en\/"},{"@type":"ListItem","position":2,"name":"Shop","item":"https:\/\/skrina.si\/shop\/"},{"@type":"ListItem","position":3,"name":"Sivka"}]},{"@type":"WebSite","@id":"https:\/\/skrina.si\/en\/#website","url":"https:\/\/skrina.si\/en\/","name":"Etnogalerija Skrina","description":"Tradicija s posluhom","potentialAction":[{"@type":"SearchAction","target":{"@type":"EntryPoint","urlTemplate":"https:\/\/skrina.si\/en\/?s={search_term_string}"},"query-input":"required name=search_term_string"}],"inLanguage":"en-GB"}]}},"_links":{"self":[{"href":"https:\/\/skrina.si\/en\/wp-json\/wp\/v2\/product\/5682"}],"collection":[{"href":"https:\/\/skrina.si\/en\/wp-json\/wp\/v2\/product"}],"about":[{"href":"https:\/\/skrina.si\/en\/wp-json\/wp\/v2\/types\/product"}],"wp:featuredmedia":[{"embeddable":true,"href":"https:\/\/skrina.si\/en\/wp-json\/wp\/v2\/media\/8128"}],"wp:attachment":[{"href":"https:\/\/skrina.si\/en\/wp-json\/wp\/v2\/media?parent=5682"}],"wp:term":[{"taxonomy":"product_cat","embeddable":true,"href":"https:\/\/skrina.si\/en\/wp-json\/wp\/v2\/product_cat?post=5682"},{"taxonomy":"product_tag","embeddable":true,"href":"https:\/\/skrina.si\/en\/wp-json\/wp\/v2\/product_tag?post=5682"}],"curies":[{"name":"wp","href":"https:\/\/api.w.org\/{rel}","templated":true}]}}