{"id":5680,"date":"2022-03-03T15:05:01","date_gmt":"2022-03-03T15:05:01","guid":{"rendered":"https:\/\/skrina.si\/?post_type=product&#038;p=5680"},"modified":"2022-05-07T08:56:36","modified_gmt":"2022-05-07T08:56:36","slug":"zvoncek","status":"publish","type":"product","link":"https:\/\/skrina.si\/en\/product\/zvoncek\/","title":{"rendered":"Zvon\u010dek"},"content":{"rendered":"","protected":false},"excerpt":{"rendered":"<h5>Marsikje v Sloveniji spomladi najprej zacvetijo <strong><em>zvon\u010dki in kronce<\/em><\/strong> in obarvajo komaj prebujene livade. Navadni mali zvon\u010dki, pravimo jim tudi <strong><em>cvetlice mraza in sonca<\/em><\/strong>, so tisti drobni beli lepotci, ki Primorce obi\u010dajno presenetijo \u017ee sredi decembra. Kljub temu da so no\u010dne temperature \u0161e pod ledi\u0161\u010dem, da zvon\u010dki pomrznejo in postanejo mlahavi, jim topli son\u010dni \u017earki povrnejo trdnost in energijo za cvetenje. Toda, \u010de se temperatura dvigne nad 10 stopinj Celzija, hitro ovenijo, \u00a0kar je tudi razlog, da nam zvon\u010dki v vazah sredi jedilne mize ne zdr\u017eijo ve\u010d kot dan ali dva. Tisti pravi ljubitelji teh na videz ne\u017enih cvetlic njihovo lepoto ob\u010dudujejo predvsem v naravi, saj je zvon\u010dek za\u0161\u010ditena naravna vrsta in ga je prepovedano trgati.<br \/>\nTako kot ostale pomladanske cvetlice, sta tudi zvon\u010dek in kronca nosilca ljubezenskih sporo\u010dil in s svojo belino simbolizirata \u010distost ljubezni in ne\u017eno hrepenenje.<\/h5>\n<h6><em>Podrobnosti:<\/em><\/h6>\n<ul>\n<li>\n<h6>Velikost: vi\u0161ina 12\/13 cm, \u0161irina 6\/7 cm<\/h6>\n<\/li>\n<li>\n<h6>Material: Keramika<\/h6>\n<\/li>\n<li>\n<h6>V darilni vre\u010dki s prilo\u017eenim certifikatom<\/h6>\n<\/li>\n<li>\n<h6>Oblikovano z ljubeznijo do detajlov<\/h6>\n<\/li>\n<li>\n<h6>Idealno darilo za ljubitelje ro\u017e in obo\u017eevalce zvon\u010dkov in kronc<\/h6>\n<\/li>\n<\/ul>\n","protected":false},"featured_media":8101,"template":"","meta":{"_monsterinsights_skip_tracking":false,"_monsterinsights_sitenote_active":false,"_monsterinsights_sitenote_note":"","_monsterinsights_sitenote_category":0},"product_cat":[103,686],"product_tag":[151,41,62],"aioseo_notices":[],"yoast_head":"<!-- This site is optimized with the Yoast SEO plugin v22.1 - https:\/\/yoast.com\/wordpress\/plugins\/seo\/ -->\n<title>Zvon\u010dek - Etnogalerija Skrina<\/title>\n<meta name=\"description\" content=\"Tako kot ostale pomladanske cvetlice, sta tudi zvon\u010dek in kronca nosilca ljubezenskih sporo\u010dil in s svojo belino simbolizirata \u010distost ljubezni in ne\u017eno hrepenenje.\" \/>\n<meta name=\"robots\" content=\"index, follow, max-snippet:-1, max-image-preview:large, max-video-preview:-1\" \/>\n<link rel=\"canonical\" href=\"https:\/\/skrina.si\/en\/product\/zvoncek\/\" \/>\n<meta property=\"og:locale\" content=\"en_GB\" \/>\n<meta property=\"og:locale:alternate\" content=\"sl_SI\" \/>\n<meta property=\"og:type\" content=\"article\" \/>\n<meta property=\"og:title\" content=\"Zvon\u010dek - Etnogalerija Skrina\" \/>\n<meta property=\"og:description\" content=\"Tako kot ostale pomladanske cvetlice, sta tudi zvon\u010dek in kronca nosilca ljubezenskih sporo\u010dil in s svojo belino simbolizirata \u010distost ljubezni in ne\u017eno hrepenenje.\" \/>\n<meta property=\"og:url\" content=\"https:\/\/skrina.si\/en\/product\/zvoncek\/\" \/>\n<meta property=\"og:site_name\" content=\"Etnogalerija Skrina\" \/>\n<meta property=\"article:modified_time\" content=\"2022-05-07T08:56:36+00:00\" \/>\n<meta property=\"og:image\" content=\"https:\/\/skrina.si\/wp-content\/uploads\/2021\/09\/Rozne-vile-zvoncek-dekor-Slovenske-cvetlice-roze-Tradicija-s-posluhom-Etno-galerija-Skrina.jpg\" \/>\n\t<meta property=\"og:image:width\" content=\"1619\" \/>\n\t<meta property=\"og:image:height\" content=\"1213\" \/>\n\t<meta property=\"og:image:type\" content=\"image\/jpeg\" \/>\n<meta name=\"twitter:card\" content=\"summary_large_image\" \/>\n<script type=\"application\/ld+json\" class=\"yoast-schema-graph\">{\"@context\":\"https:\/\/schema.org\",\"@graph\":[{\"@type\":\"WebPage\",\"@id\":\"https:\/\/skrina.si\/en\/product\/zvoncek\/\",\"url\":\"https:\/\/skrina.si\/en\/product\/zvoncek\/\",\"name\":\"Zvon\u010dek - Etnogalerija Skrina\",\"isPartOf\":{\"@id\":\"https:\/\/skrina.si\/en\/#website\"},\"datePublished\":\"2022-03-03T15:05:01+00:00\",\"dateModified\":\"2022-05-07T08:56:36+00:00\",\"description\":\"Tako kot ostale pomladanske cvetlice, sta tudi zvon\u010dek in kronca nosilca ljubezenskih sporo\u010dil in s svojo belino simbolizirata \u010distost ljubezni in ne\u017eno hrepenenje.\",\"breadcrumb\":{\"@id\":\"https:\/\/skrina.si\/en\/product\/zvoncek\/#breadcrumb\"},\"inLanguage\":\"en-GB\",\"potentialAction\":[{\"@type\":\"ReadAction\",\"target\":[\"https:\/\/skrina.si\/en\/product\/zvoncek\/\"]}]},{\"@type\":\"BreadcrumbList\",\"@id\":\"https:\/\/skrina.si\/en\/product\/zvoncek\/#breadcrumb\",\"itemListElement\":[{\"@type\":\"ListItem\",\"position\":1,\"name\":\"Home\",\"item\":\"https:\/\/skrina.si\/en\/\"},{\"@type\":\"ListItem\",\"position\":2,\"name\":\"Shop\",\"item\":\"https:\/\/skrina.si\/shop\/\"},{\"@type\":\"ListItem\",\"position\":3,\"name\":\"Zvon\u010dek\"}]},{\"@type\":\"WebSite\",\"@id\":\"https:\/\/skrina.si\/en\/#website\",\"url\":\"https:\/\/skrina.si\/en\/\",\"name\":\"Etnogalerija Skrina\",\"description\":\"Tradicija s posluhom\",\"potentialAction\":[{\"@type\":\"SearchAction\",\"target\":{\"@type\":\"EntryPoint\",\"urlTemplate\":\"https:\/\/skrina.si\/en\/?s={search_term_string}\"},\"query-input\":\"required name=search_term_string\"}],\"inLanguage\":\"en-GB\"}]}<\/script>\n<!-- \/ Yoast SEO plugin. -->","yoast_head_json":{"title":"Zvon\u010dek - Etnogalerija Skrina","description":"Tako kot ostale pomladanske cvetlice, sta tudi zvon\u010dek in kronca nosilca ljubezenskih sporo\u010dil in s svojo belino simbolizirata \u010distost ljubezni in ne\u017eno hrepenenje.","robots":{"index":"index","follow":"follow","max-snippet":"max-snippet:-1","max-image-preview":"max-image-preview:large","max-video-preview":"max-video-preview:-1"},"canonical":"https:\/\/skrina.si\/en\/product\/zvoncek\/","og_locale":"en_GB","og_type":"article","og_title":"Zvon\u010dek - Etnogalerija Skrina","og_description":"Tako kot ostale pomladanske cvetlice, sta tudi zvon\u010dek in kronca nosilca ljubezenskih sporo\u010dil in s svojo belino simbolizirata \u010distost ljubezni in ne\u017eno hrepenenje.","og_url":"https:\/\/skrina.si\/en\/product\/zvoncek\/","og_site_name":"Etnogalerija Skrina","article_modified_time":"2022-05-07T08:56:36+00:00","og_image":[{"width":1619,"height":1213,"url":"https:\/\/skrina.si\/wp-content\/uploads\/2021\/09\/Rozne-vile-zvoncek-dekor-Slovenske-cvetlice-roze-Tradicija-s-posluhom-Etno-galerija-Skrina.jpg","type":"image\/jpeg"}],"twitter_card":"summary_large_image","schema":{"@context":"https:\/\/schema.org","@graph":[{"@type":"WebPage","@id":"https:\/\/skrina.si\/en\/product\/zvoncek\/","url":"https:\/\/skrina.si\/en\/product\/zvoncek\/","name":"Zvon\u010dek - Etnogalerija Skrina","isPartOf":{"@id":"https:\/\/skrina.si\/en\/#website"},"datePublished":"2022-03-03T15:05:01+00:00","dateModified":"2022-05-07T08:56:36+00:00","description":"Tako kot ostale pomladanske cvetlice, sta tudi zvon\u010dek in kronca nosilca ljubezenskih sporo\u010dil in s svojo belino simbolizirata \u010distost ljubezni in ne\u017eno hrepenenje.","breadcrumb":{"@id":"https:\/\/skrina.si\/en\/product\/zvoncek\/#breadcrumb"},"inLanguage":"en-GB","potentialAction":[{"@type":"ReadAction","target":["https:\/\/skrina.si\/en\/product\/zvoncek\/"]}]},{"@type":"BreadcrumbList","@id":"https:\/\/skrina.si\/en\/product\/zvoncek\/#breadcrumb","itemListElement":[{"@type":"ListItem","position":1,"name":"Home","item":"https:\/\/skrina.si\/en\/"},{"@type":"ListItem","position":2,"name":"Shop","item":"https:\/\/skrina.si\/shop\/"},{"@type":"ListItem","position":3,"name":"Zvon\u010dek"}]},{"@type":"WebSite","@id":"https:\/\/skrina.si\/en\/#website","url":"https:\/\/skrina.si\/en\/","name":"Etnogalerija Skrina","description":"Tradicija s posluhom","potentialAction":[{"@type":"SearchAction","target":{"@type":"EntryPoint","urlTemplate":"https:\/\/skrina.si\/en\/?s={search_term_string}"},"query-input":"required name=search_term_string"}],"inLanguage":"en-GB"}]}},"_links":{"self":[{"href":"https:\/\/skrina.si\/en\/wp-json\/wp\/v2\/product\/5680"}],"collection":[{"href":"https:\/\/skrina.si\/en\/wp-json\/wp\/v2\/product"}],"about":[{"href":"https:\/\/skrina.si\/en\/wp-json\/wp\/v2\/types\/product"}],"wp:featuredmedia":[{"embeddable":true,"href":"https:\/\/skrina.si\/en\/wp-json\/wp\/v2\/media\/8101"}],"wp:attachment":[{"href":"https:\/\/skrina.si\/en\/wp-json\/wp\/v2\/media?parent=5680"}],"wp:term":[{"taxonomy":"product_cat","embeddable":true,"href":"https:\/\/skrina.si\/en\/wp-json\/wp\/v2\/product_cat?post=5680"},{"taxonomy":"product_tag","embeddable":true,"href":"https:\/\/skrina.si\/en\/wp-json\/wp\/v2\/product_tag?post=5680"}],"curies":[{"name":"wp","href":"https:\/\/api.w.org\/{rel}","templated":true}]}}