{"id":4561,"date":"2021-08-25T04:07:33","date_gmt":"2021-08-25T04:07:33","guid":{"rendered":"https:\/\/skrina.si\/?post_type=product&#038;p=4561"},"modified":"2024-05-20T07:40:03","modified_gmt":"2024-05-20T05:40:03","slug":"golob-miru-garuda","status":"publish","type":"product","link":"https:\/\/skrina.si\/en\/product\/golob-miru-garuda\/","title":{"rendered":"Golob miru Garuda"},"content":{"rendered":"","protected":false},"excerpt":{"rendered":"<h5><strong><em>Oskar Kogoj<\/em><\/strong>\u00a0je svetovno priznan industrijski oblikovalec, akademik in predvsem umetnik. Za svoja dela je prejel preko 50 razli\u010dnih mednarodnih nagrad.<\/h5>\n<h5><strong><em>Golob miru GARUDA <\/em><\/strong>v beli barvi predstavlja mir, nedol\u017enost, spo\u0161tovanje in ljubezen.<br \/>\nSimbolika izhaja iz <em><strong>vedske besede \u00bbgaruda<\/strong><\/em>\u00ab, ki pomeni rajska ptica, golob, orel, bo\u017eji petelin\u010dek.<br \/>\nGolob v zlati barvi pa ponazarja obilje, uspeh in optimizem.<\/h5>\n<h6><em>Lastnosti:<\/em><\/h6>\n<ul>\n<li>\n<h6><em>Naslov dela: Golob miru Geruda<\/em><\/h6>\n<\/li>\n<li>\n<h6><em>Velikost: 32 cm x 31 cm x 15 cm<\/em><\/h6>\n<\/li>\n<li>\n<h6><em>Material: porcelan, pozlata (18 karatno zlato), bela glazura<\/em><\/h6>\n<\/li>\n<li>\n<h6><em>Omejena naklada <\/em><\/h6>\n<\/li>\n<li>\n<h6><em>Certifikat<\/em><\/h6>\n<\/li>\n<li>\n<h6><em>Embalirano v darilni embala\u017ei<\/em><\/h6>\n<\/li>\n<\/ul>\n","protected":false},"featured_media":16313,"template":"","meta":{"_monsterinsights_skip_tracking":false,"_monsterinsights_sitenote_active":false,"_monsterinsights_sitenote_note":"","_monsterinsights_sitenote_category":0},"product_cat":[257,121],"product_tag":[],"aioseo_notices":[],"yoast_head":"<!-- This site is optimized with the Yoast SEO plugin v22.1 - https:\/\/yoast.com\/wordpress\/plugins\/seo\/ -->\n<title>Golob miru Garuda - Etnogalerija Skrina<\/title>\n<meta name=\"robots\" content=\"index, follow, max-snippet:-1, max-image-preview:large, max-video-preview:-1\" \/>\n<link rel=\"canonical\" href=\"https:\/\/skrina.si\/en\/product\/golob-miru-garuda\/\" \/>\n<meta property=\"og:locale\" content=\"en_GB\" \/>\n<meta property=\"og:locale:alternate\" content=\"sl_SI\" \/>\n<meta property=\"og:type\" content=\"article\" \/>\n<meta property=\"og:title\" content=\"Golob miru Garuda\" \/>\n<meta property=\"og:description\" content=\"Oskar Kogoj\u00a0je svetovno priznan industrijski oblikovalec, akademik in predvsem umetnik. Za svoja dela je prejel preko 50 razli\u010dnih mednarodnih nagrad. Golob miru GARUDA v beli barvi predstavlja mir, nedol\u017enost, spo\u0161tovanje in ljubezen. Simbolika izhaja iz vedske besede \u00bbgaruda\u00ab, ki pomeni rajska ptica, golob, orel, bo\u017eji petelin\u010dek. Golob v zlati barvi pa ponazarja obilje, uspeh in optimizem. Lastnosti:    Naslov dela: Golob miru Geruda    Velikost: 32 cm x 31 cm x 15 cm    Material: porcelan, pozlata (18 karatno zlato), bela glazura    Omejena naklada     Certifikat    Embalirano v darilni embala\u017ei\" \/>\n<meta property=\"og:url\" content=\"https:\/\/skrina.si\/en\/product\/golob-miru-garuda\/\" \/>\n<meta property=\"og:site_name\" content=\"Etnogalerija Skrina\" \/>\n<meta property=\"article:modified_time\" content=\"2024-05-20T05:40:03+00:00\" \/>\n<meta property=\"og:image\" content=\"https:\/\/skrina.si\/wp-content\/uploads\/2021\/08\/KOGOJ-GOLOB-MIRU-GERUDA-1.jpg\" \/>\n\t<meta property=\"og:image:width\" content=\"2000\" \/>\n\t<meta property=\"og:image:height\" content=\"1500\" \/>\n\t<meta property=\"og:image:type\" content=\"image\/jpeg\" \/>\n<meta name=\"twitter:card\" content=\"summary_large_image\" \/>\n<meta name=\"twitter:label1\" content=\"Estimated reading time\" \/>\n\t<meta name=\"twitter:data1\" content=\"1 minute\" \/>\n<script type=\"application\/ld+json\" class=\"yoast-schema-graph\">{\"@context\":\"https:\/\/schema.org\",\"@graph\":[{\"@type\":\"WebPage\",\"@id\":\"https:\/\/skrina.si\/en\/product\/golob-miru-garuda\/\",\"url\":\"https:\/\/skrina.si\/en\/product\/golob-miru-garuda\/\",\"name\":\"[:sl]Golob miru Garuda[:] - Etnogalerija Skrina\",\"isPartOf\":{\"@id\":\"https:\/\/skrina.si\/en\/#website\"},\"datePublished\":\"2021-08-25T04:07:33+00:00\",\"dateModified\":\"2024-05-20T05:40:03+00:00\",\"breadcrumb\":{\"@id\":\"https:\/\/skrina.si\/en\/product\/golob-miru-garuda\/#breadcrumb\"},\"inLanguage\":\"en-GB\",\"potentialAction\":[{\"@type\":\"ReadAction\",\"target\":[\"https:\/\/skrina.si\/en\/product\/golob-miru-garuda\/\"]}]},{\"@type\":\"BreadcrumbList\",\"@id\":\"https:\/\/skrina.si\/en\/product\/golob-miru-garuda\/#breadcrumb\",\"itemListElement\":[{\"@type\":\"ListItem\",\"position\":1,\"name\":\"Home\",\"item\":\"https:\/\/skrina.si\/en\/\"},{\"@type\":\"ListItem\",\"position\":2,\"name\":\"Shop\",\"item\":\"https:\/\/skrina.si\/shop\/\"},{\"@type\":\"ListItem\",\"position\":3,\"name\":\"Golob miru Garuda\"}]},{\"@type\":\"WebSite\",\"@id\":\"https:\/\/skrina.si\/en\/#website\",\"url\":\"https:\/\/skrina.si\/en\/\",\"name\":\"Etnogalerija Skrina\",\"description\":\"Tradicija s posluhom\",\"potentialAction\":[{\"@type\":\"SearchAction\",\"target\":{\"@type\":\"EntryPoint\",\"urlTemplate\":\"https:\/\/skrina.si\/en\/?s={search_term_string}\"},\"query-input\":\"required name=search_term_string\"}],\"inLanguage\":\"en-GB\"}]}<\/script>\n<!-- \/ Yoast SEO plugin. -->","yoast_head_json":{"title":"Golob miru Garuda - Etnogalerija Skrina","robots":{"index":"index","follow":"follow","max-snippet":"max-snippet:-1","max-image-preview":"max-image-preview:large","max-video-preview":"max-video-preview:-1"},"canonical":"https:\/\/skrina.si\/en\/product\/golob-miru-garuda\/","og_locale":"en_GB","og_type":"article","og_title":"[:sl]Golob miru Garuda[:] - Etnogalerija Skrina","og_description":"[:sl]Oskar Kogoj\u00a0je svetovno priznan industrijski oblikovalec, akademik in predvsem umetnik. Za svoja dela je prejel preko 50 razli\u010dnih mednarodnih nagrad. Golob miru GARUDA v beli barvi predstavlja mir, nedol\u017enost, spo\u0161tovanje in ljubezen. Simbolika izhaja iz vedske besede \u00bbgaruda\u00ab, ki pomeni rajska ptica, golob, orel, bo\u017eji petelin\u010dek. Golob v zlati barvi pa ponazarja obilje, uspeh in optimizem. Lastnosti:    Naslov dela: Golob miru Geruda    Velikost: 32 cm x 31 cm x 15 cm    Material: porcelan, pozlata (18 karatno zlato), bela glazura    Omejena naklada     Certifikat    Embalirano v darilni embala\u017ei  [:]","og_url":"https:\/\/skrina.si\/en\/product\/golob-miru-garuda\/","og_site_name":"Etnogalerija Skrina","article_modified_time":"2024-05-20T05:40:03+00:00","og_image":[{"width":2000,"height":1500,"url":"https:\/\/skrina.si\/wp-content\/uploads\/2021\/08\/KOGOJ-GOLOB-MIRU-GERUDA-1.jpg","type":"image\/jpeg"}],"twitter_card":"summary_large_image","twitter_misc":{"Estimated reading time":"1 minute"},"schema":{"@context":"https:\/\/schema.org","@graph":[{"@type":"WebPage","@id":"https:\/\/skrina.si\/en\/product\/golob-miru-garuda\/","url":"https:\/\/skrina.si\/en\/product\/golob-miru-garuda\/","name":"[:sl]Golob miru Garuda[:] - Etnogalerija Skrina","isPartOf":{"@id":"https:\/\/skrina.si\/en\/#website"},"datePublished":"2021-08-25T04:07:33+00:00","dateModified":"2024-05-20T05:40:03+00:00","breadcrumb":{"@id":"https:\/\/skrina.si\/en\/product\/golob-miru-garuda\/#breadcrumb"},"inLanguage":"en-GB","potentialAction":[{"@type":"ReadAction","target":["https:\/\/skrina.si\/en\/product\/golob-miru-garuda\/"]}]},{"@type":"BreadcrumbList","@id":"https:\/\/skrina.si\/en\/product\/golob-miru-garuda\/#breadcrumb","itemListElement":[{"@type":"ListItem","position":1,"name":"Home","item":"https:\/\/skrina.si\/en\/"},{"@type":"ListItem","position":2,"name":"Shop","item":"https:\/\/skrina.si\/shop\/"},{"@type":"ListItem","position":3,"name":"Golob miru Garuda"}]},{"@type":"WebSite","@id":"https:\/\/skrina.si\/en\/#website","url":"https:\/\/skrina.si\/en\/","name":"Etnogalerija Skrina","description":"Tradicija s posluhom","potentialAction":[{"@type":"SearchAction","target":{"@type":"EntryPoint","urlTemplate":"https:\/\/skrina.si\/en\/?s={search_term_string}"},"query-input":"required name=search_term_string"}],"inLanguage":"en-GB"}]}},"_links":{"self":[{"href":"https:\/\/skrina.si\/en\/wp-json\/wp\/v2\/product\/4561"}],"collection":[{"href":"https:\/\/skrina.si\/en\/wp-json\/wp\/v2\/product"}],"about":[{"href":"https:\/\/skrina.si\/en\/wp-json\/wp\/v2\/types\/product"}],"wp:featuredmedia":[{"embeddable":true,"href":"https:\/\/skrina.si\/en\/wp-json\/wp\/v2\/media\/16313"}],"wp:attachment":[{"href":"https:\/\/skrina.si\/en\/wp-json\/wp\/v2\/media?parent=4561"}],"wp:term":[{"taxonomy":"product_cat","embeddable":true,"href":"https:\/\/skrina.si\/en\/wp-json\/wp\/v2\/product_cat?post=4561"},{"taxonomy":"product_tag","embeddable":true,"href":"https:\/\/skrina.si\/en\/wp-json\/wp\/v2\/product_tag?post=4561"}],"curies":[{"name":"wp","href":"https:\/\/api.w.org\/{rel}","templated":true}]}}