{"id":4558,"date":"2021-08-24T13:49:54","date_gmt":"2021-08-24T13:49:54","guid":{"rendered":"https:\/\/skrina.si\/?post_type=product&#038;p=4558"},"modified":"2024-05-20T07:27:00","modified_gmt":"2024-05-20T05:27:00","slug":"pticek-hvaleznosti","status":"publish","type":"product","link":"https:\/\/skrina.si\/en\/product\/pticek-hvaleznosti\/","title":{"rendered":"Pti\u010dek hvale\u017enosti"},"content":{"rendered":"","protected":false},"excerpt":{"rendered":"<h5><strong><em>Oskar Kogoj<\/em><\/strong> je svetovno priznan industrijski oblikovalec, akademik in predvsem umetnik. Za svoja dela je prejel preko 50 razli\u010dnih mednarodnih nagrad.<\/h5>\n<h5><strong><em>Pti\u010dek hvale\u017enosti<\/em><\/strong> se s svojim pre\u010dudovitim petjem nenehno zahvaljuje\u00a0 in nas vzpodbuja k<em><strong> ljubezni<\/strong><\/em>. Spomladi si splete gnezdo. Spleta ga v vrhu drevesa, v te\u017eje dostopnem kraju, kamor so povabljeni samo izbranci. To simbolizira <strong><em>dru\u017eino in duhovnost<\/em><\/strong>. Ptica simbolizira tudi mo\u010d, \u017eivljenje, ljubezen in plodnost.<br \/>\nPoleg belega pti\u010dka hvale\u017enosti je na voljo tudi zlat, saj je zlata barva povezana kakovostjo, prefinjenostjo in eleganco.<\/h5>\n<h6><em>Lastnosti:<\/em><\/h6>\n<ul>\n<li>\n<h6><em>Naslov dela: Pti\u010dek hvale\u017enosti<\/em><\/h6>\n<\/li>\n<li>\n<h6><em>Velikost: 13 cm x 8 cm x 7 cm<\/em><\/h6>\n<\/li>\n<li>\n<h6><em>Material: porcelan, pozlata (18 karatno zlato), bela glazura<\/em><\/h6>\n<\/li>\n<li>\n<h6><em>Omejena naklada <\/em><\/h6>\n<\/li>\n<li>\n<h6><em>Certifikat<\/em><\/h6>\n<\/li>\n<li>\n<h6><em>Embalirano v darilni embala\u017ei<\/em><\/h6>\n<\/li>\n<\/ul>\n","protected":false},"featured_media":16305,"template":"","meta":{"_monsterinsights_skip_tracking":false,"_monsterinsights_sitenote_active":false,"_monsterinsights_sitenote_note":"","_monsterinsights_sitenote_category":0},"product_cat":[257,121],"product_tag":[1578,183],"aioseo_notices":[],"yoast_head":"<!-- This site is optimized with the Yoast SEO plugin v22.1 - https:\/\/yoast.com\/wordpress\/plugins\/seo\/ -->\n<title>Pti\u010dek hvale\u017enosti - Etnogalerija Skrina<\/title>\n<meta name=\"robots\" content=\"index, follow, max-snippet:-1, max-image-preview:large, max-video-preview:-1\" \/>\n<link rel=\"canonical\" href=\"https:\/\/skrina.si\/en\/product\/pticek-hvaleznosti\/\" \/>\n<meta property=\"og:locale\" content=\"en_GB\" \/>\n<meta property=\"og:locale:alternate\" content=\"sl_SI\" \/>\n<meta property=\"og:type\" content=\"article\" \/>\n<meta property=\"og:title\" content=\"Pti\u010dek hvale\u017enosti\" \/>\n<meta property=\"og:description\" content=\"Oskar Kogoj je svetovno priznan industrijski oblikovalec, akademik in predvsem umetnik. Za svoja dela je prejel preko 50 razli\u010dnih mednarodnih nagrad. Pti\u010dek hvale\u017enosti se s svojim pre\u010dudovitim petjem nenehno zahvaljuje\u00a0 in nas vzpodbuja k ljubezni. Spomladi si splete gnezdo. Spleta ga v vrhu drevesa, v te\u017eje dostopnem kraju, kamor so povabljeni samo izbranci. To simbolizira dru\u017eino in duhovnost. Ptica simbolizira tudi mo\u010d, \u017eivljenje, ljubezen in plodnost. Poleg belega pti\u010dka hvale\u017enosti je na voljo tudi zlat, saj je zlata barva povezana kakovostjo, prefinjenostjo in eleganco. Lastnosti:    Naslov dela: Pti\u010dek hvale\u017enosti    Velikost: 13 cm x 8 cm x 7 cm    Material: porcelan, pozlata (18 karatno zlato), bela glazura    Omejena naklada     Certifikat    Embalirano v darilni embala\u017ei\" \/>\n<meta property=\"og:url\" content=\"https:\/\/skrina.si\/en\/product\/pticek-hvaleznosti\/\" \/>\n<meta property=\"og:site_name\" content=\"Etnogalerija Skrina\" \/>\n<meta property=\"article:modified_time\" content=\"2024-05-20T05:27:00+00:00\" \/>\n<meta property=\"og:image\" content=\"https:\/\/skrina.si\/wp-content\/uploads\/2024\/04\/KOGOJ2.jpg\" \/>\n\t<meta property=\"og:image:width\" content=\"2000\" \/>\n\t<meta property=\"og:image:height\" content=\"1500\" \/>\n\t<meta property=\"og:image:type\" content=\"image\/jpeg\" \/>\n<meta name=\"twitter:card\" content=\"summary_large_image\" \/>\n<meta name=\"twitter:label1\" content=\"Estimated reading time\" \/>\n\t<meta name=\"twitter:data1\" content=\"1 minute\" \/>\n<script type=\"application\/ld+json\" class=\"yoast-schema-graph\">{\"@context\":\"https:\/\/schema.org\",\"@graph\":[{\"@type\":\"WebPage\",\"@id\":\"https:\/\/skrina.si\/en\/product\/pticek-hvaleznosti\/\",\"url\":\"https:\/\/skrina.si\/en\/product\/pticek-hvaleznosti\/\",\"name\":\"[:sl]Pti\u010dek hvale\u017enosti[:] - Etnogalerija Skrina\",\"isPartOf\":{\"@id\":\"https:\/\/skrina.si\/en\/#website\"},\"datePublished\":\"2021-08-24T13:49:54+00:00\",\"dateModified\":\"2024-05-20T05:27:00+00:00\",\"breadcrumb\":{\"@id\":\"https:\/\/skrina.si\/en\/product\/pticek-hvaleznosti\/#breadcrumb\"},\"inLanguage\":\"en-GB\",\"potentialAction\":[{\"@type\":\"ReadAction\",\"target\":[\"https:\/\/skrina.si\/en\/product\/pticek-hvaleznosti\/\"]}]},{\"@type\":\"BreadcrumbList\",\"@id\":\"https:\/\/skrina.si\/en\/product\/pticek-hvaleznosti\/#breadcrumb\",\"itemListElement\":[{\"@type\":\"ListItem\",\"position\":1,\"name\":\"Home\",\"item\":\"https:\/\/skrina.si\/en\/\"},{\"@type\":\"ListItem\",\"position\":2,\"name\":\"Shop\",\"item\":\"https:\/\/skrina.si\/shop\/\"},{\"@type\":\"ListItem\",\"position\":3,\"name\":\"Pti\u010dek hvale\u017enosti\"}]},{\"@type\":\"WebSite\",\"@id\":\"https:\/\/skrina.si\/en\/#website\",\"url\":\"https:\/\/skrina.si\/en\/\",\"name\":\"Etnogalerija Skrina\",\"description\":\"Tradicija s posluhom\",\"potentialAction\":[{\"@type\":\"SearchAction\",\"target\":{\"@type\":\"EntryPoint\",\"urlTemplate\":\"https:\/\/skrina.si\/en\/?s={search_term_string}\"},\"query-input\":\"required name=search_term_string\"}],\"inLanguage\":\"en-GB\"}]}<\/script>\n<!-- \/ Yoast SEO plugin. -->","yoast_head_json":{"title":"Pti\u010dek hvale\u017enosti - Etnogalerija Skrina","robots":{"index":"index","follow":"follow","max-snippet":"max-snippet:-1","max-image-preview":"max-image-preview:large","max-video-preview":"max-video-preview:-1"},"canonical":"https:\/\/skrina.si\/en\/product\/pticek-hvaleznosti\/","og_locale":"en_GB","og_type":"article","og_title":"[:sl]Pti\u010dek hvale\u017enosti[:] - Etnogalerija Skrina","og_description":"[:sl]Oskar Kogoj je svetovno priznan industrijski oblikovalec, akademik in predvsem umetnik. Za svoja dela je prejel preko 50 razli\u010dnih mednarodnih nagrad. Pti\u010dek hvale\u017enosti se s svojim pre\u010dudovitim petjem nenehno zahvaljuje\u00a0 in nas vzpodbuja k ljubezni. Spomladi si splete gnezdo. Spleta ga v vrhu drevesa, v te\u017eje dostopnem kraju, kamor so povabljeni samo izbranci. To simbolizira dru\u017eino in duhovnost. Ptica simbolizira tudi mo\u010d, \u017eivljenje, ljubezen in plodnost. Poleg belega pti\u010dka hvale\u017enosti je na voljo tudi zlat, saj je zlata barva povezana kakovostjo, prefinjenostjo in eleganco. Lastnosti:    Naslov dela: Pti\u010dek hvale\u017enosti    Velikost: 13 cm x 8 cm x 7 cm    Material: porcelan, pozlata (18 karatno zlato), bela glazura    Omejena naklada     Certifikat    Embalirano v darilni embala\u017ei  [:]","og_url":"https:\/\/skrina.si\/en\/product\/pticek-hvaleznosti\/","og_site_name":"Etnogalerija Skrina","article_modified_time":"2024-05-20T05:27:00+00:00","og_image":[{"width":2000,"height":1500,"url":"https:\/\/skrina.si\/wp-content\/uploads\/2024\/04\/KOGOJ2.jpg","type":"image\/jpeg"}],"twitter_card":"summary_large_image","twitter_misc":{"Estimated reading time":"1 minute"},"schema":{"@context":"https:\/\/schema.org","@graph":[{"@type":"WebPage","@id":"https:\/\/skrina.si\/en\/product\/pticek-hvaleznosti\/","url":"https:\/\/skrina.si\/en\/product\/pticek-hvaleznosti\/","name":"[:sl]Pti\u010dek hvale\u017enosti[:] - Etnogalerija Skrina","isPartOf":{"@id":"https:\/\/skrina.si\/en\/#website"},"datePublished":"2021-08-24T13:49:54+00:00","dateModified":"2024-05-20T05:27:00+00:00","breadcrumb":{"@id":"https:\/\/skrina.si\/en\/product\/pticek-hvaleznosti\/#breadcrumb"},"inLanguage":"en-GB","potentialAction":[{"@type":"ReadAction","target":["https:\/\/skrina.si\/en\/product\/pticek-hvaleznosti\/"]}]},{"@type":"BreadcrumbList","@id":"https:\/\/skrina.si\/en\/product\/pticek-hvaleznosti\/#breadcrumb","itemListElement":[{"@type":"ListItem","position":1,"name":"Home","item":"https:\/\/skrina.si\/en\/"},{"@type":"ListItem","position":2,"name":"Shop","item":"https:\/\/skrina.si\/shop\/"},{"@type":"ListItem","position":3,"name":"Pti\u010dek hvale\u017enosti"}]},{"@type":"WebSite","@id":"https:\/\/skrina.si\/en\/#website","url":"https:\/\/skrina.si\/en\/","name":"Etnogalerija Skrina","description":"Tradicija s posluhom","potentialAction":[{"@type":"SearchAction","target":{"@type":"EntryPoint","urlTemplate":"https:\/\/skrina.si\/en\/?s={search_term_string}"},"query-input":"required name=search_term_string"}],"inLanguage":"en-GB"}]}},"_links":{"self":[{"href":"https:\/\/skrina.si\/en\/wp-json\/wp\/v2\/product\/4558"}],"collection":[{"href":"https:\/\/skrina.si\/en\/wp-json\/wp\/v2\/product"}],"about":[{"href":"https:\/\/skrina.si\/en\/wp-json\/wp\/v2\/types\/product"}],"wp:featuredmedia":[{"embeddable":true,"href":"https:\/\/skrina.si\/en\/wp-json\/wp\/v2\/media\/16305"}],"wp:attachment":[{"href":"https:\/\/skrina.si\/en\/wp-json\/wp\/v2\/media?parent=4558"}],"wp:term":[{"taxonomy":"product_cat","embeddable":true,"href":"https:\/\/skrina.si\/en\/wp-json\/wp\/v2\/product_cat?post=4558"},{"taxonomy":"product_tag","embeddable":true,"href":"https:\/\/skrina.si\/en\/wp-json\/wp\/v2\/product_tag?post=4558"}],"curies":[{"name":"wp","href":"https:\/\/api.w.org\/{rel}","templated":true}]}}