{"id":4544,"date":"2021-08-24T06:37:47","date_gmt":"2021-08-24T06:37:47","guid":{"rendered":"https:\/\/skrina.si\/?post_type=product&#038;p=4544"},"modified":"2024-03-20T02:40:44","modified_gmt":"2024-03-20T01:40:44","slug":"konj-v-svetli-glini-velik-2","status":"publish","type":"product","link":"https:\/\/skrina.si\/en\/product\/konj-v-svetli-glini-velik-2\/","title":{"rendered":"Konj v svetli glini &#8211; velik"},"content":{"rendered":"","protected":false},"excerpt":{"rendered":"<h5><strong>Lujo Vodopivec<\/strong>, akademski kipar, profesor na Akademiji za likovno umetnost v Ljubljani, je kljub obse\u017enem kiparskem opusu \u0161ir\u0161i javnosti poznan predvsem s svojimi <strong>konji\u010dki<\/strong>, ki jih upodablja tako v glini, kot tudi v bronu. Masivni, likovno stati\u010dni in te\u017eki konji\u010dki, simbolizirajo mo\u010d in trpe\u017enost in krasijo tudi eno od <strong><em>ljubljanskih fontan.<\/em><\/strong><\/h5>\n<h5>Za vse ostale ljubitelje \u00a0pa je izdelal kerami\u010dne replike.<br \/>\nNekatera njegova dela so uvr\u0161\u010dena tudi v <strong>stalno zbirko Moderne galerije v Ljubljani<\/strong>.<\/h5>\n<h6><em>Lastnosti:<\/em><\/h6>\n<ul>\n<li>\n<h6><em>Naslov dela: Konji\u010dek<\/em><\/h6>\n<\/li>\n<li>\n<h6><em>Velikost: 23 x 15 x 30 cm<\/em><\/h6>\n<\/li>\n<li>\n<h6><em>Tehnika: \u017egana\u00a0 glina<\/em><\/h6>\n<\/li>\n<li>\n<h6><em>Omejena naklada <\/em><\/h6>\n<\/li>\n<li>\n<h6><em>Certifikat<\/em><\/h6>\n<\/li>\n<li>\n<h6><em>Embalirano v darilni embala\u017ei<\/em><\/h6>\n<\/li>\n<\/ul>\n","protected":false},"featured_media":11828,"template":"","meta":{"_monsterinsights_skip_tracking":false,"_monsterinsights_sitenote_active":false,"_monsterinsights_sitenote_note":"","_monsterinsights_sitenote_category":0},"product_cat":[256,121],"product_tag":[],"aioseo_notices":[],"yoast_head":"<!-- This site is optimized with the Yoast SEO plugin v22.1 - https:\/\/yoast.com\/wordpress\/plugins\/seo\/ -->\n<title>Konj v svetli glini - velik - Etnogalerija Skrina<\/title>\n<meta name=\"robots\" content=\"index, follow, max-snippet:-1, max-image-preview:large, max-video-preview:-1\" \/>\n<link rel=\"canonical\" href=\"https:\/\/skrina.si\/en\/product\/konj-v-svetli-glini-velik-2\/\" \/>\n<meta property=\"og:locale\" content=\"en_GB\" \/>\n<meta property=\"og:locale:alternate\" content=\"sl_SI\" \/>\n<meta property=\"og:type\" content=\"article\" \/>\n<meta property=\"og:title\" content=\"Konj v svetli glini - velik - Etnogalerija Skrina\" \/>\n<meta property=\"og:description\" content=\"Lujo Vodopivec, akademski kipar, profesor na Akademiji za likovno umetnost v Ljubljani, je kljub obse\u017enem kiparskem opusu \u0161ir\u0161i javnosti poznan predvsem s svojimi konji\u010dki, ki jih upodablja tako v glini, kot tudi v bronu. Masivni, likovno stati\u010dni in te\u017eki konji\u010dki, simbolizirajo mo\u010d in trpe\u017enost in krasijo tudi eno od ljubljanskih fontan. Za vse ostale ljubitelje \u00a0pa je izdelal kerami\u010dne replike. Nekatera njegova dela so uvr\u0161\u010dena tudi v stalno zbirko Moderne galerije v Ljubljani. Lastnosti:    Naslov dela: Konji\u010dek    Velikost: 23 x 15 x 30 cm    Tehnika: \u017egana\u00a0 glina    Omejena naklada     Certifikat    Embalirano v darilni embala\u017ei\" \/>\n<meta property=\"og:url\" content=\"https:\/\/skrina.si\/en\/product\/konj-v-svetli-glini-velik-2\/\" \/>\n<meta property=\"og:site_name\" content=\"Etnogalerija Skrina\" \/>\n<meta property=\"article:modified_time\" content=\"2024-03-20T01:40:44+00:00\" \/>\n<meta property=\"og:image\" content=\"https:\/\/skrina.si\/wp-content\/uploads\/2021\/08\/Lujo-Vodopivec-konj-terracota-velik-profil-skulptura-etno-galerija-skrina.jpg\" \/>\n\t<meta property=\"og:image:width\" content=\"2000\" \/>\n\t<meta property=\"og:image:height\" content=\"1500\" \/>\n\t<meta property=\"og:image:type\" content=\"image\/jpeg\" \/>\n<meta name=\"twitter:card\" content=\"summary_large_image\" \/>\n<meta name=\"twitter:label1\" content=\"Estimated reading time\" \/>\n\t<meta name=\"twitter:data1\" content=\"1 minute\" \/>\n<script type=\"application\/ld+json\" class=\"yoast-schema-graph\">{\"@context\":\"https:\/\/schema.org\",\"@graph\":[{\"@type\":\"WebPage\",\"@id\":\"https:\/\/skrina.si\/en\/product\/konj-v-svetli-glini-velik-2\/\",\"url\":\"https:\/\/skrina.si\/en\/product\/konj-v-svetli-glini-velik-2\/\",\"name\":\"Konj v svetli glini - velik - Etnogalerija Skrina\",\"isPartOf\":{\"@id\":\"https:\/\/skrina.si\/en\/#website\"},\"datePublished\":\"2021-08-24T06:37:47+00:00\",\"dateModified\":\"2024-03-20T01:40:44+00:00\",\"breadcrumb\":{\"@id\":\"https:\/\/skrina.si\/en\/product\/konj-v-svetli-glini-velik-2\/#breadcrumb\"},\"inLanguage\":\"en-GB\",\"potentialAction\":[{\"@type\":\"ReadAction\",\"target\":[\"https:\/\/skrina.si\/en\/product\/konj-v-svetli-glini-velik-2\/\"]}]},{\"@type\":\"BreadcrumbList\",\"@id\":\"https:\/\/skrina.si\/en\/product\/konj-v-svetli-glini-velik-2\/#breadcrumb\",\"itemListElement\":[{\"@type\":\"ListItem\",\"position\":1,\"name\":\"Home\",\"item\":\"https:\/\/skrina.si\/en\/\"},{\"@type\":\"ListItem\",\"position\":2,\"name\":\"Shop\",\"item\":\"https:\/\/skrina.si\/shop\/\"},{\"@type\":\"ListItem\",\"position\":3,\"name\":\"Konj v svetli glini &#8211; velik\"}]},{\"@type\":\"WebSite\",\"@id\":\"https:\/\/skrina.si\/en\/#website\",\"url\":\"https:\/\/skrina.si\/en\/\",\"name\":\"Etnogalerija Skrina\",\"description\":\"Tradicija s posluhom\",\"potentialAction\":[{\"@type\":\"SearchAction\",\"target\":{\"@type\":\"EntryPoint\",\"urlTemplate\":\"https:\/\/skrina.si\/en\/?s={search_term_string}\"},\"query-input\":\"required name=search_term_string\"}],\"inLanguage\":\"en-GB\"}]}<\/script>\n<!-- \/ Yoast SEO plugin. -->","yoast_head_json":{"title":"Konj v svetli glini - velik - Etnogalerija Skrina","robots":{"index":"index","follow":"follow","max-snippet":"max-snippet:-1","max-image-preview":"max-image-preview:large","max-video-preview":"max-video-preview:-1"},"canonical":"https:\/\/skrina.si\/en\/product\/konj-v-svetli-glini-velik-2\/","og_locale":"en_GB","og_type":"article","og_title":"Konj v svetli glini - velik - Etnogalerija Skrina","og_description":"Lujo Vodopivec, akademski kipar, profesor na Akademiji za likovno umetnost v Ljubljani, je kljub obse\u017enem kiparskem opusu \u0161ir\u0161i javnosti poznan predvsem s svojimi konji\u010dki, ki jih upodablja tako v glini, kot tudi v bronu. Masivni, likovno stati\u010dni in te\u017eki konji\u010dki, simbolizirajo mo\u010d in trpe\u017enost in krasijo tudi eno od ljubljanskih fontan. Za vse ostale ljubitelje \u00a0pa je izdelal kerami\u010dne replike. Nekatera njegova dela so uvr\u0161\u010dena tudi v stalno zbirko Moderne galerije v Ljubljani. Lastnosti:    Naslov dela: Konji\u010dek    Velikost: 23 x 15 x 30 cm    Tehnika: \u017egana\u00a0 glina    Omejena naklada     Certifikat    Embalirano v darilni embala\u017ei","og_url":"https:\/\/skrina.si\/en\/product\/konj-v-svetli-glini-velik-2\/","og_site_name":"Etnogalerija Skrina","article_modified_time":"2024-03-20T01:40:44+00:00","og_image":[{"width":2000,"height":1500,"url":"https:\/\/skrina.si\/wp-content\/uploads\/2021\/08\/Lujo-Vodopivec-konj-terracota-velik-profil-skulptura-etno-galerija-skrina.jpg","type":"image\/jpeg"}],"twitter_card":"summary_large_image","twitter_misc":{"Estimated reading time":"1 minute"},"schema":{"@context":"https:\/\/schema.org","@graph":[{"@type":"WebPage","@id":"https:\/\/skrina.si\/en\/product\/konj-v-svetli-glini-velik-2\/","url":"https:\/\/skrina.si\/en\/product\/konj-v-svetli-glini-velik-2\/","name":"Konj v svetli glini - velik - Etnogalerija Skrina","isPartOf":{"@id":"https:\/\/skrina.si\/en\/#website"},"datePublished":"2021-08-24T06:37:47+00:00","dateModified":"2024-03-20T01:40:44+00:00","breadcrumb":{"@id":"https:\/\/skrina.si\/en\/product\/konj-v-svetli-glini-velik-2\/#breadcrumb"},"inLanguage":"en-GB","potentialAction":[{"@type":"ReadAction","target":["https:\/\/skrina.si\/en\/product\/konj-v-svetli-glini-velik-2\/"]}]},{"@type":"BreadcrumbList","@id":"https:\/\/skrina.si\/en\/product\/konj-v-svetli-glini-velik-2\/#breadcrumb","itemListElement":[{"@type":"ListItem","position":1,"name":"Home","item":"https:\/\/skrina.si\/en\/"},{"@type":"ListItem","position":2,"name":"Shop","item":"https:\/\/skrina.si\/shop\/"},{"@type":"ListItem","position":3,"name":"Konj v svetli glini &#8211; velik"}]},{"@type":"WebSite","@id":"https:\/\/skrina.si\/en\/#website","url":"https:\/\/skrina.si\/en\/","name":"Etnogalerija Skrina","description":"Tradicija s posluhom","potentialAction":[{"@type":"SearchAction","target":{"@type":"EntryPoint","urlTemplate":"https:\/\/skrina.si\/en\/?s={search_term_string}"},"query-input":"required name=search_term_string"}],"inLanguage":"en-GB"}]}},"_links":{"self":[{"href":"https:\/\/skrina.si\/en\/wp-json\/wp\/v2\/product\/4544"}],"collection":[{"href":"https:\/\/skrina.si\/en\/wp-json\/wp\/v2\/product"}],"about":[{"href":"https:\/\/skrina.si\/en\/wp-json\/wp\/v2\/types\/product"}],"wp:featuredmedia":[{"embeddable":true,"href":"https:\/\/skrina.si\/en\/wp-json\/wp\/v2\/media\/11828"}],"wp:attachment":[{"href":"https:\/\/skrina.si\/en\/wp-json\/wp\/v2\/media?parent=4544"}],"wp:term":[{"taxonomy":"product_cat","embeddable":true,"href":"https:\/\/skrina.si\/en\/wp-json\/wp\/v2\/product_cat?post=4544"},{"taxonomy":"product_tag","embeddable":true,"href":"https:\/\/skrina.si\/en\/wp-json\/wp\/v2\/product_tag?post=4544"}],"curies":[{"name":"wp","href":"https:\/\/api.w.org\/{rel}","templated":true}]}}