{"id":4532,"date":"2021-08-24T05:29:03","date_gmt":"2021-08-24T05:29:03","guid":{"rendered":"https:\/\/skrina.si\/?post_type=product&#038;p=4532"},"modified":"2024-03-20T03:01:55","modified_gmt":"2024-03-20T02:01:55","slug":"gozdna-vila-mala","status":"publish","type":"product","link":"https:\/\/skrina.si\/en\/product\/gozdna-vila-mala\/","title":{"rendered":"Gozdna vila mala"},"content":{"rendered":"","protected":false},"excerpt":{"rendered":"<h5><em><strong>Ciril Ho\u010devar<\/strong><\/em>\u00a0je zanimiva osebnost, saj je vzporedno \u0161tudiral gradbeni\u0161tvo in likovno umetnost in tudi kon\u010dal oba visoko\u0161olska \u0161tudija.<br \/>\n\u010ceprav je \u017ee skoraj kazalo, da ga bo premamila varnost stalne zaposlitve, je na koncu vendarle \u00bbzmagala\u00ab \u017eelja po likovnem izra\u017eanju.<\/h5>\n<h5>Mogo\u010de bi lahko pri\u010dakovali, da bi se avtor kot gradbenik usmeril v moderno kiparstvo, toda usmerjen je predvsem v \u017eensko figuro.<br \/>\nNjegov priljubljeni motivi so <em><strong>Gozdne vile in \u017eenski akti.<\/strong><\/em><\/h5>\n<h6><em>Lastnosti:<\/em><\/h6>\n<ul>\n<li>\n<h6><em>Naslov dela: Gozdna vila mala<\/em><\/h6>\n<\/li>\n<li>\n<h6><em>Velikost: vi\u0161ina 16 x 7 x 7 cm; s podstavkom 22 cm<\/em><\/h6>\n<\/li>\n<li>\n<h6><em>Tehnika: bron, granitni podstavek<\/em><\/h6>\n<\/li>\n<li>\n<h6><em>Omejena naklada<\/em><\/h6>\n<\/li>\n<li>\n<h6><em>Certifikat<\/em><\/h6>\n<\/li>\n<li>\n<h6><em>Embalirano v darilni embala\u017ei<\/em><\/h6>\n<\/li>\n<\/ul>\n","protected":false},"featured_media":4533,"template":"","meta":{"_monsterinsights_skip_tracking":false,"_monsterinsights_sitenote_active":false,"_monsterinsights_sitenote_note":"","_monsterinsights_sitenote_category":0},"product_cat":[254,121],"product_tag":[255],"aioseo_notices":[],"yoast_head":"<!-- This site is optimized with the Yoast SEO plugin v22.1 - https:\/\/yoast.com\/wordpress\/plugins\/seo\/ -->\n<title>Gozdna vila mala - Etnogalerija Skrina<\/title>\n<meta name=\"robots\" content=\"index, follow, max-snippet:-1, max-image-preview:large, max-video-preview:-1\" \/>\n<link rel=\"canonical\" href=\"https:\/\/skrina.si\/en\/product\/gozdna-vila-mala\/\" \/>\n<meta property=\"og:locale\" content=\"en_GB\" \/>\n<meta property=\"og:locale:alternate\" content=\"sl_SI\" \/>\n<meta property=\"og:type\" content=\"article\" \/>\n<meta property=\"og:title\" content=\"Gozdna vila mala - Etnogalerija Skrina\" \/>\n<meta property=\"og:description\" content=\"Ciril Ho\u010devar\u00a0je zanimiva osebnost, saj je vzporedno \u0161tudiral gradbeni\u0161tvo in likovno umetnost in tudi kon\u010dal oba visoko\u0161olska \u0161tudija. \u010ceprav je \u017ee skoraj kazalo, da ga bo premamila varnost stalne zaposlitve, je na koncu vendarle \u00bbzmagala\u00ab \u017eelja po likovnem izra\u017eanju. Mogo\u010de bi lahko pri\u010dakovali, da bi se avtor kot gradbenik usmeril v moderno kiparstvo, toda usmerjen je predvsem v \u017eensko figuro. Njegov priljubljeni motivi so Gozdne vile in \u017eenski akti. Lastnosti:    Naslov dela: Gozdna vila mala    Velikost: vi\u0161ina 16 x 7 x 7 cm; s podstavkom 22 cm    Tehnika: bron, granitni podstavek    Omejena naklada    Certifikat    Embalirano v darilni embala\u017ei\" \/>\n<meta property=\"og:url\" content=\"https:\/\/skrina.si\/en\/product\/gozdna-vila-mala\/\" \/>\n<meta property=\"og:site_name\" content=\"Etnogalerija Skrina\" \/>\n<meta property=\"article:modified_time\" content=\"2024-03-20T02:01:55+00:00\" \/>\n<meta property=\"og:image\" content=\"https:\/\/skrina.si\/wp-content\/uploads\/2021\/08\/Hocevar_Gozdna-vila_M.jpg\" \/>\n\t<meta property=\"og:image:width\" content=\"2000\" \/>\n\t<meta property=\"og:image:height\" content=\"1500\" \/>\n\t<meta property=\"og:image:type\" content=\"image\/jpeg\" \/>\n<meta name=\"twitter:card\" content=\"summary_large_image\" \/>\n<meta name=\"twitter:label1\" content=\"Estimated reading time\" \/>\n\t<meta name=\"twitter:data1\" content=\"1 minute\" \/>\n<script type=\"application\/ld+json\" class=\"yoast-schema-graph\">{\"@context\":\"https:\/\/schema.org\",\"@graph\":[{\"@type\":\"WebPage\",\"@id\":\"https:\/\/skrina.si\/en\/product\/gozdna-vila-mala\/\",\"url\":\"https:\/\/skrina.si\/en\/product\/gozdna-vila-mala\/\",\"name\":\"Gozdna vila mala - Etnogalerija Skrina\",\"isPartOf\":{\"@id\":\"https:\/\/skrina.si\/en\/#website\"},\"datePublished\":\"2021-08-24T05:29:03+00:00\",\"dateModified\":\"2024-03-20T02:01:55+00:00\",\"breadcrumb\":{\"@id\":\"https:\/\/skrina.si\/en\/product\/gozdna-vila-mala\/#breadcrumb\"},\"inLanguage\":\"en-GB\",\"potentialAction\":[{\"@type\":\"ReadAction\",\"target\":[\"https:\/\/skrina.si\/en\/product\/gozdna-vila-mala\/\"]}]},{\"@type\":\"BreadcrumbList\",\"@id\":\"https:\/\/skrina.si\/en\/product\/gozdna-vila-mala\/#breadcrumb\",\"itemListElement\":[{\"@type\":\"ListItem\",\"position\":1,\"name\":\"Home\",\"item\":\"https:\/\/skrina.si\/en\/\"},{\"@type\":\"ListItem\",\"position\":2,\"name\":\"Shop\",\"item\":\"https:\/\/skrina.si\/shop\/\"},{\"@type\":\"ListItem\",\"position\":3,\"name\":\"Gozdna vila mala\"}]},{\"@type\":\"WebSite\",\"@id\":\"https:\/\/skrina.si\/en\/#website\",\"url\":\"https:\/\/skrina.si\/en\/\",\"name\":\"Etnogalerija Skrina\",\"description\":\"Tradicija s posluhom\",\"potentialAction\":[{\"@type\":\"SearchAction\",\"target\":{\"@type\":\"EntryPoint\",\"urlTemplate\":\"https:\/\/skrina.si\/en\/?s={search_term_string}\"},\"query-input\":\"required name=search_term_string\"}],\"inLanguage\":\"en-GB\"}]}<\/script>\n<!-- \/ Yoast SEO plugin. -->","yoast_head_json":{"title":"Gozdna vila mala - Etnogalerija Skrina","robots":{"index":"index","follow":"follow","max-snippet":"max-snippet:-1","max-image-preview":"max-image-preview:large","max-video-preview":"max-video-preview:-1"},"canonical":"https:\/\/skrina.si\/en\/product\/gozdna-vila-mala\/","og_locale":"en_GB","og_type":"article","og_title":"Gozdna vila mala - Etnogalerija Skrina","og_description":"Ciril Ho\u010devar\u00a0je zanimiva osebnost, saj je vzporedno \u0161tudiral gradbeni\u0161tvo in likovno umetnost in tudi kon\u010dal oba visoko\u0161olska \u0161tudija. \u010ceprav je \u017ee skoraj kazalo, da ga bo premamila varnost stalne zaposlitve, je na koncu vendarle \u00bbzmagala\u00ab \u017eelja po likovnem izra\u017eanju. Mogo\u010de bi lahko pri\u010dakovali, da bi se avtor kot gradbenik usmeril v moderno kiparstvo, toda usmerjen je predvsem v \u017eensko figuro. Njegov priljubljeni motivi so Gozdne vile in \u017eenski akti. Lastnosti:    Naslov dela: Gozdna vila mala    Velikost: vi\u0161ina 16 x 7 x 7 cm; s podstavkom 22 cm    Tehnika: bron, granitni podstavek    Omejena naklada    Certifikat    Embalirano v darilni embala\u017ei","og_url":"https:\/\/skrina.si\/en\/product\/gozdna-vila-mala\/","og_site_name":"Etnogalerija Skrina","article_modified_time":"2024-03-20T02:01:55+00:00","og_image":[{"width":2000,"height":1500,"url":"https:\/\/skrina.si\/wp-content\/uploads\/2021\/08\/Hocevar_Gozdna-vila_M.jpg","type":"image\/jpeg"}],"twitter_card":"summary_large_image","twitter_misc":{"Estimated reading time":"1 minute"},"schema":{"@context":"https:\/\/schema.org","@graph":[{"@type":"WebPage","@id":"https:\/\/skrina.si\/en\/product\/gozdna-vila-mala\/","url":"https:\/\/skrina.si\/en\/product\/gozdna-vila-mala\/","name":"Gozdna vila mala - Etnogalerija Skrina","isPartOf":{"@id":"https:\/\/skrina.si\/en\/#website"},"datePublished":"2021-08-24T05:29:03+00:00","dateModified":"2024-03-20T02:01:55+00:00","breadcrumb":{"@id":"https:\/\/skrina.si\/en\/product\/gozdna-vila-mala\/#breadcrumb"},"inLanguage":"en-GB","potentialAction":[{"@type":"ReadAction","target":["https:\/\/skrina.si\/en\/product\/gozdna-vila-mala\/"]}]},{"@type":"BreadcrumbList","@id":"https:\/\/skrina.si\/en\/product\/gozdna-vila-mala\/#breadcrumb","itemListElement":[{"@type":"ListItem","position":1,"name":"Home","item":"https:\/\/skrina.si\/en\/"},{"@type":"ListItem","position":2,"name":"Shop","item":"https:\/\/skrina.si\/shop\/"},{"@type":"ListItem","position":3,"name":"Gozdna vila mala"}]},{"@type":"WebSite","@id":"https:\/\/skrina.si\/en\/#website","url":"https:\/\/skrina.si\/en\/","name":"Etnogalerija Skrina","description":"Tradicija s posluhom","potentialAction":[{"@type":"SearchAction","target":{"@type":"EntryPoint","urlTemplate":"https:\/\/skrina.si\/en\/?s={search_term_string}"},"query-input":"required name=search_term_string"}],"inLanguage":"en-GB"}]}},"_links":{"self":[{"href":"https:\/\/skrina.si\/en\/wp-json\/wp\/v2\/product\/4532"}],"collection":[{"href":"https:\/\/skrina.si\/en\/wp-json\/wp\/v2\/product"}],"about":[{"href":"https:\/\/skrina.si\/en\/wp-json\/wp\/v2\/types\/product"}],"wp:featuredmedia":[{"embeddable":true,"href":"https:\/\/skrina.si\/en\/wp-json\/wp\/v2\/media\/4533"}],"wp:attachment":[{"href":"https:\/\/skrina.si\/en\/wp-json\/wp\/v2\/media?parent=4532"}],"wp:term":[{"taxonomy":"product_cat","embeddable":true,"href":"https:\/\/skrina.si\/en\/wp-json\/wp\/v2\/product_cat?post=4532"},{"taxonomy":"product_tag","embeddable":true,"href":"https:\/\/skrina.si\/en\/wp-json\/wp\/v2\/product_tag?post=4532"}],"curies":[{"name":"wp","href":"https:\/\/api.w.org\/{rel}","templated":true}]}}