{"id":4531,"date":"2021-08-24T05:20:08","date_gmt":"2021-08-24T05:20:08","guid":{"rendered":"https:\/\/skrina.si\/?post_type=product&#038;p=4531"},"modified":"2024-03-19T22:14:52","modified_gmt":"2024-03-19T21:14:52","slug":"zmaj","status":"publish","type":"product","link":"https:\/\/skrina.si\/en\/product\/zmaj\/","title":{"rendered":"Zmaj"},"content":{"rendered":"","protected":false},"excerpt":{"rendered":"<h5><em><strong>Bo\u0161tjan \u0160tine<\/strong><\/em> je umetnik, ki se svobodno prepu\u0161\u010da lastni ustvarjalni domi\u0161ljiji in ne podlega trenutnim modnim trendom. Navdih \u010drpa v ljudskem izro\u010dilu in kulturni dedi\u0161\u010dini.<\/h5>\n<h5>Skulptura zmaja je upodobljena po \u0161tirih zmajih, ki stojijo na po njih imenovanem mostu \u2013 <em><strong>Zmajskem mostu<\/strong><\/em> \u010dez reko Ljubljanico. Most in zmaje je okoli leta 1900 zasnoval arhitekt <em><strong>Jurij Zaninovich.<\/strong><\/em><br \/>\nZaradi pomanjkanja denarja so bili izdelani iz tol\u010denega bakra in ne iz brona.<br \/>\nKer so to Zaninovichevi\u00a0 zadnjimi upodobljenimi,\u00a0 so zato najbolj dovr\u0161eni in lepi.<\/h5>\n<h6><em>Podrobnosti:<\/em><\/h6>\n<ul>\n<li>\n<h6>Skulptura Zmaj<\/h6>\n<\/li>\n<li>\n<h6>Mere: 7 x 11 cx 5 m<\/h6>\n<\/li>\n<li>\n<h6>Embalirano v kartonski embala\u017ei<\/h6>\n<\/li>\n<li>\n<h6>Certifikat<\/h6>\n<\/li>\n<li>\n<h6>Material: kamen\/bron<\/h6>\n<\/li>\n<li>\n<h6><strong><em>Darilo vezano na slovensko kulturno dedi\u0161\u010dino<\/em><\/strong><\/h6>\n<\/li>\n<\/ul>\n","protected":false},"featured_media":4519,"template":"","meta":{"_monsterinsights_skip_tracking":false,"_monsterinsights_sitenote_active":false,"_monsterinsights_sitenote_note":"","_monsterinsights_sitenote_category":0},"product_cat":[122,121],"product_tag":[253,91,252,251],"aioseo_notices":[],"yoast_head":"<!-- This site is optimized with the Yoast SEO plugin v22.1 - https:\/\/yoast.com\/wordpress\/plugins\/seo\/ -->\n<title>Zmaj - Etnogalerija Skrina<\/title>\n<meta name=\"robots\" content=\"index, follow, max-snippet:-1, max-image-preview:large, max-video-preview:-1\" \/>\n<link rel=\"canonical\" href=\"https:\/\/skrina.si\/en\/product\/zmaj\/\" \/>\n<meta property=\"og:locale\" content=\"en_GB\" \/>\n<meta property=\"og:locale:alternate\" content=\"sl_SI\" \/>\n<meta property=\"og:type\" content=\"article\" \/>\n<meta property=\"og:title\" content=\"Zmaj - Etnogalerija Skrina\" \/>\n<meta property=\"og:description\" content=\"Bo\u0161tjan \u0160tine je umetnik, ki se svobodno prepu\u0161\u010da lastni ustvarjalni domi\u0161ljiji in ne podlega trenutnim modnim trendom. Navdih \u010drpa v ljudskem izro\u010dilu in kulturni dedi\u0161\u010dini. Skulptura zmaja je upodobljena po \u0161tirih zmajih, ki stojijo na po njih imenovanem mostu \u2013 Zmajskem mostu \u010dez reko Ljubljanico. Most in zmaje je okoli leta 1900 zasnoval arhitekt Jurij Zaninovich. Zaradi pomanjkanja denarja so bili izdelani iz tol\u010denega bakra in ne iz brona. Ker so to Zaninovichevi\u00a0 zadnjimi upodobljenimi,\u00a0 so zato najbolj dovr\u0161eni in lepi. Podrobnosti:    Skulptura Zmaj    Mere: 7 x 11 cx 5 m    Embalirano v kartonski embala\u017ei    Certifikat    Material: kamen\/bron    Darilo vezano na slovensko kulturno dedi\u0161\u010dino\" \/>\n<meta property=\"og:url\" content=\"https:\/\/skrina.si\/en\/product\/zmaj\/\" \/>\n<meta property=\"og:site_name\" content=\"Etnogalerija Skrina\" \/>\n<meta property=\"article:modified_time\" content=\"2024-03-19T21:14:52+00:00\" \/>\n<meta property=\"og:image\" content=\"https:\/\/skrina.si\/wp-content\/uploads\/2021\/08\/Stine_Ljubljanski-zmaj-2.jpg\" \/>\n\t<meta property=\"og:image:width\" content=\"2000\" \/>\n\t<meta property=\"og:image:height\" content=\"1500\" \/>\n\t<meta property=\"og:image:type\" content=\"image\/jpeg\" \/>\n<meta name=\"twitter:card\" content=\"summary_large_image\" \/>\n<meta name=\"twitter:label1\" content=\"Estimated reading time\" \/>\n\t<meta name=\"twitter:data1\" content=\"1 minute\" \/>\n<script type=\"application\/ld+json\" class=\"yoast-schema-graph\">{\"@context\":\"https:\/\/schema.org\",\"@graph\":[{\"@type\":\"WebPage\",\"@id\":\"https:\/\/skrina.si\/en\/product\/zmaj\/\",\"url\":\"https:\/\/skrina.si\/en\/product\/zmaj\/\",\"name\":\"Zmaj - Etnogalerija Skrina\",\"isPartOf\":{\"@id\":\"https:\/\/skrina.si\/en\/#website\"},\"datePublished\":\"2021-08-24T05:20:08+00:00\",\"dateModified\":\"2024-03-19T21:14:52+00:00\",\"breadcrumb\":{\"@id\":\"https:\/\/skrina.si\/en\/product\/zmaj\/#breadcrumb\"},\"inLanguage\":\"en-GB\",\"potentialAction\":[{\"@type\":\"ReadAction\",\"target\":[\"https:\/\/skrina.si\/en\/product\/zmaj\/\"]}]},{\"@type\":\"BreadcrumbList\",\"@id\":\"https:\/\/skrina.si\/en\/product\/zmaj\/#breadcrumb\",\"itemListElement\":[{\"@type\":\"ListItem\",\"position\":1,\"name\":\"Home\",\"item\":\"https:\/\/skrina.si\/en\/\"},{\"@type\":\"ListItem\",\"position\":2,\"name\":\"Shop\",\"item\":\"https:\/\/skrina.si\/shop\/\"},{\"@type\":\"ListItem\",\"position\":3,\"name\":\"Zmaj\"}]},{\"@type\":\"WebSite\",\"@id\":\"https:\/\/skrina.si\/en\/#website\",\"url\":\"https:\/\/skrina.si\/en\/\",\"name\":\"Etnogalerija Skrina\",\"description\":\"Tradicija s posluhom\",\"potentialAction\":[{\"@type\":\"SearchAction\",\"target\":{\"@type\":\"EntryPoint\",\"urlTemplate\":\"https:\/\/skrina.si\/en\/?s={search_term_string}\"},\"query-input\":\"required name=search_term_string\"}],\"inLanguage\":\"en-GB\"}]}<\/script>\n<!-- \/ Yoast SEO plugin. -->","yoast_head_json":{"title":"Zmaj - Etnogalerija Skrina","robots":{"index":"index","follow":"follow","max-snippet":"max-snippet:-1","max-image-preview":"max-image-preview:large","max-video-preview":"max-video-preview:-1"},"canonical":"https:\/\/skrina.si\/en\/product\/zmaj\/","og_locale":"en_GB","og_type":"article","og_title":"Zmaj - Etnogalerija Skrina","og_description":"Bo\u0161tjan \u0160tine je umetnik, ki se svobodno prepu\u0161\u010da lastni ustvarjalni domi\u0161ljiji in ne podlega trenutnim modnim trendom. Navdih \u010drpa v ljudskem izro\u010dilu in kulturni dedi\u0161\u010dini. Skulptura zmaja je upodobljena po \u0161tirih zmajih, ki stojijo na po njih imenovanem mostu \u2013 Zmajskem mostu \u010dez reko Ljubljanico. Most in zmaje je okoli leta 1900 zasnoval arhitekt Jurij Zaninovich. Zaradi pomanjkanja denarja so bili izdelani iz tol\u010denega bakra in ne iz brona. Ker so to Zaninovichevi\u00a0 zadnjimi upodobljenimi,\u00a0 so zato najbolj dovr\u0161eni in lepi. Podrobnosti:    Skulptura Zmaj    Mere: 7 x 11 cx 5 m    Embalirano v kartonski embala\u017ei    Certifikat    Material: kamen\/bron    Darilo vezano na slovensko kulturno dedi\u0161\u010dino","og_url":"https:\/\/skrina.si\/en\/product\/zmaj\/","og_site_name":"Etnogalerija Skrina","article_modified_time":"2024-03-19T21:14:52+00:00","og_image":[{"width":2000,"height":1500,"url":"https:\/\/skrina.si\/wp-content\/uploads\/2021\/08\/Stine_Ljubljanski-zmaj-2.jpg","type":"image\/jpeg"}],"twitter_card":"summary_large_image","twitter_misc":{"Estimated reading time":"1 minute"},"schema":{"@context":"https:\/\/schema.org","@graph":[{"@type":"WebPage","@id":"https:\/\/skrina.si\/en\/product\/zmaj\/","url":"https:\/\/skrina.si\/en\/product\/zmaj\/","name":"Zmaj - Etnogalerija Skrina","isPartOf":{"@id":"https:\/\/skrina.si\/en\/#website"},"datePublished":"2021-08-24T05:20:08+00:00","dateModified":"2024-03-19T21:14:52+00:00","breadcrumb":{"@id":"https:\/\/skrina.si\/en\/product\/zmaj\/#breadcrumb"},"inLanguage":"en-GB","potentialAction":[{"@type":"ReadAction","target":["https:\/\/skrina.si\/en\/product\/zmaj\/"]}]},{"@type":"BreadcrumbList","@id":"https:\/\/skrina.si\/en\/product\/zmaj\/#breadcrumb","itemListElement":[{"@type":"ListItem","position":1,"name":"Home","item":"https:\/\/skrina.si\/en\/"},{"@type":"ListItem","position":2,"name":"Shop","item":"https:\/\/skrina.si\/shop\/"},{"@type":"ListItem","position":3,"name":"Zmaj"}]},{"@type":"WebSite","@id":"https:\/\/skrina.si\/en\/#website","url":"https:\/\/skrina.si\/en\/","name":"Etnogalerija Skrina","description":"Tradicija s posluhom","potentialAction":[{"@type":"SearchAction","target":{"@type":"EntryPoint","urlTemplate":"https:\/\/skrina.si\/en\/?s={search_term_string}"},"query-input":"required name=search_term_string"}],"inLanguage":"en-GB"}]}},"_links":{"self":[{"href":"https:\/\/skrina.si\/en\/wp-json\/wp\/v2\/product\/4531"}],"collection":[{"href":"https:\/\/skrina.si\/en\/wp-json\/wp\/v2\/product"}],"about":[{"href":"https:\/\/skrina.si\/en\/wp-json\/wp\/v2\/types\/product"}],"wp:featuredmedia":[{"embeddable":true,"href":"https:\/\/skrina.si\/en\/wp-json\/wp\/v2\/media\/4519"}],"wp:attachment":[{"href":"https:\/\/skrina.si\/en\/wp-json\/wp\/v2\/media?parent=4531"}],"wp:term":[{"taxonomy":"product_cat","embeddable":true,"href":"https:\/\/skrina.si\/en\/wp-json\/wp\/v2\/product_cat?post=4531"},{"taxonomy":"product_tag","embeddable":true,"href":"https:\/\/skrina.si\/en\/wp-json\/wp\/v2\/product_tag?post=4531"}],"curies":[{"name":"wp","href":"https:\/\/api.w.org\/{rel}","templated":true}]}}