{"id":4529,"date":"2021-08-24T05:14:41","date_gmt":"2021-08-24T05:14:41","guid":{"rendered":"https:\/\/skrina.si\/?post_type=product&#038;p=4529"},"modified":"2024-03-19T18:09:12","modified_gmt":"2024-03-19T17:09:12","slug":"priponke","status":"publish","type":"product","link":"https:\/\/skrina.si\/en\/product\/priponke\/","title":{"rendered":"Priponke"},"content":{"rendered":"<ul>\n<li>\n<h5><\/h5>\n<\/li>\n<\/ul>\n<p>&nbsp;<\/p>\n","protected":false},"excerpt":{"rendered":"<h5><em>Bo\u0161tjan \u0160tine\u00a0<\/em>je umetnik, ki se svobodno prepu\u0161\u010da lastni ustvarjalni domi\u0161ljiji in ne podlega trenutnim modnim trendom.<\/h5>\n<h5>Napaja se s spoznanji preteklih kultur in \u010drpa svoje motive iz <strong><em>Va\u0161ke situle, Ple\u010dnikove dedi\u0161\u010dine, starodavne Emone<\/em><\/strong> in skrivnostnega sveta edinstvene \u010dlove\u0161ke ribice. Njegovi konji nas ponesejo v svet sanj, pa najsi gre za anti\u010dnega <em><strong>Pegaza, Krpanovo kobilico<\/strong><\/em> ali elegantnega belega <em><strong>lipicanca.<\/strong><\/em><\/h5>\n<h6><em>Podrobnosti:<\/em><\/h6>\n<ul>\n<li>\n<h6>Priponke<\/h6>\n<\/li>\n<li>\n<h6>Mere: 6 x 4 cm; 5 x 4 cm<\/h6>\n<\/li>\n<li>\n<h6>Embalirano v darilni embala\u017ei<\/h6>\n<\/li>\n<li>\n<h6>Certifikat<\/h6>\n<\/li>\n<li>\n<h6>Material: kamen\/bron<\/h6>\n<\/li>\n<li>\n<h6><strong><em>Darilo vezano na slovensko ljudsko izro\u010dilo<\/em><\/strong><\/h6>\n<\/li>\n<\/ul>\n","protected":false},"featured_media":4530,"template":"","meta":{"_monsterinsights_skip_tracking":false,"_monsterinsights_sitenote_active":false,"_monsterinsights_sitenote_note":"","_monsterinsights_sitenote_category":0},"product_cat":[122,121],"product_tag":[1572],"aioseo_notices":[],"yoast_head":"<!-- This site is optimized with the Yoast SEO plugin v22.1 - https:\/\/yoast.com\/wordpress\/plugins\/seo\/ -->\n<title>Priponke - Etnogalerija Skrina<\/title>\n<meta name=\"robots\" content=\"index, follow, max-snippet:-1, max-image-preview:large, max-video-preview:-1\" \/>\n<link rel=\"canonical\" href=\"https:\/\/skrina.si\/en\/product\/priponke\/\" \/>\n<meta property=\"og:locale\" content=\"en_GB\" \/>\n<meta property=\"og:locale:alternate\" content=\"sl_SI\" \/>\n<meta property=\"og:type\" content=\"article\" \/>\n<meta property=\"og:title\" content=\"Priponke - Etnogalerija Skrina\" \/>\n<meta property=\"og:description\" content=\"Bo\u0161tjan \u0160tine\u00a0je umetnik, ki se svobodno prepu\u0161\u010da lastni ustvarjalni domi\u0161ljiji in ne podlega trenutnim modnim trendom. Napaja se s spoznanji preteklih kultur in \u010drpa svoje motive iz Va\u0161ke situle, Ple\u010dnikove dedi\u0161\u010dine, starodavne Emone in skrivnostnega sveta edinstvene \u010dlove\u0161ke ribice. Njegovi konji nas ponesejo v svet sanj, pa najsi gre za anti\u010dnega Pegaza, Krpanovo kobilico ali elegantnega belega lipicanca. Podrobnosti:    Priponke    Mere: 6 x 4 cm; 5 x 4 cm    Embalirano v darilni embala\u017ei    Certifikat    Material: kamen\/bron    Darilo vezano na slovensko ljudsko izro\u010dilo\" \/>\n<meta property=\"og:url\" content=\"https:\/\/skrina.si\/en\/product\/priponke\/\" \/>\n<meta property=\"og:site_name\" content=\"Etnogalerija Skrina\" \/>\n<meta property=\"article:modified_time\" content=\"2024-03-19T17:09:12+00:00\" \/>\n<meta property=\"og:image\" content=\"https:\/\/skrina.si\/wp-content\/uploads\/2021\/08\/Stine_Priponke.jpg\" \/>\n\t<meta property=\"og:image:width\" content=\"2000\" \/>\n\t<meta property=\"og:image:height\" content=\"1500\" \/>\n\t<meta property=\"og:image:type\" content=\"image\/jpeg\" \/>\n<meta name=\"twitter:card\" content=\"summary_large_image\" \/>\n<meta name=\"twitter:label1\" content=\"Estimated reading time\" \/>\n\t<meta name=\"twitter:data1\" content=\"1 minute\" \/>\n<script type=\"application\/ld+json\" class=\"yoast-schema-graph\">{\"@context\":\"https:\/\/schema.org\",\"@graph\":[{\"@type\":\"WebPage\",\"@id\":\"https:\/\/skrina.si\/en\/product\/priponke\/\",\"url\":\"https:\/\/skrina.si\/en\/product\/priponke\/\",\"name\":\"Priponke - Etnogalerija Skrina\",\"isPartOf\":{\"@id\":\"https:\/\/skrina.si\/en\/#website\"},\"datePublished\":\"2021-08-24T05:14:41+00:00\",\"dateModified\":\"2024-03-19T17:09:12+00:00\",\"breadcrumb\":{\"@id\":\"https:\/\/skrina.si\/en\/product\/priponke\/#breadcrumb\"},\"inLanguage\":\"en-GB\",\"potentialAction\":[{\"@type\":\"ReadAction\",\"target\":[\"https:\/\/skrina.si\/en\/product\/priponke\/\"]}]},{\"@type\":\"BreadcrumbList\",\"@id\":\"https:\/\/skrina.si\/en\/product\/priponke\/#breadcrumb\",\"itemListElement\":[{\"@type\":\"ListItem\",\"position\":1,\"name\":\"Home\",\"item\":\"https:\/\/skrina.si\/en\/\"},{\"@type\":\"ListItem\",\"position\":2,\"name\":\"Shop\",\"item\":\"https:\/\/skrina.si\/shop\/\"},{\"@type\":\"ListItem\",\"position\":3,\"name\":\"Priponke\"}]},{\"@type\":\"WebSite\",\"@id\":\"https:\/\/skrina.si\/en\/#website\",\"url\":\"https:\/\/skrina.si\/en\/\",\"name\":\"Etnogalerija Skrina\",\"description\":\"Tradicija s posluhom\",\"potentialAction\":[{\"@type\":\"SearchAction\",\"target\":{\"@type\":\"EntryPoint\",\"urlTemplate\":\"https:\/\/skrina.si\/en\/?s={search_term_string}\"},\"query-input\":\"required name=search_term_string\"}],\"inLanguage\":\"en-GB\"}]}<\/script>\n<!-- \/ Yoast SEO plugin. -->","yoast_head_json":{"title":"Priponke - Etnogalerija Skrina","robots":{"index":"index","follow":"follow","max-snippet":"max-snippet:-1","max-image-preview":"max-image-preview:large","max-video-preview":"max-video-preview:-1"},"canonical":"https:\/\/skrina.si\/en\/product\/priponke\/","og_locale":"en_GB","og_type":"article","og_title":"Priponke - Etnogalerija Skrina","og_description":"Bo\u0161tjan \u0160tine\u00a0je umetnik, ki se svobodno prepu\u0161\u010da lastni ustvarjalni domi\u0161ljiji in ne podlega trenutnim modnim trendom. Napaja se s spoznanji preteklih kultur in \u010drpa svoje motive iz Va\u0161ke situle, Ple\u010dnikove dedi\u0161\u010dine, starodavne Emone in skrivnostnega sveta edinstvene \u010dlove\u0161ke ribice. Njegovi konji nas ponesejo v svet sanj, pa najsi gre za anti\u010dnega Pegaza, Krpanovo kobilico ali elegantnega belega lipicanca. Podrobnosti:    Priponke    Mere: 6 x 4 cm; 5 x 4 cm    Embalirano v darilni embala\u017ei    Certifikat    Material: kamen\/bron    Darilo vezano na slovensko ljudsko izro\u010dilo","og_url":"https:\/\/skrina.si\/en\/product\/priponke\/","og_site_name":"Etnogalerija Skrina","article_modified_time":"2024-03-19T17:09:12+00:00","og_image":[{"width":2000,"height":1500,"url":"https:\/\/skrina.si\/wp-content\/uploads\/2021\/08\/Stine_Priponke.jpg","type":"image\/jpeg"}],"twitter_card":"summary_large_image","twitter_misc":{"Estimated reading time":"1 minute"},"schema":{"@context":"https:\/\/schema.org","@graph":[{"@type":"WebPage","@id":"https:\/\/skrina.si\/en\/product\/priponke\/","url":"https:\/\/skrina.si\/en\/product\/priponke\/","name":"Priponke - Etnogalerija Skrina","isPartOf":{"@id":"https:\/\/skrina.si\/en\/#website"},"datePublished":"2021-08-24T05:14:41+00:00","dateModified":"2024-03-19T17:09:12+00:00","breadcrumb":{"@id":"https:\/\/skrina.si\/en\/product\/priponke\/#breadcrumb"},"inLanguage":"en-GB","potentialAction":[{"@type":"ReadAction","target":["https:\/\/skrina.si\/en\/product\/priponke\/"]}]},{"@type":"BreadcrumbList","@id":"https:\/\/skrina.si\/en\/product\/priponke\/#breadcrumb","itemListElement":[{"@type":"ListItem","position":1,"name":"Home","item":"https:\/\/skrina.si\/en\/"},{"@type":"ListItem","position":2,"name":"Shop","item":"https:\/\/skrina.si\/shop\/"},{"@type":"ListItem","position":3,"name":"Priponke"}]},{"@type":"WebSite","@id":"https:\/\/skrina.si\/en\/#website","url":"https:\/\/skrina.si\/en\/","name":"Etnogalerija Skrina","description":"Tradicija s posluhom","potentialAction":[{"@type":"SearchAction","target":{"@type":"EntryPoint","urlTemplate":"https:\/\/skrina.si\/en\/?s={search_term_string}"},"query-input":"required name=search_term_string"}],"inLanguage":"en-GB"}]}},"_links":{"self":[{"href":"https:\/\/skrina.si\/en\/wp-json\/wp\/v2\/product\/4529"}],"collection":[{"href":"https:\/\/skrina.si\/en\/wp-json\/wp\/v2\/product"}],"about":[{"href":"https:\/\/skrina.si\/en\/wp-json\/wp\/v2\/types\/product"}],"wp:featuredmedia":[{"embeddable":true,"href":"https:\/\/skrina.si\/en\/wp-json\/wp\/v2\/media\/4530"}],"wp:attachment":[{"href":"https:\/\/skrina.si\/en\/wp-json\/wp\/v2\/media?parent=4529"}],"wp:term":[{"taxonomy":"product_cat","embeddable":true,"href":"https:\/\/skrina.si\/en\/wp-json\/wp\/v2\/product_cat?post=4529"},{"taxonomy":"product_tag","embeddable":true,"href":"https:\/\/skrina.si\/en\/wp-json\/wp\/v2\/product_tag?post=4529"}],"curies":[{"name":"wp","href":"https:\/\/api.w.org\/{rel}","templated":true}]}}