{"id":4527,"date":"2021-08-24T05:10:06","date_gmt":"2021-08-24T05:10:06","guid":{"rendered":"https:\/\/skrina.si\/?post_type=product&#038;p=4527"},"modified":"2024-03-19T22:15:12","modified_gmt":"2024-03-19T21:15:12","slug":"ptica","status":"publish","type":"product","link":"https:\/\/skrina.si\/en\/product\/ptica\/","title":{"rendered":"Ptica"},"content":{"rendered":"","protected":false},"excerpt":{"rendered":"<h5><strong><em>Bo\u0161tjan \u0160tine<\/em><\/strong> je umetnik, ki se svobodno prepu\u0161\u010da lastni ustvarjalni domi\u0161ljiji in ne podlega trenutnim modnim trendom. Napaja se s spoznanji preteklih kultur in \u010drpa svoje motive iz Va\u0161ke situle, Ple\u010dnikove dedi\u0161\u010dine, starodavne Emone in skrivnostnega sveta mitologije.<\/h5>\n<h5><strong><em>Ptica<\/em><\/strong> zaradi svoje zmo\u017enosti letenja simbolizira razmerja med nebom in zemljo.<br \/>\n<em><strong>Je simbol prijateljstva, ponekod pa ponazarja tudi mo\u010d in \u017eivljenje.<\/strong><\/em><\/h5>\n<h6><em>Podrobnosti:<\/em><\/h6>\n<ul>\n<li>\n<h6>Skulptura Ptica<\/h6>\n<\/li>\n<li>\n<h6>Mere: 9 x 7 x 4 cm<\/h6>\n<\/li>\n<li>\n<h6>Embalirano v kartonski embala\u017ei<\/h6>\n<\/li>\n<li>\n<h6>Certifikat<\/h6>\n<\/li>\n<li>\n<h6>Material: kamen\/bron<\/h6>\n<\/li>\n<li>\n<h6><strong><em>Darilo vezano na slovensko ljudsko izro\u010dilo<\/em><\/strong><\/h6>\n<\/li>\n<\/ul>\n","protected":false},"featured_media":4528,"template":"","meta":{"_monsterinsights_skip_tracking":false,"_monsterinsights_sitenote_active":false,"_monsterinsights_sitenote_note":"","_monsterinsights_sitenote_category":0},"product_cat":[122,121],"product_tag":[],"aioseo_notices":[],"yoast_head":"<!-- This site is optimized with the Yoast SEO plugin v22.1 - https:\/\/yoast.com\/wordpress\/plugins\/seo\/ -->\n<title>Ptica - Etnogalerija Skrina<\/title>\n<meta name=\"robots\" content=\"index, follow, max-snippet:-1, max-image-preview:large, max-video-preview:-1\" \/>\n<link rel=\"canonical\" href=\"https:\/\/skrina.si\/en\/product\/ptica\/\" \/>\n<meta property=\"og:locale\" content=\"en_GB\" \/>\n<meta property=\"og:locale:alternate\" content=\"sl_SI\" \/>\n<meta property=\"og:type\" content=\"article\" \/>\n<meta property=\"og:title\" content=\"Ptica - Etnogalerija Skrina\" \/>\n<meta property=\"og:description\" content=\"Bo\u0161tjan \u0160tine je umetnik, ki se svobodno prepu\u0161\u010da lastni ustvarjalni domi\u0161ljiji in ne podlega trenutnim modnim trendom. Napaja se s spoznanji preteklih kultur in \u010drpa svoje motive iz Va\u0161ke situle, Ple\u010dnikove dedi\u0161\u010dine, starodavne Emone in skrivnostnega sveta mitologije. Ptica zaradi svoje zmo\u017enosti letenja simbolizira razmerja med nebom in zemljo. Je simbol prijateljstva, ponekod pa ponazarja tudi mo\u010d in \u017eivljenje. Podrobnosti:    Skulptura Ptica    Mere: 9 x 7 x 4 cm    Embalirano v kartonski embala\u017ei    Certifikat    Material: kamen\/bron    Darilo vezano na slovensko ljudsko izro\u010dilo\" \/>\n<meta property=\"og:url\" content=\"https:\/\/skrina.si\/en\/product\/ptica\/\" \/>\n<meta property=\"og:site_name\" content=\"Etnogalerija Skrina\" \/>\n<meta property=\"article:modified_time\" content=\"2024-03-19T21:15:12+00:00\" \/>\n<meta property=\"og:image\" content=\"https:\/\/skrina.si\/wp-content\/uploads\/2021\/08\/Stine_Ptica.jpg\" \/>\n\t<meta property=\"og:image:width\" content=\"2000\" \/>\n\t<meta property=\"og:image:height\" content=\"1500\" \/>\n\t<meta property=\"og:image:type\" content=\"image\/jpeg\" \/>\n<meta name=\"twitter:card\" content=\"summary_large_image\" \/>\n<meta name=\"twitter:label1\" content=\"Estimated reading time\" \/>\n\t<meta name=\"twitter:data1\" content=\"1 minute\" \/>\n<script type=\"application\/ld+json\" class=\"yoast-schema-graph\">{\"@context\":\"https:\/\/schema.org\",\"@graph\":[{\"@type\":\"WebPage\",\"@id\":\"https:\/\/skrina.si\/en\/product\/ptica\/\",\"url\":\"https:\/\/skrina.si\/en\/product\/ptica\/\",\"name\":\"Ptica - Etnogalerija Skrina\",\"isPartOf\":{\"@id\":\"https:\/\/skrina.si\/en\/#website\"},\"datePublished\":\"2021-08-24T05:10:06+00:00\",\"dateModified\":\"2024-03-19T21:15:12+00:00\",\"breadcrumb\":{\"@id\":\"https:\/\/skrina.si\/en\/product\/ptica\/#breadcrumb\"},\"inLanguage\":\"en-GB\",\"potentialAction\":[{\"@type\":\"ReadAction\",\"target\":[\"https:\/\/skrina.si\/en\/product\/ptica\/\"]}]},{\"@type\":\"BreadcrumbList\",\"@id\":\"https:\/\/skrina.si\/en\/product\/ptica\/#breadcrumb\",\"itemListElement\":[{\"@type\":\"ListItem\",\"position\":1,\"name\":\"Home\",\"item\":\"https:\/\/skrina.si\/en\/\"},{\"@type\":\"ListItem\",\"position\":2,\"name\":\"Shop\",\"item\":\"https:\/\/skrina.si\/shop\/\"},{\"@type\":\"ListItem\",\"position\":3,\"name\":\"Ptica\"}]},{\"@type\":\"WebSite\",\"@id\":\"https:\/\/skrina.si\/en\/#website\",\"url\":\"https:\/\/skrina.si\/en\/\",\"name\":\"Etnogalerija Skrina\",\"description\":\"Tradicija s posluhom\",\"potentialAction\":[{\"@type\":\"SearchAction\",\"target\":{\"@type\":\"EntryPoint\",\"urlTemplate\":\"https:\/\/skrina.si\/en\/?s={search_term_string}\"},\"query-input\":\"required name=search_term_string\"}],\"inLanguage\":\"en-GB\"}]}<\/script>\n<!-- \/ Yoast SEO plugin. -->","yoast_head_json":{"title":"Ptica - Etnogalerija Skrina","robots":{"index":"index","follow":"follow","max-snippet":"max-snippet:-1","max-image-preview":"max-image-preview:large","max-video-preview":"max-video-preview:-1"},"canonical":"https:\/\/skrina.si\/en\/product\/ptica\/","og_locale":"en_GB","og_type":"article","og_title":"Ptica - Etnogalerija Skrina","og_description":"Bo\u0161tjan \u0160tine je umetnik, ki se svobodno prepu\u0161\u010da lastni ustvarjalni domi\u0161ljiji in ne podlega trenutnim modnim trendom. Napaja se s spoznanji preteklih kultur in \u010drpa svoje motive iz Va\u0161ke situle, Ple\u010dnikove dedi\u0161\u010dine, starodavne Emone in skrivnostnega sveta mitologije. Ptica zaradi svoje zmo\u017enosti letenja simbolizira razmerja med nebom in zemljo. Je simbol prijateljstva, ponekod pa ponazarja tudi mo\u010d in \u017eivljenje. Podrobnosti:    Skulptura Ptica    Mere: 9 x 7 x 4 cm    Embalirano v kartonski embala\u017ei    Certifikat    Material: kamen\/bron    Darilo vezano na slovensko ljudsko izro\u010dilo","og_url":"https:\/\/skrina.si\/en\/product\/ptica\/","og_site_name":"Etnogalerija Skrina","article_modified_time":"2024-03-19T21:15:12+00:00","og_image":[{"width":2000,"height":1500,"url":"https:\/\/skrina.si\/wp-content\/uploads\/2021\/08\/Stine_Ptica.jpg","type":"image\/jpeg"}],"twitter_card":"summary_large_image","twitter_misc":{"Estimated reading time":"1 minute"},"schema":{"@context":"https:\/\/schema.org","@graph":[{"@type":"WebPage","@id":"https:\/\/skrina.si\/en\/product\/ptica\/","url":"https:\/\/skrina.si\/en\/product\/ptica\/","name":"Ptica - Etnogalerija Skrina","isPartOf":{"@id":"https:\/\/skrina.si\/en\/#website"},"datePublished":"2021-08-24T05:10:06+00:00","dateModified":"2024-03-19T21:15:12+00:00","breadcrumb":{"@id":"https:\/\/skrina.si\/en\/product\/ptica\/#breadcrumb"},"inLanguage":"en-GB","potentialAction":[{"@type":"ReadAction","target":["https:\/\/skrina.si\/en\/product\/ptica\/"]}]},{"@type":"BreadcrumbList","@id":"https:\/\/skrina.si\/en\/product\/ptica\/#breadcrumb","itemListElement":[{"@type":"ListItem","position":1,"name":"Home","item":"https:\/\/skrina.si\/en\/"},{"@type":"ListItem","position":2,"name":"Shop","item":"https:\/\/skrina.si\/shop\/"},{"@type":"ListItem","position":3,"name":"Ptica"}]},{"@type":"WebSite","@id":"https:\/\/skrina.si\/en\/#website","url":"https:\/\/skrina.si\/en\/","name":"Etnogalerija Skrina","description":"Tradicija s posluhom","potentialAction":[{"@type":"SearchAction","target":{"@type":"EntryPoint","urlTemplate":"https:\/\/skrina.si\/en\/?s={search_term_string}"},"query-input":"required name=search_term_string"}],"inLanguage":"en-GB"}]}},"_links":{"self":[{"href":"https:\/\/skrina.si\/en\/wp-json\/wp\/v2\/product\/4527"}],"collection":[{"href":"https:\/\/skrina.si\/en\/wp-json\/wp\/v2\/product"}],"about":[{"href":"https:\/\/skrina.si\/en\/wp-json\/wp\/v2\/types\/product"}],"wp:featuredmedia":[{"embeddable":true,"href":"https:\/\/skrina.si\/en\/wp-json\/wp\/v2\/media\/4528"}],"wp:attachment":[{"href":"https:\/\/skrina.si\/en\/wp-json\/wp\/v2\/media?parent=4527"}],"wp:term":[{"taxonomy":"product_cat","embeddable":true,"href":"https:\/\/skrina.si\/en\/wp-json\/wp\/v2\/product_cat?post=4527"},{"taxonomy":"product_tag","embeddable":true,"href":"https:\/\/skrina.si\/en\/wp-json\/wp\/v2\/product_tag?post=4527"}],"curies":[{"name":"wp","href":"https:\/\/api.w.org\/{rel}","templated":true}]}}