{"id":4518,"date":"2021-08-24T04:51:44","date_gmt":"2021-08-24T04:51:44","guid":{"rendered":"https:\/\/skrina.si\/?post_type=product&#038;p=4518"},"modified":"2024-03-19T22:16:02","modified_gmt":"2024-03-19T21:16:02","slug":"plecnikov-konjicek","status":"publish","type":"product","link":"https:\/\/skrina.si\/en\/product\/plecnikov-konjicek\/","title":{"rendered":"Ple\u010dnikov konji\u010dek"},"content":{"rendered":"<h5>.<\/h5>\n","protected":false},"excerpt":{"rendered":"<h5>Nastanek Narodne in univerzitetne knji\u017enice <strong>(NUK) <\/strong>je povezan z odlokom cesarice Marije Terezije leta 1774. S tem odlokom je knjige, ki so bile re\u0161ene ob po\u017earu jezuitskega kolegija v Ljubljani, namenila za splo\u0161no uporabo knji\u017enici Ljubljanskega liceja.<\/h5>\n<h5>Na\u010drte za novo knji\u017enico je v letih 1930-31 naredil <strong><em>arhitekt Jo\u017ee Ple\u010dnik.\u00a0 <\/em><\/strong><strong><em>Skulptura konji\u010dka<\/em><\/strong> je poustvarjena po medeninasti kljuki, ki krasi glavni vhod in jo je oblikoval arhitekt sam in je <strong><em>protokolarno darilo.<\/em><\/strong><\/h5>\n<h6><em>Podrobnosti:<\/em><\/h6>\n<ul>\n<li>\n<h6>Skulptura Ple\u010dnikov konji\u010dek<\/h6>\n<\/li>\n<li>\n<h6>Mere: 13 x 10 x 4 cm; 9 x 8 x 3 cm<\/h6>\n<\/li>\n<li>\n<h6>Embalirano v darilni embala\u017ei<\/h6>\n<\/li>\n<li>\n<h6>Certifikat<\/h6>\n<\/li>\n<li>\n<h6>Material: kamen\/bron<\/h6>\n<\/li>\n<li>\n<h6><strong><em>Darilo vezano na slovensko kulturno dedi\u0161\u010dino<\/em><\/strong><\/h6>\n<\/li>\n<\/ul>\n","protected":false},"featured_media":4523,"template":"","meta":{"_monsterinsights_skip_tracking":false,"_monsterinsights_sitenote_active":false,"_monsterinsights_sitenote_note":"","_monsterinsights_sitenote_category":0},"product_cat":[122,121],"product_tag":[253,91,252],"aioseo_notices":[],"yoast_head":"<!-- This site is optimized with the Yoast SEO plugin v22.1 - https:\/\/yoast.com\/wordpress\/plugins\/seo\/ -->\n<title>Ple\u010dnikov konji\u010dek - Etnogalerija Skrina<\/title>\n<meta name=\"robots\" content=\"index, follow, max-snippet:-1, max-image-preview:large, max-video-preview:-1\" \/>\n<link rel=\"canonical\" href=\"https:\/\/skrina.si\/en\/product\/plecnikov-konjicek\/\" \/>\n<meta property=\"og:locale\" content=\"en_GB\" \/>\n<meta property=\"og:locale:alternate\" content=\"sl_SI\" \/>\n<meta property=\"og:type\" content=\"article\" \/>\n<meta property=\"og:title\" content=\"Ple\u010dnikov konji\u010dek - Etnogalerija Skrina\" \/>\n<meta property=\"og:description\" content=\"Nastanek Narodne in univerzitetne knji\u017enice (NUK) je povezan z odlokom cesarice Marije Terezije leta 1774. S tem odlokom je knjige, ki so bile re\u0161ene ob po\u017earu jezuitskega kolegija v Ljubljani, namenila za splo\u0161no uporabo knji\u017enici Ljubljanskega liceja. Na\u010drte za novo knji\u017enico je v letih 1930-31 naredil arhitekt Jo\u017ee Ple\u010dnik.\u00a0 Skulptura konji\u010dka je poustvarjena po medeninasti kljuki, ki krasi glavni vhod in jo je oblikoval arhitekt sam in je protokolarno darilo. Podrobnosti:    Skulptura Ple\u010dnikov konji\u010dek    Mere: 13 x 10 x 4 cm; 9 x 8 x 3 cm    Embalirano v darilni embala\u017ei    Certifikat    Material: kamen\/bron    Darilo vezano na slovensko kulturno dedi\u0161\u010dino\" \/>\n<meta property=\"og:url\" content=\"https:\/\/skrina.si\/en\/product\/plecnikov-konjicek\/\" \/>\n<meta property=\"og:site_name\" content=\"Etnogalerija Skrina\" \/>\n<meta property=\"article:modified_time\" content=\"2024-03-19T21:16:02+00:00\" \/>\n<meta property=\"og:image\" content=\"https:\/\/skrina.si\/wp-content\/uploads\/2021\/08\/Stine_Plecnikov-konjicek-M.jpg\" \/>\n\t<meta property=\"og:image:width\" content=\"2000\" \/>\n\t<meta property=\"og:image:height\" content=\"1500\" \/>\n\t<meta property=\"og:image:type\" content=\"image\/jpeg\" \/>\n<meta name=\"twitter:card\" content=\"summary_large_image\" \/>\n<meta name=\"twitter:label1\" content=\"Estimated reading time\" \/>\n\t<meta name=\"twitter:data1\" content=\"1 minute\" \/>\n<script type=\"application\/ld+json\" class=\"yoast-schema-graph\">{\"@context\":\"https:\/\/schema.org\",\"@graph\":[{\"@type\":\"WebPage\",\"@id\":\"https:\/\/skrina.si\/en\/product\/plecnikov-konjicek\/\",\"url\":\"https:\/\/skrina.si\/en\/product\/plecnikov-konjicek\/\",\"name\":\"Ple\u010dnikov konji\u010dek - Etnogalerija Skrina\",\"isPartOf\":{\"@id\":\"https:\/\/skrina.si\/en\/#website\"},\"datePublished\":\"2021-08-24T04:51:44+00:00\",\"dateModified\":\"2024-03-19T21:16:02+00:00\",\"breadcrumb\":{\"@id\":\"https:\/\/skrina.si\/en\/product\/plecnikov-konjicek\/#breadcrumb\"},\"inLanguage\":\"en-GB\",\"potentialAction\":[{\"@type\":\"ReadAction\",\"target\":[\"https:\/\/skrina.si\/en\/product\/plecnikov-konjicek\/\"]}]},{\"@type\":\"BreadcrumbList\",\"@id\":\"https:\/\/skrina.si\/en\/product\/plecnikov-konjicek\/#breadcrumb\",\"itemListElement\":[{\"@type\":\"ListItem\",\"position\":1,\"name\":\"Home\",\"item\":\"https:\/\/skrina.si\/en\/\"},{\"@type\":\"ListItem\",\"position\":2,\"name\":\"Shop\",\"item\":\"https:\/\/skrina.si\/shop\/\"},{\"@type\":\"ListItem\",\"position\":3,\"name\":\"Ple\u010dnikov konji\u010dek\"}]},{\"@type\":\"WebSite\",\"@id\":\"https:\/\/skrina.si\/en\/#website\",\"url\":\"https:\/\/skrina.si\/en\/\",\"name\":\"Etnogalerija Skrina\",\"description\":\"Tradicija s posluhom\",\"potentialAction\":[{\"@type\":\"SearchAction\",\"target\":{\"@type\":\"EntryPoint\",\"urlTemplate\":\"https:\/\/skrina.si\/en\/?s={search_term_string}\"},\"query-input\":\"required name=search_term_string\"}],\"inLanguage\":\"en-GB\"}]}<\/script>\n<!-- \/ Yoast SEO plugin. -->","yoast_head_json":{"title":"Ple\u010dnikov konji\u010dek - Etnogalerija Skrina","robots":{"index":"index","follow":"follow","max-snippet":"max-snippet:-1","max-image-preview":"max-image-preview:large","max-video-preview":"max-video-preview:-1"},"canonical":"https:\/\/skrina.si\/en\/product\/plecnikov-konjicek\/","og_locale":"en_GB","og_type":"article","og_title":"Ple\u010dnikov konji\u010dek - Etnogalerija Skrina","og_description":"Nastanek Narodne in univerzitetne knji\u017enice (NUK) je povezan z odlokom cesarice Marije Terezije leta 1774. S tem odlokom je knjige, ki so bile re\u0161ene ob po\u017earu jezuitskega kolegija v Ljubljani, namenila za splo\u0161no uporabo knji\u017enici Ljubljanskega liceja. Na\u010drte za novo knji\u017enico je v letih 1930-31 naredil arhitekt Jo\u017ee Ple\u010dnik.\u00a0 Skulptura konji\u010dka je poustvarjena po medeninasti kljuki, ki krasi glavni vhod in jo je oblikoval arhitekt sam in je protokolarno darilo. Podrobnosti:    Skulptura Ple\u010dnikov konji\u010dek    Mere: 13 x 10 x 4 cm; 9 x 8 x 3 cm    Embalirano v darilni embala\u017ei    Certifikat    Material: kamen\/bron    Darilo vezano na slovensko kulturno dedi\u0161\u010dino","og_url":"https:\/\/skrina.si\/en\/product\/plecnikov-konjicek\/","og_site_name":"Etnogalerija Skrina","article_modified_time":"2024-03-19T21:16:02+00:00","og_image":[{"width":2000,"height":1500,"url":"https:\/\/skrina.si\/wp-content\/uploads\/2021\/08\/Stine_Plecnikov-konjicek-M.jpg","type":"image\/jpeg"}],"twitter_card":"summary_large_image","twitter_misc":{"Estimated reading time":"1 minute"},"schema":{"@context":"https:\/\/schema.org","@graph":[{"@type":"WebPage","@id":"https:\/\/skrina.si\/en\/product\/plecnikov-konjicek\/","url":"https:\/\/skrina.si\/en\/product\/plecnikov-konjicek\/","name":"Ple\u010dnikov konji\u010dek - Etnogalerija Skrina","isPartOf":{"@id":"https:\/\/skrina.si\/en\/#website"},"datePublished":"2021-08-24T04:51:44+00:00","dateModified":"2024-03-19T21:16:02+00:00","breadcrumb":{"@id":"https:\/\/skrina.si\/en\/product\/plecnikov-konjicek\/#breadcrumb"},"inLanguage":"en-GB","potentialAction":[{"@type":"ReadAction","target":["https:\/\/skrina.si\/en\/product\/plecnikov-konjicek\/"]}]},{"@type":"BreadcrumbList","@id":"https:\/\/skrina.si\/en\/product\/plecnikov-konjicek\/#breadcrumb","itemListElement":[{"@type":"ListItem","position":1,"name":"Home","item":"https:\/\/skrina.si\/en\/"},{"@type":"ListItem","position":2,"name":"Shop","item":"https:\/\/skrina.si\/shop\/"},{"@type":"ListItem","position":3,"name":"Ple\u010dnikov konji\u010dek"}]},{"@type":"WebSite","@id":"https:\/\/skrina.si\/en\/#website","url":"https:\/\/skrina.si\/en\/","name":"Etnogalerija Skrina","description":"Tradicija s posluhom","potentialAction":[{"@type":"SearchAction","target":{"@type":"EntryPoint","urlTemplate":"https:\/\/skrina.si\/en\/?s={search_term_string}"},"query-input":"required name=search_term_string"}],"inLanguage":"en-GB"}]}},"_links":{"self":[{"href":"https:\/\/skrina.si\/en\/wp-json\/wp\/v2\/product\/4518"}],"collection":[{"href":"https:\/\/skrina.si\/en\/wp-json\/wp\/v2\/product"}],"about":[{"href":"https:\/\/skrina.si\/en\/wp-json\/wp\/v2\/types\/product"}],"wp:featuredmedia":[{"embeddable":true,"href":"https:\/\/skrina.si\/en\/wp-json\/wp\/v2\/media\/4523"}],"wp:attachment":[{"href":"https:\/\/skrina.si\/en\/wp-json\/wp\/v2\/media?parent=4518"}],"wp:term":[{"taxonomy":"product_cat","embeddable":true,"href":"https:\/\/skrina.si\/en\/wp-json\/wp\/v2\/product_cat?post=4518"},{"taxonomy":"product_tag","embeddable":true,"href":"https:\/\/skrina.si\/en\/wp-json\/wp\/v2\/product_tag?post=4518"}],"curies":[{"name":"wp","href":"https:\/\/api.w.org\/{rel}","templated":true}]}}