{"id":4509,"date":"2021-08-23T07:11:35","date_gmt":"2021-08-23T07:11:35","guid":{"rendered":"https:\/\/skrina.si\/?post_type=product&#038;p=4509"},"modified":"2024-03-19T22:16:47","modified_gmt":"2024-03-19T21:16:47","slug":"emonec-2","status":"publish","type":"product","link":"https:\/\/skrina.si\/en\/product\/emonec-2\/","title":{"rendered":"Emonec"},"content":{"rendered":"","protected":false},"excerpt":{"rendered":"<h5 style=\"text-align: justify;\"><strong><em>Bo\u0161tjan \u0160tine<\/em><\/strong> je umetnik, ki \u010drpa navdih predvsem v ljudskem izro\u010dilu in kulturni dedi\u0161\u010dini. Kip emonskega me\u0161\u010dana prikazuje mladega mo\u0161kega iz \u010dasa cesarja <strong><em>Trajana.<\/em><\/strong> Oble\u010denega v togo \u2013 zna\u010dilno rimsko obla\u010dilo, ki so ga smeli nositi le svobodni rimski dr\u017eavljani.<br \/>\n<strong><em>\u00bbEmonec\u00ab,\u00a0 <\/em><\/strong>145 cm visok kip bil izdelan na za\u010detku 2. stoletja, v \u010dasu, ko je bilo obmo\u010dje dana\u0161nje Slovenije del Rimskega imperija.<br \/>\nNajden je bil leta <strong><em>1836<\/em><\/strong> pri kopanju temeljev za dana\u0161njo stavbo Kazina v sredi\u0161\u010du Ljubljane.<\/h5>\n<h6><em>Podrobnosti:<\/em><\/h6>\n<ul>\n<li>\n<h6>Skulptura Emonec<\/h6>\n<\/li>\n<li>\n<h6>Mere: 12 x 5 x 3 cm<\/h6>\n<\/li>\n<li>\n<h6>Embalirano v darilni embala\u017ei<\/h6>\n<\/li>\n<li>\n<h6>Certifikat<\/h6>\n<\/li>\n<li>\n<h6>Material: kamen\/bron<\/h6>\n<\/li>\n<li>\n<h6><strong><em>Darilo vezano na slovensko kulturno dedi\u0161\u010dino<\/em><\/strong><\/h6>\n<\/li>\n<\/ul>\n","protected":false},"featured_media":4510,"template":"","meta":{"_monsterinsights_skip_tracking":false,"_monsterinsights_sitenote_active":false,"_monsterinsights_sitenote_note":"","_monsterinsights_sitenote_category":0},"product_cat":[122,121],"product_tag":[250,91],"aioseo_notices":[],"yoast_head":"<!-- This site is optimized with the Yoast SEO plugin v22.1 - https:\/\/yoast.com\/wordpress\/plugins\/seo\/ -->\n<title>Emonec - Etnogalerija Skrina<\/title>\n<meta name=\"robots\" content=\"index, follow, max-snippet:-1, max-image-preview:large, max-video-preview:-1\" \/>\n<link rel=\"canonical\" href=\"https:\/\/skrina.si\/en\/product\/emonec-2\/\" \/>\n<meta property=\"og:locale\" content=\"en_GB\" \/>\n<meta property=\"og:locale:alternate\" content=\"sl_SI\" \/>\n<meta property=\"og:type\" content=\"article\" \/>\n<meta property=\"og:title\" content=\"Emonec - Etnogalerija Skrina\" \/>\n<meta property=\"og:description\" content=\"Bo\u0161tjan \u0160tine je umetnik, ki \u010drpa navdih predvsem v ljudskem izro\u010dilu in kulturni dedi\u0161\u010dini. Kip emonskega me\u0161\u010dana prikazuje mladega mo\u0161kega iz \u010dasa cesarja Trajana. Oble\u010denega v togo \u2013 zna\u010dilno rimsko obla\u010dilo, ki so ga smeli nositi le svobodni rimski dr\u017eavljani. \u00bbEmonec\u00ab,\u00a0 145 cm visok kip bil izdelan na za\u010detku 2. stoletja, v \u010dasu, ko je bilo obmo\u010dje dana\u0161nje Slovenije del Rimskega imperija. Najden je bil leta 1836 pri kopanju temeljev za dana\u0161njo stavbo Kazina v sredi\u0161\u010du Ljubljane. Podrobnosti:    Skulptura Emonec    Mere: 12 x 5 x 3 cm    Embalirano v darilni embala\u017ei    Certifikat    Material: kamen\/bron    Darilo vezano na slovensko kulturno dedi\u0161\u010dino\" \/>\n<meta property=\"og:url\" content=\"https:\/\/skrina.si\/en\/product\/emonec-2\/\" \/>\n<meta property=\"og:site_name\" content=\"Etnogalerija Skrina\" \/>\n<meta property=\"article:modified_time\" content=\"2024-03-19T21:16:47+00:00\" \/>\n<meta property=\"og:image\" content=\"https:\/\/skrina.si\/wp-content\/uploads\/2021\/08\/Stine_Emonec-stojec.jpg\" \/>\n\t<meta property=\"og:image:width\" content=\"2000\" \/>\n\t<meta property=\"og:image:height\" content=\"1500\" \/>\n\t<meta property=\"og:image:type\" content=\"image\/jpeg\" \/>\n<meta name=\"twitter:card\" content=\"summary_large_image\" \/>\n<meta name=\"twitter:label1\" content=\"Estimated reading time\" \/>\n\t<meta name=\"twitter:data1\" content=\"1 minute\" \/>\n<script type=\"application\/ld+json\" class=\"yoast-schema-graph\">{\"@context\":\"https:\/\/schema.org\",\"@graph\":[{\"@type\":\"WebPage\",\"@id\":\"https:\/\/skrina.si\/en\/product\/emonec-2\/\",\"url\":\"https:\/\/skrina.si\/en\/product\/emonec-2\/\",\"name\":\"Emonec - Etnogalerija Skrina\",\"isPartOf\":{\"@id\":\"https:\/\/skrina.si\/en\/#website\"},\"datePublished\":\"2021-08-23T07:11:35+00:00\",\"dateModified\":\"2024-03-19T21:16:47+00:00\",\"breadcrumb\":{\"@id\":\"https:\/\/skrina.si\/en\/product\/emonec-2\/#breadcrumb\"},\"inLanguage\":\"en-GB\",\"potentialAction\":[{\"@type\":\"ReadAction\",\"target\":[\"https:\/\/skrina.si\/en\/product\/emonec-2\/\"]}]},{\"@type\":\"BreadcrumbList\",\"@id\":\"https:\/\/skrina.si\/en\/product\/emonec-2\/#breadcrumb\",\"itemListElement\":[{\"@type\":\"ListItem\",\"position\":1,\"name\":\"Home\",\"item\":\"https:\/\/skrina.si\/en\/\"},{\"@type\":\"ListItem\",\"position\":2,\"name\":\"Shop\",\"item\":\"https:\/\/skrina.si\/shop\/\"},{\"@type\":\"ListItem\",\"position\":3,\"name\":\"Emonec\"}]},{\"@type\":\"WebSite\",\"@id\":\"https:\/\/skrina.si\/en\/#website\",\"url\":\"https:\/\/skrina.si\/en\/\",\"name\":\"Etnogalerija Skrina\",\"description\":\"Tradicija s posluhom\",\"potentialAction\":[{\"@type\":\"SearchAction\",\"target\":{\"@type\":\"EntryPoint\",\"urlTemplate\":\"https:\/\/skrina.si\/en\/?s={search_term_string}\"},\"query-input\":\"required name=search_term_string\"}],\"inLanguage\":\"en-GB\"}]}<\/script>\n<!-- \/ Yoast SEO plugin. -->","yoast_head_json":{"title":"Emonec - Etnogalerija Skrina","robots":{"index":"index","follow":"follow","max-snippet":"max-snippet:-1","max-image-preview":"max-image-preview:large","max-video-preview":"max-video-preview:-1"},"canonical":"https:\/\/skrina.si\/en\/product\/emonec-2\/","og_locale":"en_GB","og_type":"article","og_title":"Emonec - Etnogalerija Skrina","og_description":"Bo\u0161tjan \u0160tine je umetnik, ki \u010drpa navdih predvsem v ljudskem izro\u010dilu in kulturni dedi\u0161\u010dini. Kip emonskega me\u0161\u010dana prikazuje mladega mo\u0161kega iz \u010dasa cesarja Trajana. Oble\u010denega v togo \u2013 zna\u010dilno rimsko obla\u010dilo, ki so ga smeli nositi le svobodni rimski dr\u017eavljani. \u00bbEmonec\u00ab,\u00a0 145 cm visok kip bil izdelan na za\u010detku 2. stoletja, v \u010dasu, ko je bilo obmo\u010dje dana\u0161nje Slovenije del Rimskega imperija. Najden je bil leta 1836 pri kopanju temeljev za dana\u0161njo stavbo Kazina v sredi\u0161\u010du Ljubljane. Podrobnosti:    Skulptura Emonec    Mere: 12 x 5 x 3 cm    Embalirano v darilni embala\u017ei    Certifikat    Material: kamen\/bron    Darilo vezano na slovensko kulturno dedi\u0161\u010dino","og_url":"https:\/\/skrina.si\/en\/product\/emonec-2\/","og_site_name":"Etnogalerija Skrina","article_modified_time":"2024-03-19T21:16:47+00:00","og_image":[{"width":2000,"height":1500,"url":"https:\/\/skrina.si\/wp-content\/uploads\/2021\/08\/Stine_Emonec-stojec.jpg","type":"image\/jpeg"}],"twitter_card":"summary_large_image","twitter_misc":{"Estimated reading time":"1 minute"},"schema":{"@context":"https:\/\/schema.org","@graph":[{"@type":"WebPage","@id":"https:\/\/skrina.si\/en\/product\/emonec-2\/","url":"https:\/\/skrina.si\/en\/product\/emonec-2\/","name":"Emonec - Etnogalerija Skrina","isPartOf":{"@id":"https:\/\/skrina.si\/en\/#website"},"datePublished":"2021-08-23T07:11:35+00:00","dateModified":"2024-03-19T21:16:47+00:00","breadcrumb":{"@id":"https:\/\/skrina.si\/en\/product\/emonec-2\/#breadcrumb"},"inLanguage":"en-GB","potentialAction":[{"@type":"ReadAction","target":["https:\/\/skrina.si\/en\/product\/emonec-2\/"]}]},{"@type":"BreadcrumbList","@id":"https:\/\/skrina.si\/en\/product\/emonec-2\/#breadcrumb","itemListElement":[{"@type":"ListItem","position":1,"name":"Home","item":"https:\/\/skrina.si\/en\/"},{"@type":"ListItem","position":2,"name":"Shop","item":"https:\/\/skrina.si\/shop\/"},{"@type":"ListItem","position":3,"name":"Emonec"}]},{"@type":"WebSite","@id":"https:\/\/skrina.si\/en\/#website","url":"https:\/\/skrina.si\/en\/","name":"Etnogalerija Skrina","description":"Tradicija s posluhom","potentialAction":[{"@type":"SearchAction","target":{"@type":"EntryPoint","urlTemplate":"https:\/\/skrina.si\/en\/?s={search_term_string}"},"query-input":"required name=search_term_string"}],"inLanguage":"en-GB"}]}},"_links":{"self":[{"href":"https:\/\/skrina.si\/en\/wp-json\/wp\/v2\/product\/4509"}],"collection":[{"href":"https:\/\/skrina.si\/en\/wp-json\/wp\/v2\/product"}],"about":[{"href":"https:\/\/skrina.si\/en\/wp-json\/wp\/v2\/types\/product"}],"wp:featuredmedia":[{"embeddable":true,"href":"https:\/\/skrina.si\/en\/wp-json\/wp\/v2\/media\/4510"}],"wp:attachment":[{"href":"https:\/\/skrina.si\/en\/wp-json\/wp\/v2\/media?parent=4509"}],"wp:term":[{"taxonomy":"product_cat","embeddable":true,"href":"https:\/\/skrina.si\/en\/wp-json\/wp\/v2\/product_cat?post=4509"},{"taxonomy":"product_tag","embeddable":true,"href":"https:\/\/skrina.si\/en\/wp-json\/wp\/v2\/product_tag?post=4509"}],"curies":[{"name":"wp","href":"https:\/\/api.w.org\/{rel}","templated":true}]}}