{"id":4507,"date":"2021-08-23T06:48:16","date_gmt":"2021-08-23T06:48:16","guid":{"rendered":"https:\/\/skrina.si\/?post_type=product&#038;p=4507"},"modified":"2024-04-13T00:18:24","modified_gmt":"2024-04-12T22:18:24","slug":"cloveska-ribica-copy","status":"publish","type":"product","link":"https:\/\/skrina.si\/en\/product\/cloveska-ribica-copy\/","title":{"rendered":"\u010clove\u0161ka ribica"},"content":{"rendered":"","protected":false},"excerpt":{"rendered":"<h5>Bo\u0161tjan \u0160tine \u010drpa navdih v ljudskem izro\u010dilu, kulturni in <strong><em>naravni dedi\u0161\u010dini.<\/em><\/strong><\/h5>\n<h5>Skulptura <strong><em>\u010dlove\u0161ke ribice<\/em><\/strong> je upodobljena po skrivnostni podzemni \u017eivalci, ki jo je prvi omenil <strong><em>Janez Vajkard Valvasor. <\/em><\/strong>Leta 1689 v Slavi vojvodine Kranjske opisoval vrhni\u0161ke \u00bbzmajeve mladi\u010de\u00ab.<\/h5>\n<h5>Toda, \u0161ele desetletja kasneje (1768), z raziskovanjem podzemnih jam jo je \u00a0znanstveno opisal J.N. Laurenti in jo poimenoval beli mo\u010deril (<strong><em>Proteus anguinus). <\/em><\/strong>V Sloveniji \u017eivi \u0161e \u010drni mo\u010deril <strong><em>(Proteus anguinus parkelj<\/em><\/strong>), ki je poznan samo z Belo krajnskega krasa.<\/h5>\n<h6><em>Podrobnosti:<\/em><\/h6>\n<ul>\n<li>\n<h6>Skulptura \u010clove\u0161ka ribica &#8211; Proteus<\/h6>\n<\/li>\n<li>\n<h6>Mere: 14 x14 x 4 cm<\/h6>\n<\/li>\n<li>\n<h6>Embalirano v kartonski embala\u017ei<\/h6>\n<\/li>\n<li>\n<h6>Certifikat<\/h6>\n<\/li>\n<li>\n<h6>Material: kamen\/bron<\/h6>\n<\/li>\n<li>\n<h6><strong><em>Darilo vezano na slovensko naravno dedi\u0161\u010dino<\/em><\/strong><\/h6>\n<\/li>\n<\/ul>\n","protected":false},"featured_media":14895,"template":"","meta":{"_monsterinsights_skip_tracking":false,"_monsterinsights_sitenote_active":false,"_monsterinsights_sitenote_note":"","_monsterinsights_sitenote_category":0},"product_cat":[122,121],"product_tag":[181,124],"aioseo_notices":[],"yoast_head":"<!-- This site is optimized with the Yoast SEO plugin v22.1 - https:\/\/yoast.com\/wordpress\/plugins\/seo\/ -->\n<title>\u010clove\u0161ka ribica - Etnogalerija Skrina<\/title>\n<meta name=\"robots\" content=\"index, follow, max-snippet:-1, max-image-preview:large, max-video-preview:-1\" \/>\n<link rel=\"canonical\" href=\"https:\/\/skrina.si\/en\/product\/cloveska-ribica-copy\/\" \/>\n<meta property=\"og:locale\" content=\"en_GB\" \/>\n<meta property=\"og:locale:alternate\" content=\"sl_SI\" \/>\n<meta property=\"og:type\" content=\"article\" \/>\n<meta property=\"og:title\" content=\"\u010clove\u0161ka ribica\" \/>\n<meta property=\"og:description\" content=\"Bo\u0161tjan \u0160tine \u010drpa navdih v ljudskem izro\u010dilu, kulturni in naravni dedi\u0161\u010dini. Skulptura \u010dlove\u0161ke ribice je upodobljena po skrivnostni podzemni \u017eivalci, ki jo je prvi omenil Janez Vajkard Valvasor. Leta 1689 v Slavi vojvodine Kranjske opisoval vrhni\u0161ke \u00bbzmajeve mladi\u010de\u00ab. Toda, \u0161ele desetletja kasneje (1768), z raziskovanjem podzemnih jam jo je \u00a0znanstveno opisal J.N. Laurenti in jo poimenoval beli mo\u010deril (Proteus anguinus). V Sloveniji \u017eivi \u0161e \u010drni mo\u010deril (Proteus anguinus parkelj), ki je poznan samo z Belo krajnskega krasa. Podrobnosti:    Skulptura \u010clove\u0161ka ribica - Proteus    Mere: 14 x14 x 4 cm    Embalirano v kartonski embala\u017ei    Certifikat    Material: kamen\/bron    Darilo vezano na slovensko naravno dedi\u0161\u010dino\" \/>\n<meta property=\"og:url\" content=\"https:\/\/skrina.si\/en\/product\/cloveska-ribica-copy\/\" \/>\n<meta property=\"og:site_name\" content=\"Etnogalerija Skrina\" \/>\n<meta property=\"article:modified_time\" content=\"2024-04-12T22:18:24+00:00\" \/>\n<meta property=\"og:image\" content=\"https:\/\/skrina.si\/wp-content\/uploads\/2021\/08\/STINE-CLOVESKA-RIBICA-2.jpg\" \/>\n\t<meta property=\"og:image:width\" content=\"2000\" \/>\n\t<meta property=\"og:image:height\" content=\"1500\" \/>\n\t<meta property=\"og:image:type\" content=\"image\/jpeg\" \/>\n<meta name=\"twitter:card\" content=\"summary_large_image\" \/>\n<meta name=\"twitter:label1\" content=\"Estimated reading time\" \/>\n\t<meta name=\"twitter:data1\" content=\"1 minute\" \/>\n<script type=\"application\/ld+json\" class=\"yoast-schema-graph\">{\"@context\":\"https:\/\/schema.org\",\"@graph\":[{\"@type\":\"WebPage\",\"@id\":\"https:\/\/skrina.si\/en\/product\/cloveska-ribica-copy\/\",\"url\":\"https:\/\/skrina.si\/en\/product\/cloveska-ribica-copy\/\",\"name\":\"[:sl]\u010clove\u0161ka ribica[:] - Etnogalerija Skrina\",\"isPartOf\":{\"@id\":\"https:\/\/skrina.si\/en\/#website\"},\"datePublished\":\"2021-08-23T06:48:16+00:00\",\"dateModified\":\"2024-04-12T22:18:24+00:00\",\"breadcrumb\":{\"@id\":\"https:\/\/skrina.si\/en\/product\/cloveska-ribica-copy\/#breadcrumb\"},\"inLanguage\":\"en-GB\",\"potentialAction\":[{\"@type\":\"ReadAction\",\"target\":[\"https:\/\/skrina.si\/en\/product\/cloveska-ribica-copy\/\"]}]},{\"@type\":\"BreadcrumbList\",\"@id\":\"https:\/\/skrina.si\/en\/product\/cloveska-ribica-copy\/#breadcrumb\",\"itemListElement\":[{\"@type\":\"ListItem\",\"position\":1,\"name\":\"Home\",\"item\":\"https:\/\/skrina.si\/en\/\"},{\"@type\":\"ListItem\",\"position\":2,\"name\":\"Shop\",\"item\":\"https:\/\/skrina.si\/shop\/\"},{\"@type\":\"ListItem\",\"position\":3,\"name\":\"\u010clove\u0161ka ribica\"}]},{\"@type\":\"WebSite\",\"@id\":\"https:\/\/skrina.si\/en\/#website\",\"url\":\"https:\/\/skrina.si\/en\/\",\"name\":\"Etnogalerija Skrina\",\"description\":\"Tradicija s posluhom\",\"potentialAction\":[{\"@type\":\"SearchAction\",\"target\":{\"@type\":\"EntryPoint\",\"urlTemplate\":\"https:\/\/skrina.si\/en\/?s={search_term_string}\"},\"query-input\":\"required name=search_term_string\"}],\"inLanguage\":\"en-GB\"}]}<\/script>\n<!-- \/ Yoast SEO plugin. -->","yoast_head_json":{"title":"\u010clove\u0161ka ribica - Etnogalerija Skrina","robots":{"index":"index","follow":"follow","max-snippet":"max-snippet:-1","max-image-preview":"max-image-preview:large","max-video-preview":"max-video-preview:-1"},"canonical":"https:\/\/skrina.si\/en\/product\/cloveska-ribica-copy\/","og_locale":"en_GB","og_type":"article","og_title":"[:sl]\u010clove\u0161ka ribica[:] - Etnogalerija Skrina","og_description":"[:sl]Bo\u0161tjan \u0160tine \u010drpa navdih v ljudskem izro\u010dilu, kulturni in naravni dedi\u0161\u010dini. Skulptura \u010dlove\u0161ke ribice je upodobljena po skrivnostni podzemni \u017eivalci, ki jo je prvi omenil Janez Vajkard Valvasor. Leta 1689 v Slavi vojvodine Kranjske opisoval vrhni\u0161ke \u00bbzmajeve mladi\u010de\u00ab. Toda, \u0161ele desetletja kasneje (1768), z raziskovanjem podzemnih jam jo je \u00a0znanstveno opisal J.N. Laurenti in jo poimenoval beli mo\u010deril (Proteus anguinus). V Sloveniji \u017eivi \u0161e \u010drni mo\u010deril (Proteus anguinus parkelj), ki je poznan samo z Belo krajnskega krasa. Podrobnosti:    Skulptura \u010clove\u0161ka ribica - Proteus    Mere: 14 x14 x 4 cm    Embalirano v kartonski embala\u017ei    Certifikat    Material: kamen\/bron    Darilo vezano na slovensko naravno dedi\u0161\u010dino  [:]","og_url":"https:\/\/skrina.si\/en\/product\/cloveska-ribica-copy\/","og_site_name":"Etnogalerija Skrina","article_modified_time":"2024-04-12T22:18:24+00:00","og_image":[{"width":2000,"height":1500,"url":"https:\/\/skrina.si\/wp-content\/uploads\/2021\/08\/STINE-CLOVESKA-RIBICA-2.jpg","type":"image\/jpeg"}],"twitter_card":"summary_large_image","twitter_misc":{"Estimated reading time":"1 minute"},"schema":{"@context":"https:\/\/schema.org","@graph":[{"@type":"WebPage","@id":"https:\/\/skrina.si\/en\/product\/cloveska-ribica-copy\/","url":"https:\/\/skrina.si\/en\/product\/cloveska-ribica-copy\/","name":"[:sl]\u010clove\u0161ka ribica[:] - Etnogalerija Skrina","isPartOf":{"@id":"https:\/\/skrina.si\/en\/#website"},"datePublished":"2021-08-23T06:48:16+00:00","dateModified":"2024-04-12T22:18:24+00:00","breadcrumb":{"@id":"https:\/\/skrina.si\/en\/product\/cloveska-ribica-copy\/#breadcrumb"},"inLanguage":"en-GB","potentialAction":[{"@type":"ReadAction","target":["https:\/\/skrina.si\/en\/product\/cloveska-ribica-copy\/"]}]},{"@type":"BreadcrumbList","@id":"https:\/\/skrina.si\/en\/product\/cloveska-ribica-copy\/#breadcrumb","itemListElement":[{"@type":"ListItem","position":1,"name":"Home","item":"https:\/\/skrina.si\/en\/"},{"@type":"ListItem","position":2,"name":"Shop","item":"https:\/\/skrina.si\/shop\/"},{"@type":"ListItem","position":3,"name":"\u010clove\u0161ka ribica"}]},{"@type":"WebSite","@id":"https:\/\/skrina.si\/en\/#website","url":"https:\/\/skrina.si\/en\/","name":"Etnogalerija Skrina","description":"Tradicija s posluhom","potentialAction":[{"@type":"SearchAction","target":{"@type":"EntryPoint","urlTemplate":"https:\/\/skrina.si\/en\/?s={search_term_string}"},"query-input":"required name=search_term_string"}],"inLanguage":"en-GB"}]}},"_links":{"self":[{"href":"https:\/\/skrina.si\/en\/wp-json\/wp\/v2\/product\/4507"}],"collection":[{"href":"https:\/\/skrina.si\/en\/wp-json\/wp\/v2\/product"}],"about":[{"href":"https:\/\/skrina.si\/en\/wp-json\/wp\/v2\/types\/product"}],"wp:featuredmedia":[{"embeddable":true,"href":"https:\/\/skrina.si\/en\/wp-json\/wp\/v2\/media\/14895"}],"wp:attachment":[{"href":"https:\/\/skrina.si\/en\/wp-json\/wp\/v2\/media?parent=4507"}],"wp:term":[{"taxonomy":"product_cat","embeddable":true,"href":"https:\/\/skrina.si\/en\/wp-json\/wp\/v2\/product_cat?post=4507"},{"taxonomy":"product_tag","embeddable":true,"href":"https:\/\/skrina.si\/en\/wp-json\/wp\/v2\/product_tag?post=4507"}],"curies":[{"name":"wp","href":"https:\/\/api.w.org\/{rel}","templated":true}]}}