{"id":4348,"date":"2021-08-15T10:05:56","date_gmt":"2021-08-15T10:05:56","guid":{"rendered":"https:\/\/skrina.si\/?post_type=product&#038;p=4348"},"modified":"2026-04-14T21:55:40","modified_gmt":"2026-04-14T19:55:40","slug":"bohinjski-otepovci","status":"publish","type":"product","link":"https:\/\/skrina.si\/en\/product\/bohinjski-otepovci\/","title":{"rendered":"Bohinjski otepovci"},"content":{"rendered":"","protected":false},"excerpt":{"rendered":"<h5>Edine <strong><em>manisti\u010dne maske<\/em>,<\/strong> ki smo jih Slovenci ohranili so <strong><em>Bohinjski otepovci<\/em><\/strong>. Na \u0160tefanovo (26. decembra) koledujejo v Stari Fu\u017eini in Studorju, 31. decembra pa v Srednji vasi, \u010ce\u0161njici in Jereki. Sestava oseb je do vasi do vasi razli\u010dna.<\/h5>\n<h5>V <strong><em>Strari fu\u017eini<\/em><\/strong> gresta spredaj <strong><em>\u201ctrogar\u201d in \u201cmetlar\u201d.<\/em><\/strong> Oble\u010dena sta v ko\u017euh, ki je prepasan z verigo. \u010cez glavo ima poveznjeno veliko kapo v katero so izrezane odprtine za o\u010di in usta.<\/h5>\n<h5>Metlarja je povsod dosti in priganja \u0161eme, da se ne zadr\u017eujejo predolgo na enem mestu. Skupino sestavljajo \u0161e <strong><em>uo\u010da<\/em><\/strong> (o\u010de), <strong><em>mat <\/em><\/strong>(mati) in <strong><em>otroci.<\/em><\/strong><\/h5>\n<h6><em>Lastnosti:<\/em><\/h6>\n<ul>\n<li>\n<h6><em>Naslov dela: Bohinjski otepovci<\/em><\/h6>\n<\/li>\n<li>\n<h6><em>Tehnika: jedkanica<\/em><\/h6>\n<\/li>\n<li>\n<h6><em>Zunanja dimenzija mape: 27 x 19 cm<\/em><\/h6>\n<\/li>\n<li>\n<h6><em>Omejena naklada 9\/100<\/em><\/h6>\n<\/li>\n<li>\n<h6><em>Zunanja dimenzija okvirja: 24 x 30 cm<\/em><\/h6>\n<\/li>\n<li>\n<h6><em>Omejena naklada 39\/100<\/em><\/h6>\n<\/li>\n<li>\n<h6><em>Vsa dela so podpisana, o\u0161tevil\u010dena in imajo vodni \u017eig avtorja<\/em><\/h6>\n<\/li>\n<\/ul>\n","protected":false},"featured_media":4349,"template":"","meta":{"_monsterinsights_skip_tracking":false,"_monsterinsights_sitenote_active":false,"_monsterinsights_sitenote_note":"","_monsterinsights_sitenote_category":0},"product_cat":[103,142],"product_tag":[1615,730,1484,146],"aioseo_notices":[],"yoast_head":"<!-- This site is optimized with the Yoast SEO plugin v22.1 - https:\/\/yoast.com\/wordpress\/plugins\/seo\/ -->\n<title>Bohinjski otepovci - Etnogalerija Skrina<\/title>\n<meta name=\"description\" content=\"Karel Zelenko - maske Bohinjski otepovci (grafika v okvirju). Sestava oseb je do vasi do vasi razli\u010dna. V Strari fu\u017eini gresta spredaj \u201ctrogar\u201d in \u201cmetlar\u201d.\" \/>\n<meta name=\"robots\" content=\"index, follow, max-snippet:-1, max-image-preview:large, max-video-preview:-1\" \/>\n<link rel=\"canonical\" href=\"https:\/\/skrina.si\/en\/product\/bohinjski-otepovci\/\" \/>\n<meta property=\"og:locale\" content=\"en_GB\" \/>\n<meta property=\"og:locale:alternate\" content=\"sl_SI\" \/>\n<meta property=\"og:type\" content=\"article\" \/>\n<meta property=\"og:title\" content=\"Bohinjski otepovci\" \/>\n<meta property=\"og:description\" content=\"Karel Zelenko - maske Bohinjski otepovci (grafika v okvirju). Sestava oseb je do vasi do vasi razli\u010dna. V Strari fu\u017eini gresta spredaj \u201ctrogar\u201d in \u201cmetlar\u201d.\" \/>\n<meta property=\"og:url\" content=\"https:\/\/skrina.si\/en\/product\/bohinjski-otepovci\/\" \/>\n<meta property=\"og:site_name\" content=\"Etnogalerija Skrina\" \/>\n<meta property=\"article:modified_time\" content=\"2026-04-14T19:55:40+00:00\" \/>\n<meta property=\"og:image\" content=\"https:\/\/skrina.si\/wp-content\/uploads\/2021\/08\/Karel-Zelenko_Maske_Bohinjski-otepovci-2.jpg\" \/>\n\t<meta property=\"og:image:width\" content=\"2000\" \/>\n\t<meta property=\"og:image:height\" content=\"1500\" \/>\n\t<meta property=\"og:image:type\" content=\"image\/jpeg\" \/>\n<meta name=\"twitter:card\" content=\"summary_large_image\" \/>\n<meta name=\"twitter:label1\" content=\"Estimated reading time\" \/>\n\t<meta name=\"twitter:data1\" content=\"1 minute\" \/>\n<script type=\"application\/ld+json\" class=\"yoast-schema-graph\">{\"@context\":\"https:\/\/schema.org\",\"@graph\":[{\"@type\":\"WebPage\",\"@id\":\"https:\/\/skrina.si\/en\/product\/bohinjski-otepovci\/\",\"url\":\"https:\/\/skrina.si\/en\/product\/bohinjski-otepovci\/\",\"name\":\"[:sl]Bohinjski otepovci[:] - Etnogalerija Skrina\",\"isPartOf\":{\"@id\":\"https:\/\/skrina.si\/en\/#website\"},\"datePublished\":\"2021-08-15T10:05:56+00:00\",\"dateModified\":\"2026-04-14T19:55:40+00:00\",\"description\":\"Karel Zelenko - maske Bohinjski otepovci (grafika v okvirju). Sestava oseb je do vasi do vasi razli\u010dna. V Strari fu\u017eini gresta spredaj \u201ctrogar\u201d in \u201cmetlar\u201d.\",\"breadcrumb\":{\"@id\":\"https:\/\/skrina.si\/en\/product\/bohinjski-otepovci\/#breadcrumb\"},\"inLanguage\":\"en-GB\",\"potentialAction\":[{\"@type\":\"ReadAction\",\"target\":[\"https:\/\/skrina.si\/en\/product\/bohinjski-otepovci\/\"]}]},{\"@type\":\"BreadcrumbList\",\"@id\":\"https:\/\/skrina.si\/en\/product\/bohinjski-otepovci\/#breadcrumb\",\"itemListElement\":[{\"@type\":\"ListItem\",\"position\":1,\"name\":\"Home\",\"item\":\"https:\/\/skrina.si\/en\/\"},{\"@type\":\"ListItem\",\"position\":2,\"name\":\"Shop\",\"item\":\"https:\/\/skrina.si\/shop\/\"},{\"@type\":\"ListItem\",\"position\":3,\"name\":\"Bohinjski otepovci\"}]},{\"@type\":\"WebSite\",\"@id\":\"https:\/\/skrina.si\/en\/#website\",\"url\":\"https:\/\/skrina.si\/en\/\",\"name\":\"Etnogalerija Skrina\",\"description\":\"Tradicija s posluhom\",\"potentialAction\":[{\"@type\":\"SearchAction\",\"target\":{\"@type\":\"EntryPoint\",\"urlTemplate\":\"https:\/\/skrina.si\/en\/?s={search_term_string}\"},\"query-input\":\"required name=search_term_string\"}],\"inLanguage\":\"en-GB\"}]}<\/script>\n<!-- \/ Yoast SEO plugin. -->","yoast_head_json":{"title":"Bohinjski otepovci - Etnogalerija Skrina","description":"Karel Zelenko - maske Bohinjski otepovci (grafika v okvirju). Sestava oseb je do vasi do vasi razli\u010dna. V Strari fu\u017eini gresta spredaj \u201ctrogar\u201d in \u201cmetlar\u201d.","robots":{"index":"index","follow":"follow","max-snippet":"max-snippet:-1","max-image-preview":"max-image-preview:large","max-video-preview":"max-video-preview:-1"},"canonical":"https:\/\/skrina.si\/en\/product\/bohinjski-otepovci\/","og_locale":"en_GB","og_type":"article","og_title":"[:sl]Bohinjski otepovci[:] - Etnogalerija Skrina","og_description":"Karel Zelenko - maske Bohinjski otepovci (grafika v okvirju). Sestava oseb je do vasi do vasi razli\u010dna. V Strari fu\u017eini gresta spredaj \u201ctrogar\u201d in \u201cmetlar\u201d.","og_url":"https:\/\/skrina.si\/en\/product\/bohinjski-otepovci\/","og_site_name":"Etnogalerija Skrina","article_modified_time":"2026-04-14T19:55:40+00:00","og_image":[{"width":2000,"height":1500,"url":"https:\/\/skrina.si\/wp-content\/uploads\/2021\/08\/Karel-Zelenko_Maske_Bohinjski-otepovci-2.jpg","type":"image\/jpeg"}],"twitter_card":"summary_large_image","twitter_misc":{"Estimated reading time":"1 minute"},"schema":{"@context":"https:\/\/schema.org","@graph":[{"@type":"WebPage","@id":"https:\/\/skrina.si\/en\/product\/bohinjski-otepovci\/","url":"https:\/\/skrina.si\/en\/product\/bohinjski-otepovci\/","name":"[:sl]Bohinjski otepovci[:] - Etnogalerija Skrina","isPartOf":{"@id":"https:\/\/skrina.si\/en\/#website"},"datePublished":"2021-08-15T10:05:56+00:00","dateModified":"2026-04-14T19:55:40+00:00","description":"Karel Zelenko - maske Bohinjski otepovci (grafika v okvirju). Sestava oseb je do vasi do vasi razli\u010dna. V Strari fu\u017eini gresta spredaj \u201ctrogar\u201d in \u201cmetlar\u201d.","breadcrumb":{"@id":"https:\/\/skrina.si\/en\/product\/bohinjski-otepovci\/#breadcrumb"},"inLanguage":"en-GB","potentialAction":[{"@type":"ReadAction","target":["https:\/\/skrina.si\/en\/product\/bohinjski-otepovci\/"]}]},{"@type":"BreadcrumbList","@id":"https:\/\/skrina.si\/en\/product\/bohinjski-otepovci\/#breadcrumb","itemListElement":[{"@type":"ListItem","position":1,"name":"Home","item":"https:\/\/skrina.si\/en\/"},{"@type":"ListItem","position":2,"name":"Shop","item":"https:\/\/skrina.si\/shop\/"},{"@type":"ListItem","position":3,"name":"Bohinjski otepovci"}]},{"@type":"WebSite","@id":"https:\/\/skrina.si\/en\/#website","url":"https:\/\/skrina.si\/en\/","name":"Etnogalerija Skrina","description":"Tradicija s posluhom","potentialAction":[{"@type":"SearchAction","target":{"@type":"EntryPoint","urlTemplate":"https:\/\/skrina.si\/en\/?s={search_term_string}"},"query-input":"required name=search_term_string"}],"inLanguage":"en-GB"}]}},"_links":{"self":[{"href":"https:\/\/skrina.si\/en\/wp-json\/wp\/v2\/product\/4348"}],"collection":[{"href":"https:\/\/skrina.si\/en\/wp-json\/wp\/v2\/product"}],"about":[{"href":"https:\/\/skrina.si\/en\/wp-json\/wp\/v2\/types\/product"}],"wp:featuredmedia":[{"embeddable":true,"href":"https:\/\/skrina.si\/en\/wp-json\/wp\/v2\/media\/4349"}],"wp:attachment":[{"href":"https:\/\/skrina.si\/en\/wp-json\/wp\/v2\/media?parent=4348"}],"wp:term":[{"taxonomy":"product_cat","embeddable":true,"href":"https:\/\/skrina.si\/en\/wp-json\/wp\/v2\/product_cat?post=4348"},{"taxonomy":"product_tag","embeddable":true,"href":"https:\/\/skrina.si\/en\/wp-json\/wp\/v2\/product_tag?post=4348"}],"curies":[{"name":"wp","href":"https:\/\/api.w.org\/{rel}","templated":true}]}}