{"id":4094,"date":"2021-08-11T14:39:07","date_gmt":"2021-08-11T14:39:07","guid":{"rendered":"https:\/\/skrina.si\/?post_type=product&#038;p=4094"},"modified":"2024-03-23T15:20:31","modified_gmt":"2024-03-23T14:20:31","slug":"na-oknu","status":"publish","type":"product","link":"https:\/\/skrina.si\/en\/product\/na-oknu\/","title":{"rendered":"Na oknu"},"content":{"rendered":"","protected":false},"excerpt":{"rendered":"<h5>Kerami\u010darka <strong><em>Zdenka Kastelic<\/em><\/strong> ima poleg svojega vsakdana \u0161e \u010disto svoj \u2013 pravlji\u010dni\u00a0 svet, kjer nastajajo\u00a0 hi\u0161e in gradovi; princi in princese; harlekini in gospodi\u010dne in druge podobe iz njenega sanjskega sveta.<\/h5>\n<h5>Vsak njen izdelek izra\u017ea del njene du\u0161e in prav vsak je druga\u010den, svoj in neponovljiv.<br \/>\nNjeni izdelki najdejo vedno nove \u010darobne poti v srca tistih, ki smo po <strong><em>du\u0161i ostali otroci.<\/em><\/strong><\/h5>\n<h6><em>Podrobnosti:<\/em><\/h6>\n<ul>\n<li>\n<h6><em>Velikost: 19 x 19 cm<\/em><\/h6>\n<\/li>\n<li>\n<h6><em>Material: Keramika<\/em><\/h6>\n<\/li>\n<li>\n<h6><em>V darilni embala\u017ei<\/em><\/h6>\n<\/li>\n<li>\n<h6><em>Oblikovano z ljubeznijo do detajlov<\/em><\/h6>\n<\/li>\n<li>\n<h6><strong><em>RO\u010cNO DELO<\/em><\/strong><\/h6>\n<\/li>\n<\/ul>\n","protected":false},"featured_media":14373,"template":"","meta":{"_monsterinsights_skip_tracking":false,"_monsterinsights_sitenote_active":false,"_monsterinsights_sitenote_note":"","_monsterinsights_sitenote_category":0},"product_cat":[39,123],"product_tag":[185],"aioseo_notices":[],"yoast_head":"<!-- This site is optimized with the Yoast SEO plugin v22.1 - https:\/\/yoast.com\/wordpress\/plugins\/seo\/ -->\n<title>Na oknu - Etnogalerija Skrina<\/title>\n<meta name=\"description\" content=\"Zdenka Kastelic - Harlekin v oknu. Kerami\u010darka se umika v svoj sanjski svet, kjer nastajajo angeli, gradovi in harlekini ter druge pravlji\u010dne podobe.\" \/>\n<meta name=\"robots\" content=\"index, follow, max-snippet:-1, max-image-preview:large, max-video-preview:-1\" \/>\n<link rel=\"canonical\" href=\"https:\/\/skrina.si\/en\/product\/na-oknu\/\" \/>\n<meta property=\"og:locale\" content=\"en_GB\" \/>\n<meta property=\"og:locale:alternate\" content=\"sl_SI\" \/>\n<meta property=\"og:type\" content=\"article\" \/>\n<meta property=\"og:title\" content=\"Na oknu\" \/>\n<meta property=\"og:description\" content=\"Zdenka Kastelic - Harlekin v oknu. Kerami\u010darka se umika v svoj sanjski svet, kjer nastajajo angeli, gradovi in harlekini ter druge pravlji\u010dne podobe.\" \/>\n<meta property=\"og:url\" content=\"https:\/\/skrina.si\/en\/product\/na-oknu\/\" \/>\n<meta property=\"og:site_name\" content=\"Etnogalerija Skrina\" \/>\n<meta property=\"article:modified_time\" content=\"2024-03-23T14:20:31+00:00\" \/>\n<meta property=\"og:image\" content=\"https:\/\/skrina.si\/wp-content\/uploads\/2021\/08\/Zdenka-Kastelic-Na-oknu.jpg\" \/>\n\t<meta property=\"og:image:width\" content=\"2000\" \/>\n\t<meta property=\"og:image:height\" content=\"1500\" \/>\n\t<meta property=\"og:image:type\" content=\"image\/jpeg\" \/>\n<meta name=\"twitter:card\" content=\"summary_large_image\" \/>\n<meta name=\"twitter:label1\" content=\"Estimated reading time\" \/>\n\t<meta name=\"twitter:data1\" content=\"1 minute\" \/>\n<script type=\"application\/ld+json\" class=\"yoast-schema-graph\">{\"@context\":\"https:\/\/schema.org\",\"@graph\":[{\"@type\":\"WebPage\",\"@id\":\"https:\/\/skrina.si\/en\/product\/na-oknu\/\",\"url\":\"https:\/\/skrina.si\/en\/product\/na-oknu\/\",\"name\":\"[:sl]Na oknu[:] - Etnogalerija Skrina\",\"isPartOf\":{\"@id\":\"https:\/\/skrina.si\/en\/#website\"},\"datePublished\":\"2021-08-11T14:39:07+00:00\",\"dateModified\":\"2024-03-23T14:20:31+00:00\",\"description\":\"Zdenka Kastelic - Harlekin v oknu. Kerami\u010darka se umika v svoj sanjski svet, kjer nastajajo angeli, gradovi in harlekini ter druge pravlji\u010dne podobe.\",\"breadcrumb\":{\"@id\":\"https:\/\/skrina.si\/en\/product\/na-oknu\/#breadcrumb\"},\"inLanguage\":\"en-GB\",\"potentialAction\":[{\"@type\":\"ReadAction\",\"target\":[\"https:\/\/skrina.si\/en\/product\/na-oknu\/\"]}]},{\"@type\":\"BreadcrumbList\",\"@id\":\"https:\/\/skrina.si\/en\/product\/na-oknu\/#breadcrumb\",\"itemListElement\":[{\"@type\":\"ListItem\",\"position\":1,\"name\":\"Home\",\"item\":\"https:\/\/skrina.si\/en\/\"},{\"@type\":\"ListItem\",\"position\":2,\"name\":\"Shop\",\"item\":\"https:\/\/skrina.si\/shop\/\"},{\"@type\":\"ListItem\",\"position\":3,\"name\":\"Na oknu\"}]},{\"@type\":\"WebSite\",\"@id\":\"https:\/\/skrina.si\/en\/#website\",\"url\":\"https:\/\/skrina.si\/en\/\",\"name\":\"Etnogalerija Skrina\",\"description\":\"Tradicija s posluhom\",\"potentialAction\":[{\"@type\":\"SearchAction\",\"target\":{\"@type\":\"EntryPoint\",\"urlTemplate\":\"https:\/\/skrina.si\/en\/?s={search_term_string}\"},\"query-input\":\"required name=search_term_string\"}],\"inLanguage\":\"en-GB\"}]}<\/script>\n<!-- \/ Yoast SEO plugin. -->","yoast_head_json":{"title":"Na oknu - Etnogalerija Skrina","description":"Zdenka Kastelic - Harlekin v oknu. Kerami\u010darka se umika v svoj sanjski svet, kjer nastajajo angeli, gradovi in harlekini ter druge pravlji\u010dne podobe.","robots":{"index":"index","follow":"follow","max-snippet":"max-snippet:-1","max-image-preview":"max-image-preview:large","max-video-preview":"max-video-preview:-1"},"canonical":"https:\/\/skrina.si\/en\/product\/na-oknu\/","og_locale":"en_GB","og_type":"article","og_title":"[:sl]Na oknu[:] - Etnogalerija Skrina","og_description":"Zdenka Kastelic - Harlekin v oknu. Kerami\u010darka se umika v svoj sanjski svet, kjer nastajajo angeli, gradovi in harlekini ter druge pravlji\u010dne podobe.","og_url":"https:\/\/skrina.si\/en\/product\/na-oknu\/","og_site_name":"Etnogalerija Skrina","article_modified_time":"2024-03-23T14:20:31+00:00","og_image":[{"width":2000,"height":1500,"url":"https:\/\/skrina.si\/wp-content\/uploads\/2021\/08\/Zdenka-Kastelic-Na-oknu.jpg","type":"image\/jpeg"}],"twitter_card":"summary_large_image","twitter_misc":{"Estimated reading time":"1 minute"},"schema":{"@context":"https:\/\/schema.org","@graph":[{"@type":"WebPage","@id":"https:\/\/skrina.si\/en\/product\/na-oknu\/","url":"https:\/\/skrina.si\/en\/product\/na-oknu\/","name":"[:sl]Na oknu[:] - Etnogalerija Skrina","isPartOf":{"@id":"https:\/\/skrina.si\/en\/#website"},"datePublished":"2021-08-11T14:39:07+00:00","dateModified":"2024-03-23T14:20:31+00:00","description":"Zdenka Kastelic - Harlekin v oknu. Kerami\u010darka se umika v svoj sanjski svet, kjer nastajajo angeli, gradovi in harlekini ter druge pravlji\u010dne podobe.","breadcrumb":{"@id":"https:\/\/skrina.si\/en\/product\/na-oknu\/#breadcrumb"},"inLanguage":"en-GB","potentialAction":[{"@type":"ReadAction","target":["https:\/\/skrina.si\/en\/product\/na-oknu\/"]}]},{"@type":"BreadcrumbList","@id":"https:\/\/skrina.si\/en\/product\/na-oknu\/#breadcrumb","itemListElement":[{"@type":"ListItem","position":1,"name":"Home","item":"https:\/\/skrina.si\/en\/"},{"@type":"ListItem","position":2,"name":"Shop","item":"https:\/\/skrina.si\/shop\/"},{"@type":"ListItem","position":3,"name":"Na oknu"}]},{"@type":"WebSite","@id":"https:\/\/skrina.si\/en\/#website","url":"https:\/\/skrina.si\/en\/","name":"Etnogalerija Skrina","description":"Tradicija s posluhom","potentialAction":[{"@type":"SearchAction","target":{"@type":"EntryPoint","urlTemplate":"https:\/\/skrina.si\/en\/?s={search_term_string}"},"query-input":"required name=search_term_string"}],"inLanguage":"en-GB"}]}},"_links":{"self":[{"href":"https:\/\/skrina.si\/en\/wp-json\/wp\/v2\/product\/4094"}],"collection":[{"href":"https:\/\/skrina.si\/en\/wp-json\/wp\/v2\/product"}],"about":[{"href":"https:\/\/skrina.si\/en\/wp-json\/wp\/v2\/types\/product"}],"wp:featuredmedia":[{"embeddable":true,"href":"https:\/\/skrina.si\/en\/wp-json\/wp\/v2\/media\/14373"}],"wp:attachment":[{"href":"https:\/\/skrina.si\/en\/wp-json\/wp\/v2\/media?parent=4094"}],"wp:term":[{"taxonomy":"product_cat","embeddable":true,"href":"https:\/\/skrina.si\/en\/wp-json\/wp\/v2\/product_cat?post=4094"},{"taxonomy":"product_tag","embeddable":true,"href":"https:\/\/skrina.si\/en\/wp-json\/wp\/v2\/product_tag?post=4094"}],"curies":[{"name":"wp","href":"https:\/\/api.w.org\/{rel}","templated":true}]}}