{"id":4042,"date":"2021-08-10T15:18:17","date_gmt":"2021-08-10T15:18:17","guid":{"rendered":"https:\/\/skrina.si\/?post_type=product&#038;p=4042"},"modified":"2024-05-16T10:29:05","modified_gmt":"2024-05-16T08:29:05","slug":"simbioza","status":"publish","type":"product","link":"https:\/\/skrina.si\/en\/product\/simbioza\/","title":{"rendered":"Simbioza"},"content":{"rendered":"","protected":false},"excerpt":{"rendered":"<h5 style=\"text-align: justify;\">Umetnik <strong>Rok Zelenko<\/strong> se udejstvuje kot slikar, keramik in grafik. Po kon\u010dani Akademiji za likovno umetnost v Ljubljani je njegov dom postal <strong>Gro\u017enjan.<\/strong> Vznemirja ga <strong>barvitost<\/strong>, s katero gradi svoje slikarske podobe in jim vdihuje \u017eivljenje.<\/h5>\n<h5 style=\"text-align: justify;\">V njegovih likih se prepleteta resni\u010dnost in domi\u0161ljija, dedi\u0161\u010dina in sodobnost.<\/h5>\n<h6><em>Podrobnosti:<\/em><\/h6>\n<ul>\n<li>\n<h6><em>Stenski kro\u017enik: premer 25 cm<\/em><\/h6>\n<\/li>\n<li>\n<h6><em>Material: Keramika<\/em><\/h6>\n<\/li>\n<li>\n<h6><em>V darilni embala\u017ei<\/em><\/h6>\n<\/li>\n<li>\n<h6><em>Oblikovano z ljubeznijo do detajlov<\/em><\/h6>\n<\/li>\n<li>\n<h6><strong><em>RO\u010cNO DELO<\/em><\/strong><\/h6>\n<\/li>\n<\/ul>\n","protected":false},"featured_media":4044,"template":"","meta":{"_monsterinsights_skip_tracking":false,"_monsterinsights_sitenote_active":false,"_monsterinsights_sitenote_note":"","_monsterinsights_sitenote_category":0},"product_cat":[39,118],"product_tag":[],"aioseo_notices":[],"yoast_head":"<!-- This site is optimized with the Yoast SEO plugin v22.1 - https:\/\/yoast.com\/wordpress\/plugins\/seo\/ -->\n<title>Simbioza - Etnogalerija Skrina<\/title>\n<meta name=\"description\" content=\"Rok Zelenko - stenski kro\u017enik Simbioza. Gro\u017enjan je vir njegovih inspiracij, kjer s svojimi slikami bele\u017ei zgodovinsko-etnografsko dogajanje.\" \/>\n<meta name=\"robots\" content=\"index, follow, max-snippet:-1, max-image-preview:large, max-video-preview:-1\" \/>\n<link rel=\"canonical\" href=\"https:\/\/skrina.si\/en\/product\/simbioza\/\" \/>\n<meta property=\"og:locale\" content=\"en_GB\" \/>\n<meta property=\"og:locale:alternate\" content=\"sl_SI\" \/>\n<meta property=\"og:type\" content=\"article\" \/>\n<meta property=\"og:title\" content=\"Simbioza\" \/>\n<meta property=\"og:description\" content=\"Rok Zelenko - stenski kro\u017enik Simbioza. Gro\u017enjan je vir njegovih inspiracij, kjer s svojimi slikami bele\u017ei zgodovinsko-etnografsko dogajanje.\" \/>\n<meta property=\"og:url\" content=\"https:\/\/skrina.si\/en\/product\/simbioza\/\" \/>\n<meta property=\"og:site_name\" content=\"Etnogalerija Skrina\" \/>\n<meta property=\"article:modified_time\" content=\"2024-05-16T08:29:05+00:00\" \/>\n<meta property=\"og:image\" content=\"https:\/\/skrina.si\/wp-content\/uploads\/2021\/08\/Rok-Zelenko-kroznik-simbioza.jpg\" \/>\n\t<meta property=\"og:image:width\" content=\"2001\" \/>\n\t<meta property=\"og:image:height\" content=\"1500\" \/>\n\t<meta property=\"og:image:type\" content=\"image\/jpeg\" \/>\n<meta name=\"twitter:card\" content=\"summary_large_image\" \/>\n<meta name=\"twitter:label1\" content=\"Estimated reading time\" \/>\n\t<meta name=\"twitter:data1\" content=\"1 minute\" \/>\n<script type=\"application\/ld+json\" class=\"yoast-schema-graph\">{\"@context\":\"https:\/\/schema.org\",\"@graph\":[{\"@type\":\"WebPage\",\"@id\":\"https:\/\/skrina.si\/en\/product\/simbioza\/\",\"url\":\"https:\/\/skrina.si\/en\/product\/simbioza\/\",\"name\":\"[:en]Simbioza[:sl]Simbioza[:] - Etnogalerija Skrina\",\"isPartOf\":{\"@id\":\"https:\/\/skrina.si\/en\/#website\"},\"datePublished\":\"2021-08-10T15:18:17+00:00\",\"dateModified\":\"2024-05-16T08:29:05+00:00\",\"description\":\"Rok Zelenko - stenski kro\u017enik Simbioza. Gro\u017enjan je vir njegovih inspiracij, kjer s svojimi slikami bele\u017ei zgodovinsko-etnografsko dogajanje.\",\"breadcrumb\":{\"@id\":\"https:\/\/skrina.si\/en\/product\/simbioza\/#breadcrumb\"},\"inLanguage\":\"en-GB\",\"potentialAction\":[{\"@type\":\"ReadAction\",\"target\":[\"https:\/\/skrina.si\/en\/product\/simbioza\/\"]}]},{\"@type\":\"BreadcrumbList\",\"@id\":\"https:\/\/skrina.si\/en\/product\/simbioza\/#breadcrumb\",\"itemListElement\":[{\"@type\":\"ListItem\",\"position\":1,\"name\":\"Home\",\"item\":\"https:\/\/skrina.si\/en\/\"},{\"@type\":\"ListItem\",\"position\":2,\"name\":\"Shop\",\"item\":\"https:\/\/skrina.si\/shop\/\"},{\"@type\":\"ListItem\",\"position\":3,\"name\":\"Simbioza\"}]},{\"@type\":\"WebSite\",\"@id\":\"https:\/\/skrina.si\/en\/#website\",\"url\":\"https:\/\/skrina.si\/en\/\",\"name\":\"Etnogalerija Skrina\",\"description\":\"Tradicija s posluhom\",\"potentialAction\":[{\"@type\":\"SearchAction\",\"target\":{\"@type\":\"EntryPoint\",\"urlTemplate\":\"https:\/\/skrina.si\/en\/?s={search_term_string}\"},\"query-input\":\"required name=search_term_string\"}],\"inLanguage\":\"en-GB\"}]}<\/script>\n<!-- \/ Yoast SEO plugin. -->","yoast_head_json":{"title":"Simbioza - Etnogalerija Skrina","description":"Rok Zelenko - stenski kro\u017enik Simbioza. Gro\u017enjan je vir njegovih inspiracij, kjer s svojimi slikami bele\u017ei zgodovinsko-etnografsko dogajanje.","robots":{"index":"index","follow":"follow","max-snippet":"max-snippet:-1","max-image-preview":"max-image-preview:large","max-video-preview":"max-video-preview:-1"},"canonical":"https:\/\/skrina.si\/en\/product\/simbioza\/","og_locale":"en_GB","og_type":"article","og_title":"[:en]Simbioza[:sl]Simbioza[:] - Etnogalerija Skrina","og_description":"Rok Zelenko - stenski kro\u017enik Simbioza. Gro\u017enjan je vir njegovih inspiracij, kjer s svojimi slikami bele\u017ei zgodovinsko-etnografsko dogajanje.","og_url":"https:\/\/skrina.si\/en\/product\/simbioza\/","og_site_name":"Etnogalerija Skrina","article_modified_time":"2024-05-16T08:29:05+00:00","og_image":[{"width":2001,"height":1500,"url":"https:\/\/skrina.si\/wp-content\/uploads\/2021\/08\/Rok-Zelenko-kroznik-simbioza.jpg","type":"image\/jpeg"}],"twitter_card":"summary_large_image","twitter_misc":{"Estimated reading time":"1 minute"},"schema":{"@context":"https:\/\/schema.org","@graph":[{"@type":"WebPage","@id":"https:\/\/skrina.si\/en\/product\/simbioza\/","url":"https:\/\/skrina.si\/en\/product\/simbioza\/","name":"[:en]Simbioza[:sl]Simbioza[:] - Etnogalerija Skrina","isPartOf":{"@id":"https:\/\/skrina.si\/en\/#website"},"datePublished":"2021-08-10T15:18:17+00:00","dateModified":"2024-05-16T08:29:05+00:00","description":"Rok Zelenko - stenski kro\u017enik Simbioza. Gro\u017enjan je vir njegovih inspiracij, kjer s svojimi slikami bele\u017ei zgodovinsko-etnografsko dogajanje.","breadcrumb":{"@id":"https:\/\/skrina.si\/en\/product\/simbioza\/#breadcrumb"},"inLanguage":"en-GB","potentialAction":[{"@type":"ReadAction","target":["https:\/\/skrina.si\/en\/product\/simbioza\/"]}]},{"@type":"BreadcrumbList","@id":"https:\/\/skrina.si\/en\/product\/simbioza\/#breadcrumb","itemListElement":[{"@type":"ListItem","position":1,"name":"Home","item":"https:\/\/skrina.si\/en\/"},{"@type":"ListItem","position":2,"name":"Shop","item":"https:\/\/skrina.si\/shop\/"},{"@type":"ListItem","position":3,"name":"Simbioza"}]},{"@type":"WebSite","@id":"https:\/\/skrina.si\/en\/#website","url":"https:\/\/skrina.si\/en\/","name":"Etnogalerija Skrina","description":"Tradicija s posluhom","potentialAction":[{"@type":"SearchAction","target":{"@type":"EntryPoint","urlTemplate":"https:\/\/skrina.si\/en\/?s={search_term_string}"},"query-input":"required name=search_term_string"}],"inLanguage":"en-GB"}]}},"_links":{"self":[{"href":"https:\/\/skrina.si\/en\/wp-json\/wp\/v2\/product\/4042"}],"collection":[{"href":"https:\/\/skrina.si\/en\/wp-json\/wp\/v2\/product"}],"about":[{"href":"https:\/\/skrina.si\/en\/wp-json\/wp\/v2\/types\/product"}],"wp:featuredmedia":[{"embeddable":true,"href":"https:\/\/skrina.si\/en\/wp-json\/wp\/v2\/media\/4044"}],"wp:attachment":[{"href":"https:\/\/skrina.si\/en\/wp-json\/wp\/v2\/media?parent=4042"}],"wp:term":[{"taxonomy":"product_cat","embeddable":true,"href":"https:\/\/skrina.si\/en\/wp-json\/wp\/v2\/product_cat?post=4042"},{"taxonomy":"product_tag","embeddable":true,"href":"https:\/\/skrina.si\/en\/wp-json\/wp\/v2\/product_tag?post=4042"}],"curies":[{"name":"wp","href":"https:\/\/api.w.org\/{rel}","templated":true}]}}