{"id":3887,"date":"2021-08-08T19:49:27","date_gmt":"2021-08-08T19:49:27","guid":{"rendered":"https:\/\/skrina.si\/?post_type=product&#038;p=3887"},"modified":"2024-05-03T08:53:57","modified_gmt":"2024-05-03T06:53:57","slug":"broske-2","status":"publish","type":"product","link":"https:\/\/skrina.si\/en\/product\/broske-2\/","title":{"rendered":"Klekljana \u010dipka &#8211; bro\u0161ke"},"content":{"rendered":"<h5><\/h5>\n<p>&nbsp;<\/p>\n","protected":false},"excerpt":{"rendered":"<h5>Klekljanje\u00a0 je bilo nekdaj doma\u010da oziroma hi\u0161na dejavnost, s katero so se ukvarjale predvsem \u017eenske\u00a0 na pode\u017eelju in na ta na\u010din pre\u017eivljale dru\u017eino. Izdelki iz klekljane \u010dipke so bili tudi spremljevalci \u0161tevilnih <strong><em>\u0161eg in navad<\/em><\/strong>, od krsta do poroke in smrti. Leta <strong><em>1963 <\/em><\/strong>je v na\u0161ih krajih delalo \u0161e <strong><em>13 tiso\u010d klekljaric<\/em><\/strong>, v zadnjem desetletju pa je klekljanje skoraj zamrlo. Zato je \u0161e toliko bolj razveseljivo, da je v zadnjem \u010dasu vse ve\u010d oblikovalcev, ki klekljarske vzorce uporabljajo pri <strong><em>sodobno oblikovanih izdelkih. <\/em><\/strong>Pri tem uporabljajo nekatere stare, paj\u010devinaste vzorce, ki so bili stkani iz <strong><em>tankih, \u0161e tanj\u0161ih in najtanj\u0161ih niti<\/em><\/strong> in je moral biti ovratnik dame \u00bbsamo dah\u00ab.<\/h5>\n<h6><em>Podrobnosti:<\/em><\/h6>\n<ul>\n<li>\n<h6>Bro\u0161ke z visokokakovostno ro\u010dno klekljano \u010dipko in kristalom Swarovski<\/h6>\n<\/li>\n<li>\n<h6>Mere izdelka: premer 3 cm &#8211; 5 cm<\/h6>\n<\/li>\n<li>\n<h6>Embalirano v li\u010dni darilni kartonski embala\u017ei<\/h6>\n<\/li>\n<li>\n<h6>Barva: razli\u010dni barvni odtenki.<\/h6>\n<\/li>\n<li>\n<h6>Material: kovina in kovinska nitka<\/h6>\n<\/li>\n<li>\n<h6>Narejeno z natan\u010dnostjo, potrpe\u017eljivostjo in ljubeznijo do tradicije<\/h6>\n<\/li>\n<li>\n<h6><strong>Idealno darilo za ljubiteljice \u010dipke in ljudskega izro\u010dila<\/strong><\/h6>\n<\/li>\n<\/ul>\n","protected":false},"featured_media":14439,"template":"","meta":{"_monsterinsights_skip_tracking":false,"_monsterinsights_sitenote_active":false,"_monsterinsights_sitenote_note":"","_monsterinsights_sitenote_category":0},"product_cat":[103,1202],"product_tag":[226,322,55],"aioseo_notices":[],"yoast_head":"<!-- This site is optimized with the Yoast SEO plugin v22.1 - https:\/\/yoast.com\/wordpress\/plugins\/seo\/ -->\n<title>Klekljana \u010dipka - Bro\u0161ke - Etnogalerija Skrina<\/title>\n<meta name=\"description\" content=\"Bro\u0161ke z visokokakovostno ro\u010dno klekljano \u010dipko in kristalom Swarovski; Idealno darilo za ljubiteljice \u010dipke in ljudskega izro\u010dila\" \/>\n<meta name=\"robots\" content=\"index, follow, max-snippet:-1, max-image-preview:large, max-video-preview:-1\" \/>\n<link rel=\"canonical\" href=\"https:\/\/skrina.si\/en\/product\/broske-2\/\" \/>\n<meta property=\"og:locale\" content=\"en_GB\" \/>\n<meta property=\"og:locale:alternate\" content=\"sl_SI\" \/>\n<meta property=\"og:type\" content=\"article\" \/>\n<meta property=\"og:title\" content=\"Klekljana \u010dipka - bro\u0161ke\" \/>\n<meta property=\"og:description\" content=\"Bro\u0161ke z visokokakovostno ro\u010dno klekljano \u010dipko in kristalom Swarovski; Idealno darilo za ljubiteljice \u010dipke in ljudskega izro\u010dila\" \/>\n<meta property=\"og:url\" content=\"https:\/\/skrina.si\/en\/product\/broske-2\/\" \/>\n<meta property=\"og:site_name\" content=\"Etnogalerija Skrina\" \/>\n<meta property=\"article:modified_time\" content=\"2024-05-03T06:53:57+00:00\" \/>\n<meta property=\"og:image\" content=\"https:\/\/skrina.si\/wp-content\/uploads\/2021\/08\/cipka-nakit-btoske.jpg\" \/>\n\t<meta property=\"og:image:width\" content=\"2000\" \/>\n\t<meta property=\"og:image:height\" content=\"1500\" \/>\n\t<meta property=\"og:image:type\" content=\"image\/jpeg\" \/>\n<meta name=\"twitter:card\" content=\"summary_large_image\" \/>\n<meta name=\"twitter:label1\" content=\"Estimated reading time\" \/>\n\t<meta name=\"twitter:data1\" content=\"1 minute\" \/>\n<script type=\"application\/ld+json\" class=\"yoast-schema-graph\">{\"@context\":\"https:\/\/schema.org\",\"@graph\":[{\"@type\":\"WebPage\",\"@id\":\"https:\/\/skrina.si\/en\/product\/broske-2\/\",\"url\":\"https:\/\/skrina.si\/en\/product\/broske-2\/\",\"name\":\"[:en]Klekljana \u010dipka - bro\u0161ke[:sl]Bro\u0161ke[:] - Etnogalerija Skrina\",\"isPartOf\":{\"@id\":\"https:\/\/skrina.si\/en\/#website\"},\"datePublished\":\"2021-08-08T19:49:27+00:00\",\"dateModified\":\"2024-05-03T06:53:57+00:00\",\"description\":\"Bro\u0161ke z visokokakovostno ro\u010dno klekljano \u010dipko in kristalom Swarovski; Idealno darilo za ljubiteljice \u010dipke in ljudskega izro\u010dila\",\"breadcrumb\":{\"@id\":\"https:\/\/skrina.si\/en\/product\/broske-2\/#breadcrumb\"},\"inLanguage\":\"en-GB\",\"potentialAction\":[{\"@type\":\"ReadAction\",\"target\":[\"https:\/\/skrina.si\/en\/product\/broske-2\/\"]}]},{\"@type\":\"BreadcrumbList\",\"@id\":\"https:\/\/skrina.si\/en\/product\/broske-2\/#breadcrumb\",\"itemListElement\":[{\"@type\":\"ListItem\",\"position\":1,\"name\":\"Home\",\"item\":\"https:\/\/skrina.si\/en\/\"},{\"@type\":\"ListItem\",\"position\":2,\"name\":\"Shop\",\"item\":\"https:\/\/skrina.si\/shop\/\"},{\"@type\":\"ListItem\",\"position\":3,\"name\":\"Bro\u0161ke\"}]},{\"@type\":\"WebSite\",\"@id\":\"https:\/\/skrina.si\/en\/#website\",\"url\":\"https:\/\/skrina.si\/en\/\",\"name\":\"Etnogalerija Skrina\",\"description\":\"Tradicija s posluhom\",\"potentialAction\":[{\"@type\":\"SearchAction\",\"target\":{\"@type\":\"EntryPoint\",\"urlTemplate\":\"https:\/\/skrina.si\/en\/?s={search_term_string}\"},\"query-input\":\"required name=search_term_string\"}],\"inLanguage\":\"en-GB\"}]}<\/script>\n<!-- \/ Yoast SEO plugin. -->","yoast_head_json":{"title":"Klekljana \u010dipka - Bro\u0161ke - Etnogalerija Skrina","description":"Bro\u0161ke z visokokakovostno ro\u010dno klekljano \u010dipko in kristalom Swarovski; Idealno darilo za ljubiteljice \u010dipke in ljudskega izro\u010dila","robots":{"index":"index","follow":"follow","max-snippet":"max-snippet:-1","max-image-preview":"max-image-preview:large","max-video-preview":"max-video-preview:-1"},"canonical":"https:\/\/skrina.si\/en\/product\/broske-2\/","og_locale":"en_GB","og_type":"article","og_title":"[:en]Klekljana \u010dipka - bro\u0161ke[:sl]Bro\u0161ke[:] - Etnogalerija Skrina","og_description":"Bro\u0161ke z visokokakovostno ro\u010dno klekljano \u010dipko in kristalom Swarovski; Idealno darilo za ljubiteljice \u010dipke in ljudskega izro\u010dila","og_url":"https:\/\/skrina.si\/en\/product\/broske-2\/","og_site_name":"Etnogalerija Skrina","article_modified_time":"2024-05-03T06:53:57+00:00","og_image":[{"width":2000,"height":1500,"url":"https:\/\/skrina.si\/wp-content\/uploads\/2021\/08\/cipka-nakit-btoske.jpg","type":"image\/jpeg"}],"twitter_card":"summary_large_image","twitter_misc":{"Estimated reading time":"1 minute"},"schema":{"@context":"https:\/\/schema.org","@graph":[{"@type":"WebPage","@id":"https:\/\/skrina.si\/en\/product\/broske-2\/","url":"https:\/\/skrina.si\/en\/product\/broske-2\/","name":"[:en]Klekljana \u010dipka - bro\u0161ke[:sl]Bro\u0161ke[:] - Etnogalerija Skrina","isPartOf":{"@id":"https:\/\/skrina.si\/en\/#website"},"datePublished":"2021-08-08T19:49:27+00:00","dateModified":"2024-05-03T06:53:57+00:00","description":"Bro\u0161ke z visokokakovostno ro\u010dno klekljano \u010dipko in kristalom Swarovski; Idealno darilo za ljubiteljice \u010dipke in ljudskega izro\u010dila","breadcrumb":{"@id":"https:\/\/skrina.si\/en\/product\/broske-2\/#breadcrumb"},"inLanguage":"en-GB","potentialAction":[{"@type":"ReadAction","target":["https:\/\/skrina.si\/en\/product\/broske-2\/"]}]},{"@type":"BreadcrumbList","@id":"https:\/\/skrina.si\/en\/product\/broske-2\/#breadcrumb","itemListElement":[{"@type":"ListItem","position":1,"name":"Home","item":"https:\/\/skrina.si\/en\/"},{"@type":"ListItem","position":2,"name":"Shop","item":"https:\/\/skrina.si\/shop\/"},{"@type":"ListItem","position":3,"name":"Bro\u0161ke"}]},{"@type":"WebSite","@id":"https:\/\/skrina.si\/en\/#website","url":"https:\/\/skrina.si\/en\/","name":"Etnogalerija Skrina","description":"Tradicija s posluhom","potentialAction":[{"@type":"SearchAction","target":{"@type":"EntryPoint","urlTemplate":"https:\/\/skrina.si\/en\/?s={search_term_string}"},"query-input":"required name=search_term_string"}],"inLanguage":"en-GB"}]}},"_links":{"self":[{"href":"https:\/\/skrina.si\/en\/wp-json\/wp\/v2\/product\/3887"}],"collection":[{"href":"https:\/\/skrina.si\/en\/wp-json\/wp\/v2\/product"}],"about":[{"href":"https:\/\/skrina.si\/en\/wp-json\/wp\/v2\/types\/product"}],"wp:featuredmedia":[{"embeddable":true,"href":"https:\/\/skrina.si\/en\/wp-json\/wp\/v2\/media\/14439"}],"wp:attachment":[{"href":"https:\/\/skrina.si\/en\/wp-json\/wp\/v2\/media?parent=3887"}],"wp:term":[{"taxonomy":"product_cat","embeddable":true,"href":"https:\/\/skrina.si\/en\/wp-json\/wp\/v2\/product_cat?post=3887"},{"taxonomy":"product_tag","embeddable":true,"href":"https:\/\/skrina.si\/en\/wp-json\/wp\/v2\/product_tag?post=3887"}],"curies":[{"name":"wp","href":"https:\/\/api.w.org\/{rel}","templated":true}]}}