{"id":3632,"date":"2021-07-15T10:05:48","date_gmt":"2021-07-15T10:05:48","guid":{"rendered":"https:\/\/skrina.si\/?post_type=product&#038;p=3632"},"modified":"2024-04-13T12:49:33","modified_gmt":"2024-04-13T10:49:33","slug":"skodelica-macka","status":"publish","type":"product","link":"https:\/\/skrina.si\/en\/product\/skodelica-macka\/","title":{"rendered":"Skodelica ma\u010dka"},"content":{"rendered":"","protected":false},"excerpt":{"rendered":"<h5>Glina omogo\u010da \u0161irok razpon ustvarjalnosti, od uporabnih izdelkov, do razli\u010dnih dekorativnih re\u0161itev.<\/h5>\n<h5>Oblikovalka\u00a0<strong>Dubrovka \u0160orel<\/strong>\u00a0posku\u0161a zdru\u017eiti oba na\u010dina in nekaterim uporabnim predmetom (skodelica, pladenj, posoda, skleda) poiskati novo, \u0161e ne videno obliko.<\/h5>\n<h6><em>Podrobnosti:<\/em><\/h6>\n<ul>\n<li>\n<h6><em>Kro\u017enik: premer 12 cm<\/em><\/h6>\n<\/li>\n<li>\n<h6>Skodelica: 11 x 6 cm<\/h6>\n<\/li>\n<li>\n<h6><em>Prostornina: 0,2 l<\/em><\/h6>\n<\/li>\n<li>\n<h6><em>Material: Keramika<\/em><\/h6>\n<\/li>\n<li>\n<h6><em>V darilni embala\u017ei<\/em><\/h6>\n<\/li>\n<li>\n<h6><em>Oblikovano z ljubeznijo do detajlov<\/em><\/h6>\n<\/li>\n<li>\n<h6><em>Idealno darilo za ljubitelje ma\u010dk<\/em><\/h6>\n<\/li>\n<li>\n<h6><strong><em>RO\u010cNO DELO<\/em><\/strong><\/h6>\n<\/li>\n<\/ul>\n","protected":false},"featured_media":14932,"template":"","meta":{"_monsterinsights_skip_tracking":false,"_monsterinsights_sitenote_active":false,"_monsterinsights_sitenote_note":"","_monsterinsights_sitenote_category":0},"product_cat":[212,39],"product_tag":[293],"aioseo_notices":[],"yoast_head":"<!-- This site is optimized with the Yoast SEO plugin v22.1 - https:\/\/yoast.com\/wordpress\/plugins\/seo\/ -->\n<title>Skodelica ma\u010dka - Etnogalerija Skrina<\/title>\n<meta name=\"description\" content=\"Ro\u010dno oblikovane podobe ma\u010dk nosijo v sebi tako eleganco, kot skrivnostnost in so zrcalni odsev ustvarjalkinega odnosa do teh neodvisnih bitij.\" \/>\n<meta name=\"robots\" content=\"index, follow, max-snippet:-1, max-image-preview:large, max-video-preview:-1\" \/>\n<link rel=\"canonical\" href=\"https:\/\/skrina.si\/en\/product\/skodelica-macka\/\" \/>\n<meta property=\"og:locale\" content=\"en_GB\" \/>\n<meta property=\"og:locale:alternate\" content=\"sl_SI\" \/>\n<meta property=\"og:type\" content=\"article\" \/>\n<meta property=\"og:title\" content=\"Skodelica ma\u010dka\" \/>\n<meta property=\"og:description\" content=\"Ro\u010dno oblikovane podobe ma\u010dk nosijo v sebi tako eleganco, kot skrivnostnost in so zrcalni odsev ustvarjalkinega odnosa do teh neodvisnih bitij.\" \/>\n<meta property=\"og:url\" content=\"https:\/\/skrina.si\/en\/product\/skodelica-macka\/\" \/>\n<meta property=\"og:site_name\" content=\"Etnogalerija Skrina\" \/>\n<meta property=\"article:modified_time\" content=\"2024-04-13T10:49:33+00:00\" \/>\n<meta property=\"og:image\" content=\"https:\/\/skrina.si\/wp-content\/uploads\/2021\/07\/MACKE-SOREL-2.jpg\" \/>\n\t<meta property=\"og:image:width\" content=\"2000\" \/>\n\t<meta property=\"og:image:height\" content=\"1500\" \/>\n\t<meta property=\"og:image:type\" content=\"image\/jpeg\" \/>\n<meta name=\"twitter:card\" content=\"summary_large_image\" \/>\n<meta name=\"twitter:label1\" content=\"Estimated reading time\" \/>\n\t<meta name=\"twitter:data1\" content=\"1 minute\" \/>\n<script type=\"application\/ld+json\" class=\"yoast-schema-graph\">{\"@context\":\"https:\/\/schema.org\",\"@graph\":[{\"@type\":\"WebPage\",\"@id\":\"https:\/\/skrina.si\/en\/product\/skodelica-macka\/\",\"url\":\"https:\/\/skrina.si\/en\/product\/skodelica-macka\/\",\"name\":\"[:sl]Skodelica ma\u010dka[:] - Etnogalerija Skrina\",\"isPartOf\":{\"@id\":\"https:\/\/skrina.si\/en\/#website\"},\"datePublished\":\"2021-07-15T10:05:48+00:00\",\"dateModified\":\"2024-04-13T10:49:33+00:00\",\"description\":\"Ro\u010dno oblikovane podobe ma\u010dk nosijo v sebi tako eleganco, kot skrivnostnost in so zrcalni odsev ustvarjalkinega odnosa do teh neodvisnih bitij.\",\"breadcrumb\":{\"@id\":\"https:\/\/skrina.si\/en\/product\/skodelica-macka\/#breadcrumb\"},\"inLanguage\":\"en-GB\",\"potentialAction\":[{\"@type\":\"ReadAction\",\"target\":[\"https:\/\/skrina.si\/en\/product\/skodelica-macka\/\"]}]},{\"@type\":\"BreadcrumbList\",\"@id\":\"https:\/\/skrina.si\/en\/product\/skodelica-macka\/#breadcrumb\",\"itemListElement\":[{\"@type\":\"ListItem\",\"position\":1,\"name\":\"Home\",\"item\":\"https:\/\/skrina.si\/en\/\"},{\"@type\":\"ListItem\",\"position\":2,\"name\":\"Shop\",\"item\":\"https:\/\/skrina.si\/shop\/\"},{\"@type\":\"ListItem\",\"position\":3,\"name\":\"Skodelica ma\u010dka\"}]},{\"@type\":\"WebSite\",\"@id\":\"https:\/\/skrina.si\/en\/#website\",\"url\":\"https:\/\/skrina.si\/en\/\",\"name\":\"Etnogalerija Skrina\",\"description\":\"Tradicija s posluhom\",\"potentialAction\":[{\"@type\":\"SearchAction\",\"target\":{\"@type\":\"EntryPoint\",\"urlTemplate\":\"https:\/\/skrina.si\/en\/?s={search_term_string}\"},\"query-input\":\"required name=search_term_string\"}],\"inLanguage\":\"en-GB\"}]}<\/script>\n<!-- \/ Yoast SEO plugin. -->","yoast_head_json":{"title":"Skodelica ma\u010dka - Etnogalerija Skrina","description":"Ro\u010dno oblikovane podobe ma\u010dk nosijo v sebi tako eleganco, kot skrivnostnost in so zrcalni odsev ustvarjalkinega odnosa do teh neodvisnih bitij.","robots":{"index":"index","follow":"follow","max-snippet":"max-snippet:-1","max-image-preview":"max-image-preview:large","max-video-preview":"max-video-preview:-1"},"canonical":"https:\/\/skrina.si\/en\/product\/skodelica-macka\/","og_locale":"en_GB","og_type":"article","og_title":"[:sl]Skodelica ma\u010dka[:] - Etnogalerija Skrina","og_description":"Ro\u010dno oblikovane podobe ma\u010dk nosijo v sebi tako eleganco, kot skrivnostnost in so zrcalni odsev ustvarjalkinega odnosa do teh neodvisnih bitij.","og_url":"https:\/\/skrina.si\/en\/product\/skodelica-macka\/","og_site_name":"Etnogalerija Skrina","article_modified_time":"2024-04-13T10:49:33+00:00","og_image":[{"width":2000,"height":1500,"url":"https:\/\/skrina.si\/wp-content\/uploads\/2021\/07\/MACKE-SOREL-2.jpg","type":"image\/jpeg"}],"twitter_card":"summary_large_image","twitter_misc":{"Estimated reading time":"1 minute"},"schema":{"@context":"https:\/\/schema.org","@graph":[{"@type":"WebPage","@id":"https:\/\/skrina.si\/en\/product\/skodelica-macka\/","url":"https:\/\/skrina.si\/en\/product\/skodelica-macka\/","name":"[:sl]Skodelica ma\u010dka[:] - Etnogalerija Skrina","isPartOf":{"@id":"https:\/\/skrina.si\/en\/#website"},"datePublished":"2021-07-15T10:05:48+00:00","dateModified":"2024-04-13T10:49:33+00:00","description":"Ro\u010dno oblikovane podobe ma\u010dk nosijo v sebi tako eleganco, kot skrivnostnost in so zrcalni odsev ustvarjalkinega odnosa do teh neodvisnih bitij.","breadcrumb":{"@id":"https:\/\/skrina.si\/en\/product\/skodelica-macka\/#breadcrumb"},"inLanguage":"en-GB","potentialAction":[{"@type":"ReadAction","target":["https:\/\/skrina.si\/en\/product\/skodelica-macka\/"]}]},{"@type":"BreadcrumbList","@id":"https:\/\/skrina.si\/en\/product\/skodelica-macka\/#breadcrumb","itemListElement":[{"@type":"ListItem","position":1,"name":"Home","item":"https:\/\/skrina.si\/en\/"},{"@type":"ListItem","position":2,"name":"Shop","item":"https:\/\/skrina.si\/shop\/"},{"@type":"ListItem","position":3,"name":"Skodelica ma\u010dka"}]},{"@type":"WebSite","@id":"https:\/\/skrina.si\/en\/#website","url":"https:\/\/skrina.si\/en\/","name":"Etnogalerija Skrina","description":"Tradicija s posluhom","potentialAction":[{"@type":"SearchAction","target":{"@type":"EntryPoint","urlTemplate":"https:\/\/skrina.si\/en\/?s={search_term_string}"},"query-input":"required name=search_term_string"}],"inLanguage":"en-GB"}]}},"_links":{"self":[{"href":"https:\/\/skrina.si\/en\/wp-json\/wp\/v2\/product\/3632"}],"collection":[{"href":"https:\/\/skrina.si\/en\/wp-json\/wp\/v2\/product"}],"about":[{"href":"https:\/\/skrina.si\/en\/wp-json\/wp\/v2\/types\/product"}],"wp:featuredmedia":[{"embeddable":true,"href":"https:\/\/skrina.si\/en\/wp-json\/wp\/v2\/media\/14932"}],"wp:attachment":[{"href":"https:\/\/skrina.si\/en\/wp-json\/wp\/v2\/media?parent=3632"}],"wp:term":[{"taxonomy":"product_cat","embeddable":true,"href":"https:\/\/skrina.si\/en\/wp-json\/wp\/v2\/product_cat?post=3632"},{"taxonomy":"product_tag","embeddable":true,"href":"https:\/\/skrina.si\/en\/wp-json\/wp\/v2\/product_tag?post=3632"}],"curies":[{"name":"wp","href":"https:\/\/api.w.org\/{rel}","templated":true}]}}