{"id":3517,"date":"2022-03-03T15:40:33","date_gmt":"2022-03-03T15:40:33","guid":{"rendered":"https:\/\/skrina.si\/?post_type=product&#038;p=3517"},"modified":"2022-05-07T08:55:35","modified_gmt":"2022-05-07T08:55:35","slug":"hmelj","status":"publish","type":"product","link":"https:\/\/skrina.si\/en\/product\/hmelj\/","title":{"rendered":"Hmelj"},"content":{"rendered":"","protected":false},"excerpt":{"rendered":"<h5><strong><em>Hmelj<\/em><\/strong> je vzpenjavka, ki so jo poznali \u017ee stari Rimljani, ki so ga porabljali predvsem kot zelenjavo, stebla pa tudi za izdelovanje pletenih izdelkov, predvsem ko\u0161ar. V srednjem veku so ga za\u010deli uporabljati tudi v\u00a0 medicinske namene, predvsem za\u00a0 \u00bb\u010di\u0161\u010denje krvi\u00ab, \u0161e danes pa so cenjeni njegovi pomirjevalni u\u010dinki, \u0161e posebej pri vseh oblikah nemira, pri ob\u010dutku strahu, nervozi in razdra\u017eljivosti.<br \/>\nUgodno vpliva tudi na motnje spanja, zato priporo\u010dajo, da si ljudje, ki imajo\u00a0 te\u017eave z nespe\u010dnostjo izdelajo di\u0161avne blazinice in jih za bolj\u0161e in la\u017eje spanje napolnijo s posu\u0161enim hmeljem (kateremu lahko dodajo tudi meliso, sivko in baldrijan).<br \/>\n\u017de od 8. stoletja dalje pa gojijo hmelj tudi za izdelavo <strong><em>piva<\/em><\/strong>. Dodajajo pa ga ne toliko zaradi zna\u010dilnega okusa kot zaradi njegovih lastnosti, saj prepre\u010duje kisanje piva. V Sloveniji hmelj gojijo predvsem v Savinjski dolini, kjer pridelujejo ve\u010d sort hmelja \u017ee od za\u010detka\u00a0 19. stoletja.<\/h5>\n<h6><em>Podrobnosti:<\/em><\/h6>\n<ul>\n<li>\n<h6>Velikost: vi\u0161ina 12 cm, \u0161irina 6<\/h6>\n<\/li>\n<li>\n<h6>Material: Keramika<\/h6>\n<\/li>\n<li>\n<h6>V darilni vre\u010dki s prilo\u017eenim certifikatom<\/h6>\n<\/li>\n<li>\n<h6>Oblikovano z ljubeznijo do detajlov<\/h6>\n<\/li>\n<li>\n<h6>Idealno darilo za ljubitelje hmelja in piva<\/h6>\n<\/li>\n<\/ul>\n","protected":false},"featured_media":8090,"template":"","meta":{"_monsterinsights_skip_tracking":false,"_monsterinsights_sitenote_active":false,"_monsterinsights_sitenote_note":"","_monsterinsights_sitenote_category":0},"product_cat":[103,686],"product_tag":[309,41],"aioseo_notices":[],"yoast_head":"<!-- This site is optimized with the Yoast SEO plugin v22.1 - https:\/\/yoast.com\/wordpress\/plugins\/seo\/ -->\n<title>Hmelj - Etnogalerija Skrina<\/title>\n<meta name=\"description\" content=\"Hmelj je vzpenjavka, ki so jo poznali \u017ee stari Rimljani, ki so ga porabljali predvsem kot zelenjavo, stebla pa tudi za izdelovanje pletenih izdelkov.\" \/>\n<meta name=\"robots\" content=\"index, follow, max-snippet:-1, max-image-preview:large, max-video-preview:-1\" \/>\n<link rel=\"canonical\" href=\"https:\/\/skrina.si\/en\/product\/hmelj\/\" \/>\n<meta property=\"og:locale\" content=\"en_GB\" \/>\n<meta property=\"og:locale:alternate\" content=\"sl_SI\" \/>\n<meta property=\"og:type\" content=\"article\" \/>\n<meta property=\"og:title\" content=\"Hmelj - Etnogalerija Skrina\" \/>\n<meta property=\"og:description\" content=\"Hmelj je vzpenjavka, ki so jo poznali \u017ee stari Rimljani, ki so ga porabljali predvsem kot zelenjavo, stebla pa tudi za izdelovanje pletenih izdelkov.\" \/>\n<meta property=\"og:url\" content=\"https:\/\/skrina.si\/en\/product\/hmelj\/\" \/>\n<meta property=\"og:site_name\" content=\"Etnogalerija Skrina\" \/>\n<meta property=\"article:modified_time\" content=\"2022-05-07T08:55:35+00:00\" \/>\n<meta property=\"og:image\" content=\"https:\/\/skrina.si\/wp-content\/uploads\/2021\/07\/Rozne-vile-hmelj-dekor-Slovenske-cvetlice-roze-Tradicija-s-posluhom-Etno-galerija-Skrina.jpg\" \/>\n\t<meta property=\"og:image:width\" content=\"1619\" \/>\n\t<meta property=\"og:image:height\" content=\"1213\" \/>\n\t<meta property=\"og:image:type\" content=\"image\/jpeg\" \/>\n<meta name=\"twitter:card\" content=\"summary_large_image\" \/>\n<script type=\"application\/ld+json\" class=\"yoast-schema-graph\">{\"@context\":\"https:\/\/schema.org\",\"@graph\":[{\"@type\":\"WebPage\",\"@id\":\"https:\/\/skrina.si\/en\/product\/hmelj\/\",\"url\":\"https:\/\/skrina.si\/en\/product\/hmelj\/\",\"name\":\"Hmelj - Etnogalerija Skrina\",\"isPartOf\":{\"@id\":\"https:\/\/skrina.si\/en\/#website\"},\"datePublished\":\"2022-03-03T15:40:33+00:00\",\"dateModified\":\"2022-05-07T08:55:35+00:00\",\"description\":\"Hmelj je vzpenjavka, ki so jo poznali \u017ee stari Rimljani, ki so ga porabljali predvsem kot zelenjavo, stebla pa tudi za izdelovanje pletenih izdelkov.\",\"breadcrumb\":{\"@id\":\"https:\/\/skrina.si\/en\/product\/hmelj\/#breadcrumb\"},\"inLanguage\":\"en-GB\",\"potentialAction\":[{\"@type\":\"ReadAction\",\"target\":[\"https:\/\/skrina.si\/en\/product\/hmelj\/\"]}]},{\"@type\":\"BreadcrumbList\",\"@id\":\"https:\/\/skrina.si\/en\/product\/hmelj\/#breadcrumb\",\"itemListElement\":[{\"@type\":\"ListItem\",\"position\":1,\"name\":\"Home\",\"item\":\"https:\/\/skrina.si\/en\/\"},{\"@type\":\"ListItem\",\"position\":2,\"name\":\"Shop\",\"item\":\"https:\/\/skrina.si\/shop\/\"},{\"@type\":\"ListItem\",\"position\":3,\"name\":\"Hmelj\"}]},{\"@type\":\"WebSite\",\"@id\":\"https:\/\/skrina.si\/en\/#website\",\"url\":\"https:\/\/skrina.si\/en\/\",\"name\":\"Etnogalerija Skrina\",\"description\":\"Tradicija s posluhom\",\"potentialAction\":[{\"@type\":\"SearchAction\",\"target\":{\"@type\":\"EntryPoint\",\"urlTemplate\":\"https:\/\/skrina.si\/en\/?s={search_term_string}\"},\"query-input\":\"required name=search_term_string\"}],\"inLanguage\":\"en-GB\"}]}<\/script>\n<!-- \/ Yoast SEO plugin. -->","yoast_head_json":{"title":"Hmelj - Etnogalerija Skrina","description":"Hmelj je vzpenjavka, ki so jo poznali \u017ee stari Rimljani, ki so ga porabljali predvsem kot zelenjavo, stebla pa tudi za izdelovanje pletenih izdelkov.","robots":{"index":"index","follow":"follow","max-snippet":"max-snippet:-1","max-image-preview":"max-image-preview:large","max-video-preview":"max-video-preview:-1"},"canonical":"https:\/\/skrina.si\/en\/product\/hmelj\/","og_locale":"en_GB","og_type":"article","og_title":"Hmelj - Etnogalerija Skrina","og_description":"Hmelj je vzpenjavka, ki so jo poznali \u017ee stari Rimljani, ki so ga porabljali predvsem kot zelenjavo, stebla pa tudi za izdelovanje pletenih izdelkov.","og_url":"https:\/\/skrina.si\/en\/product\/hmelj\/","og_site_name":"Etnogalerija Skrina","article_modified_time":"2022-05-07T08:55:35+00:00","og_image":[{"width":1619,"height":1213,"url":"https:\/\/skrina.si\/wp-content\/uploads\/2021\/07\/Rozne-vile-hmelj-dekor-Slovenske-cvetlice-roze-Tradicija-s-posluhom-Etno-galerija-Skrina.jpg","type":"image\/jpeg"}],"twitter_card":"summary_large_image","schema":{"@context":"https:\/\/schema.org","@graph":[{"@type":"WebPage","@id":"https:\/\/skrina.si\/en\/product\/hmelj\/","url":"https:\/\/skrina.si\/en\/product\/hmelj\/","name":"Hmelj - Etnogalerija Skrina","isPartOf":{"@id":"https:\/\/skrina.si\/en\/#website"},"datePublished":"2022-03-03T15:40:33+00:00","dateModified":"2022-05-07T08:55:35+00:00","description":"Hmelj je vzpenjavka, ki so jo poznali \u017ee stari Rimljani, ki so ga porabljali predvsem kot zelenjavo, stebla pa tudi za izdelovanje pletenih izdelkov.","breadcrumb":{"@id":"https:\/\/skrina.si\/en\/product\/hmelj\/#breadcrumb"},"inLanguage":"en-GB","potentialAction":[{"@type":"ReadAction","target":["https:\/\/skrina.si\/en\/product\/hmelj\/"]}]},{"@type":"BreadcrumbList","@id":"https:\/\/skrina.si\/en\/product\/hmelj\/#breadcrumb","itemListElement":[{"@type":"ListItem","position":1,"name":"Home","item":"https:\/\/skrina.si\/en\/"},{"@type":"ListItem","position":2,"name":"Shop","item":"https:\/\/skrina.si\/shop\/"},{"@type":"ListItem","position":3,"name":"Hmelj"}]},{"@type":"WebSite","@id":"https:\/\/skrina.si\/en\/#website","url":"https:\/\/skrina.si\/en\/","name":"Etnogalerija Skrina","description":"Tradicija s posluhom","potentialAction":[{"@type":"SearchAction","target":{"@type":"EntryPoint","urlTemplate":"https:\/\/skrina.si\/en\/?s={search_term_string}"},"query-input":"required name=search_term_string"}],"inLanguage":"en-GB"}]}},"_links":{"self":[{"href":"https:\/\/skrina.si\/en\/wp-json\/wp\/v2\/product\/3517"}],"collection":[{"href":"https:\/\/skrina.si\/en\/wp-json\/wp\/v2\/product"}],"about":[{"href":"https:\/\/skrina.si\/en\/wp-json\/wp\/v2\/types\/product"}],"wp:featuredmedia":[{"embeddable":true,"href":"https:\/\/skrina.si\/en\/wp-json\/wp\/v2\/media\/8090"}],"wp:attachment":[{"href":"https:\/\/skrina.si\/en\/wp-json\/wp\/v2\/media?parent=3517"}],"wp:term":[{"taxonomy":"product_cat","embeddable":true,"href":"https:\/\/skrina.si\/en\/wp-json\/wp\/v2\/product_cat?post=3517"},{"taxonomy":"product_tag","embeddable":true,"href":"https:\/\/skrina.si\/en\/wp-json\/wp\/v2\/product_tag?post=3517"}],"curies":[{"name":"wp","href":"https:\/\/api.w.org\/{rel}","templated":true}]}}