{"id":3502,"date":"2022-03-03T14:00:38","date_gmt":"2022-03-03T14:00:38","guid":{"rendered":"https:\/\/skrina.si\/?post_type=product&#038;p=3502"},"modified":"2022-05-07T08:58:34","modified_gmt":"2022-05-07T08:58:34","slug":"jagoda","status":"publish","type":"product","link":"https:\/\/skrina.si\/en\/product\/jagoda\/","title":{"rendered":"Jagoda"},"content":{"rendered":"","protected":false},"excerpt":{"rendered":"<h5>Da <strong><em>jagode<\/em><\/strong> niso samo okusne, ampak tudi zdravilne, so vedeli \u017ee v anti\u010dnem Rimu. Verjeli so, da pomagajo pri melanholiji, omedlevici in vseh vrstah vnetij, pa tudi pri boleznih krvi in jeter. V starih \u010dasih pa so tudi verjeli, da imajo jagode misti\u010dno mo\u010d in predvsem mlada dekleta so si \u017eelela sanjati o jagodah, saj naj bi to pomenilo, da bodo imele veliko zdravih otrok. V Sloveniji imamo poleg vrtnih jagod tudi <strong><em>gozdne jagode<\/em><\/strong>, ki rastejo na gozdnih poteh, posekah in ob gozdnih robovih vse do vi\u0161ine 2.200 m, kar pomeni, da jih bomo na\u0161li tudi v planinah. Cvetijo od aprila do junija, cvetovom pa kmalu sledijo izredno okusni, le za noht na mezincu veliki \u00a0rde\u010di sade\u017ei, ki imajo \u0161tevilne zdravilne lastnosti. Poleg plodov so zdravilni tudi listi in korenina, zato pravimo, da je gozdna jagoda prava drobcena zdravilka.<\/h5>\n<h6><em>Podrobnosti:<\/em><\/h6>\n<ul>\n<li>\n<h6>Velikost: vi\u0161ina 11 cm, \u0161irina 6 cm<\/h6>\n<\/li>\n<li>\n<h6>Material: Keramika<\/h6>\n<\/li>\n<li>\n<h6>V darilni vre\u010dki s prilo\u017eenim certifikatom<\/h6>\n<\/li>\n<li>\n<h6>Oblikovano z ljubeznijo do detajlov<\/h6>\n<\/li>\n<li>\n<h6>Idealno darilo za ljubitelje gozdov in gozdnih jagod<\/h6>\n<\/li>\n<\/ul>\n","protected":false},"featured_media":8138,"template":"","meta":{"_monsterinsights_skip_tracking":false,"_monsterinsights_sitenote_active":false,"_monsterinsights_sitenote_note":"","_monsterinsights_sitenote_category":0},"product_cat":[103,686],"product_tag":[151,319,41],"aioseo_notices":[],"yoast_head":"<!-- This site is optimized with the Yoast SEO plugin v22.1 - https:\/\/yoast.com\/wordpress\/plugins\/seo\/ -->\n<title>Jagoda - Etnogalerija Skrina<\/title>\n<meta name=\"description\" content=\"V starih \u010dasih so verjeli, da imajo jagode misti\u010dno mo\u010d in predvsem mlada dekleta so si \u017eelela sanjati o jagodah, saj naj bi to pomenilo, da bodo imele veliko zdravih otrok.\" \/>\n<meta name=\"robots\" content=\"index, follow, max-snippet:-1, max-image-preview:large, max-video-preview:-1\" \/>\n<link rel=\"canonical\" href=\"https:\/\/skrina.si\/en\/product\/jagoda\/\" \/>\n<meta property=\"og:locale\" content=\"en_GB\" \/>\n<meta property=\"og:locale:alternate\" content=\"sl_SI\" \/>\n<meta property=\"og:type\" content=\"article\" \/>\n<meta property=\"og:title\" content=\"Jagoda - Etnogalerija Skrina\" \/>\n<meta property=\"og:description\" content=\"V starih \u010dasih so verjeli, da imajo jagode misti\u010dno mo\u010d in predvsem mlada dekleta so si \u017eelela sanjati o jagodah, saj naj bi to pomenilo, da bodo imele veliko zdravih otrok.\" \/>\n<meta property=\"og:url\" content=\"https:\/\/skrina.si\/en\/product\/jagoda\/\" \/>\n<meta property=\"og:site_name\" content=\"Etnogalerija Skrina\" \/>\n<meta property=\"article:modified_time\" content=\"2022-05-07T08:58:34+00:00\" \/>\n<meta property=\"og:image\" content=\"https:\/\/skrina.si\/wp-content\/uploads\/2021\/07\/Rozne-vile-jagoda-dekor-Slovenske-cvetlice-roze-Tradicija-s-posluhom-Etno-galerija-Skrina.jpg\" \/>\n\t<meta property=\"og:image:width\" content=\"1619\" \/>\n\t<meta property=\"og:image:height\" content=\"1213\" \/>\n\t<meta property=\"og:image:type\" content=\"image\/jpeg\" \/>\n<meta name=\"twitter:card\" content=\"summary_large_image\" \/>\n<script type=\"application\/ld+json\" class=\"yoast-schema-graph\">{\"@context\":\"https:\/\/schema.org\",\"@graph\":[{\"@type\":\"WebPage\",\"@id\":\"https:\/\/skrina.si\/en\/product\/jagoda\/\",\"url\":\"https:\/\/skrina.si\/en\/product\/jagoda\/\",\"name\":\"Jagoda - Etnogalerija Skrina\",\"isPartOf\":{\"@id\":\"https:\/\/skrina.si\/en\/#website\"},\"datePublished\":\"2022-03-03T14:00:38+00:00\",\"dateModified\":\"2022-05-07T08:58:34+00:00\",\"description\":\"V starih \u010dasih so verjeli, da imajo jagode misti\u010dno mo\u010d in predvsem mlada dekleta so si \u017eelela sanjati o jagodah, saj naj bi to pomenilo, da bodo imele veliko zdravih otrok.\",\"breadcrumb\":{\"@id\":\"https:\/\/skrina.si\/en\/product\/jagoda\/#breadcrumb\"},\"inLanguage\":\"en-GB\",\"potentialAction\":[{\"@type\":\"ReadAction\",\"target\":[\"https:\/\/skrina.si\/en\/product\/jagoda\/\"]}]},{\"@type\":\"BreadcrumbList\",\"@id\":\"https:\/\/skrina.si\/en\/product\/jagoda\/#breadcrumb\",\"itemListElement\":[{\"@type\":\"ListItem\",\"position\":1,\"name\":\"Home\",\"item\":\"https:\/\/skrina.si\/en\/\"},{\"@type\":\"ListItem\",\"position\":2,\"name\":\"Shop\",\"item\":\"https:\/\/skrina.si\/shop\/\"},{\"@type\":\"ListItem\",\"position\":3,\"name\":\"Jagoda\"}]},{\"@type\":\"WebSite\",\"@id\":\"https:\/\/skrina.si\/en\/#website\",\"url\":\"https:\/\/skrina.si\/en\/\",\"name\":\"Etnogalerija Skrina\",\"description\":\"Tradicija s posluhom\",\"potentialAction\":[{\"@type\":\"SearchAction\",\"target\":{\"@type\":\"EntryPoint\",\"urlTemplate\":\"https:\/\/skrina.si\/en\/?s={search_term_string}\"},\"query-input\":\"required name=search_term_string\"}],\"inLanguage\":\"en-GB\"}]}<\/script>\n<!-- \/ Yoast SEO plugin. -->","yoast_head_json":{"title":"Jagoda - Etnogalerija Skrina","description":"V starih \u010dasih so verjeli, da imajo jagode misti\u010dno mo\u010d in predvsem mlada dekleta so si \u017eelela sanjati o jagodah, saj naj bi to pomenilo, da bodo imele veliko zdravih otrok.","robots":{"index":"index","follow":"follow","max-snippet":"max-snippet:-1","max-image-preview":"max-image-preview:large","max-video-preview":"max-video-preview:-1"},"canonical":"https:\/\/skrina.si\/en\/product\/jagoda\/","og_locale":"en_GB","og_type":"article","og_title":"Jagoda - Etnogalerija Skrina","og_description":"V starih \u010dasih so verjeli, da imajo jagode misti\u010dno mo\u010d in predvsem mlada dekleta so si \u017eelela sanjati o jagodah, saj naj bi to pomenilo, da bodo imele veliko zdravih otrok.","og_url":"https:\/\/skrina.si\/en\/product\/jagoda\/","og_site_name":"Etnogalerija Skrina","article_modified_time":"2022-05-07T08:58:34+00:00","og_image":[{"width":1619,"height":1213,"url":"https:\/\/skrina.si\/wp-content\/uploads\/2021\/07\/Rozne-vile-jagoda-dekor-Slovenske-cvetlice-roze-Tradicija-s-posluhom-Etno-galerija-Skrina.jpg","type":"image\/jpeg"}],"twitter_card":"summary_large_image","schema":{"@context":"https:\/\/schema.org","@graph":[{"@type":"WebPage","@id":"https:\/\/skrina.si\/en\/product\/jagoda\/","url":"https:\/\/skrina.si\/en\/product\/jagoda\/","name":"Jagoda - Etnogalerija Skrina","isPartOf":{"@id":"https:\/\/skrina.si\/en\/#website"},"datePublished":"2022-03-03T14:00:38+00:00","dateModified":"2022-05-07T08:58:34+00:00","description":"V starih \u010dasih so verjeli, da imajo jagode misti\u010dno mo\u010d in predvsem mlada dekleta so si \u017eelela sanjati o jagodah, saj naj bi to pomenilo, da bodo imele veliko zdravih otrok.","breadcrumb":{"@id":"https:\/\/skrina.si\/en\/product\/jagoda\/#breadcrumb"},"inLanguage":"en-GB","potentialAction":[{"@type":"ReadAction","target":["https:\/\/skrina.si\/en\/product\/jagoda\/"]}]},{"@type":"BreadcrumbList","@id":"https:\/\/skrina.si\/en\/product\/jagoda\/#breadcrumb","itemListElement":[{"@type":"ListItem","position":1,"name":"Home","item":"https:\/\/skrina.si\/en\/"},{"@type":"ListItem","position":2,"name":"Shop","item":"https:\/\/skrina.si\/shop\/"},{"@type":"ListItem","position":3,"name":"Jagoda"}]},{"@type":"WebSite","@id":"https:\/\/skrina.si\/en\/#website","url":"https:\/\/skrina.si\/en\/","name":"Etnogalerija Skrina","description":"Tradicija s posluhom","potentialAction":[{"@type":"SearchAction","target":{"@type":"EntryPoint","urlTemplate":"https:\/\/skrina.si\/en\/?s={search_term_string}"},"query-input":"required name=search_term_string"}],"inLanguage":"en-GB"}]}},"_links":{"self":[{"href":"https:\/\/skrina.si\/en\/wp-json\/wp\/v2\/product\/3502"}],"collection":[{"href":"https:\/\/skrina.si\/en\/wp-json\/wp\/v2\/product"}],"about":[{"href":"https:\/\/skrina.si\/en\/wp-json\/wp\/v2\/types\/product"}],"wp:featuredmedia":[{"embeddable":true,"href":"https:\/\/skrina.si\/en\/wp-json\/wp\/v2\/media\/8138"}],"wp:attachment":[{"href":"https:\/\/skrina.si\/en\/wp-json\/wp\/v2\/media?parent=3502"}],"wp:term":[{"taxonomy":"product_cat","embeddable":true,"href":"https:\/\/skrina.si\/en\/wp-json\/wp\/v2\/product_cat?post=3502"},{"taxonomy":"product_tag","embeddable":true,"href":"https:\/\/skrina.si\/en\/wp-json\/wp\/v2\/product_tag?post=3502"}],"curies":[{"name":"wp","href":"https:\/\/api.w.org\/{rel}","templated":true}]}}