{"id":3430,"date":"2021-07-09T15:18:00","date_gmt":"2021-07-09T15:18:00","guid":{"rendered":"https:\/\/skrina.si\/?post_type=product&#038;p=3430"},"modified":"2026-03-20T06:47:10","modified_gmt":"2026-03-20T05:47:10","slug":"prucka-strasna-zver","status":"publish","type":"product","link":"https:\/\/skrina.si\/en\/product\/prucka-strasna-zver\/","title":{"rendered":"Pru\u010dka &#8211; Stra\u0161na zver"},"content":{"rendered":"<h5><em><strong>Stra\u0161na zver (<\/strong>Japonska pravljica)<\/em><\/h5>\n<h5 style=\"text-align: justify;\">Neko\u010d, pred davnimi \u010dasi, sta si dedek in babica na severnem vzno\u017eju <em><strong>gore Fud\u017ei<\/strong> <\/em>postavila majhno ko\u010do in ob njej \u0161e manj\u0161i hlev za konja.<br \/>\nNekega de\u017eevnega ve\u010dera sta se pred spanjem \u0161e malo pogovarjala in dedek je rekel: \u00bbOb takih ve\u010derih se po\u010dutim tako samega, kar strah me postane. V tej samoti se najbolj bojim volkov\u00ab. In babica je odgovorila: \u00bbBolj kot volkov se bojim <em><strong>luknje v strehi<\/strong><\/em> zdaj, ko tako pogosto de\u017euje.\u00ab<br \/>\nRavno takrat se je h konjskemu hlevu prikradel volk, sli\u0161al njun pogovor in si mislil: \u00bbOjoj, kak\u0161na stra\u0161na po\u0161ast mora biti &#8220;luknja&#8221;,\u00a0 da se je ljudje bojijo bolj kot mene\u00ab.<br \/>\nH konjskemu hlevu pa se je ravno takrat priplazil tudi konjski tat <em><strong>Ki\u0161i\u010di iz Kaoo\u010dija, <\/strong><\/em>iz vasi Furuseki. \u00bbJoj, luknja gre,\u00ab se je zgrozil volk in posko\u010dil. Tat pa ga je v trdi temi zamenjal za konja in se mu zavihtel na hrbet. Volk, ki je bil prepri\u010dan, da ga jezdi stra\u0161na luknja, je pri\u010del be\u017eati kot iz uma. Pretekel je vzno\u017eje gore Fud\u017ei in nazadnje pridirjal prav do kraja v sosednji de\u017eeli Suruga, ki mu danes pravijo <em><strong>Hitoana<\/strong><\/em> &#8211; <em><strong>\u010clovekova luknja.<\/strong><\/em> To je velika votlina\u00a0 v neki skali, toda v tistih \u010dasih \u0161e ni imela tega imena.<br \/>\nKer se je ravno zdanilo, je konjski tat opazil, da ne jezdi na\u00a0 konju, ampak na neki zveri. Silno se je prestra\u0161il, sko\u010dil z volka in se skril v varno zavetje velike votline, ki jo je ravno tedaj zagledal pred seboj.<br \/>\nTudi volk je bil vesel, da se je znebil stra\u0161ne &#8220;luknje&#8221;. Stekel je pod vrh gore Fud\u017ei do <em><strong>kraja Goaime<\/strong> <\/em>in pri\u010del tuliti. Na njegov klic so se takoj zbrale vse \u017eivali, ki so \u017eivele na gori Fud\u017ei, in volk jim je povedal o svoji dogodiv\u0161\u010dini z &#8220;luknjo&#8221;. \u00bbNo, kdo si upa ukrotiti to stra\u0161no zver?\u00ab je vpra\u0161al volk\u00a0 zbrane zveri. Ponudile so se vse po vrsti, toda volk je izbral opico. Opica je \u0161la do votline in pogledala vanjo. Toda, ker je bil znotraj mrak, ni mogla prav ni\u010desar razlo\u010diti. Zato pa se je prav dobro videlo iz jame na prosto in konjski tat Ki\u0161i\u010di je opico takoj opazil. Z obema rokama jo je zgrabil za rep in ga vlekel tako mo\u010dno, da se ji je rep odtrgal v korenu.<br \/>\nOd takrat dalje japonske opice nimajo ve\u010d repa. Ker pa se je opica tako napenjala, so odtlej vse opice rde\u010de v obraz. In votlino so po tem dogodku imenovali Hitoana &#8211; \u010clovekova luknja.<\/h5>\n<p>&nbsp;<\/p>\n","protected":false},"excerpt":{"rendered":"<h5>Pru\u010dko z motivom japonske pravljice<strong><em> \u201dStra\u0161na zver,\u201d<\/em><\/strong>\u00a0smo v SKRINI naredili za Japonsko tr\u017ei\u0161\u010de.<br \/>\nPru\u010dka\u00a0<strong><em>\u00bbPobarvaj in sestavi<\/em>\u00ab<\/strong>\u00a0vzpodbuja kreativnost in razvija domi\u0161ljijo.<br \/>\nNa sedalu pru\u010dke so natisnjeni motivi priljubljenih pravljic, ki jih kupec sam pobarva s prilo\u017eenimi barvami.<br \/>\nJe kreativno darilo za otroke, lahko se uporablja tudi kot\u00a0<strong><em>rehabilitacijski pripomo\u010dek<\/em>.<\/strong><\/h5>\n<h6><em>Podrobnosti:<\/em><\/h6>\n<ul>\n<li>\n<h6>Sestavljiva pru\u010dka \u2013 POBARVAJ SAM<\/h6>\n<\/li>\n<li>\n<h6>Mere izdelka: 400 x 200 x 200 mm<\/h6>\n<\/li>\n<li>\n<h6>Embalirano v kartonski \u0161katli: 410 x 230 x 50 mm<\/h6>\n<\/li>\n<li>\n<h6>Barva: roza<\/h6>\n<\/li>\n<li>\n<h6>Motiv: Stra\u0161na zver<\/h6>\n<\/li>\n<li>\n<h6>Prilo\u017eene 4 osnovne barve (na vodni osnovi) in \u010dopi\u010d<\/h6>\n<\/li>\n<li>\n<h6>Material: MDF<\/h6>\n<\/li>\n<li>\n<h6>EN 71 CERTIFIKAT<\/h6>\n<\/li>\n<li>\n<h6><strong><em>Idealno darilo za celo dru\u017eina (ne glede na starost in spol)<\/em><\/strong><\/h6>\n<\/li>\n<li>\n<h6>enostavna za po\u0161iljanje po po\u0161ti<\/h6>\n<\/li>\n<\/ul>\n<p>&nbsp;<\/p>\n<p>&nbsp;<\/p>\n<p>&nbsp;<\/p>\n","protected":false},"featured_media":3431,"template":"","meta":{"_monsterinsights_skip_tracking":false,"_monsterinsights_sitenote_active":false,"_monsterinsights_sitenote_note":"","_monsterinsights_sitenote_category":0},"product_cat":[1636,103],"product_tag":[1296,1304,305],"aioseo_notices":[],"yoast_head":"<!-- This site is optimized with the Yoast SEO plugin v22.1 - https:\/\/yoast.com\/wordpress\/plugins\/seo\/ -->\n<title>Pru\u010dka - Stra\u0161na zver[:] - Etnogalerija Skrina<\/title>\n<meta name=\"description\" content=\"Lesena pru\u010dka - Stra\u0161na zver. Motiv japonske pravljice \u201cStra\u0161na zver\u201d. Kupec pru\u010dko sam pobarva po prilo\u017eeni predlogi in s prilo\u017eenimi barvami.\" \/>\n<meta name=\"robots\" content=\"index, follow, max-snippet:-1, max-image-preview:large, max-video-preview:-1\" \/>\n<link rel=\"canonical\" href=\"https:\/\/skrina.si\/en\/product\/prucka-strasna-zver\/\" \/>\n<meta property=\"og:locale\" content=\"en_GB\" \/>\n<meta property=\"og:locale:alternate\" content=\"sl_SI\" \/>\n<meta property=\"og:type\" content=\"article\" \/>\n<meta property=\"og:title\" content=\"Pru\u010dka - Stra\u0161na zver\" \/>\n<meta property=\"og:description\" content=\"Lesena pru\u010dka - Stra\u0161na zver. Motiv japonske pravljice \u201cStra\u0161na zver\u201d. Kupec pru\u010dko sam pobarva po prilo\u017eeni predlogi in s prilo\u017eenimi barvami.\" \/>\n<meta property=\"og:url\" content=\"https:\/\/skrina.si\/en\/product\/prucka-strasna-zver\/\" \/>\n<meta property=\"og:site_name\" content=\"Etnogalerija Skrina\" \/>\n<meta property=\"article:modified_time\" content=\"2026-03-20T05:47:10+00:00\" \/>\n<meta property=\"og:image\" content=\"https:\/\/skrina.si\/wp-content\/uploads\/2021\/07\/Prucka-sestavljena-Strasna-zver-japonska-pravljica.jpg\" \/>\n\t<meta property=\"og:image:width\" content=\"2000\" \/>\n\t<meta property=\"og:image:height\" content=\"1500\" \/>\n\t<meta property=\"og:image:type\" content=\"image\/jpeg\" \/>\n<meta name=\"twitter:card\" content=\"summary_large_image\" \/>\n<meta name=\"twitter:label1\" content=\"Estimated reading time\" \/>\n\t<meta name=\"twitter:data1\" content=\"3 minutes\" \/>\n<script type=\"application\/ld+json\" class=\"yoast-schema-graph\">{\"@context\":\"https:\/\/schema.org\",\"@graph\":[{\"@type\":\"WebPage\",\"@id\":\"https:\/\/skrina.si\/en\/product\/prucka-strasna-zver\/\",\"url\":\"https:\/\/skrina.si\/en\/product\/prucka-strasna-zver\/\",\"name\":\"[:sl]Pru\u010dka - Stra\u0161na zver[:] - Etnogalerija Skrina\",\"isPartOf\":{\"@id\":\"https:\/\/skrina.si\/en\/#website\"},\"datePublished\":\"2021-07-09T15:18:00+00:00\",\"dateModified\":\"2026-03-20T05:47:10+00:00\",\"description\":\"Lesena pru\u010dka - Stra\u0161na zver. Motiv japonske pravljice \u201cStra\u0161na zver\u201d. Kupec pru\u010dko sam pobarva po prilo\u017eeni predlogi in s prilo\u017eenimi barvami.\",\"breadcrumb\":{\"@id\":\"https:\/\/skrina.si\/en\/product\/prucka-strasna-zver\/#breadcrumb\"},\"inLanguage\":\"en-GB\",\"potentialAction\":[{\"@type\":\"ReadAction\",\"target\":[\"https:\/\/skrina.si\/en\/product\/prucka-strasna-zver\/\"]}]},{\"@type\":\"BreadcrumbList\",\"@id\":\"https:\/\/skrina.si\/en\/product\/prucka-strasna-zver\/#breadcrumb\",\"itemListElement\":[{\"@type\":\"ListItem\",\"position\":1,\"name\":\"Home\",\"item\":\"https:\/\/skrina.si\/en\/\"},{\"@type\":\"ListItem\",\"position\":2,\"name\":\"Shop\",\"item\":\"https:\/\/skrina.si\/shop\/\"},{\"@type\":\"ListItem\",\"position\":3,\"name\":\"Pru\u010dka &#8211; Stra\u0161na zver\"}]},{\"@type\":\"WebSite\",\"@id\":\"https:\/\/skrina.si\/en\/#website\",\"url\":\"https:\/\/skrina.si\/en\/\",\"name\":\"Etnogalerija Skrina\",\"description\":\"Tradicija s posluhom\",\"potentialAction\":[{\"@type\":\"SearchAction\",\"target\":{\"@type\":\"EntryPoint\",\"urlTemplate\":\"https:\/\/skrina.si\/en\/?s={search_term_string}\"},\"query-input\":\"required name=search_term_string\"}],\"inLanguage\":\"en-GB\"}]}<\/script>\n<!-- \/ Yoast SEO plugin. -->","yoast_head_json":{"title":"Pru\u010dka - Stra\u0161na zver[:] - Etnogalerija Skrina","description":"Lesena pru\u010dka - Stra\u0161na zver. Motiv japonske pravljice \u201cStra\u0161na zver\u201d. Kupec pru\u010dko sam pobarva po prilo\u017eeni predlogi in s prilo\u017eenimi barvami.","robots":{"index":"index","follow":"follow","max-snippet":"max-snippet:-1","max-image-preview":"max-image-preview:large","max-video-preview":"max-video-preview:-1"},"canonical":"https:\/\/skrina.si\/en\/product\/prucka-strasna-zver\/","og_locale":"en_GB","og_type":"article","og_title":"[:sl]Pru\u010dka - Stra\u0161na zver[:] - Etnogalerija Skrina","og_description":"Lesena pru\u010dka - Stra\u0161na zver. Motiv japonske pravljice \u201cStra\u0161na zver\u201d. Kupec pru\u010dko sam pobarva po prilo\u017eeni predlogi in s prilo\u017eenimi barvami.","og_url":"https:\/\/skrina.si\/en\/product\/prucka-strasna-zver\/","og_site_name":"Etnogalerija Skrina","article_modified_time":"2026-03-20T05:47:10+00:00","og_image":[{"width":2000,"height":1500,"url":"https:\/\/skrina.si\/wp-content\/uploads\/2021\/07\/Prucka-sestavljena-Strasna-zver-japonska-pravljica.jpg","type":"image\/jpeg"}],"twitter_card":"summary_large_image","twitter_misc":{"Estimated reading time":"3 minutes"},"schema":{"@context":"https:\/\/schema.org","@graph":[{"@type":"WebPage","@id":"https:\/\/skrina.si\/en\/product\/prucka-strasna-zver\/","url":"https:\/\/skrina.si\/en\/product\/prucka-strasna-zver\/","name":"[:sl]Pru\u010dka - Stra\u0161na zver[:] - Etnogalerija Skrina","isPartOf":{"@id":"https:\/\/skrina.si\/en\/#website"},"datePublished":"2021-07-09T15:18:00+00:00","dateModified":"2026-03-20T05:47:10+00:00","description":"Lesena pru\u010dka - Stra\u0161na zver. Motiv japonske pravljice \u201cStra\u0161na zver\u201d. Kupec pru\u010dko sam pobarva po prilo\u017eeni predlogi in s prilo\u017eenimi barvami.","breadcrumb":{"@id":"https:\/\/skrina.si\/en\/product\/prucka-strasna-zver\/#breadcrumb"},"inLanguage":"en-GB","potentialAction":[{"@type":"ReadAction","target":["https:\/\/skrina.si\/en\/product\/prucka-strasna-zver\/"]}]},{"@type":"BreadcrumbList","@id":"https:\/\/skrina.si\/en\/product\/prucka-strasna-zver\/#breadcrumb","itemListElement":[{"@type":"ListItem","position":1,"name":"Home","item":"https:\/\/skrina.si\/en\/"},{"@type":"ListItem","position":2,"name":"Shop","item":"https:\/\/skrina.si\/shop\/"},{"@type":"ListItem","position":3,"name":"Pru\u010dka &#8211; Stra\u0161na zver"}]},{"@type":"WebSite","@id":"https:\/\/skrina.si\/en\/#website","url":"https:\/\/skrina.si\/en\/","name":"Etnogalerija Skrina","description":"Tradicija s posluhom","potentialAction":[{"@type":"SearchAction","target":{"@type":"EntryPoint","urlTemplate":"https:\/\/skrina.si\/en\/?s={search_term_string}"},"query-input":"required name=search_term_string"}],"inLanguage":"en-GB"}]}},"_links":{"self":[{"href":"https:\/\/skrina.si\/en\/wp-json\/wp\/v2\/product\/3430"}],"collection":[{"href":"https:\/\/skrina.si\/en\/wp-json\/wp\/v2\/product"}],"about":[{"href":"https:\/\/skrina.si\/en\/wp-json\/wp\/v2\/types\/product"}],"wp:featuredmedia":[{"embeddable":true,"href":"https:\/\/skrina.si\/en\/wp-json\/wp\/v2\/media\/3431"}],"wp:attachment":[{"href":"https:\/\/skrina.si\/en\/wp-json\/wp\/v2\/media?parent=3430"}],"wp:term":[{"taxonomy":"product_cat","embeddable":true,"href":"https:\/\/skrina.si\/en\/wp-json\/wp\/v2\/product_cat?post=3430"},{"taxonomy":"product_tag","embeddable":true,"href":"https:\/\/skrina.si\/en\/wp-json\/wp\/v2\/product_tag?post=3430"}],"curies":[{"name":"wp","href":"https:\/\/api.w.org\/{rel}","templated":true}]}}