{"id":3418,"date":"2021-07-09T13:40:44","date_gmt":"2021-07-09T13:40:44","guid":{"rendered":"https:\/\/skrina.si\/?post_type=product&#038;p=3418"},"modified":"2024-04-15T19:28:01","modified_gmt":"2024-04-15T17:28:01","slug":"diy-stool-the-frog-king","status":"publish","type":"product","link":"https:\/\/skrina.si\/en\/product\/diy-stool-the-frog-king\/","title":{"rendered":"DIY stool The Frog king"},"content":{"rendered":"<h5 style=\"text-align: justify;\"><em><strong>The Frog King (The Brothers\u00a0Grimm)<\/strong><\/em><\/h5>\n<h5 style=\"text-align: justify;\">Once upon a time, there lived a king whose daughters were all very beautiful, especially the youngest. Close by the king&#8217;s castle lay a great dark forest, and under an old lime tree in the forest was a well. The princess often went out into the forest and played with a golden ball.<br \/>\nOne day the princess&#8217;s golden ball fell straight into the well, which was so deep, that the bottom could not be seen. She began to cry, and someone said to her, \u00bbWhat happened? You weep so that even a stone would show pity.\u00ab She looked around and saw a frog stretching forth its big, ugly head from the water. \u00bbAh,\u00ab she said, \u00bbI am weeping for my golden ball, which has fallen into the well.\u00ab \u00bbBe quiet, and do not weep,\u00ab answered the frog, \u00bbI can help you, but what will you give me if I bring your plaything up again?\u00ab \u00bbWhatever you will have, dear frog,\u00ab said she.\u00a0 The frog answered, \u00bbIf you will love me and let me be your companion,\u00a0 sit by you at your little table, eat off your little golden plate, drink out of your little cup, and sleep in your little bed, I will go down\u00a0 and bring you your golden ball up again.\u00ab \u00bbOh yes,\u00ab said she, \u00bbI promise you all you wish.\u00ab But she thought, \u00bbHow the silly frog does talk. He can be no companion to any human being.\u00ab The frog sank into the water and brought the ball up again. The king&#8217;s daughter was delighted, picked up the ball, and ran away with it. \u00bbWait, wait,\u00ab said the frog. But the princess did not listen to him and ran home. The next day when she was eating at the table, something knocked at the door and cried, \u00bbPrincess, open the door for me.\u00ab She ran to see who was outside, and when she soo the frog, she slammed the door and sat down to dinner again. She was frightened, so the king asked, \u00bbMy child, what are you so afraid of? Is there\u00a0 a giant outside?\u00ab \u00bbAh, no, it is no giant but a disgusting frog,\u00ab she replied and explained to her father what happened the previous day. Then said the king, \u00bbThat which you have promised must you perform. Go and let him in.\u00ab She went and opened the door, and the frog wanted to eat with her from her golden plate. Then he said,\u00ab I am tired, carry me into your silken bed, and we will both lie down and go to sleep.&#8221; At this, she was angry, so she took the frog up and threw him against the wall. \u00bbNow, you will be quiet \u00ab, she said. But when he fell, he was not a frog, but a beautiful king&#8217;s son. He by her father&#8217;s will was now her dear companion and husband. And they lived ever after.<\/h5>\n","protected":false},"excerpt":{"rendered":"<h5>For the Japanese market, we made jointed step stools with the motifs of the <strong><em>world&#8217;s famous fairy tales.<\/em><\/strong><\/h5>\n<h5>DIY stools encourage creativity and develop imagination, and they can be used as rehabilitation equipment.<\/h5>\n<h5>The motif of the fairy tale <strong><em>&#8220;The Frog King&#8221;<\/em><\/strong> by the Grimm brothers is printed on the stool seat, and the buyer colors it by himself with the supplied colours.<\/h5>\n<h5>DIY stools are creative gifts for children and are designed for fun and use by the whole family.<\/h5>\n<p><em>\u00a0<\/em><em>Details:<\/em><\/p>\n<ul>\n<li>\n<h6>Jointed step stool &#8211; DIY<\/h6>\n<\/li>\n<li>\n<h6>Size: 400 x 200 x 200 mm<\/h6>\n<\/li>\n<li>\n<h6>Cardboard box: 410 x 230 x 50 mm<\/h6>\n<\/li>\n<li>\n<h6>Color: blue<\/h6>\n<\/li>\n<li>\n<h6>Motif: The Frog king<\/h6>\n<\/li>\n<li>\n<h6>Included: 4 basic non-toxic colors (water-based) and brush<\/h6>\n<\/li>\n<li>\n<h6>Material: MDF<\/h6>\n<\/li>\n<li>\n<h6>EN 71 CERTIFICATE<\/h6>\n<\/li>\n<li>\n<h6><strong><em>An ideal gift for the whole family (regardless of age and gender)<\/em><\/strong><\/h6>\n<\/li>\n<li>\n<h6>easy to send by post<\/h6>\n<\/li>\n<\/ul>\n","protected":false},"featured_media":3419,"template":"","meta":{"_monsterinsights_skip_tracking":false,"_monsterinsights_sitenote_active":false,"_monsterinsights_sitenote_note":"","_monsterinsights_sitenote_category":0},"product_cat":[1623,1638],"product_tag":[1296,1292,1294],"aioseo_notices":[],"yoast_head":"<!-- This site is optimized with the Yoast SEO plugin v22.1 - https:\/\/yoast.com\/wordpress\/plugins\/seo\/ -->\n<title>DIY stool The Frog king - Etnogalerija Skrina<\/title>\n<meta name=\"description\" content=\"Lesena pru\u010dka - \u017dabji kralj. Prikupno ter priro\u010dno darilo za otroke. Kupec sestavljivo pru\u010dko sam pobarva po prilo\u017eeni predlogi in s prilo\u017eenimi barvami.\" \/>\n<meta name=\"robots\" content=\"index, follow, max-snippet:-1, max-image-preview:large, max-video-preview:-1\" \/>\n<link rel=\"canonical\" href=\"https:\/\/skrina.si\/en\/product\/diy-stool-the-frog-king\/\" \/>\n<meta property=\"og:locale\" content=\"en_GB\" \/>\n<meta property=\"og:locale:alternate\" content=\"sl_SI\" \/>\n<meta property=\"og:type\" content=\"article\" \/>\n<meta property=\"og:title\" content=\"DIY stool The Frog king\" \/>\n<meta property=\"og:description\" content=\"Lesena pru\u010dka - \u017dabji kralj. Prikupno ter priro\u010dno darilo za otroke. Kupec sestavljivo pru\u010dko sam pobarva po prilo\u017eeni predlogi in s prilo\u017eenimi barvami.\" \/>\n<meta property=\"og:url\" content=\"https:\/\/skrina.si\/en\/product\/diy-stool-the-frog-king\/\" \/>\n<meta property=\"og:site_name\" content=\"Etnogalerija Skrina\" \/>\n<meta property=\"article:modified_time\" content=\"2024-04-15T17:28:01+00:00\" \/>\n<meta property=\"og:image\" content=\"https:\/\/skrina.si\/wp-content\/uploads\/2021\/07\/Prucka-sestavljena-Zabji-kralj-zaba-pravljica.jpg\" \/>\n\t<meta property=\"og:image:width\" content=\"2000\" \/>\n\t<meta property=\"og:image:height\" content=\"1500\" \/>\n\t<meta property=\"og:image:type\" content=\"image\/jpeg\" \/>\n<meta name=\"twitter:card\" content=\"summary_large_image\" \/>\n<meta name=\"twitter:label1\" content=\"Estimated reading time\" \/>\n\t<meta name=\"twitter:data1\" content=\"3 minutes\" \/>\n<script type=\"application\/ld+json\" class=\"yoast-schema-graph\">{\"@context\":\"https:\/\/schema.org\",\"@graph\":[{\"@type\":\"WebPage\",\"@id\":\"https:\/\/skrina.si\/en\/product\/diy-stool-the-frog-king\/\",\"url\":\"https:\/\/skrina.si\/en\/product\/diy-stool-the-frog-king\/\",\"name\":\"[:en]DIY stool The Frog king[:sl]DIY stool The Frog king[:] - Etnogalerija Skrina\",\"isPartOf\":{\"@id\":\"https:\/\/skrina.si\/en\/#website\"},\"datePublished\":\"2021-07-09T13:40:44+00:00\",\"dateModified\":\"2024-04-15T17:28:01+00:00\",\"description\":\"Lesena pru\u010dka - \u017dabji kralj. Prikupno ter priro\u010dno darilo za otroke. Kupec sestavljivo pru\u010dko sam pobarva po prilo\u017eeni predlogi in s prilo\u017eenimi barvami.\",\"breadcrumb\":{\"@id\":\"https:\/\/skrina.si\/en\/product\/diy-stool-the-frog-king\/#breadcrumb\"},\"inLanguage\":\"en-GB\",\"potentialAction\":[{\"@type\":\"ReadAction\",\"target\":[\"https:\/\/skrina.si\/en\/product\/diy-stool-the-frog-king\/\"]}]},{\"@type\":\"BreadcrumbList\",\"@id\":\"https:\/\/skrina.si\/en\/product\/diy-stool-the-frog-king\/#breadcrumb\",\"itemListElement\":[{\"@type\":\"ListItem\",\"position\":1,\"name\":\"Home\",\"item\":\"https:\/\/skrina.si\/en\/\"},{\"@type\":\"ListItem\",\"position\":2,\"name\":\"Shop\",\"item\":\"https:\/\/skrina.si\/shop\/\"},{\"@type\":\"ListItem\",\"position\":3,\"name\":\"DIY stool The Frog king\"}]},{\"@type\":\"WebSite\",\"@id\":\"https:\/\/skrina.si\/en\/#website\",\"url\":\"https:\/\/skrina.si\/en\/\",\"name\":\"Etnogalerija Skrina\",\"description\":\"Tradicija s posluhom\",\"potentialAction\":[{\"@type\":\"SearchAction\",\"target\":{\"@type\":\"EntryPoint\",\"urlTemplate\":\"https:\/\/skrina.si\/en\/?s={search_term_string}\"},\"query-input\":\"required name=search_term_string\"}],\"inLanguage\":\"en-GB\"}]}<\/script>\n<!-- \/ Yoast SEO plugin. -->","yoast_head_json":{"title":"DIY stool The Frog king - Etnogalerija Skrina","description":"Lesena pru\u010dka - \u017dabji kralj. Prikupno ter priro\u010dno darilo za otroke. Kupec sestavljivo pru\u010dko sam pobarva po prilo\u017eeni predlogi in s prilo\u017eenimi barvami.","robots":{"index":"index","follow":"follow","max-snippet":"max-snippet:-1","max-image-preview":"max-image-preview:large","max-video-preview":"max-video-preview:-1"},"canonical":"https:\/\/skrina.si\/en\/product\/diy-stool-the-frog-king\/","og_locale":"en_GB","og_type":"article","og_title":"[:en]DIY stool The Frog king[:sl]DIY stool The Frog king[:] - Etnogalerija Skrina","og_description":"Lesena pru\u010dka - \u017dabji kralj. Prikupno ter priro\u010dno darilo za otroke. Kupec sestavljivo pru\u010dko sam pobarva po prilo\u017eeni predlogi in s prilo\u017eenimi barvami.","og_url":"https:\/\/skrina.si\/en\/product\/diy-stool-the-frog-king\/","og_site_name":"Etnogalerija Skrina","article_modified_time":"2024-04-15T17:28:01+00:00","og_image":[{"width":2000,"height":1500,"url":"https:\/\/skrina.si\/wp-content\/uploads\/2021\/07\/Prucka-sestavljena-Zabji-kralj-zaba-pravljica.jpg","type":"image\/jpeg"}],"twitter_card":"summary_large_image","twitter_misc":{"Estimated reading time":"3 minutes"},"schema":{"@context":"https:\/\/schema.org","@graph":[{"@type":"WebPage","@id":"https:\/\/skrina.si\/en\/product\/diy-stool-the-frog-king\/","url":"https:\/\/skrina.si\/en\/product\/diy-stool-the-frog-king\/","name":"[:en]DIY stool The Frog king[:sl]DIY stool The Frog king[:] - Etnogalerija Skrina","isPartOf":{"@id":"https:\/\/skrina.si\/en\/#website"},"datePublished":"2021-07-09T13:40:44+00:00","dateModified":"2024-04-15T17:28:01+00:00","description":"Lesena pru\u010dka - \u017dabji kralj. Prikupno ter priro\u010dno darilo za otroke. Kupec sestavljivo pru\u010dko sam pobarva po prilo\u017eeni predlogi in s prilo\u017eenimi barvami.","breadcrumb":{"@id":"https:\/\/skrina.si\/en\/product\/diy-stool-the-frog-king\/#breadcrumb"},"inLanguage":"en-GB","potentialAction":[{"@type":"ReadAction","target":["https:\/\/skrina.si\/en\/product\/diy-stool-the-frog-king\/"]}]},{"@type":"BreadcrumbList","@id":"https:\/\/skrina.si\/en\/product\/diy-stool-the-frog-king\/#breadcrumb","itemListElement":[{"@type":"ListItem","position":1,"name":"Home","item":"https:\/\/skrina.si\/en\/"},{"@type":"ListItem","position":2,"name":"Shop","item":"https:\/\/skrina.si\/shop\/"},{"@type":"ListItem","position":3,"name":"DIY stool The Frog king"}]},{"@type":"WebSite","@id":"https:\/\/skrina.si\/en\/#website","url":"https:\/\/skrina.si\/en\/","name":"Etnogalerija Skrina","description":"Tradicija s posluhom","potentialAction":[{"@type":"SearchAction","target":{"@type":"EntryPoint","urlTemplate":"https:\/\/skrina.si\/en\/?s={search_term_string}"},"query-input":"required name=search_term_string"}],"inLanguage":"en-GB"}]}},"_links":{"self":[{"href":"https:\/\/skrina.si\/en\/wp-json\/wp\/v2\/product\/3418"}],"collection":[{"href":"https:\/\/skrina.si\/en\/wp-json\/wp\/v2\/product"}],"about":[{"href":"https:\/\/skrina.si\/en\/wp-json\/wp\/v2\/types\/product"}],"wp:featuredmedia":[{"embeddable":true,"href":"https:\/\/skrina.si\/en\/wp-json\/wp\/v2\/media\/3419"}],"wp:attachment":[{"href":"https:\/\/skrina.si\/en\/wp-json\/wp\/v2\/media?parent=3418"}],"wp:term":[{"taxonomy":"product_cat","embeddable":true,"href":"https:\/\/skrina.si\/en\/wp-json\/wp\/v2\/product_cat?post=3418"},{"taxonomy":"product_tag","embeddable":true,"href":"https:\/\/skrina.si\/en\/wp-json\/wp\/v2\/product_tag?post=3418"}],"curies":[{"name":"wp","href":"https:\/\/api.w.org\/{rel}","templated":true}]}}