{"id":3387,"date":"2021-07-08T13:44:11","date_gmt":"2021-07-08T13:44:11","guid":{"rendered":"https:\/\/skrina.si\/?post_type=product&#038;p=3387"},"modified":"2024-03-19T14:46:04","modified_gmt":"2024-03-19T13:46:04","slug":"medana","status":"publish","type":"product","link":"https:\/\/skrina.si\/en\/product\/medana\/","title":{"rendered":"Medana"},"content":{"rendered":"","protected":false},"excerpt":{"rendered":"<h5>Akademski slikar <strong><em>Pavol Tesar,<\/em><\/strong> po rodu Slovak, si je ve\u010dletnem potovanju po Evropi izbral za svoj dom Slovenijo. Imel je ve\u010d samostojnih in skupinskih razstav, med drugim tudi v <em><strong>Etnogaleriji SKRINA, <\/strong><\/em>kjer je razstavljal vedute Ljubljane.<\/h5>\n<h5>Privla\u010dijo ga tudi <em><strong>zgodovinski motivi<\/strong><\/em> in predvsem lepota\u00a0 in bogastvo <em><strong>neokrnjene narave<\/strong><\/em>, ki vse bolj drasti\u010dno izginja v neizprosnem tempu sedanjosti.<br \/>\nSlikarstvo Pavla Tesarja odpira prav ta vrata \u2013 v na\u0161 dom prina\u0161a prizore galebov, makovih polj, oljk in mestnih vedut.<\/h5>\n<h6>Lastnosti:<\/h6>\n<ul>\n<li>\n<h6><em>Naslov dela: Medana<\/em><\/h6>\n<\/li>\n<li>\n<h6><em>Tehnika: olje <\/em><\/h6>\n<\/li>\n<li>\n<h6><em>Zunanja dimenzija: 40 x 30 cm<\/em><\/h6>\n<\/li>\n<li>\n<h6><em>Naslikano z ljubeznijo do detajlov<\/em><\/h6>\n<\/li>\n<\/ul>\n","protected":false},"featured_media":3388,"template":"","meta":{"_monsterinsights_skip_tracking":false,"_monsterinsights_sitenote_active":false,"_monsterinsights_sitenote_note":"","_monsterinsights_sitenote_category":0},"product_cat":[77,66],"product_tag":[1560,1562],"aioseo_notices":[],"yoast_head":"<!-- This site is optimized with the Yoast SEO plugin v22.1 - https:\/\/yoast.com\/wordpress\/plugins\/seo\/ -->\n<title>Medana - Etnogalerija Skrina<\/title>\n<meta name=\"robots\" content=\"index, follow, max-snippet:-1, max-image-preview:large, max-video-preview:-1\" \/>\n<link rel=\"canonical\" href=\"https:\/\/skrina.si\/en\/product\/medana\/\" \/>\n<meta property=\"og:locale\" content=\"en_GB\" \/>\n<meta property=\"og:locale:alternate\" content=\"sl_SI\" \/>\n<meta property=\"og:type\" content=\"article\" \/>\n<meta property=\"og:title\" content=\"Medana - Etnogalerija Skrina\" \/>\n<meta property=\"og:description\" content=\"Akademski slikar Pavol Tesar, po rodu Slovak, si je ve\u010dletnem potovanju po Evropi izbral za svoj dom Slovenijo. Imel je ve\u010d samostojnih in skupinskih razstav, med drugim tudi v Etnogaleriji SKRINA, kjer je razstavljal vedute Ljubljane. Privla\u010dijo ga tudi zgodovinski motivi in predvsem lepota\u00a0 in bogastvo neokrnjene narave, ki vse bolj drasti\u010dno izginja v neizprosnem tempu sedanjosti. Slikarstvo Pavla Tesarja odpira prav ta vrata \u2013 v na\u0161 dom prina\u0161a prizore galebov, makovih polj, oljk in mestnih vedut. Lastnosti:    Naslov dela: Medana    Tehnika: olje     Zunanja dimenzija: 40 x 30 cm    Naslikano z ljubeznijo do detajlov\" \/>\n<meta property=\"og:url\" content=\"https:\/\/skrina.si\/en\/product\/medana\/\" \/>\n<meta property=\"og:site_name\" content=\"Etnogalerija Skrina\" \/>\n<meta property=\"article:modified_time\" content=\"2024-03-19T13:46:04+00:00\" \/>\n<meta property=\"og:image\" content=\"https:\/\/skrina.si\/wp-content\/uploads\/2021\/07\/Pavol-Tesar-Medana-olje.jpg\" \/>\n\t<meta property=\"og:image:width\" content=\"2001\" \/>\n\t<meta property=\"og:image:height\" content=\"1500\" \/>\n\t<meta property=\"og:image:type\" content=\"image\/jpeg\" \/>\n<meta name=\"twitter:card\" content=\"summary_large_image\" \/>\n<meta name=\"twitter:label1\" content=\"Estimated reading time\" \/>\n\t<meta name=\"twitter:data1\" content=\"1 minute\" \/>\n<script type=\"application\/ld+json\" class=\"yoast-schema-graph\">{\"@context\":\"https:\/\/schema.org\",\"@graph\":[{\"@type\":\"WebPage\",\"@id\":\"https:\/\/skrina.si\/en\/product\/medana\/\",\"url\":\"https:\/\/skrina.si\/en\/product\/medana\/\",\"name\":\"Medana - Etnogalerija Skrina\",\"isPartOf\":{\"@id\":\"https:\/\/skrina.si\/en\/#website\"},\"datePublished\":\"2021-07-08T13:44:11+00:00\",\"dateModified\":\"2024-03-19T13:46:04+00:00\",\"breadcrumb\":{\"@id\":\"https:\/\/skrina.si\/en\/product\/medana\/#breadcrumb\"},\"inLanguage\":\"en-GB\",\"potentialAction\":[{\"@type\":\"ReadAction\",\"target\":[\"https:\/\/skrina.si\/en\/product\/medana\/\"]}]},{\"@type\":\"BreadcrumbList\",\"@id\":\"https:\/\/skrina.si\/en\/product\/medana\/#breadcrumb\",\"itemListElement\":[{\"@type\":\"ListItem\",\"position\":1,\"name\":\"Home\",\"item\":\"https:\/\/skrina.si\/en\/\"},{\"@type\":\"ListItem\",\"position\":2,\"name\":\"Shop\",\"item\":\"https:\/\/skrina.si\/shop\/\"},{\"@type\":\"ListItem\",\"position\":3,\"name\":\"Medana\"}]},{\"@type\":\"WebSite\",\"@id\":\"https:\/\/skrina.si\/en\/#website\",\"url\":\"https:\/\/skrina.si\/en\/\",\"name\":\"Etnogalerija Skrina\",\"description\":\"Tradicija s posluhom\",\"potentialAction\":[{\"@type\":\"SearchAction\",\"target\":{\"@type\":\"EntryPoint\",\"urlTemplate\":\"https:\/\/skrina.si\/en\/?s={search_term_string}\"},\"query-input\":\"required name=search_term_string\"}],\"inLanguage\":\"en-GB\"}]}<\/script>\n<!-- \/ Yoast SEO plugin. -->","yoast_head_json":{"title":"Medana - Etnogalerija Skrina","robots":{"index":"index","follow":"follow","max-snippet":"max-snippet:-1","max-image-preview":"max-image-preview:large","max-video-preview":"max-video-preview:-1"},"canonical":"https:\/\/skrina.si\/en\/product\/medana\/","og_locale":"en_GB","og_type":"article","og_title":"Medana - Etnogalerija Skrina","og_description":"Akademski slikar Pavol Tesar, po rodu Slovak, si je ve\u010dletnem potovanju po Evropi izbral za svoj dom Slovenijo. Imel je ve\u010d samostojnih in skupinskih razstav, med drugim tudi v Etnogaleriji SKRINA, kjer je razstavljal vedute Ljubljane. Privla\u010dijo ga tudi zgodovinski motivi in predvsem lepota\u00a0 in bogastvo neokrnjene narave, ki vse bolj drasti\u010dno izginja v neizprosnem tempu sedanjosti. Slikarstvo Pavla Tesarja odpira prav ta vrata \u2013 v na\u0161 dom prina\u0161a prizore galebov, makovih polj, oljk in mestnih vedut. Lastnosti:    Naslov dela: Medana    Tehnika: olje     Zunanja dimenzija: 40 x 30 cm    Naslikano z ljubeznijo do detajlov","og_url":"https:\/\/skrina.si\/en\/product\/medana\/","og_site_name":"Etnogalerija Skrina","article_modified_time":"2024-03-19T13:46:04+00:00","og_image":[{"width":2001,"height":1500,"url":"https:\/\/skrina.si\/wp-content\/uploads\/2021\/07\/Pavol-Tesar-Medana-olje.jpg","type":"image\/jpeg"}],"twitter_card":"summary_large_image","twitter_misc":{"Estimated reading time":"1 minute"},"schema":{"@context":"https:\/\/schema.org","@graph":[{"@type":"WebPage","@id":"https:\/\/skrina.si\/en\/product\/medana\/","url":"https:\/\/skrina.si\/en\/product\/medana\/","name":"Medana - Etnogalerija Skrina","isPartOf":{"@id":"https:\/\/skrina.si\/en\/#website"},"datePublished":"2021-07-08T13:44:11+00:00","dateModified":"2024-03-19T13:46:04+00:00","breadcrumb":{"@id":"https:\/\/skrina.si\/en\/product\/medana\/#breadcrumb"},"inLanguage":"en-GB","potentialAction":[{"@type":"ReadAction","target":["https:\/\/skrina.si\/en\/product\/medana\/"]}]},{"@type":"BreadcrumbList","@id":"https:\/\/skrina.si\/en\/product\/medana\/#breadcrumb","itemListElement":[{"@type":"ListItem","position":1,"name":"Home","item":"https:\/\/skrina.si\/en\/"},{"@type":"ListItem","position":2,"name":"Shop","item":"https:\/\/skrina.si\/shop\/"},{"@type":"ListItem","position":3,"name":"Medana"}]},{"@type":"WebSite","@id":"https:\/\/skrina.si\/en\/#website","url":"https:\/\/skrina.si\/en\/","name":"Etnogalerija Skrina","description":"Tradicija s posluhom","potentialAction":[{"@type":"SearchAction","target":{"@type":"EntryPoint","urlTemplate":"https:\/\/skrina.si\/en\/?s={search_term_string}"},"query-input":"required name=search_term_string"}],"inLanguage":"en-GB"}]}},"_links":{"self":[{"href":"https:\/\/skrina.si\/en\/wp-json\/wp\/v2\/product\/3387"}],"collection":[{"href":"https:\/\/skrina.si\/en\/wp-json\/wp\/v2\/product"}],"about":[{"href":"https:\/\/skrina.si\/en\/wp-json\/wp\/v2\/types\/product"}],"wp:featuredmedia":[{"embeddable":true,"href":"https:\/\/skrina.si\/en\/wp-json\/wp\/v2\/media\/3388"}],"wp:attachment":[{"href":"https:\/\/skrina.si\/en\/wp-json\/wp\/v2\/media?parent=3387"}],"wp:term":[{"taxonomy":"product_cat","embeddable":true,"href":"https:\/\/skrina.si\/en\/wp-json\/wp\/v2\/product_cat?post=3387"},{"taxonomy":"product_tag","embeddable":true,"href":"https:\/\/skrina.si\/en\/wp-json\/wp\/v2\/product_tag?post=3387"}],"curies":[{"name":"wp","href":"https:\/\/api.w.org\/{rel}","templated":true}]}}