{"id":3222,"date":"2021-07-05T13:39:15","date_gmt":"2021-07-05T13:39:15","guid":{"rendered":"https:\/\/skrina.si\/?post_type=product&#038;p=3222"},"modified":"2024-10-07T18:34:26","modified_gmt":"2024-10-07T16:34:26","slug":"eva-iz-raja","status":"publish","type":"product","link":"https:\/\/skrina.si\/en\/product\/eva-iz-raja\/","title":{"rendered":"Eva iz raja"},"content":{"rendered":"","protected":false},"excerpt":{"rendered":"<h5 style=\"text-align: justify;\"><strong><em>Karizmati\u010dna Eva<\/em><\/strong> je obogatene z obilico zlate barve, ki simbolizira uspeh in zmagoslavje, razko\u0161je in blaginjo.<br \/>\nNepogre\u0161ljiva <strong><em>zlata barva<\/em><\/strong> dodaja samozavestim in strastnim \u017eenskim figuram \u0161e prav posebno prefinjenost in eleganco.<br \/>\nNjena dostojanstvena dr\u017ea, aristokratska eleganca, razko\u0161na obla\u010dila, detajli in skriti simboli nas spominjajo na lepotni ideal nekega \u010dasa in samo ugibamo lahko ali gre za slikarkin avtoportret.<\/h5>\n<h6><em>Lastnosti:<\/em><\/h6>\n<ul>\n<li>\n<h6><em>Naslov dela: Eve iz raja<\/em><\/h6>\n<\/li>\n<li>\n<h6><em>Tehnika: grafija<\/em><\/h6>\n<\/li>\n<li>\n<h6><em>Zunanja dimenzija: 14 x 15 cm<\/em><\/h6>\n<\/li>\n<li>\n<h6><em>V darilni embala\u017ei<\/em><\/h6>\n<\/li>\n<li>\n<h6><em>Naslikano z ljubeznijo do detajlov<\/em><\/h6>\n<\/li>\n<\/ul>\n<p>&nbsp;<\/p>\n","protected":false},"featured_media":10950,"template":"","meta":{"_monsterinsights_skip_tracking":false,"_monsterinsights_sitenote_active":false,"_monsterinsights_sitenote_note":"","_monsterinsights_sitenote_category":0},"product_cat":[110,66],"product_tag":[],"aioseo_notices":[],"yoast_head":"<!-- This site is optimized with the Yoast SEO plugin v22.1 - https:\/\/yoast.com\/wordpress\/plugins\/seo\/ -->\n<title>Eva iz raja - Etnogalerija Skrina<\/title>\n<meta name=\"robots\" content=\"index, follow, max-snippet:-1, max-image-preview:large, max-video-preview:-1\" \/>\n<link rel=\"canonical\" href=\"https:\/\/skrina.si\/en\/product\/eva-iz-raja\/\" \/>\n<meta property=\"og:locale\" content=\"en_GB\" \/>\n<meta property=\"og:locale:alternate\" content=\"sl_SI\" \/>\n<meta property=\"og:type\" content=\"article\" \/>\n<meta property=\"og:title\" content=\"Eva iz raja\" \/>\n<meta property=\"og:description\" content=\"Karizmati\u010dna Eva je obogatene z obilico zlate barve, ki simbolizira uspeh in zmagoslavje, razko\u0161je in blaginjo. Nepogre\u0161ljiva zlata barva dodaja samozavestim in strastnim \u017eenskim figuram \u0161e prav posebno prefinjenost in eleganco. Njena dostojanstvena dr\u017ea, aristokratska eleganca, razko\u0161na obla\u010dila, detajli in skriti simboli nas spominjajo na lepotni ideal nekega \u010dasa in samo ugibamo lahko ali gre za slikarkin avtoportret. Lastnosti:    Naslov dela: Eve iz raja    Tehnika: grafija    Zunanja dimenzija: 14 x 15 cm    V darilni embala\u017ei    Naslikano z ljubeznijo do detajlov   &nbsp;\" \/>\n<meta property=\"og:url\" content=\"https:\/\/skrina.si\/en\/product\/eva-iz-raja\/\" \/>\n<meta property=\"og:site_name\" content=\"Etnogalerija Skrina\" \/>\n<meta property=\"article:modified_time\" content=\"2024-10-07T16:34:26+00:00\" \/>\n<meta property=\"og:image\" content=\"https:\/\/skrina.si\/wp-content\/uploads\/2021\/07\/Irena-Polanec-slika-Eva-skoljke-mala-grafika-darila-zanjo.jpg\" \/>\n\t<meta property=\"og:image:width\" content=\"2000\" \/>\n\t<meta property=\"og:image:height\" content=\"1500\" \/>\n\t<meta property=\"og:image:type\" content=\"image\/jpeg\" \/>\n<meta name=\"twitter:card\" content=\"summary_large_image\" \/>\n<meta name=\"twitter:label1\" content=\"Estimated reading time\" \/>\n\t<meta name=\"twitter:data1\" content=\"1 minute\" \/>\n<script type=\"application\/ld+json\" class=\"yoast-schema-graph\">{\"@context\":\"https:\/\/schema.org\",\"@graph\":[{\"@type\":\"WebPage\",\"@id\":\"https:\/\/skrina.si\/en\/product\/eva-iz-raja\/\",\"url\":\"https:\/\/skrina.si\/en\/product\/eva-iz-raja\/\",\"name\":\"[:en]Eva iz raja[:sl]Eva iz raja[:] - Etnogalerija Skrina\",\"isPartOf\":{\"@id\":\"https:\/\/skrina.si\/en\/#website\"},\"datePublished\":\"2021-07-05T13:39:15+00:00\",\"dateModified\":\"2024-10-07T16:34:26+00:00\",\"breadcrumb\":{\"@id\":\"https:\/\/skrina.si\/en\/product\/eva-iz-raja\/#breadcrumb\"},\"inLanguage\":\"en-GB\",\"potentialAction\":[{\"@type\":\"ReadAction\",\"target\":[\"https:\/\/skrina.si\/en\/product\/eva-iz-raja\/\"]}]},{\"@type\":\"BreadcrumbList\",\"@id\":\"https:\/\/skrina.si\/en\/product\/eva-iz-raja\/#breadcrumb\",\"itemListElement\":[{\"@type\":\"ListItem\",\"position\":1,\"name\":\"Home\",\"item\":\"https:\/\/skrina.si\/en\/\"},{\"@type\":\"ListItem\",\"position\":2,\"name\":\"Shop\",\"item\":\"https:\/\/skrina.si\/shop\/\"},{\"@type\":\"ListItem\",\"position\":3,\"name\":\"Eva iz raja\"}]},{\"@type\":\"WebSite\",\"@id\":\"https:\/\/skrina.si\/en\/#website\",\"url\":\"https:\/\/skrina.si\/en\/\",\"name\":\"Etnogalerija Skrina\",\"description\":\"Tradicija s posluhom\",\"potentialAction\":[{\"@type\":\"SearchAction\",\"target\":{\"@type\":\"EntryPoint\",\"urlTemplate\":\"https:\/\/skrina.si\/en\/?s={search_term_string}\"},\"query-input\":\"required name=search_term_string\"}],\"inLanguage\":\"en-GB\"}]}<\/script>\n<!-- \/ Yoast SEO plugin. -->","yoast_head_json":{"title":"Eva iz raja - Etnogalerija Skrina","robots":{"index":"index","follow":"follow","max-snippet":"max-snippet:-1","max-image-preview":"max-image-preview:large","max-video-preview":"max-video-preview:-1"},"canonical":"https:\/\/skrina.si\/en\/product\/eva-iz-raja\/","og_locale":"en_GB","og_type":"article","og_title":"[:en]Eva iz raja[:sl]Eva iz raja[:] - Etnogalerija Skrina","og_description":"[:sl]Karizmati\u010dna Eva je obogatene z obilico zlate barve, ki simbolizira uspeh in zmagoslavje, razko\u0161je in blaginjo. Nepogre\u0161ljiva zlata barva dodaja samozavestim in strastnim \u017eenskim figuram \u0161e prav posebno prefinjenost in eleganco. Njena dostojanstvena dr\u017ea, aristokratska eleganca, razko\u0161na obla\u010dila, detajli in skriti simboli nas spominjajo na lepotni ideal nekega \u010dasa in samo ugibamo lahko ali gre za slikarkin avtoportret. Lastnosti:    Naslov dela: Eve iz raja    Tehnika: grafija    Zunanja dimenzija: 14 x 15 cm    V darilni embala\u017ei    Naslikano z ljubeznijo do detajlov   &nbsp;[:]","og_url":"https:\/\/skrina.si\/en\/product\/eva-iz-raja\/","og_site_name":"Etnogalerija Skrina","article_modified_time":"2024-10-07T16:34:26+00:00","og_image":[{"width":2000,"height":1500,"url":"https:\/\/skrina.si\/wp-content\/uploads\/2021\/07\/Irena-Polanec-slika-Eva-skoljke-mala-grafika-darila-zanjo.jpg","type":"image\/jpeg"}],"twitter_card":"summary_large_image","twitter_misc":{"Estimated reading time":"1 minute"},"schema":{"@context":"https:\/\/schema.org","@graph":[{"@type":"WebPage","@id":"https:\/\/skrina.si\/en\/product\/eva-iz-raja\/","url":"https:\/\/skrina.si\/en\/product\/eva-iz-raja\/","name":"[:en]Eva iz raja[:sl]Eva iz raja[:] - Etnogalerija Skrina","isPartOf":{"@id":"https:\/\/skrina.si\/en\/#website"},"datePublished":"2021-07-05T13:39:15+00:00","dateModified":"2024-10-07T16:34:26+00:00","breadcrumb":{"@id":"https:\/\/skrina.si\/en\/product\/eva-iz-raja\/#breadcrumb"},"inLanguage":"en-GB","potentialAction":[{"@type":"ReadAction","target":["https:\/\/skrina.si\/en\/product\/eva-iz-raja\/"]}]},{"@type":"BreadcrumbList","@id":"https:\/\/skrina.si\/en\/product\/eva-iz-raja\/#breadcrumb","itemListElement":[{"@type":"ListItem","position":1,"name":"Home","item":"https:\/\/skrina.si\/en\/"},{"@type":"ListItem","position":2,"name":"Shop","item":"https:\/\/skrina.si\/shop\/"},{"@type":"ListItem","position":3,"name":"Eva iz raja"}]},{"@type":"WebSite","@id":"https:\/\/skrina.si\/en\/#website","url":"https:\/\/skrina.si\/en\/","name":"Etnogalerija Skrina","description":"Tradicija s posluhom","potentialAction":[{"@type":"SearchAction","target":{"@type":"EntryPoint","urlTemplate":"https:\/\/skrina.si\/en\/?s={search_term_string}"},"query-input":"required name=search_term_string"}],"inLanguage":"en-GB"}]}},"_links":{"self":[{"href":"https:\/\/skrina.si\/en\/wp-json\/wp\/v2\/product\/3222"}],"collection":[{"href":"https:\/\/skrina.si\/en\/wp-json\/wp\/v2\/product"}],"about":[{"href":"https:\/\/skrina.si\/en\/wp-json\/wp\/v2\/types\/product"}],"wp:featuredmedia":[{"embeddable":true,"href":"https:\/\/skrina.si\/en\/wp-json\/wp\/v2\/media\/10950"}],"wp:attachment":[{"href":"https:\/\/skrina.si\/en\/wp-json\/wp\/v2\/media?parent=3222"}],"wp:term":[{"taxonomy":"product_cat","embeddable":true,"href":"https:\/\/skrina.si\/en\/wp-json\/wp\/v2\/product_cat?post=3222"},{"taxonomy":"product_tag","embeddable":true,"href":"https:\/\/skrina.si\/en\/wp-json\/wp\/v2\/product_tag?post=3222"}],"curies":[{"name":"wp","href":"https:\/\/api.w.org\/{rel}","templated":true}]}}