{"id":3191,"date":"2021-07-03T08:51:24","date_gmt":"2021-07-03T08:51:24","guid":{"rendered":"https:\/\/skrina.si\/?post_type=product&#038;p=3191"},"modified":"2024-04-12T19:14:14","modified_gmt":"2024-04-12T17:14:14","slug":"sopek-4","status":"publish","type":"product","link":"https:\/\/skrina.si\/en\/product\/sopek-4\/","title":{"rendered":"Vijola vrtnica"},"content":{"rendered":"","protected":false},"excerpt":{"rendered":"<h5>Akadenska slikarka Goranka Politeo je prepoznavna predvsem po svojih rafiniranih in natan\u010dno izvedenih <strong><em>cvetli\u010dnih akvarelih. <\/em><\/strong><\/h5>\n<h5>To slikovito in domi\u0161ljije polno tematiko slikarka razpreda z izredno ob\u010duteno slikarsko govorico, barvno dovr\u0161enostjo in izrazitim <strong><em>ob\u010dutkom za detajle.<\/em><\/strong><\/h5>\n<h5>Povsod vlada skrajno pozoren odnos do naslikane celote, do njenih najmanj\u0161ih podrobnosti, vse dokler cvetlice za\u017eivijo pred nami v vsej svoji lepoti.<\/h5>\n<h6>Lastnosti:<\/h6>\n<ul>\n<li>\n<h6>Naslov dela: Vijola vrtnica<\/h6>\n<\/li>\n<li>\n<h6>Tehnika: akvarel<\/h6>\n<\/li>\n<li>\n<h6>Zunanja dimenzija: 32 x 35 cm<\/h6>\n<\/li>\n<li>\n<h6>Vsa dela so podpisana<\/h6>\n<\/li>\n<\/ul>\n","protected":false},"featured_media":9147,"template":"","meta":{"_monsterinsights_skip_tracking":false,"_monsterinsights_sitenote_active":false,"_monsterinsights_sitenote_note":"","_monsterinsights_sitenote_category":0},"product_cat":[160,66],"product_tag":[161,151],"aioseo_notices":[],"yoast_head":"<!-- This site is optimized with the Yoast SEO plugin v22.1 - https:\/\/yoast.com\/wordpress\/plugins\/seo\/ -->\n<title>Vijola vrtnica - Etnogalerija Skrina<\/title>\n<meta name=\"robots\" content=\"index, follow, max-snippet:-1, max-image-preview:large, max-video-preview:-1\" \/>\n<link rel=\"canonical\" href=\"https:\/\/skrina.si\/en\/product\/sopek-4\/\" \/>\n<meta property=\"og:locale\" content=\"en_GB\" \/>\n<meta property=\"og:locale:alternate\" content=\"sl_SI\" \/>\n<meta property=\"og:type\" content=\"article\" \/>\n<meta property=\"og:title\" content=\"Vijola vrtnica\" \/>\n<meta property=\"og:description\" content=\"Akadenska slikarka Goranka Politeo je prepoznavna predvsem po svojih rafiniranih in natan\u010dno izvedenih cvetli\u010dnih akvarelih.  To slikovito in domi\u0161ljije polno tematiko slikarka razpreda z izredno ob\u010duteno slikarsko govorico, barvno dovr\u0161enostjo in izrazitim ob\u010dutkom za detajle. Povsod vlada skrajno pozoren odnos do naslikane celote, do njenih najmanj\u0161ih podrobnosti, vse dokler cvetlice za\u017eivijo pred nami v vsej svoji lepoti. Lastnosti:    Naslov dela: Vijola vrtnica    Tehnika: akvarel    Zunanja dimenzija: 32 x 35 cm    Vsa dela so podpisana\" \/>\n<meta property=\"og:url\" content=\"https:\/\/skrina.si\/en\/product\/sopek-4\/\" \/>\n<meta property=\"og:site_name\" content=\"Etnogalerija Skrina\" \/>\n<meta property=\"article:modified_time\" content=\"2024-04-12T17:14:14+00:00\" \/>\n<meta property=\"og:image\" content=\"https:\/\/skrina.si\/wp-content\/uploads\/2021\/07\/Goranka-Politeo-Akvarel-vijola-cvetje-vrtnice-sopek-galerija.jpg\" \/>\n\t<meta property=\"og:image:width\" content=\"2000\" \/>\n\t<meta property=\"og:image:height\" content=\"1500\" \/>\n\t<meta property=\"og:image:type\" content=\"image\/jpeg\" \/>\n<meta name=\"twitter:card\" content=\"summary_large_image\" \/>\n<meta name=\"twitter:label1\" content=\"Estimated reading time\" \/>\n\t<meta name=\"twitter:data1\" content=\"1 minute\" \/>\n<script type=\"application\/ld+json\" class=\"yoast-schema-graph\">{\"@context\":\"https:\/\/schema.org\",\"@graph\":[{\"@type\":\"WebPage\",\"@id\":\"https:\/\/skrina.si\/en\/product\/sopek-4\/\",\"url\":\"https:\/\/skrina.si\/en\/product\/sopek-4\/\",\"name\":\"[:sl]Vijola vrtnica[:] - Etnogalerija Skrina\",\"isPartOf\":{\"@id\":\"https:\/\/skrina.si\/en\/#website\"},\"datePublished\":\"2021-07-03T08:51:24+00:00\",\"dateModified\":\"2024-04-12T17:14:14+00:00\",\"breadcrumb\":{\"@id\":\"https:\/\/skrina.si\/en\/product\/sopek-4\/#breadcrumb\"},\"inLanguage\":\"en-GB\",\"potentialAction\":[{\"@type\":\"ReadAction\",\"target\":[\"https:\/\/skrina.si\/en\/product\/sopek-4\/\"]}]},{\"@type\":\"BreadcrumbList\",\"@id\":\"https:\/\/skrina.si\/en\/product\/sopek-4\/#breadcrumb\",\"itemListElement\":[{\"@type\":\"ListItem\",\"position\":1,\"name\":\"Home\",\"item\":\"https:\/\/skrina.si\/en\/\"},{\"@type\":\"ListItem\",\"position\":2,\"name\":\"Shop\",\"item\":\"https:\/\/skrina.si\/shop\/\"},{\"@type\":\"ListItem\",\"position\":3,\"name\":\"Vijola vrtnica\"}]},{\"@type\":\"WebSite\",\"@id\":\"https:\/\/skrina.si\/en\/#website\",\"url\":\"https:\/\/skrina.si\/en\/\",\"name\":\"Etnogalerija Skrina\",\"description\":\"Tradicija s posluhom\",\"potentialAction\":[{\"@type\":\"SearchAction\",\"target\":{\"@type\":\"EntryPoint\",\"urlTemplate\":\"https:\/\/skrina.si\/en\/?s={search_term_string}\"},\"query-input\":\"required name=search_term_string\"}],\"inLanguage\":\"en-GB\"}]}<\/script>\n<!-- \/ Yoast SEO plugin. -->","yoast_head_json":{"title":"Vijola vrtnica - Etnogalerija Skrina","robots":{"index":"index","follow":"follow","max-snippet":"max-snippet:-1","max-image-preview":"max-image-preview:large","max-video-preview":"max-video-preview:-1"},"canonical":"https:\/\/skrina.si\/en\/product\/sopek-4\/","og_locale":"en_GB","og_type":"article","og_title":"[:sl]Vijola vrtnica[:] - Etnogalerija Skrina","og_description":"[:sl]Akadenska slikarka Goranka Politeo je prepoznavna predvsem po svojih rafiniranih in natan\u010dno izvedenih cvetli\u010dnih akvarelih.  To slikovito in domi\u0161ljije polno tematiko slikarka razpreda z izredno ob\u010duteno slikarsko govorico, barvno dovr\u0161enostjo in izrazitim ob\u010dutkom za detajle. Povsod vlada skrajno pozoren odnos do naslikane celote, do njenih najmanj\u0161ih podrobnosti, vse dokler cvetlice za\u017eivijo pred nami v vsej svoji lepoti. Lastnosti:    Naslov dela: Vijola vrtnica    Tehnika: akvarel    Zunanja dimenzija: 32 x 35 cm    Vsa dela so podpisana  [:]","og_url":"https:\/\/skrina.si\/en\/product\/sopek-4\/","og_site_name":"Etnogalerija Skrina","article_modified_time":"2024-04-12T17:14:14+00:00","og_image":[{"width":2000,"height":1500,"url":"https:\/\/skrina.si\/wp-content\/uploads\/2021\/07\/Goranka-Politeo-Akvarel-vijola-cvetje-vrtnice-sopek-galerija.jpg","type":"image\/jpeg"}],"twitter_card":"summary_large_image","twitter_misc":{"Estimated reading time":"1 minute"},"schema":{"@context":"https:\/\/schema.org","@graph":[{"@type":"WebPage","@id":"https:\/\/skrina.si\/en\/product\/sopek-4\/","url":"https:\/\/skrina.si\/en\/product\/sopek-4\/","name":"[:sl]Vijola vrtnica[:] - Etnogalerija Skrina","isPartOf":{"@id":"https:\/\/skrina.si\/en\/#website"},"datePublished":"2021-07-03T08:51:24+00:00","dateModified":"2024-04-12T17:14:14+00:00","breadcrumb":{"@id":"https:\/\/skrina.si\/en\/product\/sopek-4\/#breadcrumb"},"inLanguage":"en-GB","potentialAction":[{"@type":"ReadAction","target":["https:\/\/skrina.si\/en\/product\/sopek-4\/"]}]},{"@type":"BreadcrumbList","@id":"https:\/\/skrina.si\/en\/product\/sopek-4\/#breadcrumb","itemListElement":[{"@type":"ListItem","position":1,"name":"Home","item":"https:\/\/skrina.si\/en\/"},{"@type":"ListItem","position":2,"name":"Shop","item":"https:\/\/skrina.si\/shop\/"},{"@type":"ListItem","position":3,"name":"Vijola vrtnica"}]},{"@type":"WebSite","@id":"https:\/\/skrina.si\/en\/#website","url":"https:\/\/skrina.si\/en\/","name":"Etnogalerija Skrina","description":"Tradicija s posluhom","potentialAction":[{"@type":"SearchAction","target":{"@type":"EntryPoint","urlTemplate":"https:\/\/skrina.si\/en\/?s={search_term_string}"},"query-input":"required name=search_term_string"}],"inLanguage":"en-GB"}]}},"_links":{"self":[{"href":"https:\/\/skrina.si\/en\/wp-json\/wp\/v2\/product\/3191"}],"collection":[{"href":"https:\/\/skrina.si\/en\/wp-json\/wp\/v2\/product"}],"about":[{"href":"https:\/\/skrina.si\/en\/wp-json\/wp\/v2\/types\/product"}],"wp:featuredmedia":[{"embeddable":true,"href":"https:\/\/skrina.si\/en\/wp-json\/wp\/v2\/media\/9147"}],"wp:attachment":[{"href":"https:\/\/skrina.si\/en\/wp-json\/wp\/v2\/media?parent=3191"}],"wp:term":[{"taxonomy":"product_cat","embeddable":true,"href":"https:\/\/skrina.si\/en\/wp-json\/wp\/v2\/product_cat?post=3191"},{"taxonomy":"product_tag","embeddable":true,"href":"https:\/\/skrina.si\/en\/wp-json\/wp\/v2\/product_tag?post=3191"}],"curies":[{"name":"wp","href":"https:\/\/api.w.org\/{rel}","templated":true}]}}