{"id":3176,"date":"2022-03-03T15:10:26","date_gmt":"2022-03-03T15:10:26","guid":{"rendered":"https:\/\/skrina.si\/?post_type=product&#038;p=3176"},"modified":"2022-05-07T08:56:27","modified_gmt":"2022-05-07T08:56:27","slug":"vijolica","status":"publish","type":"product","link":"https:\/\/skrina.si\/en\/product\/vijolica\/","title":{"rendered":"Vijolica"},"content":{"rendered":"","protected":false},"excerpt":{"rendered":"<h5>V evropski kulturi je di\u0161e\u010da <strong><em>vijolica <\/em><\/strong>verjetno najbolj znana kot simbol poni\u017enosti, skromnosti in skrite ljubezni. Tovrstni simbolni pomeni so povezani predvsem z nizko rastjo cvetlice, ki svoje dehte\u010de cvetove sklanja k tlom in jih \u017ee kar srame\u017eljivo skriva med zelenim listjem. Vendar ima vijolica \u0161e druge, skoraj diametralno nasprotne simbolne pomene. Drobna cvetlica je obenem simbol poguma, vztrajnosti in trdo\u017eivosti, ro\u017ea, ki si jo je <strong><em>Napoleon Bonaparte<\/em><\/strong> izbral za svoj emblem, saj so bile vijolice najljub\u0161e cvetlice njegove soproge, cesarice Jo\u017eefine.<br \/>\nSlavili so jih mnogi pesniki in pisatelji, slikali so jih mojstri cvetli\u010dnih tiho\u017eitij, bile pa so tudi cenjen modni dodatek in pomemben dekorativni motiv v izdelkih umetne obrti. \u0160opek di\u0161e\u010dih cvetlic je \u0161e danes velikokrat izraz pozornosti in naklonjenosti, ki \u0161e nekoliko srame\u017eljivo i\u0161\u010de pravih besed.<\/h5>\n<h6><em>Podrobnosti:<\/em><\/h6>\n<ul>\n<li>\n<h6>Velikost: vi\u0161ina 12 cm, \u0161irina 7 cm<\/h6>\n<\/li>\n<li>\n<h6>Material: Keramika<\/h6>\n<\/li>\n<li>\n<h6>V darilni vre\u010dki s prilo\u017eenim certifikatom<\/h6>\n<\/li>\n<li>\n<h6>Oblikovano z ljubeznijo do detajlov<\/h6>\n<\/li>\n<li>\n<h6>Idealno darilo za ljubitelje ro\u017e in obo\u017eevalce vijolic<\/h6>\n<\/li>\n<\/ul>\n","protected":false},"featured_media":8100,"template":"","meta":{"_monsterinsights_skip_tracking":false,"_monsterinsights_sitenote_active":false,"_monsterinsights_sitenote_note":"","_monsterinsights_sitenote_category":0},"product_cat":[103,686],"product_tag":[151,41,157],"aioseo_notices":[],"yoast_head":"<!-- This site is optimized with the Yoast SEO plugin v22.1 - https:\/\/yoast.com\/wordpress\/plugins\/seo\/ -->\n<title>Ro\u017ena vila Vijolica - Etnogalerija Skrina<\/title>\n<meta name=\"description\" content=\"V evropski kulturi je di\u0161e\u010da vijolica verjetno najbolj znana kot simbol poni\u017enosti, skromnosti in skrite ljubezni.\" \/>\n<meta name=\"robots\" content=\"index, follow, max-snippet:-1, max-image-preview:large, max-video-preview:-1\" \/>\n<link rel=\"canonical\" href=\"https:\/\/skrina.si\/en\/product\/vijolica\/\" \/>\n<meta property=\"og:locale\" content=\"en_GB\" \/>\n<meta property=\"og:locale:alternate\" content=\"sl_SI\" \/>\n<meta property=\"og:type\" content=\"article\" \/>\n<meta property=\"og:title\" content=\"Ro\u017ena vila Vijolica - Etnogalerija Skrina\" \/>\n<meta property=\"og:description\" content=\"V evropski kulturi je di\u0161e\u010da vijolica verjetno najbolj znana kot simbol poni\u017enosti, skromnosti in skrite ljubezni.\" \/>\n<meta property=\"og:url\" content=\"https:\/\/skrina.si\/en\/product\/vijolica\/\" \/>\n<meta property=\"og:site_name\" content=\"Etnogalerija Skrina\" \/>\n<meta property=\"article:modified_time\" content=\"2022-05-07T08:56:27+00:00\" \/>\n<meta property=\"og:image\" content=\"https:\/\/skrina.si\/wp-content\/uploads\/2021\/07\/Rozne-vile-vijolica-dekor-Slovenske-cvetlice-roze-Tradicija-s-posluhom-Etno-galerija-Skrina.jpg\" \/>\n\t<meta property=\"og:image:width\" content=\"1619\" \/>\n\t<meta property=\"og:image:height\" content=\"1213\" \/>\n\t<meta property=\"og:image:type\" content=\"image\/jpeg\" \/>\n<meta name=\"twitter:card\" content=\"summary_large_image\" \/>\n<script type=\"application\/ld+json\" class=\"yoast-schema-graph\">{\"@context\":\"https:\/\/schema.org\",\"@graph\":[{\"@type\":\"WebPage\",\"@id\":\"https:\/\/skrina.si\/en\/product\/vijolica\/\",\"url\":\"https:\/\/skrina.si\/en\/product\/vijolica\/\",\"name\":\"Ro\u017ena vila Vijolica - Etnogalerija Skrina\",\"isPartOf\":{\"@id\":\"https:\/\/skrina.si\/en\/#website\"},\"datePublished\":\"2022-03-03T15:10:26+00:00\",\"dateModified\":\"2022-05-07T08:56:27+00:00\",\"description\":\"V evropski kulturi je di\u0161e\u010da vijolica verjetno najbolj znana kot simbol poni\u017enosti, skromnosti in skrite ljubezni.\",\"breadcrumb\":{\"@id\":\"https:\/\/skrina.si\/en\/product\/vijolica\/#breadcrumb\"},\"inLanguage\":\"en-GB\",\"potentialAction\":[{\"@type\":\"ReadAction\",\"target\":[\"https:\/\/skrina.si\/en\/product\/vijolica\/\"]}]},{\"@type\":\"BreadcrumbList\",\"@id\":\"https:\/\/skrina.si\/en\/product\/vijolica\/#breadcrumb\",\"itemListElement\":[{\"@type\":\"ListItem\",\"position\":1,\"name\":\"Home\",\"item\":\"https:\/\/skrina.si\/en\/\"},{\"@type\":\"ListItem\",\"position\":2,\"name\":\"Shop\",\"item\":\"https:\/\/skrina.si\/shop\/\"},{\"@type\":\"ListItem\",\"position\":3,\"name\":\"Vijolica\"}]},{\"@type\":\"WebSite\",\"@id\":\"https:\/\/skrina.si\/en\/#website\",\"url\":\"https:\/\/skrina.si\/en\/\",\"name\":\"Etnogalerija Skrina\",\"description\":\"Tradicija s posluhom\",\"potentialAction\":[{\"@type\":\"SearchAction\",\"target\":{\"@type\":\"EntryPoint\",\"urlTemplate\":\"https:\/\/skrina.si\/en\/?s={search_term_string}\"},\"query-input\":\"required name=search_term_string\"}],\"inLanguage\":\"en-GB\"}]}<\/script>\n<!-- \/ Yoast SEO plugin. -->","yoast_head_json":{"title":"Ro\u017ena vila Vijolica - Etnogalerija Skrina","description":"V evropski kulturi je di\u0161e\u010da vijolica verjetno najbolj znana kot simbol poni\u017enosti, skromnosti in skrite ljubezni.","robots":{"index":"index","follow":"follow","max-snippet":"max-snippet:-1","max-image-preview":"max-image-preview:large","max-video-preview":"max-video-preview:-1"},"canonical":"https:\/\/skrina.si\/en\/product\/vijolica\/","og_locale":"en_GB","og_type":"article","og_title":"Ro\u017ena vila Vijolica - Etnogalerija Skrina","og_description":"V evropski kulturi je di\u0161e\u010da vijolica verjetno najbolj znana kot simbol poni\u017enosti, skromnosti in skrite ljubezni.","og_url":"https:\/\/skrina.si\/en\/product\/vijolica\/","og_site_name":"Etnogalerija Skrina","article_modified_time":"2022-05-07T08:56:27+00:00","og_image":[{"width":1619,"height":1213,"url":"https:\/\/skrina.si\/wp-content\/uploads\/2021\/07\/Rozne-vile-vijolica-dekor-Slovenske-cvetlice-roze-Tradicija-s-posluhom-Etno-galerija-Skrina.jpg","type":"image\/jpeg"}],"twitter_card":"summary_large_image","schema":{"@context":"https:\/\/schema.org","@graph":[{"@type":"WebPage","@id":"https:\/\/skrina.si\/en\/product\/vijolica\/","url":"https:\/\/skrina.si\/en\/product\/vijolica\/","name":"Ro\u017ena vila Vijolica - Etnogalerija Skrina","isPartOf":{"@id":"https:\/\/skrina.si\/en\/#website"},"datePublished":"2022-03-03T15:10:26+00:00","dateModified":"2022-05-07T08:56:27+00:00","description":"V evropski kulturi je di\u0161e\u010da vijolica verjetno najbolj znana kot simbol poni\u017enosti, skromnosti in skrite ljubezni.","breadcrumb":{"@id":"https:\/\/skrina.si\/en\/product\/vijolica\/#breadcrumb"},"inLanguage":"en-GB","potentialAction":[{"@type":"ReadAction","target":["https:\/\/skrina.si\/en\/product\/vijolica\/"]}]},{"@type":"BreadcrumbList","@id":"https:\/\/skrina.si\/en\/product\/vijolica\/#breadcrumb","itemListElement":[{"@type":"ListItem","position":1,"name":"Home","item":"https:\/\/skrina.si\/en\/"},{"@type":"ListItem","position":2,"name":"Shop","item":"https:\/\/skrina.si\/shop\/"},{"@type":"ListItem","position":3,"name":"Vijolica"}]},{"@type":"WebSite","@id":"https:\/\/skrina.si\/en\/#website","url":"https:\/\/skrina.si\/en\/","name":"Etnogalerija Skrina","description":"Tradicija s posluhom","potentialAction":[{"@type":"SearchAction","target":{"@type":"EntryPoint","urlTemplate":"https:\/\/skrina.si\/en\/?s={search_term_string}"},"query-input":"required name=search_term_string"}],"inLanguage":"en-GB"}]}},"_links":{"self":[{"href":"https:\/\/skrina.si\/en\/wp-json\/wp\/v2\/product\/3176"}],"collection":[{"href":"https:\/\/skrina.si\/en\/wp-json\/wp\/v2\/product"}],"about":[{"href":"https:\/\/skrina.si\/en\/wp-json\/wp\/v2\/types\/product"}],"wp:featuredmedia":[{"embeddable":true,"href":"https:\/\/skrina.si\/en\/wp-json\/wp\/v2\/media\/8100"}],"wp:attachment":[{"href":"https:\/\/skrina.si\/en\/wp-json\/wp\/v2\/media?parent=3176"}],"wp:term":[{"taxonomy":"product_cat","embeddable":true,"href":"https:\/\/skrina.si\/en\/wp-json\/wp\/v2\/product_cat?post=3176"},{"taxonomy":"product_tag","embeddable":true,"href":"https:\/\/skrina.si\/en\/wp-json\/wp\/v2\/product_tag?post=3176"}],"curies":[{"name":"wp","href":"https:\/\/api.w.org\/{rel}","templated":true}]}}