{"id":3156,"date":"2022-03-03T14:20:28","date_gmt":"2022-03-03T14:20:28","guid":{"rendered":"https:\/\/skrina.si\/?post_type=product&#038;p=3156"},"modified":"2022-05-07T08:57:58","modified_gmt":"2022-05-07T08:57:58","slug":"brsljan","status":"publish","type":"product","link":"https:\/\/skrina.si\/en\/product\/brsljan\/","title":{"rendered":"Br\u0161ljan"},"content":{"rendered":"","protected":false},"excerpt":{"rendered":"<h5>Neko\u010d davno, ko je bilo na\u0161e prednike pozimi strah, da se sonce nekega dne morda ne bo vrnilo, so \u0161e posebej \u010dastili zimzelene rastline. Verjeli so, da imajo posebno \u017eivljenjsko mo\u010d, saj so se upirale umiranju narave in simbolizirale <strong><em>nesmrtnost,\u00a0 upanje in ve\u010dno \u017eivljenje.\u00a0 <\/em><\/strong>Verovanje v \u010darodejno mo\u010d tega rastlinja, prepleteno s kr\u0161\u010dansko simboliko, \u017eivi \u0161e danes in okra\u0161eno zimzeleno drevo, ki so ga \u010dastili predniki, se je ohranilo kot bo\u017ei\u010dno drevo.<br \/>\nPosebno mesto med zimzelenimi rastlinami ima <strong><em>br\u0161ljan, <\/em><\/strong>ki se vzpenja po deblih dreves in kro\u0161enj. Na\u0161i predniki so z br\u0161ljanom preganjali demone v nevarnem \u010dasu med starim in novim letom. Njegove vejice so spletali v ven\u010dke in tako ponazarjali nekaj, kar nima za\u010detka ali konca, kar ne umre niti pozimi in ostaja nespremenjeno v ve\u010dnosti. Z ven\u010dki br\u0161ljana \u0161e danes krasimo vhodna vrata, mize, prostor nad kaminom in jih polagamo na najrazli\u010dnej\u0161a mesta v stanovanju. \u010ceprav vanje vpletamo najrazli\u010dnej\u0161e okraske, je osnova najve\u010dkrat \u0161e vedno taka kot v \u010dasu na\u0161ih prednikov.<\/h5>\n<h6><em>Podrobnosti:<\/em><\/h6>\n<ul>\n<li>\n<h6>Velikost: vi\u0161ina 12 cm, \u0161irina 7 cm<\/h6>\n<\/li>\n<li>\n<h6>Material: Keramika<\/h6>\n<\/li>\n<li>\n<h6>V darilni vre\u010dki s prilo\u017eenim certifikatom<\/h6>\n<\/li>\n<li>\n<h6>Oblikovano z ljubeznijo do detajlov<\/h6>\n<\/li>\n<li>\n<h6>Idealno darilo za ljubitelje zimzelenih ro\u017e in obo\u017eevalce br\u0161ljana<\/h6>\n<\/li>\n<\/ul>\n","protected":false},"featured_media":8205,"template":"","meta":{"_monsterinsights_skip_tracking":false,"_monsterinsights_sitenote_active":false,"_monsterinsights_sitenote_note":"","_monsterinsights_sitenote_category":0},"product_cat":[103,686],"product_tag":[152,151,41],"aioseo_notices":[],"yoast_head":"<!-- This site is optimized with the Yoast SEO plugin v22.1 - https:\/\/yoast.com\/wordpress\/plugins\/seo\/ -->\n<title>Br\u0161ljan - Etnogalerija Skrina<\/title>\n<meta name=\"description\" content=\"Br\u0161ljanove vejice so spletali v ven\u010dke in tako ponazarjali nekaj, kar nima za\u010detka ali konca, kar ne umre niti pozimi in ostaja nespremenjeno v ve\u010dnosti.\" \/>\n<meta name=\"robots\" content=\"index, follow, max-snippet:-1, max-image-preview:large, max-video-preview:-1\" \/>\n<link rel=\"canonical\" href=\"https:\/\/skrina.si\/en\/product\/brsljan\/\" \/>\n<meta property=\"og:locale\" content=\"en_GB\" \/>\n<meta property=\"og:locale:alternate\" content=\"sl_SI\" \/>\n<meta property=\"og:type\" content=\"article\" \/>\n<meta property=\"og:title\" content=\"Br\u0161ljan - Etnogalerija Skrina\" \/>\n<meta property=\"og:description\" content=\"Br\u0161ljanove vejice so spletali v ven\u010dke in tako ponazarjali nekaj, kar nima za\u010detka ali konca, kar ne umre niti pozimi in ostaja nespremenjeno v ve\u010dnosti.\" \/>\n<meta property=\"og:url\" content=\"https:\/\/skrina.si\/en\/product\/brsljan\/\" \/>\n<meta property=\"og:site_name\" content=\"Etnogalerija Skrina\" \/>\n<meta property=\"article:modified_time\" content=\"2022-05-07T08:57:58+00:00\" \/>\n<meta property=\"og:image\" content=\"https:\/\/skrina.si\/wp-content\/uploads\/2022\/03\/Brsljan-rozna-vila-dekor-Slovenske-cvetlice-roze-Etno-galerija-Skrina.jpg\" \/>\n\t<meta property=\"og:image:width\" content=\"1619\" \/>\n\t<meta property=\"og:image:height\" content=\"1213\" \/>\n\t<meta property=\"og:image:type\" content=\"image\/jpeg\" \/>\n<meta name=\"twitter:card\" content=\"summary_large_image\" \/>\n<script type=\"application\/ld+json\" class=\"yoast-schema-graph\">{\"@context\":\"https:\/\/schema.org\",\"@graph\":[{\"@type\":\"WebPage\",\"@id\":\"https:\/\/skrina.si\/en\/product\/brsljan\/\",\"url\":\"https:\/\/skrina.si\/en\/product\/brsljan\/\",\"name\":\"Br\u0161ljan - Etnogalerija Skrina\",\"isPartOf\":{\"@id\":\"https:\/\/skrina.si\/en\/#website\"},\"datePublished\":\"2022-03-03T14:20:28+00:00\",\"dateModified\":\"2022-05-07T08:57:58+00:00\",\"description\":\"Br\u0161ljanove vejice so spletali v ven\u010dke in tako ponazarjali nekaj, kar nima za\u010detka ali konca, kar ne umre niti pozimi in ostaja nespremenjeno v ve\u010dnosti.\",\"breadcrumb\":{\"@id\":\"https:\/\/skrina.si\/en\/product\/brsljan\/#breadcrumb\"},\"inLanguage\":\"en-GB\",\"potentialAction\":[{\"@type\":\"ReadAction\",\"target\":[\"https:\/\/skrina.si\/en\/product\/brsljan\/\"]}]},{\"@type\":\"BreadcrumbList\",\"@id\":\"https:\/\/skrina.si\/en\/product\/brsljan\/#breadcrumb\",\"itemListElement\":[{\"@type\":\"ListItem\",\"position\":1,\"name\":\"Home\",\"item\":\"https:\/\/skrina.si\/en\/\"},{\"@type\":\"ListItem\",\"position\":2,\"name\":\"Shop\",\"item\":\"https:\/\/skrina.si\/shop\/\"},{\"@type\":\"ListItem\",\"position\":3,\"name\":\"Br\u0161ljan\"}]},{\"@type\":\"WebSite\",\"@id\":\"https:\/\/skrina.si\/en\/#website\",\"url\":\"https:\/\/skrina.si\/en\/\",\"name\":\"Etnogalerija Skrina\",\"description\":\"Tradicija s posluhom\",\"potentialAction\":[{\"@type\":\"SearchAction\",\"target\":{\"@type\":\"EntryPoint\",\"urlTemplate\":\"https:\/\/skrina.si\/en\/?s={search_term_string}\"},\"query-input\":\"required name=search_term_string\"}],\"inLanguage\":\"en-GB\"}]}<\/script>\n<!-- \/ Yoast SEO plugin. -->","yoast_head_json":{"title":"Br\u0161ljan - Etnogalerija Skrina","description":"Br\u0161ljanove vejice so spletali v ven\u010dke in tako ponazarjali nekaj, kar nima za\u010detka ali konca, kar ne umre niti pozimi in ostaja nespremenjeno v ve\u010dnosti.","robots":{"index":"index","follow":"follow","max-snippet":"max-snippet:-1","max-image-preview":"max-image-preview:large","max-video-preview":"max-video-preview:-1"},"canonical":"https:\/\/skrina.si\/en\/product\/brsljan\/","og_locale":"en_GB","og_type":"article","og_title":"Br\u0161ljan - Etnogalerija Skrina","og_description":"Br\u0161ljanove vejice so spletali v ven\u010dke in tako ponazarjali nekaj, kar nima za\u010detka ali konca, kar ne umre niti pozimi in ostaja nespremenjeno v ve\u010dnosti.","og_url":"https:\/\/skrina.si\/en\/product\/brsljan\/","og_site_name":"Etnogalerija Skrina","article_modified_time":"2022-05-07T08:57:58+00:00","og_image":[{"width":1619,"height":1213,"url":"https:\/\/skrina.si\/wp-content\/uploads\/2022\/03\/Brsljan-rozna-vila-dekor-Slovenske-cvetlice-roze-Etno-galerija-Skrina.jpg","type":"image\/jpeg"}],"twitter_card":"summary_large_image","schema":{"@context":"https:\/\/schema.org","@graph":[{"@type":"WebPage","@id":"https:\/\/skrina.si\/en\/product\/brsljan\/","url":"https:\/\/skrina.si\/en\/product\/brsljan\/","name":"Br\u0161ljan - Etnogalerija Skrina","isPartOf":{"@id":"https:\/\/skrina.si\/en\/#website"},"datePublished":"2022-03-03T14:20:28+00:00","dateModified":"2022-05-07T08:57:58+00:00","description":"Br\u0161ljanove vejice so spletali v ven\u010dke in tako ponazarjali nekaj, kar nima za\u010detka ali konca, kar ne umre niti pozimi in ostaja nespremenjeno v ve\u010dnosti.","breadcrumb":{"@id":"https:\/\/skrina.si\/en\/product\/brsljan\/#breadcrumb"},"inLanguage":"en-GB","potentialAction":[{"@type":"ReadAction","target":["https:\/\/skrina.si\/en\/product\/brsljan\/"]}]},{"@type":"BreadcrumbList","@id":"https:\/\/skrina.si\/en\/product\/brsljan\/#breadcrumb","itemListElement":[{"@type":"ListItem","position":1,"name":"Home","item":"https:\/\/skrina.si\/en\/"},{"@type":"ListItem","position":2,"name":"Shop","item":"https:\/\/skrina.si\/shop\/"},{"@type":"ListItem","position":3,"name":"Br\u0161ljan"}]},{"@type":"WebSite","@id":"https:\/\/skrina.si\/en\/#website","url":"https:\/\/skrina.si\/en\/","name":"Etnogalerija Skrina","description":"Tradicija s posluhom","potentialAction":[{"@type":"SearchAction","target":{"@type":"EntryPoint","urlTemplate":"https:\/\/skrina.si\/en\/?s={search_term_string}"},"query-input":"required name=search_term_string"}],"inLanguage":"en-GB"}]}},"_links":{"self":[{"href":"https:\/\/skrina.si\/en\/wp-json\/wp\/v2\/product\/3156"}],"collection":[{"href":"https:\/\/skrina.si\/en\/wp-json\/wp\/v2\/product"}],"about":[{"href":"https:\/\/skrina.si\/en\/wp-json\/wp\/v2\/types\/product"}],"wp:featuredmedia":[{"embeddable":true,"href":"https:\/\/skrina.si\/en\/wp-json\/wp\/v2\/media\/8205"}],"wp:attachment":[{"href":"https:\/\/skrina.si\/en\/wp-json\/wp\/v2\/media?parent=3156"}],"wp:term":[{"taxonomy":"product_cat","embeddable":true,"href":"https:\/\/skrina.si\/en\/wp-json\/wp\/v2\/product_cat?post=3156"},{"taxonomy":"product_tag","embeddable":true,"href":"https:\/\/skrina.si\/en\/wp-json\/wp\/v2\/product_tag?post=3156"}],"curies":[{"name":"wp","href":"https:\/\/api.w.org\/{rel}","templated":true}]}}